{"id":730,"date":"2025-04-19T01:07:04","date_gmt":"2025-04-19T01:07:04","guid":{"rendered":"https:\/\/cavinresource.com\/?post_type=product&#038;p=730"},"modified":"2026-04-05T18:32:33","modified_gmt":"2026-04-05T18:32:33","slug":"gia-si-axit-sunfuric-h%e2%82%82so%e2%82%84","status":"publish","type":"product","link":"https:\/\/cavinresource.com\/vi\/product\/sulphuric-acid-h%e2%82%82so%e2%82%84-bulk-price\/","title":{"rendered":"Axit sunfuric (H\u2082SO\u2084) \u2013 Cung c\u1ea5p s\u1ec9 cho m\u1ee5c \u0111\u00edch c\u00f4ng nghi\u1ec7p v\u00e0 h\u00f3a ch\u1ea5t"},"content":{"rendered":"<h2 data-start=\"519\" data-end=\"866\">\u1ee8ng d\u1ee5ng c\u1ee7a axit sunfuric H\u2082SO\u2084<\/h2>\n<p class=\"\" data-start=\"519\" data-end=\"866\"><strong data-start=\"519\" data-end=\"545\">Axit sunfuric (H\u2082SO\u2084)<\/strong> l\u00e0 m\u1ed9t axit kho\u00e1ng m\u1ea1nh \u0111\u01b0\u1ee3c s\u1eed d\u1ee5ng r\u1ed9ng r\u00e3i trong nhi\u1ec1u ng\u00e0nh c\u00f4ng nghi\u1ec7p nh\u1edd v\u00e0o t\u00ednh \u0103n m\u00f2n m\u1ea1nh m\u1ebd v\u00e0 \u0111\u1ed9 ph\u1ea3n \u1ee9ng h\u00f3a h\u1ecdc cao. N\u00f3 \u0111\u00f3ng vai tr\u00f2 quan tr\u1ecdng trong vi\u1ec7c... <strong data-start=\"720\" data-end=\"750\">S\u1ea3n xu\u1ea5t ph\u00e2n b\u00f3n<\/strong> (\u0111\u1eb7c bi\u1ec7t l\u00e0) <strong data-start=\"763\" data-end=\"788\">ph\u00e2n l\u00e2n<\/strong>), <strong data-start=\"791\" data-end=\"813\">h\u1ee3p th\u00e0nh h\u00f3a h\u1ecdc<\/strong>, <strong data-start=\"815\" data-end=\"837\">Ch\u1ebf bi\u1ebfn kho\u00e1ng s\u1ea3n<\/strong>, v\u00e0 <strong data-start=\"843\" data-end=\"865\">Ch\u1ebf bi\u1ebfn d\u1ea7u m\u1ecf<\/strong>.<\/p>\n<p class=\"\" data-start=\"868\" data-end=\"1125\">T\u1ea1i <a href=\"https:\/\/cavinresource.com\/vi\/\"><strong data-start=\"871\" data-end=\"889\">Ngu\u1ed3n l\u1ef1c Cavin<\/strong><\/a>, Ch\u00fang t\u00f4i cung c\u1ea5p d\u1ecbch v\u1ee5 ch\u1ea5t l\u01b0\u1ee3ng cao. <strong data-start=\"915\" data-end=\"933\">Axit sunfuric<\/strong> cho c\u00e1c kh\u00e1ch h\u00e0ng s\u1ec9 tr\u00ean to\u00e0n c\u1ea7u. S\u1ea3n ph\u1ea9m c\u1ee7a ch\u00fang t\u00f4i \u0111\u01b0\u1ee3c s\u1ea3n xu\u1ea5t d\u01b0\u1edbi s\u1ef1 ki\u1ec3m so\u00e1t ch\u1ea5t l\u01b0\u1ee3ng nghi\u00eam ng\u1eb7t b\u1eb1ng c\u00e1ch s\u1eed d\u1ee5ng <strong data-start=\"1029\" data-end=\"1072\">Ti\u1ebfp x\u00fac k\u00e9p - H\u1ea5p th\u1ee5 k\u00e9p (DCDA)<\/strong> C\u00f4ng ngh\u1ec7, \u0111\u1ea3m b\u1ea3o \u0111\u1ed9 tinh khi\u1ebft v\u00e0 hi\u1ec7u su\u1ea5t t\u1ed1i \u0111a.<\/p>\n<p class=\"\" data-start=\"1127\" data-end=\"1369\">Ch\u00fang t\u00f4i cung c\u1ea5p c\u00e1c gi\u1ea3i ph\u00e1p \u0111\u00f3ng g\u00f3i \u0111a d\u1ea1ng bao g\u1ed3m: <strong data-start=\"1174\" data-end=\"1187\">B\u1ed3n ch\u1ee9a IBC<\/strong>, <strong data-start=\"1189\" data-end=\"1203\">Th\u00f9ng 200 l\u00edt<\/strong>, v\u00e0 <strong data-start=\"1209\" data-end=\"1229\">T\u00e0u ch\u1edf h\u00e0ng l\u1ecfng ISO<\/strong>, \u0111\u01b0\u1ee3c h\u1ed7 tr\u1ee3 b\u1edfi <strong data-start=\"1244\" data-end=\"1251\">Gi\u1ea5y ch\u1ee9ng nh\u1eadn ph\u00e2n t\u00edch (COA)<\/strong>, <strong data-start=\"1253\" data-end=\"1260\">B\u1ea3ng d\u1eef li\u1ec7u an to\u00e0n (SDS)<\/strong>, v\u00e0 t\u1ea5t c\u1ea3 c\u00e1c t\u00e0i li\u1ec7u tu\u00e2n th\u1ee7 li\u00ean quan. H\u1ec7 th\u1ed1ng logistics c\u1ee7a ch\u00fang t\u00f4i \u0111\u1ea3m b\u1ea3o giao h\u00e0ng an to\u00e0n v\u00e0 \u0111\u00fang h\u1eb9n tr\u00ean to\u00e0n th\u1ebf gi\u1edbi.<\/p>\n<hr class=\"\" data-start=\"1371\" data-end=\"1374\" \/>\n<h2 class=\"\" data-start=\"1376\" data-end=\"1403\">\u2699\ufe0f <strong data-start=\"1382\" data-end=\"1403\">Ph\u01b0\u01a1ng ph\u00e1p s\u1ea3n xu\u1ea5t<\/strong><\/h2>\n<h3 class=\"\" data-start=\"1405\" data-end=\"1460\"><strong data-start=\"1409\" data-end=\"1460\">Quy tr\u00ecnh Ti\u1ebfp x\u00fac K\u00e9p - H\u1ea5p th\u1ee5 K\u00e9p (DCDA)<\/strong><\/h3>\n<ol data-start=\"1461\" data-end=\"1733\">\n<li class=\"\" data-start=\"1461\" data-end=\"1523\">\n<p class=\"\" data-start=\"1464\" data-end=\"1523\"><strong data-start=\"1464\" data-end=\"1485\">L\u01b0u hu\u1ef3nh \u0111\u01b0\u1ee3c \u0111\u1ed1t ch\u00e1y.<\/strong> \u0111\u1ec3 s\u1ea3n xu\u1ea5t <strong data-start=\"1497\" data-end=\"1522\">L\u01b0u hu\u1ef3nh dioxit (SO\u2082)<\/strong>.<\/p>\n<\/li>\n<li class=\"\" data-start=\"1524\" data-end=\"1642\">\n<p class=\"\" data-start=\"1527\" data-end=\"1642\">Kh\u00ed sau \u0111\u00f3 <strong data-start=\"1543\" data-end=\"1581\">Oxy h\u00f3a th\u00e0nh oxit l\u01b0u hu\u1ef3nh (SO\u2083)<\/strong> trong s\u1ef1 hi\u1ec7n di\u1ec7n c\u1ee7a m\u1ed9t <strong data-start=\"1603\" data-end=\"1632\">Vanadi pentoxit (V\u2082O\u2085)<\/strong> ch\u1ea5t x\u00fac t\u00e1c.<\/p>\n<\/li>\n<li class=\"\" data-start=\"1643\" data-end=\"1733\">\n<p class=\"\" data-start=\"1646\" data-end=\"1733\">SO\u2083 l\u00e0 <strong data-start=\"1653\" data-end=\"1676\">h\u00f2a tan trong n\u01b0\u1edbc<\/strong> ho\u1eb7c axit c\u00f4 \u0111\u1eb7c \u0111\u1ec3 t\u1ea1o th\u00e0nh <strong data-start=\"1706\" data-end=\"1732\">Axit sunfuric (H\u2082SO\u2084)<\/strong>.<\/p>\n<\/li>\n<\/ol>\n<p class=\"\" data-start=\"1735\" data-end=\"1797\">Ph\u01b0\u01a1ng ph\u00e1p n\u00e0y \u0111\u1ea3m b\u1ea3o n\u0103ng su\u1ea5t cao, \u0111\u1ed9 tinh khi\u1ebft v\u00e0 hi\u1ec7u su\u1ea5t n\u0103ng l\u01b0\u1ee3ng.<\/p>\n<hr class=\"\" data-start=\"1799\" data-end=\"1802\" \/>\n<h2 class=\"\" data-start=\"1804\" data-end=\"1847\">\ud83c\udfed <strong data-start=\"1810\" data-end=\"1847\">\u1ee8ng d\u1ee5ng &amp; C\u00e1c tr\u01b0\u1eddng h\u1ee3p s\u1eed d\u1ee5ng trong ng\u00e0nh<\/strong><\/h2>\n<h3 class=\"\" data-start=\"1849\" data-end=\"1884\">\ud83c\udf3e <strong data-start=\"1856\" data-end=\"1884\">S\u1ea3n xu\u1ea5t ph\u00e2n b\u00f3n<\/strong><\/h3>\n<ul data-start=\"1885\" data-end=\"1974\">\n<li class=\"\" data-start=\"1885\" data-end=\"1974\">\n<p class=\"\" data-start=\"1887\" data-end=\"1974\">Nguy\u00ean li\u1ec7u ch\u00ednh trong s\u1ea3n xu\u1ea5t <strong data-start=\"1917\" data-end=\"1935\">superphosphate<\/strong> v\u00e0 <strong data-start=\"1940\" data-end=\"1961\">sunfat amoni<\/strong> ph\u00e2n b\u00f3n.<\/p>\n<\/li>\n<\/ul>\n<h3 class=\"\" data-start=\"1976\" data-end=\"2010\">\u26cf\ufe0f <strong data-start=\"1983\" data-end=\"2010\">Khai th\u00e1c m\u1ecf &amp; Ch\u1ebf bi\u1ebfn qu\u1eb7ng<\/strong><\/h3>\n<ul data-start=\"2011\" data-end=\"2095\">\n<li class=\"\" data-start=\"2011\" data-end=\"2095\">\n<p class=\"\" data-start=\"2013\" data-end=\"2095\">D\u00f9ng \u0111\u1ec3 <strong data-start=\"2022\" data-end=\"2041\">Qu\u00e1 tr\u00ecnh r\u1eeda tr\u00f4i kim lo\u1ea1i<\/strong> nh\u01b0 <strong data-start=\"2047\" data-end=\"2057\">\u0111\u1ed3ng<\/strong>, <strong data-start=\"2059\" data-end=\"2070\">uranium<\/strong>, v\u00e0 <strong data-start=\"2076\" data-end=\"2084\">k\u1ebdm<\/strong> t\u1eeb qu\u1eb7ng.<\/p>\n<\/li>\n<\/ul>\n<h3 class=\"\" data-start=\"2097\" data-end=\"2126\">\ud83e\uddea <strong data-start=\"2104\" data-end=\"2126\">H\u1ee3p th\u00e0nh h\u00f3a h\u1ecdc<\/strong><\/h3>\n<ul data-start=\"2127\" data-end=\"2247\">\n<li class=\"\" data-start=\"2127\" data-end=\"2247\">\n<p class=\"\" data-start=\"2129\" data-end=\"2247\">Th\u00e0nh ph\u1ea7n quan tr\u1ecdng trong s\u1ea3n xu\u1ea5t <strong data-start=\"2155\" data-end=\"2176\">Axit clohydric<\/strong>, <strong data-start=\"2178\" data-end=\"2193\">axit nitric<\/strong>, <strong data-start=\"2195\" data-end=\"2219\">ch\u1ea5t t\u1ea9y r\u1eeda t\u1ed5ng h\u1ee3p<\/strong>, thu\u1ed1c nhu\u1ed9m v\u00e0 d\u01b0\u1ee3c ph\u1ea9m.<\/p>\n<\/li>\n<\/ul>\n<h3 class=\"\" data-start=\"2249\" data-end=\"2279\">\ud83d\udee2\ufe0f <strong data-start=\"2257\" data-end=\"2279\">Ch\u1ebf bi\u1ebfn d\u1ea7u m\u1ecf<\/strong><\/h3>\n<ul data-start=\"2280\" data-end=\"2340\">\n<li class=\"\" data-start=\"2280\" data-end=\"2340\">\n<p class=\"\" data-start=\"2282\" data-end=\"2340\">\u0110\u01b0\u1ee3c s\u1eed d\u1ee5ng trong <strong data-start=\"2294\" data-end=\"2308\">alkyl h\u00f3a<\/strong> v\u00e0 <strong data-start=\"2313\" data-end=\"2329\">qu\u00e1 tr\u00ecnh l\u00e0m s\u1ea1ch<\/strong> c\u00e1c quy tr\u00ecnh.<\/p>\n<\/li>\n<\/ul>\n<h3 class=\"\" data-start=\"2342\" data-end=\"2368\">\ud83d\udca7 <strong data-start=\"2349\" data-end=\"2368\">X\u1eed l\u00fd n\u01b0\u1edbc<\/strong><\/h3>\n<ul data-start=\"2369\" data-end=\"2454\">\n<li class=\"\" data-start=\"2369\" data-end=\"2454\">\n<p class=\"\" data-start=\"2371\" data-end=\"2454\">Gi\u00fap \u0111\u1ee1 trong <strong data-start=\"2380\" data-end=\"2397\">\u0110i\u1ec1u ch\u1ec9nh pH<\/strong>, v\u00e0 <strong data-start=\"2403\" data-end=\"2439\">Ch\u1ea5t trung h\u00f2a ki\u1ec1m<\/strong> in wastewater. bulk sulphuric acid for sale,<\/p>\n<\/li>\n<\/ul>\n<hr class=\"\" data-start=\"2456\" data-end=\"2459\" \/>\n<h2 class=\"\" data-start=\"2461\" data-end=\"2496\">\u2705 <strong data-start=\"2466\" data-end=\"2496\">L\u1ee3i \u00edch c\u1ee7a axit sunfuric H\u2082SO\u2084<\/strong><\/h2>\n<ul data-start=\"2498\" data-end=\"2832\">\n<li class=\"\" data-start=\"2498\" data-end=\"2557\">\n<p class=\"\" data-start=\"2500\" data-end=\"2557\">\u2699\ufe0f <strong data-start=\"2503\" data-end=\"2522\">R\u1ea5t ph\u1ea3n \u1ee9ng<\/strong> cho t\u1ed5ng h\u1ee3p h\u00f3a h\u1ecdc \u0111a n\u0103ng<\/p>\n<\/li>\n<li class=\"\" data-start=\"2558\" data-end=\"2612\">\n<p class=\"\" data-start=\"2560\" data-end=\"2612\">\ud83d\udca7 <strong data-start=\"2563\" data-end=\"2586\">\u0110\u1eadm \u0111\u1eb7c &amp; tinh khi\u1ebft<\/strong> Axit \u0111\u1ea3m b\u1ea3o hi\u1ec7u qu\u1ea3.<\/p>\n<\/li>\n<li class=\"\" data-start=\"2613\" data-end=\"2690\">\n<p class=\"\" data-start=\"2615\" data-end=\"2690\">\ud83c\udf0d <strong data-start=\"2618\" data-end=\"2646\">\u1ee8ng d\u1ee5ng c\u00f4ng nghi\u1ec7p r\u1ed9ng r\u00e3i<\/strong> trong c\u00e1c l\u0129nh v\u1ef1c n\u00f4ng nghi\u1ec7p, h\u00f3a ch\u1ea5t v\u00e0 khai kho\u00e1ng<\/p>\n<\/li>\n<li class=\"\" data-start=\"2691\" data-end=\"2760\">\n<p class=\"\" data-start=\"2693\" data-end=\"2760\">\ud83d\udd12 <strong data-start=\"2696\" data-end=\"2722\">C\u00e1c t\u00f9y ch\u1ecdn \u0111\u00f3ng g\u00f3i s\u1ed1 l\u01b0\u1ee3ng l\u1edbn<\/strong> \u0111\u1ec3 b\u1ea3o qu\u1ea3n v\u00e0 v\u1eadn chuy\u1ec3n an to\u00e0n<\/p>\n<\/li>\n<li class=\"\" data-start=\"2761\" data-end=\"2832\">\n<p class=\"\" data-start=\"2763\" data-end=\"2832\">\ud83d\udcd1 Ho\u00e0n to\u00e0n tu\u00e2n th\u1ee7 v\u1edbi <strong data-start=\"2787\" data-end=\"2832\">Quy \u0111\u1ecbnh an to\u00e0n h\u00f3a ch\u1ea5t qu\u1ed1c t\u1ebf<\/strong><\/p>\n<\/li>\n<\/ul>\n<hr class=\"\" data-start=\"2834\" data-end=\"2837\" \/>\n<h2 class=\"\" data-start=\"2839\" data-end=\"2866\">\ud83d\udce6 <strong data-start=\"2845\" data-end=\"2866\">C\u00e1c t\u00f9y ch\u1ecdn \u0111\u00f3ng g\u00f3i<\/strong><\/h2>\n<ul data-start=\"2868\" data-end=\"3015\">\n<li class=\"\" data-start=\"2868\" data-end=\"2891\">\n<p class=\"\" data-start=\"2870\" data-end=\"2891\"><strong data-start=\"2870\" data-end=\"2889\">Th\u00f9ng nh\u1ef1a HDPE 200 l\u00edt<\/strong><\/p>\n<\/li>\n<li class=\"\" data-start=\"2892\" data-end=\"2915\">\n<p class=\"\" data-start=\"2894\" data-end=\"2915\"><strong data-start=\"2894\" data-end=\"2913\">B\u1ed3n ch\u1ee9a IBC 1000 l\u00edt<\/strong><\/p>\n<\/li>\n<li class=\"\" data-start=\"2916\" data-end=\"2964\">\n<p class=\"\" data-start=\"2918\" data-end=\"2964\"><strong data-start=\"2918\" data-end=\"2941\">Th\u00f9ng ch\u1ee9a ISO<\/strong> (22\u201324 t\u1ea5n h\u00e0ng r\u1eddi)<\/p>\n<\/li>\n<li class=\"\" data-start=\"2965\" data-end=\"3015\">\n<p class=\"\" data-start=\"2967\" data-end=\"3015\"><strong data-start=\"2967\" data-end=\"2992\">Gi\u1ea3i ph\u00e1p \u0111\u00f3ng g\u00f3i theo y\u00eau c\u1ea7u<\/strong> available upon request wholesale sulfuric acid suppliers,<\/p>\n<\/li>\n<\/ul>\n<hr class=\"\" data-start=\"3017\" data-end=\"3020\" \/>\n<h2 class=\"\" data-start=\"3022\" data-end=\"3064\">\u2753 <strong data-start=\"3027\" data-end=\"3064\">C\u00e2u h\u1ecfi th\u01b0\u1eddng g\u1eb7p (FAQ)<\/strong><\/h2>\n<h3 class=\"\" data-start=\"3066\" data-end=\"3137\">1. <strong data-start=\"3073\" data-end=\"3135\">B\u1ea1n cung c\u1ea5p axit sunfuric \u1edf n\u1ed3ng \u0111\u1ed9 bao nhi\u00eau?<\/strong><\/h3>\n<p class=\"\" data-start=\"3138\" data-end=\"3258\">Ch\u00fang t\u00f4i cung c\u1ea5p <strong data-start=\"3147\" data-end=\"3165\">Axit sunfuric<\/strong> t\u1eeb <strong data-start=\"3179\" data-end=\"3193\">93% \u0111\u1ebfn 98%<\/strong> N\u1ed3ng \u0111\u1ed9. N\u1ed3ng \u0111\u1ed9 t\u00f9y ch\u1ec9nh c\u00f3 th\u1ec3 \u0111\u01b0\u1ee3c cung c\u1ea5p theo y\u00eau c\u1ea7u.<\/p>\n<hr class=\"\" data-start=\"3260\" data-end=\"3263\" \/>\n<h3 class=\"\" data-start=\"3265\" data-end=\"3330\">2. <strong data-start=\"3272\" data-end=\"3328\">Axit sunfuric c\u00f3 th\u1ec3 \u0111\u01b0\u1ee3c s\u1eed d\u1ee5ng trong s\u1ea3n xu\u1ea5t ph\u00e2n b\u00f3n kh\u00f4ng?<\/strong><\/h3>\n<p class=\"\" data-start=\"3331\" data-end=\"3468\">V\u00e2ng, \u0111\u00f3 l\u00e0 m\u1ed9t <strong data-start=\"3344\" data-end=\"3364\">nguy\u00ean li\u1ec7u th\u00f4 ch\u00ednh<\/strong> trong qu\u00e1 tr\u00ecnh s\u1ea3n xu\u1ea5t <strong data-start=\"3386\" data-end=\"3417\">Ph\u00e2n b\u00f3n ch\u1ee9a ph\u1ed1t pho<\/strong> nh\u01b0 <strong data-start=\"3423\" data-end=\"3441\">superphosphate<\/strong> v\u00e0 <strong data-start=\"3446\" data-end=\"3467\">sunfat amoni<\/strong>.<\/p>\n<hr class=\"\" data-start=\"3470\" data-end=\"3473\" \/>\n<h3 class=\"\" data-start=\"3475\" data-end=\"3541\">3. <strong data-start=\"3482\" data-end=\"3539\">T\u00f4i n\u00ean tu\u00e2n th\u1ee7 nh\u1eefng bi\u1ec7n ph\u00e1p an to\u00e0n n\u00e0o khi x\u1eed l\u00fd?<\/strong><\/h3>\n<p class=\"\" data-start=\"3542\" data-end=\"3686\">Lu\u00f4n s\u1eed d\u1ee5ng <strong data-start=\"3553\" data-end=\"3578\">G\u0103ng tay ch\u1ed1ng axit<\/strong>, <strong data-start=\"3580\" data-end=\"3591\">k\u00ednh b\u1ea3o h\u1ed9<\/strong>, v\u00e0 <strong data-start=\"3597\" data-end=\"3620\">qu\u1ea7n \u00e1o b\u1ea3o h\u1ed9<\/strong>. L\u00e0m vi\u1ec7c t\u1ea1i <strong data-start=\"3630\" data-end=\"3655\">C\u00e1c khu v\u1ef1c th\u00f4ng tho\u00e1ng<\/strong> v\u00e0 l\u00e0m theo <strong data-start=\"3667\" data-end=\"3685\">H\u01b0\u1edbng d\u1eabn SDS<\/strong>. sulphuric acid bulk suppliers 2026,<\/p>\n<hr class=\"\" data-start=\"3688\" data-end=\"3691\" \/>\n<h3 class=\"\" data-start=\"3693\" data-end=\"3752\">4. <strong data-start=\"3700\" data-end=\"3750\">Axit sunfuric \u0111\u01b0\u1ee3c v\u1eadn chuy\u1ec3n qu\u1ed1c t\u1ebf nh\u01b0 th\u1ebf n\u00e0o?<\/strong><\/h3>\n<p class=\"\" data-start=\"3753\" data-end=\"3909\">Ch\u00fang t\u00f4i giao h\u00e0ng trong <strong data-start=\"3764\" data-end=\"3786\">Th\u00f9ng ch\u1ee9a \u0111\u01b0\u1ee3c ch\u1ee9ng nh\u1eadn b\u1edfi Li\u00ean H\u1ee3p Qu\u1ed1c<\/strong>, <strong data-start=\"3788\" data-end=\"3801\">B\u1ed3n ch\u1ee9a IBC<\/strong>, v\u00e0 <strong data-start=\"3807\" data-end=\"3822\">T\u00e0u ch\u1edf h\u00e0ng ISO<\/strong> v\u1edbi t\u1ea5t c\u1ea3 c\u00e1c t\u00e0i li\u1ec7u tu\u00e2n th\u1ee7 v\u00e0 an to\u00e0n c\u1ea7n thi\u1ebft cho <strong data-start=\"3881\" data-end=\"3908\">v\u1eadn t\u1ea3i qu\u1ed1c t\u1ebf<\/strong>.<\/p>\n<hr class=\"\" data-start=\"3911\" data-end=\"3914\" \/>\n<h2 class=\"\" data-start=\"3916\" data-end=\"3962\">\ud83d\udcda <strong data-start=\"3922\" data-end=\"3962\">Ngu\u1ed3n tin \u0111\u00e1ng tin c\u1eady cho SEO v\u00e0 tham kh\u1ea3o<\/strong><\/h2>\n<ul data-start=\"3964\" data-end=\"4245\">\n<li class=\"\" data-start=\"3964\" data-end=\"4051\">\n<p class=\"\" data-start=\"3966\" data-end=\"4051\"><a class=\"\" href=\"https:\/\/pubchem.ncbi.nlm.nih.gov\/compound\/Sulfuric-acid\" target=\"_new\" rel=\"noopener\" data-start=\"3966\" data-end=\"4049\">PubChem \u2013 Axit sunfuric<\/a><\/p>\n<\/li>\n<li class=\"\" data-start=\"4052\" data-end=\"4164\">\n<p class=\"\" data-start=\"4054\" data-end=\"4164\"><a class=\"\" href=\"https:\/\/echa.europa.eu\/substance-information\/-\/substanceinfo\/100.028.763\" target=\"_new\" rel=\"noopener\" data-start=\"4054\" data-end=\"4162\">C\u01a1 quan H\u00f3a ch\u1ea5t Ch\u00e2u \u00c2u (ECHA)<\/a><\/p>\n<\/li>\n<li class=\"\" data-start=\"4165\" data-end=\"4245\">\n<p class=\"\" data-start=\"4167\" data-end=\"4245\"><a class=\"\" href=\"https:\/\/www.cdc.gov\/niosh\/npg\/npgd0577.html\" target=\"_new\" rel=\"noopener\" data-start=\"4167\" data-end=\"4245\">CDC \u2013 NIOSH Th\u00f4ng tin v\u1ec1 axit sunfuric<\/a><\/p>\n<\/li>\n<\/ul>","protected":false},"excerpt":{"rendered":"<p>Axit sunfuric d\u1ea1ng kh\u1ed1i b\u00e1n bu\u00f4n t\u1ea1i Cavin Resource. Ch\u00fang t\u00f4i cung c\u1ea5p axit sunfuric c\u00f3 \u0111\u1ed9 tinh khi\u1ebft cao. <strong data-start=\"225\" data-end=\"251\">Axit sunfuric (H\u2082SO\u2084)<\/strong> trong <strong data-start=\"255\" data-end=\"274\">s\u1ed1 l\u01b0\u1ee3ng l\u1edbn<\/strong> cho <strong data-start=\"279\" data-end=\"304\">S\u1ea3n xu\u1ea5t ph\u00e2n b\u00f3n<\/strong>, <strong data-start=\"306\" data-end=\"316\">khai th\u00e1c<\/strong>, <strong data-start=\"318\" data-end=\"344\">S\u1ea3n xu\u1ea5t h\u00f3a ch\u1ea5t<\/strong>, v\u00e0 nhi\u1ec1u h\u01a1n n\u1eefa.\u00a0<strong>Mua axit sunfuric tr\u1ef1c tuy\u1ebfn<\/strong> C\u00f3 s\u1eb5n trong <strong data-start=\"369\" data-end=\"378\">tr\u1ed1ng<\/strong>, <strong data-start=\"380\" data-end=\"393\">B\u1ed3n ch\u1ee9a IBC<\/strong>, v\u00e0 <strong data-start=\"399\" data-end=\"417\">Container ISO<\/strong>, shipped globally with all safety and compliance certifications. sulphuric acid specification buy sulphuric acid wholesale bulk<\/p>","protected":false},"featured_media":700,"comment_status":"open","ping_status":"closed","template":"","meta":{"_et_pb_use_builder":"","_et_pb_old_content":"","_et_gb_content_width":""},"product_brand":[],"product_cat":[784],"product_tag":[771,776,769,770,768,773,772,775,774],"class_list":{"0":"post-730","1":"product","2":"type-product","3":"status-publish","4":"has-post-thumbnail","6":"product_cat-bulk-industrial-chemicals-supplier","7":"product_tag-bulk-sulphuric-acid","8":"product_tag-cavin-resource-sulphuric-acid","9":"product_tag-h2so4","10":"product_tag-sulfuric-acid-industrial","11":"product_tag-sulphuric-acid","12":"product_tag-sulphuric-acid-fertilizer-grade","13":"product_tag-sulphuric-acid-for-mining","14":"product_tag-sulphuric-acid-malaysia","15":"product_tag-sulphuric-acid-wholesale","17":"first","18":"instock","19":"sale","20":"shipping-taxable","21":"purchasable","22":"product-type-simple"},"_links":{"self":[{"href":"https:\/\/cavinresource.com\/vi\/wp-json\/wp\/v2\/product\/730","targetHints":{"allow":["GET"]}}],"collection":[{"href":"https:\/\/cavinresource.com\/vi\/wp-json\/wp\/v2\/product"}],"about":[{"href":"https:\/\/cavinresource.com\/vi\/wp-json\/wp\/v2\/types\/product"}],"replies":[{"embeddable":true,"href":"https:\/\/cavinresource.com\/vi\/wp-json\/wp\/v2\/comments?post=730"}],"wp:featuredmedia":[{"embeddable":true,"href":"https:\/\/cavinresource.com\/vi\/wp-json\/wp\/v2\/media\/700"}],"wp:attachment":[{"href":"https:\/\/cavinresource.com\/vi\/wp-json\/wp\/v2\/media?parent=730"}],"wp:term":[{"taxonomy":"product_brand","embeddable":true,"href":"https:\/\/cavinresource.com\/vi\/wp-json\/wp\/v2\/product_brand?post=730"},{"taxonomy":"product_cat","embeddable":true,"href":"https:\/\/cavinresource.com\/vi\/wp-json\/wp\/v2\/product_cat?post=730"},{"taxonomy":"product_tag","embeddable":true,"href":"https:\/\/cavinresource.com\/vi\/wp-json\/wp\/v2\/product_tag?post=730"}],"curies":[{"name":"wp","href":"https:\/\/api.w.org\/{rel}","templated":true}]}}