{"id":7,"date":"2025-03-11T04:23:16","date_gmt":"2025-03-11T04:23:16","guid":{"rendered":"https:\/\/cavinresource.com\/cart\/"},"modified":"2025-03-26T05:26:29","modified_gmt":"2025-03-26T05:26:29","slug":"cart","status":"publish","type":"page","link":"https:\/\/cavinresource.com\/vi\/cart\/","title":{"rendered":"Cart"},"content":{"rendered":"<div data-block-name=\"woocommerce\/cart\" class=\"wp-block-woocommerce-cart alignwide is-loading\">\n<div data-block-name=\"woocommerce\/filled-cart-block\" class=\"wp-block-woocommerce-filled-cart-block\">\n<div data-block-name=\"woocommerce\/cart-items-block\" class=\"wp-block-woocommerce-cart-items-block\">\n<div data-block-name=\"woocommerce\/cart-line-items-block\" class=\"wp-block-woocommerce-cart-line-items-block\"><\/div>\n\n\n\n<div data-block-name=\"woocommerce\/cart-cross-sells-block\" class=\"wp-block-woocommerce-cart-cross-sells-block\">\n<h2 class=\"wp-block-heading has-large-font-size\">You may be interested in\u2026<\/h2>\n\n\n\n<div data-block-name=\"woocommerce\/cart-cross-sells-products-block\" class=\"wp-block-woocommerce-cart-cross-sells-products-block\"><\/div>\n<\/div>\n<\/div>\n\n\n\n<div data-block-name=\"woocommerce\/cart-totals-block\" class=\"wp-block-woocommerce-cart-totals-block\">\n<div data-block-name=\"woocommerce\/cart-order-summary-block\" class=\"wp-block-woocommerce-cart-order-summary-block\">\n<div data-block-name=\"woocommerce\/cart-order-summary-heading-block\" class=\"wp-block-woocommerce-cart-order-summary-heading-block\"><\/div><div data-block-name=\"woocommerce\/cart-order-summary-coupon-form-block\" class=\"wp-block-woocommerce-cart-order-summary-coupon-form-block\"><\/div><div data-block-name=\"woocommerce\/cart-order-summary-totals-block\" class=\"wp-block-woocommerce-cart-order-summary-totals-block\">\n<div data-block-name=\"woocommerce\/cart-order-summary-subtotal-block\" class=\"wp-block-woocommerce-cart-order-summary-subtotal-block\"><\/div>\n<div data-block-name=\"woocommerce\/cart-order-summary-discount-block\" class=\"wp-block-woocommerce-cart-order-summary-discount-block\"><\/div>\n<div data-block-name=\"woocommerce\/cart-order-summary-fee-block\" class=\"wp-block-woocommerce-cart-order-summary-fee-block\"><\/div>\n<div data-block-name=\"woocommerce\/cart-order-summary-shipping-block\" class=\"wp-block-woocommerce-cart-order-summary-shipping-block\"><\/div>\n<div data-block-name=\"woocommerce\/cart-order-summary-taxes-block\" class=\"wp-block-woocommerce-cart-order-summary-taxes-block\"><\/div><\/div>\n<\/div>\n\n\n\n<div data-block-name=\"woocommerce\/cart-express-payment-block\" class=\"wp-block-woocommerce-cart-express-payment-block\"><\/div>\n\n\n\n<div data-block-name=\"woocommerce\/proceed-to-checkout-block\" class=\"wp-block-woocommerce-proceed-to-checkout-block\"><\/div>\n\n\n\n<div data-block-name=\"woocommerce\/cart-accepted-payment-methods-block\" class=\"wp-block-woocommerce-cart-accepted-payment-methods-block\"><\/div>\n<\/div>\n<\/div>\n\n\n\n<div data-block-name=\"woocommerce\/empty-cart-block\" class=\"wp-block-woocommerce-empty-cart-block\">\n<h2 class=\"wp-block-heading has-text-align-center with-empty-cart-icon wc-block-cart__empty-cart__title\">Your cart is currently empty!<\/h2>\n\n\n\n<hr class=\"wp-block-separator has-alpha-channel-opacity is-style-dots\"\/>\n\n\n\n<h2 class=\"wp-block-heading has-text-align-center\">New in store<\/h2>\n\n\n<div data-block-name=\"woocommerce\/product-new\" data-columns=\"4\" data-rows=\"1\" class=\"wc-block-grid wp-block-product-new wp-block-woocommerce-product-new wc-block-product-new has-4-columns\"><ul class=\"wc-block-grid__products\"><li class=\"wc-block-grid__product\">\n\t\t\t\t<a href=\"https:\/\/cavinresource.com\/vi\/product\/best-skimmed-milk-powder\/\" class=\"wc-block-grid__product-link\">\n\t\t\t\t\t<div class=\"wc-block-grid__product-onsale\">\n\t\t\t<span aria-hidden=\"true\" data-no-translation=\"\" data-trp-gettext=\"\">Khuy\u1ebfn m\u1ea1i<\/span>\n\t\t\t<span class=\"screen-reader-text\" data-no-translation=\"\" data-trp-gettext=\"\">S\u1ea3n ph\u1ea9m \u0111ang gi\u1ea3m gi\u00e1<\/span>\n\t\t<\/div>\n\t\t\t\t\t<div class=\"wc-block-grid__product-image\"><img loading=\"lazy\" decoding=\"async\" width=\"300\" height=\"300\" src=\"https:\/\/cavinresource.com\/wp-content\/uploads\/2025\/04\/Skimmed-Milk-Powder-Cavin-Resource-Malaysia-300x300.jpg\" class=\"attachment-woocommerce_thumbnail size-woocommerce_thumbnail\" alt=\"B\u1ed9t s\u1eefa t\u00e1ch b\u00e9o \u2013 Cung c\u1ea5p s\u1ed1 l\u01b0\u1ee3ng l\u1edbn cho ng\u00e0nh d\u1ecbch v\u1ee5 th\u1ef1c ph\u1ea9m v\u00e0 b\u00e1n bu\u00f4n\" \/><\/div>\n\t\t\t\t\t<div class=\"wc-block-grid__product-title\">Skimmed Milk Powder \u2013 Bulk Supply for Foodservice &amp; Wholesale<\/div>\n\t\t\t\t<\/a>\n\t\t\t\t<div class=\"wc-block-grid__product-price price\"><del aria-hidden=\"true\"><span class=\"woocommerce-Price-amount amount\"><span class=\"woocommerce-Price-currencySymbol\">&#036;<\/span>1,900.00<\/span><\/del> <span class=\"screen-reader-text\" data-no-translation=\"\" data-trp-gettext=\"\">Gi\u00e1 g\u1ed1c l\u00e0: &#036;1,900.00.<\/span><ins aria-hidden=\"true\"><span class=\"woocommerce-Price-amount amount\"><span class=\"woocommerce-Price-currencySymbol\">&#036;<\/span>1,800.00<\/span><\/ins><span class=\"screen-reader-text\" data-no-translation=\"\" data-trp-gettext=\"\">Gi\u00e1 hi\u1ec7n t\u1ea1i l\u00e0: &#036;1,800.00.<\/span><\/div>\n\t\t\t\t\n\t\t\t\t<div class=\"wp-block-button wc-block-grid__product-add-to-cart\"><a href=\"\/vi\/wp-json\/wp\/v2\/pages\/7?add-to-cart=1109\" aria-label=\"Th\u00eam v\u00e0o gi\u1ecf h\u00e0ng: \u201cSkimmed Milk Powder \u2013 Bulk Supply for Foodservice &amp; Wholesale\u201d\" data-quantity=\"1\" data-product_id=\"1109\" data-product_sku=\"\" data-price=\"1800\" rel=\"nofollow\" class=\"wp-block-button__link  add_to_cart_button ajax_add_to_cart\" data-no-translation=\"\" data-trp-gettext=\"\" data-no-translation-aria-label=\"\">Th\u00eam v\u00e0o gi\u1ecf h\u00e0ng<\/a><\/div>\n\t\t\t<\/li><li class=\"wc-block-grid__product\">\n\t\t\t\t<a href=\"https:\/\/cavinresource.com\/vi\/product\/buy-wholesale-sweetened-condensed-milk\/\" class=\"wc-block-grid__product-link\">\n\t\t\t\t\t<div class=\"wc-block-grid__product-onsale\">\n\t\t\t<span aria-hidden=\"true\" data-no-translation=\"\" data-trp-gettext=\"\">Khuy\u1ebfn m\u1ea1i<\/span>\n\t\t\t<span class=\"screen-reader-text\" data-no-translation=\"\" data-trp-gettext=\"\">S\u1ea3n ph\u1ea9m \u0111ang gi\u1ea3m gi\u00e1<\/span>\n\t\t<\/div>\n\t\t\t\t\t<div class=\"wc-block-grid__product-image\"><img loading=\"lazy\" decoding=\"async\" width=\"300\" height=\"300\" src=\"https:\/\/cavinresource.com\/wp-content\/uploads\/2025\/04\/Sweetened-Condensed-Milk-Cavin-Resource-300x300.jpg\" class=\"attachment-woocommerce_thumbnail size-woocommerce_thumbnail\" alt=\"S\u1eefa \u0111\u1eb7c c\u00f3 \u0111\u01b0\u1eddng \u2013 Cung c\u1ea5p s\u1ed1 l\u01b0\u1ee3ng l\u1edbn cho ng\u00e0nh d\u1ecbch v\u1ee5 th\u1ef1c ph\u1ea9m v\u00e0 b\u00e1n bu\u00f4n\" \/><\/div>\n\t\t\t\t\t<div class=\"wc-block-grid__product-title\">Sweetened Condensed Milk \u2013 Bulk Supply for Foodservice &amp; Wholesale<\/div>\n\t\t\t\t<\/a>\n\t\t\t\t<div class=\"wc-block-grid__product-price price\"><del aria-hidden=\"true\"><span class=\"woocommerce-Price-amount amount\"><span class=\"woocommerce-Price-currencySymbol\">&#036;<\/span>1,900.00<\/span><\/del> <span class=\"screen-reader-text\" data-no-translation=\"\" data-trp-gettext=\"\">Gi\u00e1 g\u1ed1c l\u00e0: &#036;1,900.00.<\/span><ins aria-hidden=\"true\"><span class=\"woocommerce-Price-amount amount\"><span class=\"woocommerce-Price-currencySymbol\">&#036;<\/span>1,800.00<\/span><\/ins><span class=\"screen-reader-text\" data-no-translation=\"\" data-trp-gettext=\"\">Gi\u00e1 hi\u1ec7n t\u1ea1i l\u00e0: &#036;1,800.00.<\/span><\/div>\n\t\t\t\t\n\t\t\t\t<div class=\"wp-block-button wc-block-grid__product-add-to-cart\"><a href=\"\/vi\/wp-json\/wp\/v2\/pages\/7?add-to-cart=1106\" aria-label=\"Th\u00eam v\u00e0o gi\u1ecf h\u00e0ng: \u201cSweetened Condensed Milk \u2013 Bulk Supply for Foodservice &amp; Wholesale\u201d\" data-quantity=\"1\" data-product_id=\"1106\" data-product_sku=\"\" data-price=\"1800\" rel=\"nofollow\" class=\"wp-block-button__link  add_to_cart_button ajax_add_to_cart\" data-no-translation=\"\" data-trp-gettext=\"\" data-no-translation-aria-label=\"\">Th\u00eam v\u00e0o gi\u1ecf h\u00e0ng<\/a><\/div>\n\t\t\t<\/li><li class=\"wc-block-grid__product\">\n\t\t\t\t<a href=\"https:\/\/cavinresource.com\/vi\/product\/cheddar-cheese-price\/\" class=\"wc-block-grid__product-link\">\n\t\t\t\t\t<div class=\"wc-block-grid__product-onsale\">\n\t\t\t<span aria-hidden=\"true\" data-no-translation=\"\" data-trp-gettext=\"\">Khuy\u1ebfn m\u1ea1i<\/span>\n\t\t\t<span class=\"screen-reader-text\" data-no-translation=\"\" data-trp-gettext=\"\">S\u1ea3n ph\u1ea9m \u0111ang gi\u1ea3m gi\u00e1<\/span>\n\t\t<\/div>\n\t\t\t\t\t<div class=\"wc-block-grid__product-image\"><img loading=\"lazy\" decoding=\"async\" width=\"300\" height=\"300\" src=\"https:\/\/cavinresource.com\/wp-content\/uploads\/2025\/04\/Halloumi-Cheese-Cheddar-Cheese-Mozzarella-Cheese-Cavin-Resource-Malaysia-300x300.jpg\" class=\"attachment-woocommerce_thumbnail size-woocommerce_thumbnail\" alt=\"Ph\u00f4 mai Cheddar\" \/><\/div>\n\t\t\t\t\t<div class=\"wc-block-grid__product-title\">Cheddar Cheese \u2013 Aged, Bulk Supply for Foodservice &amp; Wholesale<\/div>\n\t\t\t\t<\/a>\n\t\t\t\t<div class=\"wc-block-grid__product-price price\"><del aria-hidden=\"true\"><span class=\"woocommerce-Price-amount amount\"><span class=\"woocommerce-Price-currencySymbol\">&#036;<\/span>2,600.00<\/span><\/del> <span class=\"screen-reader-text\" data-no-translation=\"\" data-trp-gettext=\"\">Gi\u00e1 g\u1ed1c l\u00e0: &#036;2,600.00.<\/span><ins aria-hidden=\"true\"><span class=\"woocommerce-Price-amount amount\"><span class=\"woocommerce-Price-currencySymbol\">&#036;<\/span>2,500.00<\/span><\/ins><span class=\"screen-reader-text\" data-no-translation=\"\" data-trp-gettext=\"\">Gi\u00e1 hi\u1ec7n t\u1ea1i l\u00e0: &#036;2,500.00.<\/span><\/div>\n\t\t\t\t\n\t\t\t\t<div class=\"wp-block-button wc-block-grid__product-add-to-cart\"><a href=\"\/vi\/wp-json\/wp\/v2\/pages\/7?add-to-cart=1105\" aria-label=\"Th\u00eam v\u00e0o gi\u1ecf h\u00e0ng: \u201cCheddar Cheese \u2013 Aged, Bulk Supply for Foodservice &amp; Wholesale\u201d\" data-quantity=\"1\" data-product_id=\"1105\" data-product_sku=\"\" data-price=\"2500\" rel=\"nofollow\" class=\"wp-block-button__link  add_to_cart_button ajax_add_to_cart\" data-no-translation=\"\" data-trp-gettext=\"\" data-no-translation-aria-label=\"\">Th\u00eam v\u00e0o gi\u1ecf h\u00e0ng<\/a><\/div>\n\t\t\t<\/li><li class=\"wc-block-grid__product\">\n\t\t\t\t<a href=\"https:\/\/cavinresource.com\/vi\/product\/buy-wholesale-halloumi-cheese-for-online\/\" class=\"wc-block-grid__product-link\">\n\t\t\t\t\t<div class=\"wc-block-grid__product-onsale\">\n\t\t\t<span aria-hidden=\"true\" data-no-translation=\"\" data-trp-gettext=\"\">Khuy\u1ebfn m\u1ea1i<\/span>\n\t\t\t<span class=\"screen-reader-text\" data-no-translation=\"\" data-trp-gettext=\"\">S\u1ea3n ph\u1ea9m \u0111ang gi\u1ea3m gi\u00e1<\/span>\n\t\t<\/div>\n\t\t\t\t\t<div class=\"wc-block-grid__product-image\"><img loading=\"lazy\" decoding=\"async\" width=\"300\" height=\"300\" src=\"https:\/\/cavinresource.com\/wp-content\/uploads\/2025\/04\/Halloumi-Cheese-Cavin-Resource-Malaysia-2-300x300.jpg\" class=\"attachment-woocommerce_thumbnail size-woocommerce_thumbnail\" alt=\"B\u00e1n s\u1ec9 ph\u00f4 mai\" \/><\/div>\n\t\t\t\t\t<div class=\"wc-block-grid__product-title\">Halloumi Cheese \u2013 Traditional Cypriot Cheese, Fresh &amp; Bulk Supply<\/div>\n\t\t\t\t<\/a>\n\t\t\t\t<div class=\"wc-block-grid__product-price price\"><del aria-hidden=\"true\"><span class=\"woocommerce-Price-amount amount\"><span class=\"woocommerce-Price-currencySymbol\">&#036;<\/span>2,600.00<\/span><\/del> <span class=\"screen-reader-text\" data-no-translation=\"\" data-trp-gettext=\"\">Gi\u00e1 g\u1ed1c l\u00e0: &#036;2,600.00.<\/span><ins aria-hidden=\"true\"><span class=\"woocommerce-Price-amount amount\"><span class=\"woocommerce-Price-currencySymbol\">&#036;<\/span>2,500.00<\/span><\/ins><span class=\"screen-reader-text\" data-no-translation=\"\" data-trp-gettext=\"\">Gi\u00e1 hi\u1ec7n t\u1ea1i l\u00e0: &#036;2,500.00.<\/span><\/div>\n\t\t\t\t\n\t\t\t\t<div class=\"wp-block-button wc-block-grid__product-add-to-cart\"><a href=\"\/vi\/wp-json\/wp\/v2\/pages\/7?add-to-cart=1104\" aria-label=\"Th\u00eam v\u00e0o gi\u1ecf h\u00e0ng: \u201cHalloumi Cheese \u2013 Traditional Cypriot Cheese, Fresh &amp; Bulk Supply\u201d\" data-quantity=\"1\" data-product_id=\"1104\" data-product_sku=\"\" data-price=\"2500\" rel=\"nofollow\" class=\"wp-block-button__link  add_to_cart_button ajax_add_to_cart\" data-no-translation=\"\" data-trp-gettext=\"\" data-no-translation-aria-label=\"\">Th\u00eam v\u00e0o gi\u1ecf h\u00e0ng<\/a><\/div>\n\t\t\t<\/li><\/ul><\/div><\/div>\n<\/div>","protected":false},"excerpt":{"rendered":"","protected":false},"author":1,"featured_media":0,"parent":0,"menu_order":0,"comment_status":"closed","ping_status":"closed","template":"","meta":{"_et_pb_use_builder":"","_et_pb_old_content":"","_et_gb_content_width":"","footnotes":""},"class_list":["post-7","page","type-page","status-publish","hentry"],"_links":{"self":[{"href":"https:\/\/cavinresource.com\/vi\/wp-json\/wp\/v2\/pages\/7","targetHints":{"allow":["GET"]}}],"collection":[{"href":"https:\/\/cavinresource.com\/vi\/wp-json\/wp\/v2\/pages"}],"about":[{"href":"https:\/\/cavinresource.com\/vi\/wp-json\/wp\/v2\/types\/page"}],"author":[{"embeddable":true,"href":"https:\/\/cavinresource.com\/vi\/wp-json\/wp\/v2\/users\/1"}],"replies":[{"embeddable":true,"href":"https:\/\/cavinresource.com\/vi\/wp-json\/wp\/v2\/comments?post=7"}],"version-history":[{"count":1,"href":"https:\/\/cavinresource.com\/vi\/wp-json\/wp\/v2\/pages\/7\/revisions"}],"predecessor-version":[{"id":378,"href":"https:\/\/cavinresource.com\/vi\/wp-json\/wp\/v2\/pages\/7\/revisions\/378"}],"wp:attachment":[{"href":"https:\/\/cavinresource.com\/vi\/wp-json\/wp\/v2\/media?parent=7"}],"curies":[{"name":"wp","href":"https:\/\/api.w.org\/{rel}","templated":true}]}}