{"id":730,"date":"2025-04-19T01:07:04","date_gmt":"2025-04-19T01:07:04","guid":{"rendered":"https:\/\/cavinresource.com\/?post_type=product&#038;p=730"},"modified":"2026-04-05T18:32:33","modified_gmt":"2026-04-05T18:32:33","slug":"sulfurik-asit-h%e2%82%82so%e2%82%84-toplu-fiyat","status":"publish","type":"product","link":"https:\/\/cavinresource.com\/tr\/product\/sulphuric-acid-h%e2%82%82so%e2%82%84-bulk-price\/","title":{"rendered":"S\u00fclf\u00fcrik Asit (H\u2082SO\u2084) - End\u00fcstriyel ve Kimyasal Kullan\u0131m i\u00e7in Toptan Tedarik"},"content":{"rendered":"<h2 data-start=\"519\" data-end=\"866\">S\u00fclf\u00fcrik asit kullan\u0131m alanlar\u0131<\/h2>\n<p class=\"\" data-start=\"519\" data-end=\"866\"><strong data-start=\"519\" data-end=\"545\">S\u00fclf\u00fcrik Asit (H\u2082SO\u2084)<\/strong> g\u00fc\u00e7l\u00fc korozif \u00f6zellikleri ve y\u00fcksek kimyasal reaktivitesi nedeniyle \u00e7ok say\u0131da end\u00fcstriyel sekt\u00f6rde yayg\u0131n olarak kullan\u0131lan g\u00fc\u00e7l\u00fc bir mineral asittir. End\u00fcstride merkezi bir rol oynar. <strong data-start=\"720\" data-end=\"750\">g\u00fcbre \u00fcretimi<\/strong> (\u00f6zellikle <strong data-start=\"763\" data-end=\"788\">fosfatl\u0131 g\u00fcbreler<\/strong>), <strong data-start=\"791\" data-end=\"813\">kimyasal sentez<\/strong>, <strong data-start=\"815\" data-end=\"837\">mineral i\u015fleme<\/strong>, ve <strong data-start=\"843\" data-end=\"865\">petrol rafi\u0307nasyonu<\/strong>.<\/p>\n<p class=\"\" data-start=\"868\" data-end=\"1125\">At <a href=\"https:\/\/cavinresource.com\/tr\/\"><strong data-start=\"871\" data-end=\"889\">Cavin Kaynak<\/strong><\/a>, y\u00fcksek kaliteli \u00fcr\u00fcnler sunuyoruz <strong data-start=\"915\" data-end=\"933\">S\u00fclf\u00fcrik Asit<\/strong> d\u00fcnya \u00e7ap\u0131nda toptan m\u00fc\u015fteriler i\u00e7in. \u00dcr\u00fcn\u00fcm\u00fcz s\u0131k\u0131 kalite kontrol alt\u0131nda a\u015fa\u011f\u0131daki malzemeler kullan\u0131larak \u00fcretilmektedir <strong data-start=\"1029\" data-end=\"1072\">\u00c7ift Temasl\u0131 \u00c7ift Emilim (DCDA)<\/strong> teknolojisi sayesinde maksimum safl\u0131k ve performans sa\u011flar.<\/p>\n<p class=\"\" data-start=\"1127\" data-end=\"1369\">A\u015fa\u011f\u0131dakiler dahil \u00e7ok y\u00f6nl\u00fc paketleme se\u00e7enekleri sunuyoruz <strong data-start=\"1174\" data-end=\"1187\">IBC tanklar\u0131<\/strong>, <strong data-start=\"1189\" data-end=\"1203\">200L variller<\/strong>, ve <strong data-start=\"1209\" data-end=\"1229\">d\u00f6kme ISO tankerleri<\/strong>, taraf\u0131ndan desteklenmektedir. <strong data-start=\"1244\" data-end=\"1251\">COA<\/strong>, <strong data-start=\"1253\" data-end=\"1260\">SDS<\/strong>, ve ilgili t\u00fcm uyumluluk belgeleri. Lojistik sistemimiz d\u00fcnya \u00e7ap\u0131nda g\u00fcvenli ve zaman\u0131nda teslimat sa\u011flar.<\/p>\n<hr class=\"\" data-start=\"1371\" data-end=\"1374\" \/>\n<h2 class=\"\" data-start=\"1376\" data-end=\"1403\">\u2699\ufe0f <strong data-start=\"1382\" data-end=\"1403\">\u00dcretim Y\u00f6ntemi<\/strong><\/h2>\n<h3 class=\"\" data-start=\"1405\" data-end=\"1460\"><strong data-start=\"1409\" data-end=\"1460\">\u00c7ift Temasl\u0131 \u00c7ift Emilim (DCDA) S\u00fcreci<\/strong><\/h3>\n<ol data-start=\"1461\" data-end=\"1733\">\n<li class=\"\" data-start=\"1461\" data-end=\"1523\">\n<p class=\"\" data-start=\"1464\" data-end=\"1523\"><strong data-start=\"1464\" data-end=\"1485\">S\u00fclf\u00fcr yak\u0131l\u0131r<\/strong> \u00fcretmek i\u00e7in <strong data-start=\"1497\" data-end=\"1522\">s\u00fclf\u00fcr dioksit (SO\u2082)<\/strong>.<\/p>\n<\/li>\n<li class=\"\" data-start=\"1524\" data-end=\"1642\">\n<p class=\"\" data-start=\"1527\" data-end=\"1642\">Gaz daha sonra <strong data-start=\"1543\" data-end=\"1581\">s\u00fclf\u00fcr trioksite (SO\u2083) oksitlenir<\/strong> varl\u0131\u011f\u0131nda <strong data-start=\"1603\" data-end=\"1632\">vanadyum pentoksit (V\u2082O\u2085)<\/strong> Kataliz\u00f6r.<\/p>\n<\/li>\n<li class=\"\" data-start=\"1643\" data-end=\"1733\">\n<p class=\"\" data-start=\"1646\" data-end=\"1733\">SO\u2083 \u015fudur <strong data-start=\"1653\" data-end=\"1676\">su taraf\u0131ndan emilir<\/strong> veya konsantre asit olu\u015fturmak i\u00e7in <strong data-start=\"1706\" data-end=\"1732\">S\u00fclf\u00fcrik Asit (H\u2082SO\u2084)<\/strong>.<\/p>\n<\/li>\n<\/ol>\n<p class=\"\" data-start=\"1735\" data-end=\"1797\">Bu y\u00f6ntem y\u00fcksek verim, safl\u0131k ve enerji verimlili\u011fi sa\u011flar.<\/p>\n<hr class=\"\" data-start=\"1799\" data-end=\"1802\" \/>\n<h2 class=\"\" data-start=\"1804\" data-end=\"1847\">\ud83c\udfed <strong data-start=\"1810\" data-end=\"1847\">Uygulamalar &amp; Sekt\u00f6rel Kullan\u0131m \u00d6rnekleri<\/strong><\/h2>\n<h3 class=\"\" data-start=\"1849\" data-end=\"1884\">\ud83c\udf3e <strong data-start=\"1856\" data-end=\"1884\">G\u00fcbre \u0130malat\u0131<\/strong><\/h3>\n<ul data-start=\"1885\" data-end=\"1974\">\n<li class=\"\" data-start=\"1885\" data-end=\"1974\">\n<p class=\"\" data-start=\"1887\" data-end=\"1974\">\u00dcretimde anahtar hammadde <strong data-start=\"1917\" data-end=\"1935\">s\u00fcperfosfat<\/strong> ve <strong data-start=\"1940\" data-end=\"1961\">amonyum s\u00fclfat<\/strong> g\u00fcbreler.<\/p>\n<\/li>\n<\/ul>\n<h3 class=\"\" data-start=\"1976\" data-end=\"2010\">\u26cf\ufe0f <strong data-start=\"1983\" data-end=\"2010\">Madencilik ve Cevher \u0130\u015fleme<\/strong><\/h3>\n<ul data-start=\"2011\" data-end=\"2095\">\n<li class=\"\" data-start=\"2011\" data-end=\"2095\">\n<p class=\"\" data-start=\"2013\" data-end=\"2095\">\u0130\u00e7in kullan\u0131l\u0131r <strong data-start=\"2022\" data-end=\"2041\">li\u00e7 metalleri<\/strong> gibi <strong data-start=\"2047\" data-end=\"2057\">bak\u0131r<\/strong>, <strong data-start=\"2059\" data-end=\"2070\">Uranyum<\/strong>, ve <strong data-start=\"2076\" data-end=\"2084\">\u00e7inko<\/strong> cevherlerden.<\/p>\n<\/li>\n<\/ul>\n<h3 class=\"\" data-start=\"2097\" data-end=\"2126\">\ud83e\uddea <strong data-start=\"2104\" data-end=\"2126\">Kimyasal Sentez<\/strong><\/h3>\n<ul data-start=\"2127\" data-end=\"2247\">\n<li class=\"\" data-start=\"2127\" data-end=\"2247\">\n<p class=\"\" data-start=\"2129\" data-end=\"2247\">\u00dcretimin ayr\u0131lmaz par\u00e7as\u0131 <strong data-start=\"2155\" data-end=\"2176\">hidroklorik asit<\/strong>, <strong data-start=\"2178\" data-end=\"2193\">nitrik asit<\/strong>, <strong data-start=\"2195\" data-end=\"2219\">sentetik deterjanlar<\/strong>, boyalar ve farmas\u00f6tikler.<\/p>\n<\/li>\n<\/ul>\n<h3 class=\"\" data-start=\"2249\" data-end=\"2279\">\ud83d\udee2\ufe0f <strong data-start=\"2257\" data-end=\"2279\">Petrol Rafinasyonu<\/strong><\/h3>\n<ul data-start=\"2280\" data-end=\"2340\">\n<li class=\"\" data-start=\"2280\" data-end=\"2340\">\n<p class=\"\" data-start=\"2282\" data-end=\"2340\">Kullan\u0131lan <strong data-start=\"2294\" data-end=\"2308\">alkilasyon<\/strong> ve <strong data-start=\"2313\" data-end=\"2329\">ARITMA<\/strong> s\u00fcre\u00e7ler.<\/p>\n<\/li>\n<\/ul>\n<h3 class=\"\" data-start=\"2342\" data-end=\"2368\">\ud83d\udca7 <strong data-start=\"2349\" data-end=\"2368\">Su Ar\u0131tma<\/strong><\/h3>\n<ul data-start=\"2369\" data-end=\"2454\">\n<li class=\"\" data-start=\"2369\" data-end=\"2454\">\n<p class=\"\" data-start=\"2371\" data-end=\"2454\">Yard\u0131mc\u0131 olur <strong data-start=\"2380\" data-end=\"2397\">pH d\u00fczenlemesi<\/strong>, ve <strong data-start=\"2403\" data-end=\"2439\">alkali maddelerin n\u00f6tralize edilmesi<\/strong> in wastewater. bulk sulphuric acid for sale,<\/p>\n<\/li>\n<\/ul>\n<hr class=\"\" data-start=\"2456\" data-end=\"2459\" \/>\n<h2 class=\"\" data-start=\"2461\" data-end=\"2496\">\u2705 <strong data-start=\"2466\" data-end=\"2496\">S\u00fclf\u00fcrik asit h\u2082so\u2084 kullan\u0131m\u0131n\u0131n faydalar\u0131<\/strong><\/h2>\n<ul data-start=\"2498\" data-end=\"2832\">\n<li class=\"\" data-start=\"2498\" data-end=\"2557\">\n<p class=\"\" data-start=\"2500\" data-end=\"2557\">\u2699\ufe0f <strong data-start=\"2503\" data-end=\"2522\">Y\u00fcksek oranda reaktif<\/strong> \u00e7ok y\u00f6nl\u00fc kimyasal sentez i\u00e7in<\/p>\n<\/li>\n<li class=\"\" data-start=\"2558\" data-end=\"2612\">\n<p class=\"\" data-start=\"2560\" data-end=\"2612\">\ud83d\udca7 <strong data-start=\"2563\" data-end=\"2586\">Konsantre ve saf<\/strong> asit verimlilik sa\u011flar<\/p>\n<\/li>\n<li class=\"\" data-start=\"2613\" data-end=\"2690\">\n<p class=\"\" data-start=\"2615\" data-end=\"2690\">\ud83c\udf0d <strong data-start=\"2618\" data-end=\"2646\">Geni\u015f end\u00fcstriyel kullan\u0131m<\/strong> tar\u0131m, kimya ve madencilik sekt\u00f6rlerinde<\/p>\n<\/li>\n<li class=\"\" data-start=\"2691\" data-end=\"2760\">\n<p class=\"\" data-start=\"2693\" data-end=\"2760\">\ud83d\udd12 <strong data-start=\"2696\" data-end=\"2722\">Toplu paketleme se\u00e7enekleri<\/strong> g\u00fcvenli depolama ve ta\u015f\u0131ma i\u00e7in<\/p>\n<\/li>\n<li class=\"\" data-start=\"2761\" data-end=\"2832\">\n<p class=\"\" data-start=\"2763\" data-end=\"2832\">\ud83d\udcd1 A\u015fa\u011f\u0131dakilerle tam uyumludur <strong data-start=\"2787\" data-end=\"2832\">uluslararasi ki\u0307myasal g\u00fcvenli\u0307k d\u00fczenlemeleri\u0307<\/strong><\/p>\n<\/li>\n<\/ul>\n<hr class=\"\" data-start=\"2834\" data-end=\"2837\" \/>\n<h2 class=\"\" data-start=\"2839\" data-end=\"2866\">\ud83d\udce6 <strong data-start=\"2845\" data-end=\"2866\">Paketleme Se\u00e7enekleri<\/strong><\/h2>\n<ul data-start=\"2868\" data-end=\"3015\">\n<li class=\"\" data-start=\"2868\" data-end=\"2891\">\n<p class=\"\" data-start=\"2870\" data-end=\"2891\"><strong data-start=\"2870\" data-end=\"2889\">200L HDPE bidonlar<\/strong><\/p>\n<\/li>\n<li class=\"\" data-start=\"2892\" data-end=\"2915\">\n<p class=\"\" data-start=\"2894\" data-end=\"2915\"><strong data-start=\"2894\" data-end=\"2913\">1000L IBC tanklar\u0131<\/strong><\/p>\n<\/li>\n<li class=\"\" data-start=\"2916\" data-end=\"2964\">\n<p class=\"\" data-start=\"2918\" data-end=\"2964\"><strong data-start=\"2918\" data-end=\"2941\">ISO tank konteynerleri<\/strong> (22-24 MT d\u00f6kme y\u00fck)<\/p>\n<\/li>\n<li class=\"\" data-start=\"2965\" data-end=\"3015\">\n<p class=\"\" data-start=\"2967\" data-end=\"3015\"><strong data-start=\"2967\" data-end=\"2992\">\u00d6zel toplu \u00e7\u00f6z\u00fcmler<\/strong> available upon request wholesale sulfuric acid suppliers,<\/p>\n<\/li>\n<\/ul>\n<hr class=\"\" data-start=\"3017\" data-end=\"3020\" \/>\n<h2 class=\"\" data-start=\"3022\" data-end=\"3064\">\u2753 <strong data-start=\"3027\" data-end=\"3064\">S\u0131k\u00e7a Sorulan Sorular (SSS)<\/strong><\/h2>\n<h3 class=\"\" data-start=\"3066\" data-end=\"3137\">1. <strong data-start=\"3073\" data-end=\"3135\">Hangi konsantrasyon seviyelerinde S\u00fclf\u00fcrik Asit tedarik ediyorsunuz?<\/strong><\/h3>\n<p class=\"\" data-start=\"3138\" data-end=\"3258\">Biz teklif ediyoruz <strong data-start=\"3147\" data-end=\"3165\">S\u00fclf\u00fcrik Asit<\/strong> aras\u0131nda de\u011fi\u015fen <strong data-start=\"3179\" data-end=\"3193\">93% - 98%<\/strong> konsantrasyon. \u00d6zel konsantrasyonlar talep \u00fczerine temin edilebilir.<\/p>\n<hr class=\"\" data-start=\"3260\" data-end=\"3263\" \/>\n<h3 class=\"\" data-start=\"3265\" data-end=\"3330\">2. <strong data-start=\"3272\" data-end=\"3328\">S\u00fclf\u00fcrik Asit g\u00fcbre \u00fcretiminde kullan\u0131labilir mi?<\/strong><\/h3>\n<p class=\"\" data-start=\"3331\" data-end=\"3468\">Evet, bu bir <strong data-start=\"3344\" data-end=\"3364\">anahtar hammadde<\/strong> \u00fcretiminde <strong data-start=\"3386\" data-end=\"3417\">fosfat bazl\u0131 g\u00fcbreler<\/strong> gibi <strong data-start=\"3423\" data-end=\"3441\">s\u00fcperfosfat<\/strong> ve <strong data-start=\"3446\" data-end=\"3467\">amonyum s\u00fclfat<\/strong>.<\/p>\n<hr class=\"\" data-start=\"3470\" data-end=\"3473\" \/>\n<h3 class=\"\" data-start=\"3475\" data-end=\"3541\">3. <strong data-start=\"3482\" data-end=\"3539\">Ta\u015f\u0131ma s\u0131ras\u0131nda hangi g\u00fcvenlik \u00f6nlemlerine uymal\u0131y\u0131m?<\/strong><\/h3>\n<p class=\"\" data-start=\"3542\" data-end=\"3686\">Her zaman kullan\u0131n <strong data-start=\"3553\" data-end=\"3578\">aside dayan\u0131kl\u0131 eldivenler<\/strong>, <strong data-start=\"3580\" data-end=\"3591\">g\u00f6zl\u00fckler<\/strong>, ve <strong data-start=\"3597\" data-end=\"3620\">koruyucu gi\u0307ysi\u0307ler<\/strong>. \u0130\u00e7inde \u00e7al\u0131\u015fmak <strong data-start=\"3630\" data-end=\"3655\">iyi havaland\u0131r\u0131lm\u0131\u015f alanlar<\/strong> ve takip et <strong data-start=\"3667\" data-end=\"3685\">SDS y\u00f6nergeleri<\/strong>. sulphuric acid bulk suppliers 2026,<\/p>\n<hr class=\"\" data-start=\"3688\" data-end=\"3691\" \/>\n<h3 class=\"\" data-start=\"3693\" data-end=\"3752\">4. <strong data-start=\"3700\" data-end=\"3750\">S\u00fclf\u00fcrik Asit uluslararas\u0131 olarak nas\u0131l g\u00f6nderilir?<\/strong><\/h3>\n<p class=\"\" data-start=\"3753\" data-end=\"3909\">Biz g\u00f6nderiyoruz <strong data-start=\"3764\" data-end=\"3786\">BM sertifikal\u0131 variller<\/strong>, <strong data-start=\"3788\" data-end=\"3801\">IBC tanklar\u0131<\/strong>, ve <strong data-start=\"3807\" data-end=\"3822\">ISO tankerleri<\/strong> i\u00e7in gerekli t\u00fcm uygunluk ve g\u00fcvenlik belgeleri ile <strong data-start=\"3881\" data-end=\"3908\">uluslararasi ta\u015fimacilik<\/strong>.<\/p>\n<hr class=\"\" data-start=\"3911\" data-end=\"3914\" \/>\n<h2 class=\"\" data-start=\"3916\" data-end=\"3962\">\ud83d\udcda <strong data-start=\"3922\" data-end=\"3962\">SEO ve Referans i\u00e7in G\u00fcvenilir Kaynaklar<\/strong><\/h2>\n<ul data-start=\"3964\" data-end=\"4245\">\n<li class=\"\" data-start=\"3964\" data-end=\"4051\">\n<p class=\"\" data-start=\"3966\" data-end=\"4051\"><a class=\"\" href=\"https:\/\/pubchem.ncbi.nlm.nih.gov\/compound\/Sulfuric-acid\" target=\"_new\" rel=\"noopener\" data-start=\"3966\" data-end=\"4049\">PubChem - S\u00fclf\u00fcrik Asit<\/a><\/p>\n<\/li>\n<li class=\"\" data-start=\"4052\" data-end=\"4164\">\n<p class=\"\" data-start=\"4054\" data-end=\"4164\"><a class=\"\" href=\"https:\/\/echa.europa.eu\/substance-information\/-\/substanceinfo\/100.028.763\" target=\"_new\" rel=\"noopener\" data-start=\"4054\" data-end=\"4162\">Avrupa Kimyasallar Ajans\u0131 (ECHA)<\/a><\/p>\n<\/li>\n<li class=\"\" data-start=\"4165\" data-end=\"4245\">\n<p class=\"\" data-start=\"4167\" data-end=\"4245\"><a class=\"\" href=\"https:\/\/www.cdc.gov\/niosh\/npg\/npgd0577.html\" target=\"_new\" rel=\"noopener\" data-start=\"4167\" data-end=\"4245\">CDC - NIOSH S\u00fclf\u00fcrik Asit Bilgileri<\/a><\/p>\n<\/li>\n<\/ul>","protected":false},"excerpt":{"rendered":"<p>Cavin Resource'da D\u00f6kme S\u00fclf\u00fcrik asit Toptan Sat\u0131\u015f. Y\u00fcksek safl\u0131kta tedarik ediyoruz <strong data-start=\"225\" data-end=\"251\">S\u00fclf\u00fcrik Asit (H\u2082SO\u2084)<\/strong> i\u00e7inde <strong data-start=\"255\" data-end=\"274\">toplu mi\u0307ktarlar<\/strong> i\u00e7in <strong data-start=\"279\" data-end=\"304\">g\u00fcbre \u00fcretimi<\/strong>, <strong data-start=\"306\" data-end=\"316\">madencilik<\/strong>, <strong data-start=\"318\" data-end=\"344\">ki\u0307myasal \u00fcreti\u0307m<\/strong>, ve daha fazlas\u0131.\u00a0<strong>Online s\u00fclf\u00fcrik asit sat\u0131n al\u0131n<\/strong> \u0130\u00e7inde mevcut <strong data-start=\"369\" data-end=\"378\">davullar<\/strong>, <strong data-start=\"380\" data-end=\"393\">IBC tanklar\u0131<\/strong>, ve <strong data-start=\"399\" data-end=\"417\">ISO konteynerler<\/strong>, shipped globally with all safety and compliance certifications. sulphuric acid specification buy sulphuric acid wholesale bulk<\/p>","protected":false},"featured_media":700,"comment_status":"open","ping_status":"closed","template":"","meta":{"_et_pb_use_builder":"","_et_pb_old_content":"","_et_gb_content_width":""},"product_brand":[],"product_cat":[784],"product_tag":[771,776,769,770,768,773,772,775,774],"class_list":{"0":"post-730","1":"product","2":"type-product","3":"status-publish","4":"has-post-thumbnail","6":"product_cat-bulk-industrial-chemicals-supplier","7":"product_tag-bulk-sulphuric-acid","8":"product_tag-cavin-resource-sulphuric-acid","9":"product_tag-h2so4","10":"product_tag-sulfuric-acid-industrial","11":"product_tag-sulphuric-acid","12":"product_tag-sulphuric-acid-fertilizer-grade","13":"product_tag-sulphuric-acid-for-mining","14":"product_tag-sulphuric-acid-malaysia","15":"product_tag-sulphuric-acid-wholesale","17":"first","18":"instock","19":"sale","20":"shipping-taxable","21":"purchasable","22":"product-type-simple"},"_links":{"self":[{"href":"https:\/\/cavinresource.com\/tr\/wp-json\/wp\/v2\/product\/730","targetHints":{"allow":["GET"]}}],"collection":[{"href":"https:\/\/cavinresource.com\/tr\/wp-json\/wp\/v2\/product"}],"about":[{"href":"https:\/\/cavinresource.com\/tr\/wp-json\/wp\/v2\/types\/product"}],"replies":[{"embeddable":true,"href":"https:\/\/cavinresource.com\/tr\/wp-json\/wp\/v2\/comments?post=730"}],"wp:featuredmedia":[{"embeddable":true,"href":"https:\/\/cavinresource.com\/tr\/wp-json\/wp\/v2\/media\/700"}],"wp:attachment":[{"href":"https:\/\/cavinresource.com\/tr\/wp-json\/wp\/v2\/media?parent=730"}],"wp:term":[{"taxonomy":"product_brand","embeddable":true,"href":"https:\/\/cavinresource.com\/tr\/wp-json\/wp\/v2\/product_brand?post=730"},{"taxonomy":"product_cat","embeddable":true,"href":"https:\/\/cavinresource.com\/tr\/wp-json\/wp\/v2\/product_cat?post=730"},{"taxonomy":"product_tag","embeddable":true,"href":"https:\/\/cavinresource.com\/tr\/wp-json\/wp\/v2\/product_tag?post=730"}],"curies":[{"name":"wp","href":"https:\/\/api.w.org\/{rel}","templated":true}]}}