{"id":684,"date":"2025-04-18T21:48:27","date_gmt":"2025-04-18T21:48:27","guid":{"rendered":"https:\/\/cavinresource.com\/?post_type=product&#038;p=684"},"modified":"2026-02-26T01:51:11","modified_gmt":"2026-02-26T01:51:11","slug":"ton-basina-sodyum-silikat-fiyati","status":"publish","type":"product","link":"https:\/\/cavinresource.com\/tr\/product\/sodium-silicate-price-per-ton\/","title":{"rendered":"Sodyum Silikat - Y\u00fcksek Safl\u0131kta Su Barda\u011f\u0131"},"content":{"rendered":"<h2 style=\"text-align: center;\" data-start=\"588\" data-end=\"935\">sodyum silikat tedarik\u00e7ileri<\/h2>\n<p class=\"\" data-start=\"588\" data-end=\"935\"><strong data-start=\"588\" data-end=\"607\">Sodyum Silikat<\/strong> (Na\u2082SiO\u2083), renksiz ila a\u00e7\u0131k gri, suda \u00e7\u00f6z\u00fcnen bir bile\u015fik olup, a\u015fa\u011f\u0131daki maddelerin f\u00fczyonu ile olu\u015fur <strong data-start=\"695\" data-end=\"712\">silika (SiO\u2082)<\/strong> ve <strong data-start=\"717\" data-end=\"746\">sodyum karbonat (Na\u2082CO\u2083)<\/strong> y\u00fcksek s\u0131cakl\u0131klarda. ton ba\u015f\u0131na sodyum silikat fiyat\u0131 <strong data-start=\"790\" data-end=\"809\">s\u0131v\u0131 \u00e7\u00f6zelti<\/strong> ya da <strong data-start=\"816\" data-end=\"835\">toz\/gran\u00fcler<\/strong> olarak adland\u0131r\u0131lan form <strong data-start=\"863\" data-end=\"879\">s\u0131v\u0131 cam<\/strong> \u00e7\u00f6z\u00fcnd\u00fc\u011f\u00fcnde \u015feffaf, viskoz g\u00f6r\u00fcn\u00fcm\u00fc i\u00e7in. ton ba\u015f\u0131na sodyum silikat fiyat\u0131<\/p>\n<p class=\"\" data-start=\"937\" data-end=\"1097\">G\u00fc\u00e7l\u00fc olmas\u0131 nedeniyle <strong data-start=\"955\" data-end=\"974\">alkalin do\u011fa<\/strong>, m\u00fckemmel <strong data-start=\"986\" data-end=\"1021\">yap\u0131\u015fkan ve ba\u011flay\u0131c\u0131 \u00f6zellikler<\/strong>, ve yetenek <strong data-start=\"1038\" data-end=\"1057\">silika jel olu\u015fturmak<\/strong>, Sodyum Silikat yayg\u0131n olarak kullan\u0131lmaktad\u0131r:<\/p>\n<ul data-start=\"1098\" data-end=\"1410\">\n<li class=\"\" data-start=\"1098\" data-end=\"1162\">\n<p class=\"\" data-start=\"1100\" data-end=\"1162\"><strong data-start=\"1100\" data-end=\"1122\">Deterjanlar ve Sabunlar<\/strong> - in\u015faat\u00e7\u0131 veya korozyon \u00f6nleyici olarak<\/p>\n<\/li>\n<li class=\"\" data-start=\"1163\" data-end=\"1230\">\n<p class=\"\" data-start=\"1165\" data-end=\"1230\"><strong data-start=\"1165\" data-end=\"1192\">Seramik ve Refrakterler<\/strong> - yap\u0131\u015ft\u0131rma ve termal stabilite i\u00e7in<\/p>\n<\/li>\n<li class=\"\" data-start=\"1231\" data-end=\"1278\">\n<p class=\"\" data-start=\"1233\" data-end=\"1278\"><strong data-start=\"1233\" data-end=\"1251\">Ka\u011f\u0131t End\u00fcstrisi<\/strong> - boyutland\u0131rma ve kaplama i\u00e7in<\/p>\n<\/li>\n<li class=\"\" data-start=\"1279\" data-end=\"1335\">\n<p class=\"\" data-start=\"1281\" data-end=\"1335\"><strong data-start=\"1281\" data-end=\"1300\">Su Ar\u0131tma<\/strong> - bir deflok\u00fclant veya koag\u00fclant olarak<\/p>\n<\/li>\n<li class=\"\" data-start=\"1336\" data-end=\"1410\">\n<p class=\"\" data-start=\"1338\" data-end=\"1410\"><strong data-start=\"1338\" data-end=\"1364\">\u0130n\u015faat ve D\u00f6k\u00fcm<\/strong> - kal\u0131plarda ve beton sertle\u015ftiricilerde ba\u011flay\u0131c\u0131 olarak<\/p>\n<\/li>\n<\/ul>\n<p class=\"\" data-start=\"1412\" data-end=\"1590\"><a href=\"https:\/\/cavinresource.com\/tr\/\">Cavin Kaynak'ta<\/a>, bizim <strong data-start=\"1435\" data-end=\"1466\">y\u00fcksek safl\u0131kta Sodyum Silikat<\/strong> \u00f6zelle\u015ftirilebilir end\u00fcstriyel performans standartlar\u0131n\u0131 kar\u015f\u0131lar <strong data-start=\"1524\" data-end=\"1550\">SiO\u2082'nin Na\u2082O'ya oranlar\u0131<\/strong> \u00f6zel s\u00fcre\u00e7 gereksinimlerini kar\u015f\u0131lamak i\u00e7in.<\/p>\n<hr class=\"\" data-start=\"1592\" data-end=\"1595\" \/>\n<h2 class=\"\" data-start=\"1597\" data-end=\"1624\">\u2699\ufe0f <strong data-start=\"1603\" data-end=\"1624\">\u00dcretim Y\u00f6ntemi<\/strong><\/h2>\n<h3 class=\"\" data-start=\"1626\" data-end=\"1672\"><strong data-start=\"1630\" data-end=\"1672\">Termal F\u00fczyon ve \u00c7\u00f6z\u00fcnme S\u00fcreci<\/strong><\/h3>\n<ol data-start=\"1673\" data-end=\"1980\">\n<li class=\"\" data-start=\"1673\" data-end=\"1762\">\n<p class=\"\" data-start=\"1676\" data-end=\"1762\">Y\u00fcksek safl\u0131kta <strong data-start=\"1688\" data-end=\"1703\">kum (SiO\u2082)<\/strong> ile kayna\u015ft\u0131r\u0131l\u0131r <strong data-start=\"1718\" data-end=\"1747\">sodyum karbonat (Na\u2082CO\u2083)<\/strong> bir f\u0131r\u0131nda<\/p>\n<\/li>\n<li class=\"\" data-start=\"1763\" data-end=\"1875\">\n<p class=\"\" data-start=\"1766\" data-end=\"1875\">Ortaya \u00e7\u0131kan <strong data-start=\"1780\" data-end=\"1796\">cams\u0131 kat\u0131<\/strong> so\u011futulur ve s\u0131v\u0131 sodyum silikat \u00fcretmek i\u00e7in \u00f6\u011f\u00fct\u00fcl\u00fcr veya suda \u00e7\u00f6z\u00fcl\u00fcr<\/p>\n<\/li>\n<li class=\"\" data-start=\"1876\" data-end=\"1980\">\n<p class=\"\" data-start=\"1879\" data-end=\"1980\">S\u0131v\u0131 spesifik de\u011ferlere g\u00f6re ayarlan\u0131r <strong data-start=\"1910\" data-end=\"1954\">viskozite ve molar oran spesifikasyonlar\u0131<\/strong> (\u00f6rne\u011fin, 2,0-3,5 SiO\u2082:Na\u2082O)<\/p>\n<\/li>\n<\/ol>\n<hr class=\"\" data-start=\"1982\" data-end=\"1985\" \/>\n<h2 class=\"\" data-start=\"1987\" data-end=\"2030\">\ud83c\udfed <strong data-start=\"1993\" data-end=\"2030\">Uygulamalar &amp; Sekt\u00f6rel Kullan\u0131m \u00d6rnekleri<\/strong><\/h2>\n<h3 class=\"\" data-start=\"2032\" data-end=\"2075\">\ud83e\uddfc <strong data-start=\"2039\" data-end=\"2073\">Deterjan ve Sabun \u0130malat\u0131<\/strong><\/h3>\n<ul data-start=\"2076\" data-end=\"2150\">\n<li class=\"\" data-start=\"2076\" data-end=\"2150\">\n<p class=\"\" data-start=\"2078\" data-end=\"2150\">Olarak hareket eder <strong data-start=\"2089\" data-end=\"2109\">alkalin olu\u015fturucu<\/strong>, korozyon \u00f6nleyici ve su yumu\u015fat\u0131c\u0131<\/p>\n<\/li>\n<\/ul>\n<h3 class=\"\" data-start=\"2152\" data-end=\"2187\">\ud83e\uddea <strong data-start=\"2159\" data-end=\"2185\">Su Ar\u0131tma Tesisleri<\/strong><\/h3>\n<ul data-start=\"2188\" data-end=\"2273\">\n<li class=\"\" data-start=\"2188\" data-end=\"2273\">\n<p class=\"\" data-start=\"2190\" data-end=\"2273\">\u0130\u00e7in kullan\u0131l\u0131r <strong data-start=\"2199\" data-end=\"2217\">deflok\u00fclasyon<\/strong>, <strong data-start=\"2219\" data-end=\"2251\">demir\/manganez sekestrasyonu<\/strong>, ve <strong data-start=\"2257\" data-end=\"2273\">pH tamponlama<\/strong><\/p>\n<\/li>\n<\/ul>\n<h3 class=\"\" data-start=\"2275\" data-end=\"2311\">\ud83d\udd25 <strong data-start=\"2282\" data-end=\"2309\">Seramik ve Refrakterler<\/strong><\/h3>\n<ul data-start=\"2312\" data-end=\"2382\">\n<li class=\"\" data-start=\"2312\" data-end=\"2382\">\n<p class=\"\" data-start=\"2314\" data-end=\"2382\">Geli\u015ftirir <strong data-start=\"2323\" data-end=\"2342\">termal yap\u0131\u015ft\u0131rma<\/strong> ve refrakter \u015fekillerde kal\u0131p stabilitesi<\/p>\n<\/li>\n<\/ul>\n<h3 class=\"\" data-start=\"2384\" data-end=\"2418\">\ud83d\udcc4 <strong data-start=\"2391\" data-end=\"2416\">Ka\u011f\u0131t ve Sel\u00fcloz End\u00fcstrisi<\/strong><\/h3>\n<ul data-start=\"2419\" data-end=\"2489\">\n<li class=\"\" data-start=\"2419\" data-end=\"2489\">\n<p class=\"\" data-start=\"2421\" data-end=\"2489\">Olarak i\u015flev g\u00f6r\u00fcr <strong data-start=\"2436\" data-end=\"2465\">ba\u011flay\u0131c\u0131 ve kaplama maddesi<\/strong> y\u00fcksek mukavemetli ka\u011f\u0131t i\u00e7in<\/p>\n<\/li>\n<\/ul>\n<h3 class=\"\" data-start=\"2491\" data-end=\"2531\">\ud83c\udfd7\ufe0f <strong data-start=\"2499\" data-end=\"2529\">\u0130n\u015faat ve Yap\u0131\u015ft\u0131r\u0131c\u0131lar<\/strong><\/h3>\n<ul data-start=\"2532\" data-end=\"2619\">\n<li class=\"\" data-start=\"2532\" data-end=\"2619\">\n<p class=\"\" data-start=\"2534\" data-end=\"2619\">\u015eunlar i\u00e7in ideal <strong data-start=\"2544\" data-end=\"2564\">\u00e7i\u0307mento sertle\u015fmesi\u0307<\/strong>, <strong data-start=\"2566\" data-end=\"2588\">toprak stabilizasyonu<\/strong>, ve <strong data-start=\"2594\" data-end=\"2619\">yap\u0131\u015ft\u0131r\u0131c\u0131 form\u00fclasyonlar\u0131<\/strong><\/p>\n<\/li>\n<\/ul>\n<hr class=\"\" data-start=\"2621\" data-end=\"2624\" \/>\n<h2 class=\"\" data-start=\"2626\" data-end=\"2662\">\u2705 <strong data-start=\"2631\" data-end=\"2662\">Sodyum Silikat\u0131n Faydalar\u0131<\/strong><\/h2>\n<ul data-start=\"2664\" data-end=\"2991\">\n<li class=\"\" data-start=\"2664\" data-end=\"2731\">\n<p class=\"\" data-start=\"2666\" data-end=\"2731\">\ud83d\udd2c \u00d6zelle\u015ftirilebilir <strong data-start=\"2682\" data-end=\"2702\">SiO\u2082:Na\u2082O oranlar\u0131<\/strong> \u00e7e\u015fitli end\u00fcstriyel kullan\u0131mlar i\u00e7in<\/p>\n<\/li>\n<li class=\"\" data-start=\"2732\" data-end=\"2781\">\n<p class=\"\" data-start=\"2734\" data-end=\"2781\">\ud83d\udd17 G\u00fc\u00e7l\u00fc <strong data-start=\"2744\" data-end=\"2779\">ba\u011flayici ve yapi\u015ftirici \u00f6zelli\u0307kler<\/strong><\/p>\n<\/li>\n<li class=\"\" data-start=\"2782\" data-end=\"2849\">\n<p class=\"\" data-start=\"2784\" data-end=\"2849\">\ud83e\uddfd Geli\u015ftirir <strong data-start=\"2796\" data-end=\"2833\">temizlik ve korozyon korumas\u0131<\/strong> deterjanlarda<\/p>\n<\/li>\n<li class=\"\" data-start=\"2850\" data-end=\"2924\">\n<p class=\"\" data-start=\"2852\" data-end=\"2924\">\ud83d\udca7 Suda \u00e7\u00f6z\u00fcn\u00fcr ve <strong data-start=\"2873\" data-end=\"2897\">\u00e7evresel olarak g\u00fcvenli<\/strong> at\u0131k su ar\u0131t\u0131m\u0131 i\u00e7in<\/p>\n<\/li>\n<li class=\"\" data-start=\"2925\" data-end=\"2991\">\n<p class=\"\" data-start=\"2927\" data-end=\"2991\">\ud83c\udfed \u0130\u00e7inde mevcut <strong data-start=\"2943\" data-end=\"2972\">d\u00f6kme s\u0131v\u0131 veya kat\u0131 form<\/strong> B2B operasyonlar\u0131 i\u00e7in<\/p>\n<\/li>\n<\/ul>\n<hr class=\"\" data-start=\"2993\" data-end=\"2996\" \/>\n<h2 class=\"\" data-start=\"2998\" data-end=\"3025\">\ud83d\udce6 <strong data-start=\"3004\" data-end=\"3025\">Paketleme Se\u00e7enekleri<\/strong><\/h2>\n<ul data-start=\"3027\" data-end=\"3175\">\n<li class=\"\" data-start=\"3027\" data-end=\"3052\">\n<p class=\"\" data-start=\"3029\" data-end=\"3052\">250 kg bidonlar (s\u0131v\u0131)<\/p>\n<\/li>\n<li class=\"\" data-start=\"3053\" data-end=\"3080\">\n<p class=\"\" data-start=\"3055\" data-end=\"3080\">1 MT IBC tanklar\u0131 (s\u0131v\u0131)<\/p>\n<\/li>\n<li class=\"\" data-start=\"3081\" data-end=\"3119\">\n<p class=\"\" data-start=\"3083\" data-end=\"3119\">25 kg'l\u0131k torbalar (kat\u0131 toz\/gran\u00fcl)<\/p>\n<\/li>\n<li class=\"\" data-start=\"3120\" data-end=\"3175\">\n<p class=\"\" data-start=\"3122\" data-end=\"3175\">\u0130hracat i\u00e7in d\u00f6kme ISO tank veya konteyner y\u00fckleri mevcuttur<\/p>\n<\/li>\n<\/ul>\n<hr class=\"\" data-start=\"3177\" data-end=\"3180\" \/>\n<h2 class=\"\" data-start=\"3182\" data-end=\"3224\">\u2753 <strong data-start=\"3187\" data-end=\"3224\">S\u0131k\u00e7a Sorulan Sorular (SSS)<\/strong><\/h2>\n<h3 class=\"\" data-start=\"3226\" data-end=\"3284\">1. <strong data-start=\"3233\" data-end=\"3282\">Sodyum Silikat'\u0131n tipik oran\u0131 nedir?<\/strong><\/h3>\n<p class=\"\" data-start=\"3285\" data-end=\"3405\">Standart ticari s\u0131n\u0131flar a\u015fa\u011f\u0131dakiler aras\u0131nda de\u011fi\u015fir <strong data-start=\"3323\" data-end=\"3337\">2.0 ila 3.5<\/strong> par\u00e7alar <strong data-start=\"3344\" data-end=\"3352\">SiO\u2082<\/strong> i\u00e7in <strong data-start=\"3356\" data-end=\"3371\">1 k\u0131s\u0131m Na\u2082O<\/strong>. \u00d6zel \u00f6zellikler mevcuttur.<\/p>\n<hr class=\"\" data-start=\"3407\" data-end=\"3410\" \/>\n<h3 class=\"\" data-start=\"3412\" data-end=\"3469\">2. <strong data-start=\"3419\" data-end=\"3467\">Sodyum Silikat su ar\u0131t\u0131m\u0131 i\u00e7in g\u00fcvenli midir?<\/strong><\/h3>\n<p class=\"\" data-start=\"3470\" data-end=\"3573\">Evet. Yayg\u0131n olarak <strong data-start=\"3500\" data-end=\"3528\">toksi\u0307k olmayan su yumu\u015fatici<\/strong> ve kamu hizmetlerinde korozyon \u00f6nleyici.<\/p>\n<hr class=\"\" data-start=\"3575\" data-end=\"3578\" \/>\n<h3 class=\"\" data-start=\"3580\" data-end=\"3629\">3. <strong data-start=\"3587\" data-end=\"3627\">Sodyum Silikat hangi sekt\u00f6rlerde kullan\u0131l\u0131r?<\/strong><\/h3>\n<p class=\"\" data-start=\"3630\" data-end=\"3746\">Yayg\u0131n olarak kullan\u0131lan <strong data-start=\"3650\" data-end=\"3734\">deterjanlar, seramikler, su ar\u0131tma, yap\u0131\u015ft\u0131r\u0131c\u0131lar, refrakterler ve ka\u011f\u0131t hamuru ve ka\u011f\u0131t<\/strong> end\u00fcstriler.<\/p>\n<hr class=\"\" data-start=\"3748\" data-end=\"3751\" \/>\n<h3 class=\"\" data-start=\"3753\" data-end=\"3819\">4. <strong data-start=\"3760\" data-end=\"3817\">Hem s\u0131v\u0131 hem de kat\u0131 Sodyum Silikat sa\u011fl\u0131yor musunuz?<\/strong><\/h3>\n<p class=\"\" data-start=\"3820\" data-end=\"3919\">Evet. \u0130kisini de sunuyoruz <strong data-start=\"3839\" data-end=\"3860\">sulu \u00e7\u00f6zeltiler<\/strong> ve <strong data-start=\"3865\" data-end=\"3896\">kat\u0131 toz\/gran\u00fcler formlar<\/strong> m\u00fc\u015fteri ihtiya\u00e7lar\u0131na g\u00f6re.<\/p>\n<hr class=\"\" data-start=\"3921\" data-end=\"3924\" \/>\n<h2 class=\"\" data-start=\"3926\" data-end=\"3972\">\ud83d\udcda <strong data-start=\"3932\" data-end=\"3972\">Referans i\u00e7in G\u00fcvenilir Kaynaklar<\/strong><\/h2>\n<ul data-start=\"3974\" data-end=\"4257\">\n<li class=\"\" data-start=\"3974\" data-end=\"4069\">\n<p class=\"\" data-start=\"3976\" data-end=\"4069\"><a class=\"\" href=\"https:\/\/www.sciencedirect.com\" target=\"_new\" rel=\"noopener\" data-start=\"3976\" data-end=\"4067\">ScienceDirect - Sodyum Silikat\u0131n End\u00fcstriyel Uygulamalar\u0131<\/a><\/p>\n<\/li>\n<li class=\"\" data-start=\"4070\" data-end=\"4177\">\n<p class=\"\" data-start=\"4072\" data-end=\"4177\"><a class=\"\" href=\"https:\/\/pubchem.ncbi.nlm.nih.gov\/compound\/Sodium-silicate\" target=\"_new\" rel=\"noopener\" data-start=\"4072\" data-end=\"4175\">PubChem - Sodyum Silikat Bile\u015fik \u00d6zeti<\/a><\/p>\n<\/li>\n<li class=\"\" data-start=\"4178\" data-end=\"4257\">\n<p class=\"\" data-start=\"4180\" data-end=\"4257\"><a class=\"\" href=\"https:\/\/www.epa.gov\" target=\"_new\" rel=\"noopener\" data-start=\"4180\" data-end=\"4255\">EPA - Su Ar\u0131t\u0131m\u0131nda Sodyum Silikat\u0131n G\u00fcvenli Kullan\u0131m\u0131<\/a><\/p>\n<\/li>\n<\/ul>","protected":false},"excerpt":{"rendered":"<p><strong data-start=\"201\" data-end=\"220\">Toptan Sodyum Silikat Sat\u0131n Al\u0131n<\/strong>, olarak da bilinir. <strong data-start=\"236\" data-end=\"251\">su barda\u011f\u0131<\/strong>, genelinde kullan\u0131lan \u00e7ok y\u00f6nl\u00fc bir inorganik bile\u015fiktir. <strong data-start=\"299\" data-end=\"371\">deterjan \u00fcretimi, su ar\u0131tma, seramik, ka\u011f\u0131t i\u015fleme<\/strong>, ve <strong data-start=\"377\" data-end=\"400\">yap\u0131\u015ft\u0131r\u0131c\u0131 \u00fcretimi<\/strong>. Cavin Kaynak Malzemeleri <strong data-start=\"426\" data-end=\"462\">end\u00fcstriyel s\u0131n\u0131f Sodyum Silikat<\/strong> s\u0131v\u0131 veya kat\u0131 formlarda, k\u00fcresel nakliye ve uygunluk deste\u011fi ile d\u00f6kme olarak mevcuttur. ton ba\u015f\u0131na sodyum silikat fiyat\u0131<\/p>","protected":false},"featured_media":658,"comment_status":"open","ping_status":"closed","template":"","meta":{"_et_pb_use_builder":"","_et_pb_old_content":"","_et_gb_content_width":""},"product_brand":[],"product_cat":[784],"product_tag":[628,374,626,625,624,622,621,1227,1226,623,627],"class_list":{"0":"post-684","1":"product","2":"type-product","3":"status-publish","4":"has-post-thumbnail","6":"product_cat-bulk-industrial-chemicals-supplier","7":"product_tag-adhesive-bonding","8":"product_tag-cavin-resource","9":"product_tag-ceramic-binder","10":"product_tag-detergent-chemicals","11":"product_tag-industrial-sodium-silicate","12":"product_tag-liquid-glass","13":"product_tag-sodium-silicate","14":"product_tag-sodium-silicate-price-per-ton","15":"product_tag-sodium-silicate-suppliers","16":"product_tag-water-glass","17":"product_tag-water-treatment-additives","19":"first","20":"instock","21":"sale","22":"shipping-taxable","23":"purchasable","24":"product-type-simple"},"_links":{"self":[{"href":"https:\/\/cavinresource.com\/tr\/wp-json\/wp\/v2\/product\/684","targetHints":{"allow":["GET"]}}],"collection":[{"href":"https:\/\/cavinresource.com\/tr\/wp-json\/wp\/v2\/product"}],"about":[{"href":"https:\/\/cavinresource.com\/tr\/wp-json\/wp\/v2\/types\/product"}],"replies":[{"embeddable":true,"href":"https:\/\/cavinresource.com\/tr\/wp-json\/wp\/v2\/comments?post=684"}],"wp:featuredmedia":[{"embeddable":true,"href":"https:\/\/cavinresource.com\/tr\/wp-json\/wp\/v2\/media\/658"}],"wp:attachment":[{"href":"https:\/\/cavinresource.com\/tr\/wp-json\/wp\/v2\/media?parent=684"}],"wp:term":[{"taxonomy":"product_brand","embeddable":true,"href":"https:\/\/cavinresource.com\/tr\/wp-json\/wp\/v2\/product_brand?post=684"},{"taxonomy":"product_cat","embeddable":true,"href":"https:\/\/cavinresource.com\/tr\/wp-json\/wp\/v2\/product_cat?post=684"},{"taxonomy":"product_tag","embeddable":true,"href":"https:\/\/cavinresource.com\/tr\/wp-json\/wp\/v2\/product_tag?post=684"}],"curies":[{"name":"wp","href":"https:\/\/api.w.org\/{rel}","templated":true}]}}