{"id":647,"date":"2025-04-18T20:26:16","date_gmt":"2025-04-18T20:26:16","guid":{"rendered":"https:\/\/cavinresource.com\/?post_type=product&#038;p=647"},"modified":"2026-03-03T03:44:16","modified_gmt":"2026-03-03T03:44:16","slug":"ton-basina-metil-metakrilat-fiyati","status":"publish","type":"product","link":"https:\/\/cavinresource.com\/tr\/product\/methyl-methacrylate-price-per-ton\/","title":{"rendered":"Metil Metakrilat (MMA) - Y\u00fcksek Safl\u0131kta Monomer"},"content":{"rendered":"<h2 data-path-to-node=\"0\"><b data-path-to-node=\"0\" data-index-in-node=\"0\">Premium Metil Metakrilat (MMA) D\u00f6kme Tedariki: 2026 Toptan Sat\u0131\u015f \u00c7\u00f6z\u00fcmleri ve K\u00fcresel Pazar Analizi<\/b><\/h2>\n<p data-path-to-node=\"1\"><span class=\"citation-376\">2026'n\u0131n geli\u015fmi\u015f end\u00fcstriyel ortam\u0131nda, <\/span><b data-path-to-node=\"1\" data-index-in-node=\"46\"><span class=\"citation-376\">Metil Metakrilat (MMA) - Y\u00fcksek Safl\u0131kta Monomer<\/span><\/b><span class=\"citation-376 citation-end-376\"> y\u00fcksek performansl\u0131 plastikler ve kaplamalar i\u00e7in kritik bir yap\u0131 ta\u015f\u0131 olmaya devam etmektedir.<\/span> <b data-path-to-node=\"1\" data-index-in-node=\"172\">Cavin Kaynak<\/b> Sarawak, Malezya'daki stratejik lojistik merkezimizden bu temel kimyasal i\u00e7in sa\u011flam bir tedarik zinciri sa\u011flayan \u00f6nde gelen bir k\u00fcresel distrib\u00fct\u00f6rd\u00fcr. 2026'n\u0131n ikinci \u00e7eyre\u011fine girerken k\u00fcresel MMA pazar\u0131, Amerika Birle\u015fik Devletleri'ndeki yeni \u00fcretim kapasitelerinin hafif elektrikli ara\u00e7 (EV) bile\u015fenleri ve optik s\u0131n\u0131f\u0131 elektroniklere y\u00f6nelik artan talebi dengelemesiyle karma\u015f\u0131k bir de\u011fi\u015fim ge\u00e7iriyor.<\/p>\n<div class=\"source-inline-chip-container ng-star-inserted\"><\/div>\n<p data-path-to-node=\"2\">Tesisiniz ister PMMA (akrilik) levha \u00fcretimi i\u00e7in y\u00fcksek safl\u0131kta monomer ister altyap\u0131 onar\u0131m\u0131 i\u00e7in \u00f6zel re\u00e7ineler gerektirsin, Cavin Resource operasyonlar\u0131n\u0131z\u0131 s\u00fcrd\u00fcrmek i\u00e7in teknik uzmanl\u0131k ve lojistik \u00f6l\u00e7ek sunar <b data-path-to-node=\"2\" data-index-in-node=\"227\">durdurulamaz<\/b>.<\/p>\n<hr data-path-to-node=\"3\" \/>\n<h3 data-path-to-node=\"4\"><b data-path-to-node=\"4\" data-index-in-node=\"0\">2026 Pazar \u00d6ng\u00f6r\u00fcleri: Ton Ba\u015f\u0131na Metil Metakrilat Fiyat\u0131n\u0131n Takibi<\/b><\/h3>\n<p data-path-to-node=\"5\">Mevcut durumu anlamak <b data-path-to-node=\"5\" data-index-in-node=\"26\">ton ba\u015f\u0131na metil metakrilat fiyat\u0131<\/b> tedarik verimlili\u011finin s\u00fcrd\u00fcr\u00fclmesi i\u00e7in \u00e7ok \u00f6nemlidir. Mart 2026 itibariyle, k\u00fcresel piyasalarda b\u00f6lgesel fiyat farkl\u0131l\u0131klar\u0131 ya\u015fanmaktad\u0131r:<\/p>\n<ul data-path-to-node=\"6\">\n<li>\n<p data-path-to-node=\"6,0,0\"><b data-path-to-node=\"6,0,0\" data-index-in-node=\"0\"><span class=\"citation-375\">G\u00fcneydo\u011fu Asya ve APAC:<\/span><\/b><span class=\"citation-375\"> \u015eu anki <\/span><b data-path-to-node=\"6,0,0\" data-index-in-node=\"35\"><span class=\"citation-375\">ton ba\u015f\u0131na metil metakrilat fiyat\u0131<\/span><\/b><span class=\"citation-375\"> G\u00fcneydo\u011fu Asya'daki CFR oranlar\u0131n\u0131n <\/span><b data-path-to-node=\"6,0,0\" data-index-in-node=\"148\"><span class=\"citation-375\">$1,330\/MT<\/span><\/b><span class=\"citation-375 citation-end-375\">.<\/span><\/p>\n<div class=\"source-inline-chip-container ng-star-inserted\"><\/div>\n<\/li>\n<li>\n<p data-path-to-node=\"6,1,0\"><b data-path-to-node=\"6,1,0\" data-index-in-node=\"0\">\u00c7in Pazar E\u011filimleri:<\/b> Bu <b data-path-to-node=\"6,1,0\" data-index-in-node=\"25\">mma monomer fiyat\u0131 \u00e7in fiyat\u0131<\/b> k\u00fcresel \u00f6l\u00e7\u00fctleri belirlemeye devam etmektedir. <span class=\"citation-374\">Jiangsu ve Shandong gibi b\u00f6lgelerdeki yurti\u00e7i fiyatlar yakla\u015f\u0131k <\/span><b data-path-to-node=\"6,1,0\" data-index-in-node=\"167\"><span class=\"citation-374\">9.500 ila 9.800 Yuan\/mt<\/span><\/b><span class=\"citation-374 citation-end-374\"> (yakla\u015f\u0131k.<\/span> $1.320-$1.360\/MT), R\u00f6hm gibi b\u00fcy\u00fck \u00fcreticilerin son zam a\u00e7\u0131klamalar\u0131na ra\u011fmen iyi tedarik edilen bir piyasay\u0131 yans\u0131t\u0131yor.<\/p>\n<div class=\"source-inline-chip-container ng-star-inserted\"><\/div>\n<\/li>\n<li>\n<p data-path-to-node=\"6,2,0\"><b data-path-to-node=\"6,2,0\" data-index-in-node=\"0\">K\u00fcresel E\u011filimler:<\/b> Kuzey Amerika ve Avrupa'da, yeni etilen bazl\u0131 tesislerden gelen arz\u0131n artmas\u0131 nedeniyle fiyatlar biraz yumu\u015fad\u0131 ve spot fiyatlar \u015fu anda <b data-path-to-node=\"6,2,0\" data-index-in-node=\"173\">$1,500 ve $1,600\/MT<\/b>.<\/p>\n<\/li>\n<\/ul>\n<p data-path-to-node=\"7\">At <b data-path-to-node=\"7\" data-index-in-node=\"3\">Cavin Kaynak<\/b>, we leverage our direct relationships with world-class refineries to provide a &#8220;Value-Engineered&#8221; <b data-path-to-node=\"7\" data-index-in-node=\"116\">ton ba\u015f\u0131na metil metakrilat fiyat\u0131<\/b> Bu sekt\u00f6rde s\u0131kl\u0131kla g\u00f6r\u00fclen 20% \u00e7eyreklik dalgalanmaya kar\u015f\u0131 koruma sa\u011flar.<\/p>\n<hr data-path-to-node=\"8\" \/>\n<h3 data-path-to-node=\"9\"><b data-path-to-node=\"9\" data-index-in-node=\"0\">2026'da Monomerlerin Rol\u00fc: MMA ve Butil Akrilat<\/b><\/h3>\n<p data-path-to-node=\"10\">End\u00fcstriyel sat\u0131n alma g\u00f6revlileri s\u0131k s\u0131k <b data-path-to-node=\"10\" data-index-in-node=\"51\">b\u00fcti\u0307l akri\u0307lat fi\u0307yatlari<\/b> MMA ile birlikte, bu monomerler esnek mimari kaplamalar ve y\u00fcksek performansl\u0131 yap\u0131\u015ft\u0131r\u0131c\u0131lar olu\u015fturmak i\u00e7in genellikle birlikte polimerize edilir. 2026 y\u0131l\u0131nda <b data-path-to-node=\"10\" data-index-in-node=\"218\">b\u00fcti\u0307l akri\u0307lat fi\u0307yati<\/b> endeksinde hafif bir d\u00fczeltme g\u00f6r\u00fcld\u00fc, \u015fu anda ortalama <b data-path-to-node=\"10\" data-index-in-node=\"295\">$1,060\/MT<\/b> Kuzey Amerika'da ise BASF gibi b\u00fcy\u00fck \u00fcreticiler Nisan 2026'dan itibaren ge\u00e7erli olmak \u00fczere m\u00fctevaz\u0131 fiyat art\u0131\u015flar\u0131 a\u00e7\u0131klad\u0131.<\/p>\n<p data-path-to-node=\"11\">\u00d6nde gelen \u015firketlerden biri olarak <b data-path-to-node=\"11\" data-index-in-node=\"22\">toptan metil metakrilat tedarik\u00e7ileri<\/b>, Cavin Resource provides a comprehensive &#8220;One-Stop&#8221; solution for acrylic monomers. We ensure that your supply of MMA remains compatible with your acrylate feedstocks, providing the chemical consistency required for high-solid, low-VOC formulations that meet the strict 2026 environmental standards. wholesale methyl methacrylate suppliers<\/p>\n<hr data-path-to-node=\"12\" \/>\n<h3 data-path-to-node=\"13\"><b data-path-to-node=\"13\" data-index-in-node=\"0\">Stratejik Kaynak Kullan\u0131m\u0131: Neden Cavin Resource'u Se\u00e7melisiniz?<\/b><\/h3>\n<p data-path-to-node=\"14\">Nereden g\u00fcvenilir bulaca\u011f\u0131n\u0131 soran i\u015fletmeler i\u00e7in <b data-path-to-node=\"14\" data-index-in-node=\"45\">toptan metil metakrilat tedarik\u00e7ileri<\/b> Belirsiz bir ticaret ortam\u0131nda, Malezya merkezli operasyonumuz stratejik bir avantaj sunuyor. Biz sa\u011fl\u0131yoruz:<\/p>\n<ul data-path-to-node=\"15\">\n<li>\n<p data-path-to-node=\"15,0,0\"><b data-path-to-node=\"15,0,0\" data-index-in-node=\"0\">Do\u011frulanm\u0131\u015f Y\u00fcksek Safl\u0131k:<\/b> Her parti <b data-path-to-node=\"15,0,0\" data-index-in-node=\"37\">Metil Metakrilat (MMA) - Y\u00fcksek Safl\u0131kta Monomer<\/b> LED \u0131\u015f\u0131k k\u0131lavuzlar\u0131nda ve ekran panellerinde optik netlik i\u00e7in gerekli olan 99,9% safl\u0131kta garanti edilir.<\/p>\n<\/li>\n<li>\n<p data-path-to-node=\"15,1,0\"><b data-path-to-node=\"15,1,0\" data-index-in-node=\"0\">Esnek End\u00fcstriyel Ambalajlar:\u00a0<\/b><\/p>\n<ul data-path-to-node=\"15,1,1\">\n<li>\n<p data-path-to-node=\"15,1,1,0,0\"><b data-path-to-node=\"15,1,1,0,0\" data-index-in-node=\"0\">200L \u00c7elik Variller:<\/b> \u00d6zel re\u00e7ine \u00fcretimi i\u00e7in idealdir.<\/p>\n<\/li>\n<li>\n<p data-path-to-node=\"15,1,1,1,0\"><b data-path-to-node=\"15,1,1,1,0\" data-index-in-node=\"0\">1.000L IBC Tanklar\u0131:<\/b> Orta \u00f6l\u00e7ekli otomatik hatlar i\u00e7in end\u00fcstri standard\u0131.<\/p>\n<\/li>\n<li>\n<p data-path-to-node=\"15,1,1,2,0\"><b data-path-to-node=\"15,1,1,2,0\" data-index-in-node=\"0\">ISO Tank Konteynerleri:<\/b> B\u00fcy\u00fck \u00f6l\u00e7ekli PMMA \u00fcretimi i\u00e7in en verimli lojistik maliyeti sa\u011flar.<\/p>\n<\/li>\n<\/ul>\n<\/li>\n<li>\n<p data-path-to-node=\"15,2,0\"><b data-path-to-node=\"15,2,0\" data-index-in-node=\"0\">2026 Belgeleri:<\/b> Partiye \u00f6zel dok\u00fcmantasyon dahil kapsaml\u0131 dok\u00fcmantasyon <b data-path-to-node=\"15,2,0\" data-index-in-node=\"73\">Analiz Sertifikalar\u0131 (COA)<\/b> ve t\u00fcm tehlikeli madde ta\u015f\u0131mac\u0131l\u0131\u011f\u0131 i\u00e7in g\u00fcncellenmi\u015f G\u00fcvenlik Bilgi Formlar\u0131 (SDS).<\/p>\n<\/li>\n<\/ul>\n<hr data-path-to-node=\"16\" \/>\n<h3 data-path-to-node=\"17\"><b data-path-to-node=\"17\" data-index-in-node=\"0\">Sonu\u00e7: Cavin Resource ile Akriliklerin Gelece\u011fine G\u00fc\u00e7 Vermek<\/b><\/h3>\n<p data-path-to-node=\"18\">Yeni nesil elektrikli ara\u00e7lar\u0131n hafif camlar\u0131ndan modern mimarinin k\u0131r\u0131lmaz pencerelerine kadar, <b data-path-to-node=\"18\" data-index-in-node=\"104\">Metil Metakrilat<\/b> 2026'daki yenilikleri y\u00f6nlendiren monomerdir. <b data-path-to-node=\"18\" data-index-in-node=\"172\">Cavin Kaynak<\/b> senin <b data-path-to-node=\"18\" data-index-in-node=\"195\">g\u00fcvenilir<\/b> i\u015f orta\u011f\u0131 olarak, i\u015finizin gerektirdi\u011fi \u00f6l\u00e7e\u011fi, kaliteyi ve \u015feffaf fiyatland\u0131rmay\u0131 sunar.<\/p>\n<hr class=\"\" data-start=\"3600\" data-end=\"3603\" \/>\n<h2 class=\"\" data-start=\"3605\" data-end=\"3651\">\ud83d\udcda <strong data-start=\"3611\" data-end=\"3651\">SEO ve Referans i\u00e7in G\u00fcvenilir Kaynaklar<\/strong><\/h2>\n<ul data-start=\"3653\" data-end=\"3978\">\n<li class=\"\" data-start=\"3653\" data-end=\"3751\">\n<p class=\"\" data-start=\"3655\" data-end=\"3751\"><a class=\"\" href=\"https:\/\/pubchem.ncbi.nlm.nih.gov\/compound\/Methyl-methacrylate\" target=\"_new\" rel=\"noopener\" data-start=\"3655\" data-end=\"3749\">PubChem - Metil Metakrilat<\/a><\/p>\n<\/li>\n<li class=\"\" data-start=\"3752\" data-end=\"3809\">\n<p class=\"\" data-start=\"3754\" data-end=\"3809\"><a class=\"\" href=\"https:\/\/www.cdc.gov\/niosh\/\" target=\"_new\" rel=\"noopener\" data-start=\"3754\" data-end=\"3807\">NIOSH - Kimyasal G\u00fcvenlik<\/a><\/p>\n<\/li>\n<li class=\"\" data-start=\"3810\" data-end=\"3899\">\n<p class=\"\" data-start=\"3812\" data-end=\"3899\"><a class=\"\" href=\"https:\/\/www.sciencedirect.com\/\" target=\"_new\" rel=\"noopener\" data-start=\"3812\" data-end=\"3897\">ScienceDirect - Polimer Biliminde MMA Uygulamalar\u0131<\/a><\/p>\n<\/li>\n<li class=\"\" data-start=\"3900\" data-end=\"3978\">\n<p class=\"\" data-start=\"3902\" data-end=\"3978\"><a class=\"\" href=\"https:\/\/echa.europa.eu\/substance-information\" target=\"_new\" rel=\"noopener\" data-start=\"3902\" data-end=\"3978\">ECHA - Madde Bilgileri<\/a><\/p>\n<\/li>\n<\/ul>","protected":false},"excerpt":{"rendered":"<p>D\u00f6kme Metil Metakrilat (MMA) Sat\u0131n Al\u0131n, metalurjide kullan\u0131lan berrak, u\u00e7ucu bir monomerdir. <strong data-start=\"261\" data-end=\"317\">akrilik plastikler, re\u00e7ineler ve kaplamalar\u0131n \u00fcretimi<\/strong>. M\u00fckemmel hava ko\u015fullar\u0131na dayan\u0131kl\u0131l\u0131\u011f\u0131 ve berrakl\u0131\u011f\u0131yla tan\u0131nan MMA, otomotiv, in\u015faat ve tabela end\u00fcstrilerinde kritik bir hammaddedir. Cavin Resource, y\u00fcksek safl\u0131kta MMA'y\u0131 <strong data-start=\"505\" data-end=\"532\">k\u00fcresel olarak d\u00f6kme ambalaj<\/strong>. Metil Metakrilat<\/p>","protected":false},"featured_media":629,"comment_status":"open","ping_status":"closed","template":"","meta":{"_et_pb_use_builder":"","_et_pb_old_content":"","_et_gb_content_width":""},"product_brand":[],"product_cat":[784,797],"product_tag":[557,472,560,1235,555,1236,559,556,558],"class_list":{"0":"post-647","1":"product","2":"type-product","3":"status-publish","4":"has-post-thumbnail","6":"product_cat-bulk-industrial-chemicals-supplier","7":"product_cat-monomers-polymers","8":"product_tag-acrylic-monomer","9":"product_tag-cavin-resource-chemicals","10":"product_tag-high-purity-methyl-methacrylate","11":"product_tag-methyl-methacrylate-cas-number-80-62-6","12":"product_tag-methyl-methacrylate-mma-supplier","13":"product_tag-methyl-methacrylate-price-per-ton","14":"product_tag-mma-for-coatings","15":"product_tag-mma-monomer-bulk","16":"product_tag-pmma-raw-material","18":"first","19":"instock","20":"sale","21":"shipping-taxable","22":"purchasable","23":"product-type-simple"},"_links":{"self":[{"href":"https:\/\/cavinresource.com\/tr\/wp-json\/wp\/v2\/product\/647","targetHints":{"allow":["GET"]}}],"collection":[{"href":"https:\/\/cavinresource.com\/tr\/wp-json\/wp\/v2\/product"}],"about":[{"href":"https:\/\/cavinresource.com\/tr\/wp-json\/wp\/v2\/types\/product"}],"replies":[{"embeddable":true,"href":"https:\/\/cavinresource.com\/tr\/wp-json\/wp\/v2\/comments?post=647"}],"wp:featuredmedia":[{"embeddable":true,"href":"https:\/\/cavinresource.com\/tr\/wp-json\/wp\/v2\/media\/629"}],"wp:attachment":[{"href":"https:\/\/cavinresource.com\/tr\/wp-json\/wp\/v2\/media?parent=647"}],"wp:term":[{"taxonomy":"product_brand","embeddable":true,"href":"https:\/\/cavinresource.com\/tr\/wp-json\/wp\/v2\/product_brand?post=647"},{"taxonomy":"product_cat","embeddable":true,"href":"https:\/\/cavinresource.com\/tr\/wp-json\/wp\/v2\/product_cat?post=647"},{"taxonomy":"product_tag","embeddable":true,"href":"https:\/\/cavinresource.com\/tr\/wp-json\/wp\/v2\/product_tag?post=647"}],"curies":[{"name":"wp","href":"https:\/\/api.w.org\/{rel}","templated":true}]}}