{"id":564,"date":"2025-04-15T11:36:49","date_gmt":"2025-04-15T11:36:49","guid":{"rendered":"https:\/\/cavinresource.com\/?post_type=product&#038;p=564"},"modified":"2026-03-03T14:30:50","modified_gmt":"2026-03-03T14:30:50","slug":"toptan-dusuk-aromatik-beyaz-ispirto","status":"publish","type":"product","link":"https:\/\/cavinresource.com\/tr\/product\/wholesale-low-aromatic-white-spirit\/","title":{"rendered":"D\u00fc\u015f\u00fck Aromatik Beyaz Ruh (LAWS) - Y\u00fcksek Alevli End\u00fcstriyel Solvent"},"content":{"rendered":"<p class=\"\" data-start=\"692\" data-end=\"1051\"><strong data-start=\"692\" data-end=\"728\">D\u00fc\u015f\u00fck Aromatik Beyaz Ruh (LAWS)<\/strong> i\u00e7erecek \u015fekilde rafine edilmi\u015f \u015feffaf, renksiz bir alifatik hidrokarbon \u00e7\u00f6z\u00fcc\u00fcd\u00fcr. <strong data-start=\"806\" data-end=\"834\">0,1%'den az aromatikler<\/strong>, Bu da onu standart beyaz ispirtoya g\u00f6re daha g\u00fcvenli ve d\u00fc\u015f\u00fck kokulu bir alternatif haline getirir. ile <strong data-start=\"909\" data-end=\"937\">y\u00fcksek parlama noktas\u0131 (\u226562\u00b0C)<\/strong>, LAWS, a\u015fa\u011f\u0131daki alanlarda kullan\u0131m i\u00e7in idealdir <strong data-start=\"964\" data-end=\"1050\">boyalar, vernikler, temizlik sol\u00fcsyonlar\u0131, m\u00fcrekkep form\u00fclasyonlar\u0131, ya\u011f \u00e7\u00f6z\u00fcc\u00fcler ve yap\u0131\u015ft\u0131r\u0131c\u0131lar<\/strong>.<\/p>\n<p class=\"\" data-start=\"1053\" data-end=\"1377\"><a href=\"https:\/\/cavinresource.com\/tr\/\">Cavin Kaynak<\/a> teklifler <strong data-start=\"1075\" data-end=\"1100\">end\u00fcstri\u0307yel sinif kanunlar<\/strong> ile <strong data-start=\"1106\" data-end=\"1152\">s\u00fcrekli olarak d\u00fc\u015f\u00fck toksisite ve minimum koku<\/strong>, Bu da onu hem end\u00fcstriyel hem de t\u00fcketiciler i\u00e7in g\u00fcvenli \u00fcr\u00fcnlerde kullan\u0131ma uygun hale getirir. Biz sa\u011fl\u0131yoruz <strong data-start=\"1238\" data-end=\"1298\">\u00e7evre ve g\u00fcvenlik y\u00f6netmeliklerine s\u0131k\u0131 s\u0131k\u0131ya ba\u011fl\u0131l\u0131k<\/strong> eksiksiz dok\u00fcmantasyon, toplu ihracata haz\u0131r paketleme ve \u00f6zel etiketleme ile. d\u00fc\u015f\u00fck aromatik beyaz ispirto ton ba\u015f\u0131na fiyat<\/p>\n<hr class=\"\" data-start=\"1379\" data-end=\"1382\" \/>\n<h2 class=\"\" data-start=\"1384\" data-end=\"1411\">\u2699\ufe0f <strong data-start=\"1390\" data-end=\"1411\">\u00dcretim Y\u00f6ntemi<\/strong><\/h2>\n<h3 class=\"\" data-start=\"1413\" data-end=\"1466\"><strong data-start=\"1417\" data-end=\"1466\">Fraksiyonel Distilasyon ve Aromatiklerin Azalt\u0131lmas\u0131<\/strong><\/h3>\n<ol data-start=\"1467\" data-end=\"1667\">\n<li class=\"\" data-start=\"1467\" data-end=\"1521\">\n<p class=\"\" data-start=\"1470\" data-end=\"1521\">Ham petrol atmosferik dam\u0131tma i\u015flemine tabi tutulur.<\/p>\n<\/li>\n<li class=\"\" data-start=\"1522\" data-end=\"1577\">\n<p class=\"\" data-start=\"1525\" data-end=\"1577\">Orta kaynama fraksiyonlar\u0131 izole edilir ve hidro-i\u015flemden ge\u00e7irilir.<\/p>\n<\/li>\n<li class=\"\" data-start=\"1578\" data-end=\"1667\">\n<p class=\"\" data-start=\"1581\" data-end=\"1667\">Aromatikler katalitik hidrojenasyon yoluyla indirgenerek <strong data-start=\"1641\" data-end=\"1666\">d\u00fc\u015f\u00fck kokulu beyaz ispirto<\/strong>.<\/p>\n<\/li>\n<\/ol>\n<p class=\"\" data-start=\"1669\" data-end=\"1764\">Bu da bir <strong data-start=\"1687\" data-end=\"1728\">rafine, stabil, d\u00fc\u015f\u00fck aromatik \u00e7\u00f6z\u00fcc\u00fc<\/strong> hassas end\u00fcstriyel kullan\u0131m i\u00e7in idealdir. d\u00fc\u015f\u00fck aromatik beyaz ispirto (yasalar) d\u00f6kme D\u00fc\u015f\u00fck Aromatik Beyaz \u0130spirto msds<\/p>\n<hr class=\"\" data-start=\"2987\" data-end=\"2990\" \/>\n<h2 class=\"\" data-start=\"2992\" data-end=\"3019\">\ud83e\uddea <strong data-start=\"2998\" data-end=\"3019\">Paketleme Se\u00e7enekleri<\/strong><\/h2>\n<ul data-start=\"3021\" data-end=\"3128\">\n<li class=\"\" data-start=\"3021\" data-end=\"3042\">\n<p class=\"\" data-start=\"3023\" data-end=\"3042\">165 kg \u00e7elik variller<\/p>\n<\/li>\n<li class=\"\" data-start=\"3043\" data-end=\"3062\">\n<p class=\"\" data-start=\"3045\" data-end=\"3062\">1000L IBC tanklar\u0131<\/p>\n<\/li>\n<li class=\"\" data-start=\"3063\" data-end=\"3100\">\n<p class=\"\" data-start=\"3065\" data-end=\"3100\">ISO tank konteynerler (toplu sipari\u015fler)<\/p>\n<\/li>\n<li class=\"\" data-start=\"3101\" data-end=\"3128\">\n<p class=\"\" data-start=\"3103\" data-end=\"3128\">\u00d6zel etiketleme mevcuttur<\/p>\n<\/li>\n<\/ul>\n<hr class=\"\" data-start=\"3344\" data-end=\"3347\" \/>\n<h2 class=\"\" data-start=\"3349\" data-end=\"3380\">\ud83c\udfed <strong data-start=\"3355\" data-end=\"3380\">Sekt\u00f6re G\u00f6re Kullan\u0131m \u00d6rnekleri<\/strong><\/h2>\n<h3 class=\"\" data-start=\"3382\" data-end=\"3410\">\ud83c\udfa8 <strong data-start=\"3389\" data-end=\"3410\">Boyalar ve Kaplamalar<\/strong><\/h3>\n<ul data-start=\"3411\" data-end=\"3470\">\n<li class=\"\" data-start=\"3411\" data-end=\"3470\">\n<p class=\"\" data-start=\"3413\" data-end=\"3470\">Ya\u011f bazl\u0131 boyalar ve alkid re\u00e7ineler i\u00e7in \u00e7\u00f6z\u00fcc\u00fc ve tiner<\/p>\n<\/li>\n<\/ul>\n<h3 class=\"\" data-start=\"3472\" data-end=\"3504\">\ud83e\uddfd <strong data-start=\"3479\" data-end=\"3504\">Temizlik ve Ya\u011f Alma<\/strong><\/h3>\n<ul data-start=\"3505\" data-end=\"3569\">\n<li class=\"\" data-start=\"3505\" data-end=\"3569\">\n<p class=\"\" data-start=\"3507\" data-end=\"3569\">End\u00fcstriyel ya\u011f giderme, makine par\u00e7as\u0131 temizleme ve y\u00fczey haz\u0131rlama<\/p>\n<\/li>\n<\/ul>\n<h3 class=\"\" data-start=\"3571\" data-end=\"3602\">\ud83e\uddea <strong data-start=\"3578\" data-end=\"3602\">Yap\u0131\u015ft\u0131r\u0131c\u0131lar ve Mastikler<\/strong><\/h3>\n<ul data-start=\"3603\" data-end=\"3644\">\n<li class=\"\" data-start=\"3603\" data-end=\"3644\">\n<p class=\"\" data-start=\"3605\" data-end=\"3644\">Ta\u015f\u0131y\u0131c\u0131 ve viskozite d\u00fc\u015f\u00fcr\u00fcc\u00fc olarak kullan\u0131l\u0131r<\/p>\n<\/li>\n<\/ul>\n<h3 class=\"\" data-start=\"3646\" data-end=\"3671\">\ud83d\udd8b\ufe0f <strong data-start=\"3654\" data-end=\"3671\">Bask\u0131 M\u00fcrekkepleri<\/strong><\/h3>\n<ul data-start=\"3672\" data-end=\"3729\">\n<li class=\"\" data-start=\"3672\" data-end=\"3729\">\n<p class=\"\" data-start=\"3674\" data-end=\"3729\">M\u00fcrekkep form\u00fclasyonlar\u0131nda ve kurutucu maddelerde \u00e7\u00f6z\u00fcc\u00fc olarak g\u00f6rev yapar<\/p>\n<\/li>\n<\/ul>\n<h3 class=\"\" data-start=\"3731\" data-end=\"3760\">\ud83e\uddfc <strong data-start=\"3738\" data-end=\"3760\">Ev \u00dcr\u00fcnleri<\/strong><\/h3>\n<ul data-start=\"3761\" data-end=\"3832\">\n<li class=\"\" data-start=\"3761\" data-end=\"3832\">\n<p class=\"\" data-start=\"3763\" data-end=\"3832\">Balmumu \u00e7\u0131kar\u0131c\u0131larda, cilalarda ve temizleme spreylerinde (seyreltilmi\u015f halde) kullan\u0131l\u0131r<\/p>\n<\/li>\n<\/ul>\n<hr class=\"\" data-start=\"3834\" data-end=\"3837\" \/>\n<h2 class=\"\" data-start=\"3839\" data-end=\"3885\">\u2705 <strong data-start=\"3844\" data-end=\"3885\">D\u00fc\u015f\u00fck Aromatik Beyaz \u0130spirtonun Faydalar\u0131<\/strong><\/h2>\n<ul data-start=\"3887\" data-end=\"4283\">\n<li class=\"\" data-start=\"3887\" data-end=\"3970\">\n<p class=\"\" data-start=\"3889\" data-end=\"3970\">\ud83c\udf2c\ufe0f <strong data-start=\"3893\" data-end=\"3922\">D\u00fc\u015f\u00fck Koku ve Daha G\u00fcvenli Kullan\u0131m<\/strong> - Operat\u00f6rler ve son kullan\u0131c\u0131lar i\u00e7in daha az rahats\u0131z edici<\/p>\n<\/li>\n<li class=\"\" data-start=\"3971\" data-end=\"4050\">\n<p class=\"\" data-start=\"3973\" data-end=\"4050\">\ud83d\udd25 <strong data-start=\"3976\" data-end=\"4004\">Y\u00fcksek Parlama Noktas\u0131 (\u226562\u00b0C)<\/strong> - Depolama ve nakliye i\u00e7in geli\u015ftirilmi\u015f g\u00fcvenlik<\/p>\n<\/li>\n<li class=\"\" data-start=\"4051\" data-end=\"4118\">\n<p class=\"\" data-start=\"4053\" data-end=\"4118\">\u267b\ufe0f <strong data-start=\"4056\" data-end=\"4072\">\u00c7evre Dostu<\/strong> - Azalt\u0131lm\u0131\u015f u\u00e7ucu organik bile\u015fikler (VOC'ler)<\/p>\n<\/li>\n<li class=\"\" data-start=\"4119\" data-end=\"4202\">\n<p class=\"\" data-start=\"4121\" data-end=\"4202\">\ud83d\udd2c <strong data-start=\"4124\" data-end=\"4149\">Kararl\u0131 Solvent Sistemi<\/strong> - Uzun raf \u00f6mr\u00fc ve tutarl\u0131 buharla\u015fma oranlar\u0131<\/p>\n<\/li>\n<li class=\"\" data-start=\"4203\" data-end=\"4283\">\n<p class=\"\" data-start=\"4205\" data-end=\"4283\">\ud83c\udf0d <strong data-start=\"4208\" data-end=\"4228\">\u0130hracata Haz\u0131r<\/strong> - K\u00fcresel g\u00fcvenlik ve g\u00fcmr\u00fck d\u00fczenlemeleriyle uyumlu<\/p>\n<\/li>\n<\/ul>\n<hr class=\"\" data-start=\"4285\" data-end=\"4288\" \/>\n<h2 class=\"\" data-start=\"4290\" data-end=\"4329\">\ud83d\udcda <strong data-start=\"4296\" data-end=\"4329\">G\u00fcvenilir Referanslar ve Kaynaklar<\/strong><\/h2>\n<ul data-start=\"4331\" data-end=\"4636\">\n<li class=\"\" data-start=\"4331\" data-end=\"4418\">\n<p class=\"\" data-start=\"4333\" data-end=\"4418\">\ud83d\udd17 <a class=\"\" href=\"https:\/\/pubchem.ncbi.nlm.nih.gov\/compound\/White-Spirit\" target=\"_new\" rel=\"noopener\" data-start=\"4336\" data-end=\"4416\">PubChem - Beyaz Ruh<\/a><\/p>\n<\/li>\n<li class=\"\" data-start=\"4419\" data-end=\"4490\">\n<p class=\"\" data-start=\"4421\" data-end=\"4490\">\ud83d\udd17 <a class=\"\" href=\"https:\/\/www.esig.org\/\" target=\"_new\" rel=\"noopener\" data-start=\"4424\" data-end=\"4488\">Avrupa Solvent End\u00fcstrisi Grubu (ESIG)<\/a><\/p>\n<\/li>\n<li class=\"\" data-start=\"4491\" data-end=\"4572\">\n<p class=\"\" data-start=\"4493\" data-end=\"4572\">\ud83d\udd17 <a class=\"\" href=\"https:\/\/echa.europa.eu\/\" target=\"_new\" rel=\"noopener\" data-start=\"4496\" data-end=\"4570\">Avrupa Kimyasallar Ajans\u0131 - LAWS Madde Bilgisi<\/a><\/p>\n<\/li>\n<li class=\"\" data-start=\"4573\" data-end=\"4636\">\n<p class=\"\" data-start=\"4575\" data-end=\"4636\">\ud83d\udd17 <a class=\"\" href=\"https:\/\/www.cdc.gov\/niosh\/\" target=\"_new\" rel=\"noopener\" data-start=\"4578\" data-end=\"4636\">NIOSH - Hidrokarbon \u00c7\u00f6z\u00fcc\u00fcler<\/a><\/p>\n<\/li>\n<\/ul>\n<hr class=\"\" data-start=\"4638\" data-end=\"4641\" \/>\n<h2 class=\"\" data-start=\"4643\" data-end=\"4685\">\u2753 <strong data-start=\"4648\" data-end=\"4685\">S\u0131k\u00e7a Sorulan Sorular (SSS)<\/strong><\/h2>\n<hr class=\"\" data-start=\"4687\" data-end=\"4690\" \/>\n<h3 class=\"\" data-start=\"4692\" data-end=\"4774\"><strong data-start=\"4696\" data-end=\"4772\">1. D\u00fc\u015f\u00fck Aromatik Beyaz \u0130spirto'yu normal beyaz ispirtoya g\u00f6re daha g\u00fcvenli yapan nedir?<\/strong><\/h3>\n<p class=\"\" data-start=\"4775\" data-end=\"4931\"><strong data-start=\"4775\" data-end=\"4786\">Cevap ver:<\/strong><br data-start=\"4786\" data-end=\"4789\" \/>KANUNLAR \u015funlar\u0131 i\u00e7erir <strong data-start=\"4803\" data-end=\"4831\">0,1%'den az aromatikler<\/strong>, Standart beyaz ispirtoya k\u0131yasla soluma riskini, cilt tahri\u015fini ve genel toksisiteyi azalt\u0131r.<\/p>\n<hr class=\"\" data-start=\"4933\" data-end=\"4936\" \/>\n<h3 class=\"\" data-start=\"4938\" data-end=\"4988\"><strong data-start=\"4942\" data-end=\"4986\">2. LAWS'\u0131 su bazl\u0131 boyalarda kullanabilir miyim?<\/strong><\/h3>\n<p class=\"\" data-start=\"4989\" data-end=\"5117\"><strong data-start=\"4989\" data-end=\"5000\">Cevap ver:<\/strong><br data-start=\"5000\" data-end=\"5003\" \/>Hay\u0131r. LAWS a\u015fa\u011f\u0131dakiler i\u00e7in tasarlanm\u0131\u015ft\u0131r <strong data-start=\"5028\" data-end=\"5067\">ya\u011f bazl\u0131 ve solvent bazl\u0131 sistemler<\/strong>. It&#8217;s incompatible with water-based formulations.<\/p>\n<hr class=\"\" data-start=\"5119\" data-end=\"5122\" \/>\n<h3 class=\"\" data-start=\"5124\" data-end=\"5192\"><strong data-start=\"5128\" data-end=\"5190\">3. Uluslararas\u0131 nakliye i\u00e7in belge sa\u011fl\u0131yor musunuz?<\/strong><\/h3>\n<p class=\"\" data-start=\"5193\" data-end=\"5311\"><strong data-start=\"5193\" data-end=\"5204\">Cevap ver:<\/strong><br data-start=\"5204\" data-end=\"5207\" \/>Evet, her g\u00f6nderi \u015funlar\u0131 i\u00e7erir <strong data-start=\"5235\" data-end=\"5310\">COA, MSDS, SGS denetimi, paketleme listesi ve BM ta\u015f\u0131ma belgeleri<\/strong>.<\/p>\n<hr class=\"\" data-start=\"5313\" data-end=\"5316\" \/>\n<h3 class=\"\" data-start=\"5318\" data-end=\"5349\"><strong data-start=\"5322\" data-end=\"5347\">4. LAWS yan\u0131c\u0131 m\u0131?<\/strong><\/h3>\n<p class=\"\" data-start=\"5350\" data-end=\"5504\"><strong data-start=\"5350\" data-end=\"5361\">Cevap ver:<\/strong><br data-start=\"5361\" data-end=\"5364\" \/>Evet, ama bir <strong data-start=\"5380\" data-end=\"5409\">\u226562\u00b0C'lik y\u00fcksek parlama noktas\u0131<\/strong>, bu <strong data-start=\"5417\" data-end=\"5435\">daha az yan\u0131c\u0131<\/strong> Normal beyaz ispirtoya k\u0131yasla ta\u015f\u0131ma ve i\u015fyeri g\u00fcvenli\u011fini art\u0131r\u0131r.<\/p>\n<hr class=\"\" data-start=\"5506\" data-end=\"5509\" \/>\n<h3 class=\"\" data-start=\"5511\" data-end=\"5561\"><strong data-start=\"5515\" data-end=\"5559\">5. Test i\u00e7in bir numune sa\u011flayabilir misiniz?<\/strong><\/h3>\n<p class=\"\" data-start=\"5562\" data-end=\"5684\"><strong data-start=\"5562\" data-end=\"5573\">Cevap ver:<\/strong><br data-start=\"5573\" data-end=\"5576\" \/>Evet, <strong data-start=\"5581\" data-end=\"5597\">\u00fccretsi\u0307z numuneler<\/strong> (1L veya 500mL) performans de\u011ferlendirmesi i\u00e7in do\u011frulanm\u0131\u015f end\u00fcstriyel al\u0131c\u0131lara g\u00f6nderilebilir.<\/p>","protected":false},"excerpt":{"rendered":"<p>Premium <strong data-start=\"429\" data-end=\"465\">D\u00fc\u015f\u00fck Aromatik Beyaz Ruh (LAWS)<\/strong> Cavin Resource taraf\u0131ndan boyalarda, kaplamalarda, temizlik maddelerinde ve yap\u0131\u015ft\u0131r\u0131c\u0131larda kullan\u0131lmak \u00fczere tedarik edilir. D\u00fc\u015f\u00fck kokulu, y\u00fcksek parlama noktal\u0131 ve uluslararas\u0131 end\u00fcstriyel ve \u00e7evresel standartlar\u0131 kar\u015f\u0131layacak \u015fekilde rafine edilmi\u015ftir. D\u00fc\u015f\u00fck Aromatik Beyaz Ruh (LAWS)<\/p>","protected":false},"featured_media":565,"comment_status":"open","ping_status":"closed","template":"","meta":{"_et_pb_use_builder":"","_et_pb_old_content":"","_et_gb_content_width":""},"product_brand":[],"product_cat":[784,798],"product_tag":[374,377,379,376,375,1272,380,378],"class_list":{"0":"post-564","1":"product","2":"type-product","3":"status-publish","4":"has-post-thumbnail","6":"product_cat-bulk-industrial-chemicals-supplier","7":"product_cat-solvents-additives","8":"product_tag-cavin-resource","9":"product_tag-high-flash-point-white-spirit","10":"product_tag-industrial-hydrocarbon-solvent","11":"product_tag-laws-solvent-supplier","12":"product_tag-low-aromatic-white-spirit","13":"product_tag-low-aromatic-white-spirit-laws","14":"product_tag-odorless-white-spirit","15":"product_tag-paint-thinner-malaysia","17":"first","18":"instock","19":"sale","20":"shipping-taxable","21":"purchasable","22":"product-type-simple"},"_links":{"self":[{"href":"https:\/\/cavinresource.com\/tr\/wp-json\/wp\/v2\/product\/564","targetHints":{"allow":["GET"]}}],"collection":[{"href":"https:\/\/cavinresource.com\/tr\/wp-json\/wp\/v2\/product"}],"about":[{"href":"https:\/\/cavinresource.com\/tr\/wp-json\/wp\/v2\/types\/product"}],"replies":[{"embeddable":true,"href":"https:\/\/cavinresource.com\/tr\/wp-json\/wp\/v2\/comments?post=564"}],"wp:featuredmedia":[{"embeddable":true,"href":"https:\/\/cavinresource.com\/tr\/wp-json\/wp\/v2\/media\/565"}],"wp:attachment":[{"href":"https:\/\/cavinresource.com\/tr\/wp-json\/wp\/v2\/media?parent=564"}],"wp:term":[{"taxonomy":"product_brand","embeddable":true,"href":"https:\/\/cavinresource.com\/tr\/wp-json\/wp\/v2\/product_brand?post=564"},{"taxonomy":"product_cat","embeddable":true,"href":"https:\/\/cavinresource.com\/tr\/wp-json\/wp\/v2\/product_cat?post=564"},{"taxonomy":"product_tag","embeddable":true,"href":"https:\/\/cavinresource.com\/tr\/wp-json\/wp\/v2\/product_tag?post=564"}],"curies":[{"name":"wp","href":"https:\/\/api.w.org\/{rel}","templated":true}]}}