{"id":538,"date":"2025-04-11T14:31:06","date_gmt":"2025-04-11T14:31:06","guid":{"rendered":"https:\/\/cavinresource.com\/?post_type=product&#038;p=538"},"modified":"2026-03-03T15:47:40","modified_gmt":"2026-03-03T15:47:40","slug":"dokme-kostik-soda-tedarikcileri","status":"publish","type":"product","link":"https:\/\/cavinresource.com\/tr\/product\/bulk-caustic-soda-suppliers\/","title":{"rendered":"Kostik Soda (Sodyum Hidroksit) - End\u00fcstriyel S\u0131n\u0131f"},"content":{"rendered":"<h2 data-start=\"765\" data-end=\"1217\">ton ba\u015f\u0131na kostik soda gevre\u011fi fiyat\u0131<\/h2>\n<p class=\"\" data-start=\"765\" data-end=\"1217\">d\u00f6kme kostik soda tedarik\u00e7ileri, kimyasal olarak <strong data-start=\"803\" data-end=\"830\">Sodyum Hidroksit (NaOH)<\/strong>, bir <strong data-start=\"837\" data-end=\"854\">g\u00fc\u00e7l\u00fc alkali<\/strong> g\u00fc\u00e7l\u00fc reaktivitesi ve pH d\u00fczenleme, temizleme ve kimyasal sentezdeki y\u00fcksek etkinli\u011fi nedeniyle bir\u00e7ok end\u00fcstride kullan\u0131lmaktad\u0131r. At <a href=\"https:\/\/cavinresource.com\/tr\/\"><strong data-start=\"993\" data-end=\"1011\">Cavin Kaynak<\/strong><\/a>, sunuyoruz <strong data-start=\"1022\" data-end=\"1063\">premium end\u00fcstriyel s\u0131n\u0131f kostik soda<\/strong> i\u00e7inde <strong data-start=\"1067\" data-end=\"1112\">pullar, inciler ve s\u0131v\u0131 (50% \u00e7\u00f6zeltisi)<\/strong> kadar olan formlar <strong data-start=\"1130\" data-end=\"1144\">99% safl\u0131k<\/strong>, \u00c7ok \u00e7e\u015fitli \u00fcretim ve i\u015fleme uygulamalar\u0131 i\u00e7in uygundur.<\/p>\n<p class=\"\" data-start=\"1219\" data-end=\"1479\">Kostik sodam\u0131z a\u015fa\u011f\u0131daki ko\u015fullar alt\u0131nda \u00fcretilmektedir <strong data-start=\"1258\" data-end=\"1287\">ISO 9001 sertifikal\u0131 tesisler<\/strong>, tutarl\u0131 kalite, y\u00fcksek \u00e7\u00f6z\u00fcn\u00fcrl\u00fck ve a\u015fa\u011f\u0131dakiler i\u00e7in uygun paketleme se\u00e7enekleri ile <strong data-start=\"1366\" data-end=\"1396\">b\u00fcy\u00fck \u00f6l\u00e7ekli end\u00fcstriyel kullan\u0131m<\/strong>. Tam donan\u0131ml\u0131 ihracata haz\u0131r <strong data-start=\"1421\" data-end=\"1439\">COA, MSDS, SGS<\/strong>, ve g\u00fcvenli kullan\u0131m y\u00f6nergeleri sa\u011flanm\u0131\u015ft\u0131r.<\/p>\n<hr class=\"\" data-start=\"1481\" data-end=\"1484\" \/>\n<h2 class=\"\" data-start=\"1486\" data-end=\"1513\">\u2699\ufe0f <strong data-start=\"1492\" data-end=\"1513\">\u00dcretim Y\u00f6ntemi<\/strong><\/h2>\n<ul>\n<li data-start=\"1518\" data-end=\"1614\"><strong data-start=\"1518\" data-end=\"1543\">Salamuran\u0131n Elektrolizi<\/strong> - Tuzlu su membran veya diyafram h\u00fccre prosesi kullan\u0131larak elektroliz edilir<\/li>\n<li data-start=\"1518\" data-end=\"1614\"><strong data-start=\"1618\" data-end=\"1632\">Ayr\u0131l\u0131k<\/strong> - Klor gaz\u0131 ve hidrojen gaz\u0131 sodyum hidroksitten ayr\u0131l\u0131r<\/li>\n<li data-start=\"1518\" data-end=\"1614\"><strong data-start=\"1706\" data-end=\"1723\">Konsantrasyon<\/strong> - NaOH konsantre edilir ve pullar, inciler halinde kurutulur veya 50% \u00e7\u00f6zeltisi olarak haz\u0131rlan\u0131r<\/li>\n<li data-start=\"1518\" data-end=\"1614\"><strong data-start=\"1811\" data-end=\"1824\">Paketleme<\/strong> - D\u00f6kme end\u00fcstriyel da\u011f\u0131t\u0131m i\u00e7in hijyenik olarak paketlenmi\u015ftir<\/li>\n<\/ul>\n<hr class=\"\" data-start=\"2790\" data-end=\"2793\" \/>\n<h2 class=\"\" data-start=\"2795\" data-end=\"2835\">\ud83d\udcda <strong data-start=\"2801\" data-end=\"2835\">G\u00fcven i\u00e7in G\u00fcvenilir Kaynaklar<\/strong><\/h2>\n<ul data-start=\"2837\" data-end=\"3277\">\n<li class=\"\" data-start=\"2837\" data-end=\"2935\">\n<p class=\"\" data-start=\"2839\" data-end=\"2935\">\ud83d\udd17 <a class=\"\" href=\"https:\/\/pubchem.ncbi.nlm.nih.gov\/compound\/Sodium-hydroxide\" target=\"_new\" rel=\"noopener\" data-start=\"2842\" data-end=\"2933\">PubChem - Kostik Soda (NaOH)<\/a><\/p>\n<\/li>\n<li class=\"\" data-start=\"2936\" data-end=\"3058\">\n<p class=\"\" data-start=\"2938\" data-end=\"3058\">\ud83d\udd17 <a class=\"\" href=\"https:\/\/echa.europa.eu\/substance-information\/-\/substanceinfo\/100.013.296\" target=\"_new\" rel=\"noopener\" data-start=\"2941\" data-end=\"3056\">Avrupa Kimyasallar Ajans\u0131 - G\u00fcvenlik Bilgileri<\/a><\/p>\n<\/li>\n<li class=\"\" data-start=\"3059\" data-end=\"3142\">\n<p class=\"\" data-start=\"3061\" data-end=\"3142\">\ud83d\udd17 <a class=\"cursor-pointer\" target=\"_new\" rel=\"noopener\" data-start=\"3064\" data-end=\"3140\">OSHA - Sodyum Hidroksit K\u0131lavuzlar\u0131<\/a><\/p>\n<\/li>\n<li class=\"\" data-start=\"3143\" data-end=\"3277\">\n<p class=\"\" data-start=\"3145\" data-end=\"3277\">\ud83d\udd17 <a class=\"\" href=\"https:\/\/www.sciencedirect.com\/topics\/chemical-engineering\/sodium-hydroxide\" target=\"_new\" rel=\"noopener\" data-start=\"3148\" data-end=\"3277\">ScienceDirect - Sodyum Hidroksitin End\u00fcstriyel Kullan\u0131m Alanlar\u0131<\/a><\/p>\n<\/li>\n<\/ul>\n<hr class=\"\" data-start=\"3555\" data-end=\"3558\" \/>\n<h2 class=\"\" data-start=\"3560\" data-end=\"3594\">\ud83c\udfaf <strong data-start=\"3566\" data-end=\"3594\">Kostik Soda'n\u0131n Faydalar\u0131<\/strong><\/h2>\n<ul data-start=\"3596\" data-end=\"4064\">\n<li class=\"\" data-start=\"3596\" data-end=\"3699\">\n<p class=\"\" data-start=\"3598\" data-end=\"3699\">\u2705 <strong data-start=\"3600\" data-end=\"3623\">G\u00fc\u00e7l\u00fc Alkalinite<\/strong> - Asitlerin n\u00f6tralize edilmesinde ve organik maddelerin par\u00e7alanmas\u0131nda son derece etkilidir<\/p>\n<\/li>\n<li class=\"\" data-start=\"3700\" data-end=\"3818\">\n<p class=\"\" data-start=\"3702\" data-end=\"3818\">\u2705 <strong data-start=\"3704\" data-end=\"3730\">End\u00fcstriyel \u00c7ok Y\u00f6nl\u00fcl\u00fck<\/strong> - Ka\u011f\u0131t hamuru ve ka\u011f\u0131t, sabun, deterjan, su ar\u0131tma ve tekstil end\u00fcstrilerinin vazge\u00e7ilmezi<\/p>\n<\/li>\n<li class=\"\" data-start=\"3819\" data-end=\"3894\">\n<p class=\"\" data-start=\"3821\" data-end=\"3894\">\u2705 <strong data-start=\"3823\" data-end=\"3842\">Y\u00fcksek \u00c7\u00f6z\u00fcn\u00fcrl\u00fck<\/strong> - H\u0131zl\u0131 reaktivite ile suda kolayca \u00e7\u00f6z\u00fcn\u00fcr<\/p>\n<\/li>\n<li class=\"\" data-start=\"3895\" data-end=\"3965\">\n<p class=\"\" data-start=\"3897\" data-end=\"3965\">\u2705 <strong data-start=\"3899\" data-end=\"3927\">Etkili Temizlik Maddesi<\/strong> - G\u00fc\u00e7l\u00fc ya\u011f \u00e7\u00f6z\u00fcc\u00fc ve dezenfektan<\/p>\n<\/li>\n<li class=\"\" data-start=\"3966\" data-end=\"4064\">\n<p class=\"\" data-start=\"3968\" data-end=\"4064\">\u2705 <strong data-start=\"3970\" data-end=\"3990\">\u0130hracat Uyumlu<\/strong> - G\u00fcvenli ve uyumlu k\u00fcresel nakliye i\u00e7in eksiksiz belgelerle birlikte verilir<\/p>\n<\/li>\n<\/ul>\n<hr class=\"\" data-start=\"4066\" data-end=\"4069\" \/>\n<h2 class=\"\" data-start=\"4071\" data-end=\"4100\">\ud83c\udfed <strong data-start=\"4077\" data-end=\"4100\">Yayg\u0131n Uygulamalar<\/strong><\/h2>\n<h3 class=\"\" data-start=\"4102\" data-end=\"4134\">\ud83e\uddfc <strong data-start=\"4109\" data-end=\"4134\">Temizlik ve Sanitasyon<\/strong><\/h3>\n<ul data-start=\"4135\" data-end=\"4195\">\n<li class=\"\" data-start=\"4135\" data-end=\"4195\">\n<p class=\"\" data-start=\"4137\" data-end=\"4195\">End\u00fcstriyel ya\u011f \u00e7\u00f6z\u00fcc\u00fcler, drenaj temizleyiciler, y\u00fczey sterilizat\u00f6rleri<\/p>\n<\/li>\n<\/ul>\n<h3 class=\"\" data-start=\"4197\" data-end=\"4230\">\ud83e\uddea <strong data-start=\"4204\" data-end=\"4230\">Kimyasal \u00dcretim<\/strong><\/h3>\n<ul data-start=\"4231\" data-end=\"4284\">\n<li class=\"\" data-start=\"4231\" data-end=\"4284\">\n<p class=\"\" data-start=\"4233\" data-end=\"4284\">pH ayarlama, n\u00f6tralizasyon, kataliz\u00f6r haz\u0131rlama<\/p>\n<\/li>\n<\/ul>\n<h3 class=\"\" data-start=\"4286\" data-end=\"4318\">\ud83e\uddfb <strong data-start=\"4293\" data-end=\"4318\">Sel\u00fcloz ve Ka\u011f\u0131t End\u00fcstrisi<\/strong><\/h3>\n<ul data-start=\"4319\" data-end=\"4367\">\n<li class=\"\" data-start=\"4319\" data-end=\"4367\">\n<p class=\"\" data-start=\"4321\" data-end=\"4367\">Odun hamurla\u015ft\u0131rma (Kraft i\u015flemi), a\u011fartma maddeleri<\/p>\n<\/li>\n<\/ul>\n<h3 class=\"\" data-start=\"4369\" data-end=\"4396\">\ud83d\udc55 <strong data-start=\"4376\" data-end=\"4396\">Tekstil End\u00fcstrisi<\/strong><\/h3>\n<ul data-start=\"4397\" data-end=\"4444\">\n<li class=\"\" data-start=\"4397\" data-end=\"4444\">\n<p class=\"\" data-start=\"4399\" data-end=\"4444\">Kuma\u015f ovma, boya al\u0131m\u0131 i\u00e7in merserizasyon<\/p>\n<\/li>\n<\/ul>\n<h3 class=\"\" data-start=\"4446\" data-end=\"4472\">\ud83d\udca7 <strong data-start=\"4453\" data-end=\"4472\">Su Ar\u0131tma<\/strong><\/h3>\n<ul data-start=\"4473\" data-end=\"4529\">\n<li class=\"\" data-start=\"4473\" data-end=\"4529\">\n<p class=\"\" data-start=\"4475\" data-end=\"4529\">At\u0131ksu ar\u0131t\u0131m\u0131nda pH d\u00fczenlemesi ve flok\u00fclasyon<\/p>\n<\/li>\n<\/ul>\n<hr class=\"\" data-start=\"4531\" data-end=\"4534\" \/>\n<h2 class=\"\" data-start=\"4536\" data-end=\"4574\">\u2753 S\u0131k\u00e7a Sorulan Sorular (SSS)<\/h2>\n<hr class=\"\" data-start=\"4576\" data-end=\"4579\" \/>\n<h3 class=\"\" data-start=\"4581\" data-end=\"4655\"><strong data-start=\"4585\" data-end=\"4653\">1. Kostik soda pullar\u0131 ve incileri aras\u0131ndaki fark nedir?<\/strong><\/h3>\n<p class=\"\" data-start=\"4656\" data-end=\"4850\"><strong data-start=\"4656\" data-end=\"4667\">Cevap ver:<\/strong><br data-start=\"4667\" data-end=\"4670\" \/>Her ikisi de sodyum hidroksitin kat\u0131 formlar\u0131d\u0131r. <strong data-start=\"4712\" data-end=\"4722\">Pullar<\/strong> d\u00fczd\u00fcr ve \u00e7abuk \u00e7\u00f6z\u00fcl\u00fcr, oysa <strong data-start=\"4760\" data-end=\"4770\">\u0130NC\u0130LER<\/strong> daha yava\u015f \u00e7\u00f6z\u00fcnme h\u0131z\u0131na ancak daha uzun raf stabilitesine sahip yuvarlak gran\u00fcllerdir.<\/p>\n<hr class=\"\" data-start=\"4852\" data-end=\"4855\" \/>\n<h3 class=\"\" data-start=\"4857\" data-end=\"4916\"><strong data-start=\"4861\" data-end=\"4914\">2. Bu \u00fcr\u00fcn g\u0131da uygulamalar\u0131nda kullan\u0131labilir mi?<\/strong><\/h3>\n<p class=\"\" data-start=\"4917\" data-end=\"5111\"><strong data-start=\"4917\" data-end=\"4928\">Cevap ver:<\/strong><br data-start=\"4928\" data-end=\"4931\" \/>Kostik sodam\u0131z <strong data-start=\"4951\" data-end=\"4976\">sadece end\u00fcstriyel s\u0131n\u0131f<\/strong>. Bu <strong data-start=\"4984\" data-end=\"5000\">uygun de\u011fil<\/strong> g\u0131da i\u015fleme i\u00e7in. Bununla birlikte, g\u0131da s\u0131n\u0131f\u0131 sodyum hidroksit kat\u0131 spesifikasyonlar alt\u0131nda talep \u00fczerine temin edilebilir.<\/p>\n<hr class=\"\" data-start=\"5113\" data-end=\"5116\" \/>\n<h3 class=\"\" data-start=\"5118\" data-end=\"5214\"><strong data-start=\"5122\" data-end=\"5212\">3. Kostik soda gibi tehlikeli maddelerin uluslararas\u0131 nakliyesini nas\u0131l yap\u0131yorsunuz?<\/strong><\/h3>\n<p class=\"\" data-start=\"5215\" data-end=\"5407\"><strong data-start=\"5215\" data-end=\"5226\">Cevap ver:<\/strong><br data-start=\"5226\" data-end=\"5229\" \/>Cavin Kaynak \u015funlar\u0131 sa\u011flar <strong data-start=\"5253\" data-end=\"5278\">Onaylanmam\u0131\u015f ambalajlar<\/strong>, tam <strong data-start=\"5285\" data-end=\"5293\">MSDS<\/strong>, ve a\u015fa\u011f\u0131daki gibidir <strong data-start=\"5307\" data-end=\"5331\">IMDG\/IATA y\u00f6nergeleri<\/strong> Tehlikeli kimyasallar\u0131n nakliyesi i\u00e7in uygunluk ve nakliye s\u0131ras\u0131nda g\u00fcvenlik sa\u011flar.<\/p>\n<hr class=\"\" data-start=\"5409\" data-end=\"5412\" \/>\n<h3 class=\"\" data-start=\"5414\" data-end=\"5473\"><strong data-start=\"5418\" data-end=\"5471\">4. Ta\u015f\u0131ma s\u0131ras\u0131nda hangi \u00f6nlemler gereklidir?<\/strong><\/h3>\n<p class=\"\" data-start=\"5474\" data-end=\"5638\"><strong data-start=\"5474\" data-end=\"5485\">Cevap ver:<\/strong><br data-start=\"5485\" data-end=\"5488\" \/>Operat\u00f6rler \u015funlar\u0131 kullanmal\u0131d\u0131r <strong data-start=\"5509\" data-end=\"5561\">eldivenler, g\u00f6zl\u00fckler ve kimyasallara dayan\u0131kl\u0131 giysiler<\/strong>. Kostik soda <strong data-start=\"5579\" data-end=\"5592\">a\u015f\u0131nd\u0131r\u0131c\u0131<\/strong> ve ciddi cilt ve g\u00f6z tahri\u015fine neden olabilir.<\/p>\n<hr class=\"\" data-start=\"5640\" data-end=\"5643\" \/>\n<h3 class=\"\" data-start=\"5645\" data-end=\"5705\"><strong data-start=\"5649\" data-end=\"5703\">5. \u00d6zel etiketleme veya OEM paketleme sunuyor musunuz?<\/strong><\/h3>\n<p class=\"\" data-start=\"5706\" data-end=\"5853\"><strong data-start=\"5706\" data-end=\"5717\">Cevap ver:<\/strong><br data-start=\"5717\" data-end=\"5720\" \/>Evet, toplu sipari\u015fler i\u00e7in. Biz teklif ediyoruz <strong data-start=\"5751\" data-end=\"5819\">\u00f6zel eti\u0307ketleme, logo baski ve \u00f6zel ambalaj \u00e7\u00f6z\u00fcmleri\u0307<\/strong> Pazar gereksinimlerinize uyacak \u015fekilde.<\/p>","protected":false},"excerpt":{"rendered":"<p class=\"\" data-start=\"444\" data-end=\"712\">Y\u00fcksek safl\u0131kta <strong data-start=\"456\" data-end=\"491\">Kostik Soda (Sodyum Hidroksit)<\/strong> pullar, inciler ve s\u0131v\u0131 formlarda. Su ar\u0131tma, temizlik maddeleri, ka\u011f\u0131t \u00fcretimi ve kimya end\u00fcstrilerinde yayg\u0131n olarak kullan\u0131l\u0131r. Uluslararas\u0131 nakliye ve ihracat belgeleri ile Cavin Resource'tan toplu olarak temin edilebilir. kostik soda toptan sat\u0131\u015f fiyat\u0131<\/p>","protected":false},"featured_media":540,"comment_status":"open","ping_status":"closed","template":"","meta":{"_et_pb_use_builder":"","_et_pb_old_content":"","_et_gb_content_width":""},"product_brand":[],"product_cat":[784,818],"product_tag":[310,1285,1286,308,312,1287,311,315,314,309,313],"class_list":{"0":"post-538","1":"product","2":"type-product","3":"status-publish","4":"has-post-thumbnail","6":"product_cat-bulk-industrial-chemicals-supplier","7":"product_cat-alkalis-bases","8":"product_tag-bulk-caustic-soda-malaysia","9":"product_tag-caustic-soda","10":"product_tag-caustic-soda-flakes-price-per-ton","11":"product_tag-caustic-soda-flakes-supplier","12":"product_tag-caustic-soda-pearls-99","13":"product_tag-caustic-soda-wholesale-price","14":"product_tag-cavin-resource-naoh-exporter","15":"product_tag-chemical-raw-material-wholesale","16":"product_tag-detergent-making-ingredients","17":"product_tag-sodium-hydroxide-industrial-grade","18":"product_tag-water-treatment-chemicals","20":"first","21":"instock","22":"sale","23":"shipping-taxable","24":"purchasable","25":"product-type-simple"},"_links":{"self":[{"href":"https:\/\/cavinresource.com\/tr\/wp-json\/wp\/v2\/product\/538","targetHints":{"allow":["GET"]}}],"collection":[{"href":"https:\/\/cavinresource.com\/tr\/wp-json\/wp\/v2\/product"}],"about":[{"href":"https:\/\/cavinresource.com\/tr\/wp-json\/wp\/v2\/types\/product"}],"replies":[{"embeddable":true,"href":"https:\/\/cavinresource.com\/tr\/wp-json\/wp\/v2\/comments?post=538"}],"wp:featuredmedia":[{"embeddable":true,"href":"https:\/\/cavinresource.com\/tr\/wp-json\/wp\/v2\/media\/540"}],"wp:attachment":[{"href":"https:\/\/cavinresource.com\/tr\/wp-json\/wp\/v2\/media?parent=538"}],"wp:term":[{"taxonomy":"product_brand","embeddable":true,"href":"https:\/\/cavinresource.com\/tr\/wp-json\/wp\/v2\/product_brand?post=538"},{"taxonomy":"product_cat","embeddable":true,"href":"https:\/\/cavinresource.com\/tr\/wp-json\/wp\/v2\/product_cat?post=538"},{"taxonomy":"product_tag","embeddable":true,"href":"https:\/\/cavinresource.com\/tr\/wp-json\/wp\/v2\/product_tag?post=538"}],"curies":[{"name":"wp","href":"https:\/\/api.w.org\/{rel}","templated":true}]}}