{"id":206,"date":"2025-03-16T11:58:57","date_gmt":"2025-03-16T11:58:57","guid":{"rendered":"https:\/\/cavinresource.com\/?post_type=product&#038;p=206"},"modified":"2026-03-04T11:06:04","modified_gmt":"2026-03-04T11:06:04","slug":"saf-avokado-yagi-cavin-kaynaklari","status":"publish","type":"product","link":"https:\/\/cavinresource.com\/tr\/product\/pure-avocado-oil-cavin-resources\/","title":{"rendered":"Saf Avokado Ya\u011f\u0131 | Cavin Resources Malezya"},"content":{"rendered":"<h4 data-start=\"452\" data-end=\"523\">Saf Avokado Ya\u011f\u0131<\/h4>\n<h4 class=\"\" data-start=\"452\" data-end=\"523\"><strong data-start=\"457\" data-end=\"521\">Premium So\u011fuk Pres Avokado Ya\u011f\u0131 - Saf, Sa\u011fl\u0131kl\u0131 ve \u00c7ok Y\u00f6nl\u00fc<\/strong><\/h4>\n<p class=\"\" data-start=\"525\" data-end=\"930\">Cavin Kaynaklar\u0131 <strong data-start=\"541\" data-end=\"556\">Avokado Ya\u011f\u0131<\/strong> 'den \u00e7\u0131kar\u0131l\u0131r. <strong data-start=\"579\" data-end=\"598\">en i\u0307yi\u0307 avokadolar<\/strong> bir <strong data-start=\"609\" data-end=\"634\">so\u011fuk presleme i\u015flemi<\/strong>, ve t\u00fcm bu i\u015flemlerin <strong data-start=\"658\" data-end=\"699\">besinler, vitaminler ve sa\u011fl\u0131kl\u0131 ya\u011flar<\/strong> bozulmadan kal\u0131r. Ya\u011f\u0131m\u0131z rafine edilmemi\u015ftir, katk\u0131 maddesi i\u00e7ermez ve esansiyel ya\u011flarla doludur. <strong data-start=\"784\" data-end=\"858\">tekli doymam\u0131\u015f ya\u011flar, omega-9 ya\u011f asitleri, antioksidanlar ve E vitamini<\/strong>, Bu da onu her ikisi i\u00e7in de \u00fcst\u00fcn bir se\u00e7im haline getiriyor <strong data-start=\"897\" data-end=\"927\">mutfak ve kozmetik kullan\u0131mlar\u0131<\/strong>. Organik Avokado Ya\u011f\u0131n\u0131 Toplu Olarak Online Sat\u0131n Al\u0131n<\/p>\n<h4 class=\"\" data-start=\"932\" data-end=\"970\"><strong data-start=\"937\" data-end=\"968\">Avokado Ya\u011f\u0131m\u0131z Nas\u0131l Yap\u0131l\u0131yor? <a href=\"https:\/\/cavinresource.com\/tr\/products\/\">Cavin Kaynaklar\u0131<\/a><\/strong><\/h4>\n<p class=\"\" data-start=\"972\" data-end=\"1381\">1\ufe0f\u20e3 <strong data-start=\"976\" data-end=\"989\">Se\u00e7im<\/strong> - Sadece <strong data-start=\"1001\" data-end=\"1036\">en taze, y\u00fcksek kaliteli avokadolar<\/strong> se\u00e7ilir.<br data-start=\"1048\" data-end=\"1051\" \/>2\ufe0f\u20e3 <strong data-start=\"1055\" data-end=\"1069\">Ekstraksiyon<\/strong> - Avokadolar <strong data-start=\"1089\" data-end=\"1105\">so\u011fuk preslenmi\u015f<\/strong> Ya\u011f\u0131n \u0131s\u0131 veya kimyasallar olmadan \u00e7\u0131kar\u0131lmas\u0131, besin maddelerinin ve safl\u0131\u011f\u0131n\u0131n korunmas\u0131.<br data-start=\"1188\" data-end=\"1191\" \/>3\ufe0f\u20e3 <strong data-start=\"1195\" data-end=\"1209\">Filtrasyon<\/strong> - Ya\u011f \u015fu i\u015flemlerden ge\u00e7er <strong data-start=\"1230\" data-end=\"1252\">do\u011fal fi\u0307ltreleme<\/strong> herhangi bir kirlili\u011fi gidermek i\u00e7in.<br data-start=\"1278\" data-end=\"1281\" \/>4\ufe0f\u20e3 <strong data-start=\"1285\" data-end=\"1298\">Paketleme<\/strong> - Dikkatlice paketlenmi\u015f <strong data-start=\"1321\" data-end=\"1344\">hava ge\u00e7irmez kaplar<\/strong> tazeli\u011fini ve kalitesini korumak i\u00e7in.<\/p>\n<h4 class=\"\" data-start=\"1383\" data-end=\"1413\"><strong data-start=\"1388\" data-end=\"1411\">Avokado Ya\u011f\u0131n\u0131n Kullan\u0131m Alanlar\u0131<\/strong><\/h4>\n<p class=\"\" data-start=\"1415\" data-end=\"1905\">\u2714 <strong data-start=\"1417\" data-end=\"1447\">Pi\u015firme ve Y\u00fcksek Is\u0131da K\u0131zartma<\/strong> - Y\u00fcksek dumanlanma noktas\u0131 (~520\u00b0F) ile avokado ya\u011f\u0131 a\u015fa\u011f\u0131dakiler i\u00e7in m\u00fckemmeldir <strong data-start=\"1511\" data-end=\"1555\">k\u0131zartma, \u0131zgara, kavurma ve soteleme<\/strong>.<br data-start=\"1556\" data-end=\"1559\" \/>\u2714 <strong data-start=\"1561\" data-end=\"1592\">Salata Soslar\u0131 &amp; Tur\u015fular<\/strong> - P\u00fcr\u00fczs\u00fcz, yumu\u015fak tad\u0131 <strong data-start=\"1627\" data-end=\"1664\">salatalar, dip soslar ve ev yap\u0131m\u0131 soslar<\/strong>.<br data-start=\"1665\" data-end=\"1668\" \/>\u2714 <strong data-start=\"1670\" data-end=\"1690\">Cilt ve Sa\u00e7 Bak\u0131m\u0131<\/strong> - Antioksidanlar ve E vitamini bak\u0131m\u0131ndan zengindir, derinlemesine besler <strong data-start=\"1749\" data-end=\"1797\">cildi, sa\u00e7\u0131 g\u00fc\u00e7lendirir ve kurulu\u011fu \u00f6nler<\/strong>.<br data-start=\"1798\" data-end=\"1801\" \/>\u2714 <strong data-start=\"1803\" data-end=\"1829\">Masaj &amp; Aromaterapi<\/strong> - \u0130\u00e7inde kullan\u0131l\u0131r <strong data-start=\"1840\" data-end=\"1868\">terap\u00f6ti\u0307k masaj ya\u011flari<\/strong> derinlemesine nemlendirme ve rahatlama i\u00e7in.<\/p>\n<h4 class=\"\" data-start=\"1907\" data-end=\"1941\"><strong data-start=\"1912\" data-end=\"1939\">Organik avokado ya\u011f\u0131n\u0131n toplu faydalar\u0131<\/strong><\/h4>\n<p class=\"\" data-start=\"1943\" data-end=\"2466\">\u2705 <strong data-start=\"1945\" data-end=\"1962\">Kalp Sa\u011fl\u0131\u011f\u0131<\/strong> - K\u00f6t\u00fc kolesterol\u00fc (LDL) d\u00fc\u015f\u00fcrerek ve iyi kolesterol\u00fc (HDL) te\u015fvik ederek kardiyovask\u00fcler sa\u011fl\u0131\u011f\u0131 destekler.<br data-start=\"2067\" data-end=\"2070\" \/>\u2705 <strong data-start=\"2072\" data-end=\"2096\">Antioksidanlar A\u00e7\u0131s\u0131ndan Zengin<\/strong> - Serbest radikallerle sava\u015f\u0131r, ya\u015flanmay\u0131 yava\u015flat\u0131r, cilt ve sa\u00e7 sa\u011fl\u0131\u011f\u0131n\u0131 art\u0131r\u0131r.<br data-start=\"2166\" data-end=\"2169\" \/>\u2705 <strong data-start=\"2171\" data-end=\"2199\">Besin Emilimine Yard\u0131mc\u0131 Olur<\/strong> - V\u00fccudun A, D, E ve K gibi ya\u011fda \u00e7\u00f6z\u00fcnen vitaminleri emmesine yard\u0131mc\u0131 olur.<br data-start=\"2265\" data-end=\"2268\" \/>\u2705 <strong data-start=\"2270\" data-end=\"2300\">Kilo Y\u00f6netimini Te\u015fvik Eder<\/strong> - Sizi daha uzun s\u00fcre tok tutan sa\u011fl\u0131kl\u0131 ya\u011flar i\u00e7erir.<br data-start=\"2351\" data-end=\"2354\" \/>\u2705 <strong data-start=\"2356\" data-end=\"2387\">Eklem ve G\u00f6z Sa\u011fl\u0131\u011f\u0131n\u0131 Destekler<\/strong> - \u0130\u00e7indekiler <strong data-start=\"2399\" data-end=\"2409\">lutein<\/strong>, i\u00e7in gerekli olan <strong data-start=\"2434\" data-end=\"2463\">g\u00f6rme ve eklem hareketlili\u011fi<\/strong>.<\/p>\n<p class=\"\" data-start=\"2468\" data-end=\"2647\">At <strong data-start=\"2471\" data-end=\"2490\">Cavin Kaynaklar\u0131<\/strong>, biz bizim sa\u011flamak <strong data-start=\"2511\" data-end=\"2526\">avokado ya\u011f\u0131<\/strong> saf, taze ve s\u0131k\u0131 kalite standartlar\u0131 alt\u0131nda \u00fcretilmi\u015ftir. \u0130yili\u011fini deneyimleyin <strong data-start=\"2615\" data-end=\"2638\">premium avokado ya\u011f\u0131<\/strong> Bug\u00fcn!<\/p>\n<p>Yemek pi\u015firme merakl\u0131lar\u0131 i\u00e7in \u00f6zel olarak haz\u0131rlanm\u0131\u015f Cavin Resources 100% Saf Avokado Ya\u011f\u0131n\u0131n mutfak zevkini ya\u015fay\u0131n. C\u00f6mert 1,75L boyutundaki bu ya\u011f, en iyi avokadolardan \u00fcretilmi\u015ftir ve v\u00fccudunuzun arzulad\u0131\u011f\u0131 iyi ya\u011flar\u0131 alman\u0131z\u0131 sa\u011flar. Do\u011fal olarak rafine edilen ve asla ta\u011f\u015fi\u015f edilmeyen bu ya\u011f, y\u00fcksek dumanlanma noktas\u0131na sahip oldu\u011fundan k\u0131zartma, soteleme veya salatalar\u0131n \u00fczerine gezdirme i\u00e7in idealdir. GDO'suz, soya i\u00e7ermeyen, kanola ya\u011f\u0131 i\u00e7ermeyen, gl\u00fctensiz ve paleo ve keto ya\u015fam tarzlar\u0131na uygun bir \u00fcr\u00fcn kullanman\u0131n getirdi\u011fi huzurun tad\u0131n\u0131 \u00e7\u0131kar\u0131n. Bu birinci s\u0131n\u0131f avokado ya\u011f\u0131n\u0131n zengin lezzeti ve sa\u011fl\u0131\u011fa faydalar\u0131 ile yemeklerinizi geli\u015ftirin.<br \/>\nDetayl\u0131 bir d\u00f6k\u00fcm i\u00e7in <strong data-start=\"696\" data-end=\"748\">yer f\u0131st\u0131\u011f\u0131 ya\u011f\u0131n\u0131n sa\u011fl\u0131\u011fa faydalar\u0131 ve dikkat edilmesi gerekenler<\/strong>, bu derinlemesine rehbere g\u00f6z at\u0131n:<br data-start=\"780\" data-end=\"783\" \/>\ud83d\udd17 <strong data-start=\"786\" data-end=\"887\" data-is-last-node=\"\" data-is-only-node=\"\"><a class=\"\" href=\"https:\/\/www.healthline.com\/nutrition\/is-peanut-oil-healthy\" target=\"_new\" rel=\"noopener\" data-start=\"788\" data-end=\"885\">Yer F\u0131st\u0131\u011f\u0131 Ya\u011f\u0131 Sa\u011fl\u0131kl\u0131 m\u0131? - Healthline<\/a><\/strong><\/p>","protected":false},"excerpt":{"rendered":"<p>Cavin Resources'\u0131n Toptan Saf avokado ya\u011f\u0131 fiyat\u0131 100% saf, so\u011fuk preslenmi\u015f ve temel besinler a\u00e7\u0131s\u0131ndan zengindir. \u015eunlar i\u00e7in idealdir <strong data-start=\"190\" data-end=\"226\">yemek pi\u015firme, cilt bak\u0131m\u0131 ve sa\u00e7 bak\u0131m\u0131<\/strong>, kalp sa\u011fl\u0131\u011f\u0131 deste\u011fi, antioksidan koruma ve derin nemlendirme dahil olmak \u00fczere say\u0131s\u0131z sa\u011fl\u0131k faydas\u0131 sunar. \u015eunlar i\u00e7in m\u00fckemmeldir <strong data-start=\"352\" data-end=\"411\">y\u00fcksek \u0131s\u0131da pi\u015firme, soslar ve kozmetik uygulamalar<\/strong>. Bug\u00fcn Toplu Al\u0131\u015fveri\u015f Yap\u0131n Saf Avokado Ya\u011f\u0131<\/p>","protected":false},"featured_media":514,"comment_status":"open","ping_status":"closed","template":"","meta":{"_et_pb_use_builder":"","_et_pb_old_content":"","_et_gb_content_width":""},"product_brand":[47],"product_cat":[777,833],"product_tag":[48,184,185,190,187,188,189,186,191,169,183,49],"class_list":{"0":"post-206","1":"product","2":"type-product","3":"status-publish","4":"has-post-thumbnail","6":"product_brand-refined-avocado-oil","7":"product_cat-bulk-edible-oils-supplier","8":"product_cat-avocado-oil","9":"product_tag-avoado-oil","10":"product_tag-avocado-oil-for-cooking","11":"product_tag-avocado-oil-for-skin-and-hair","12":"product_tag-avocado-oil-in-drums","13":"product_tag-avocado-oil-malaysia","14":"product_tag-avocado-oil-supplier-wholesale","15":"product_tag-cavin-resource-avocado-oil","16":"product_tag-cold-pressed-avocado-oil","17":"product_tag-halal-avocado-oil","18":"product_tag-high-smoke-point-oil","19":"product_tag-pure-avocado-oil-bulk","20":"product_tag-refined-avocado-oil","22":"first","23":"instock","24":"sale","25":"shipping-taxable","26":"purchasable","27":"product-type-simple"},"_links":{"self":[{"href":"https:\/\/cavinresource.com\/tr\/wp-json\/wp\/v2\/product\/206","targetHints":{"allow":["GET"]}}],"collection":[{"href":"https:\/\/cavinresource.com\/tr\/wp-json\/wp\/v2\/product"}],"about":[{"href":"https:\/\/cavinresource.com\/tr\/wp-json\/wp\/v2\/types\/product"}],"replies":[{"embeddable":true,"href":"https:\/\/cavinresource.com\/tr\/wp-json\/wp\/v2\/comments?post=206"}],"wp:featuredmedia":[{"embeddable":true,"href":"https:\/\/cavinresource.com\/tr\/wp-json\/wp\/v2\/media\/514"}],"wp:attachment":[{"href":"https:\/\/cavinresource.com\/tr\/wp-json\/wp\/v2\/media?parent=206"}],"wp:term":[{"taxonomy":"product_brand","embeddable":true,"href":"https:\/\/cavinresource.com\/tr\/wp-json\/wp\/v2\/product_brand?post=206"},{"taxonomy":"product_cat","embeddable":true,"href":"https:\/\/cavinresource.com\/tr\/wp-json\/wp\/v2\/product_cat?post=206"},{"taxonomy":"product_tag","embeddable":true,"href":"https:\/\/cavinresource.com\/tr\/wp-json\/wp\/v2\/product_tag?post=206"}],"curies":[{"name":"wp","href":"https:\/\/api.w.org\/{rel}","templated":true}]}}