{"id":192,"date":"2025-03-16T10:39:25","date_gmt":"2025-03-16T10:39:25","guid":{"rendered":"https:\/\/cavinresource.com\/?post_type=product&#038;p=192"},"modified":"2026-02-26T23:50:16","modified_gmt":"2026-02-26T23:50:16","slug":"cavin-resourcesda-misir-yagi","status":"publish","type":"product","link":"https:\/\/cavinresource.com\/tr\/product\/corn-oil-at-cavin-resources\/","title":{"rendered":"Rafine M\u0131s\u0131r Ya\u011f\u0131 - Cavin Resources"},"content":{"rendered":"<p class=\"\" data-start=\"85\" data-end=\"432\"><strong data-start=\"85\" data-end=\"97\">M\u0131s\u0131r Ya\u011f\u0131<\/strong> 'den elde edilen \u00e7ok y\u00f6nl\u00fc ve kalp sa\u011fl\u0131\u011f\u0131na yararl\u0131 bir yemeklik ya\u011fd\u0131r. <strong data-start=\"158\" data-end=\"182\">m\u0131s\u0131r (maize) taneleri<\/strong>. At <strong data-start=\"187\" data-end=\"214\">Cavin Kaynak Malezya<\/strong>, sa\u011fl\u0131yoruz <strong data-start=\"227\" data-end=\"263\">y\u00fcksek kaliteli, 100% saf M\u0131s\u0131r Ya\u011f\u0131<\/strong>, sa\u011flamak i\u00e7in s\u0131k\u0131 kalite kontrolleri alt\u0131nda i\u015flenir <strong data-start=\"315\" data-end=\"364\">safl\u0131k, hafif doku ve y\u00fcksek dumanlanma noktas\u0131<\/strong>, i\u00e7in ideal hale getirir. <strong data-start=\"386\" data-end=\"429\">pi\u015firme, k\u0131zartma ve g\u0131da \u00fcretimi<\/strong>. d\u00f6kme m\u0131s\u0131r ya\u011f\u0131<\/p>\n<h4 class=\"\" data-start=\"434\" data-end=\"468\"><strong data-start=\"439\" data-end=\"466\">\ud83c\udf3d M\u0131s\u0131r Ya\u011f\u0131 Nas\u0131l Yap\u0131l\u0131r?<\/strong><\/h4>\n<p class=\"\" data-start=\"469\" data-end=\"612\">Bizim <strong data-start=\"473\" data-end=\"485\">M\u0131s\u0131r Ya\u011f\u0131<\/strong> \u00f6zelli\u011fini koruyan rafine bir ekstraksiyon i\u015flemi ile \u00fcretilir. <strong data-start=\"554\" data-end=\"579\">beslenme b\u00fct\u00fcnl\u00fc\u011f\u00fc<\/strong> maksimum safl\u0131k sa\u011flarken:<\/p>\n<ul>\n<li data-start=\"617\" data-end=\"716\"><strong data-start=\"617\" data-end=\"642\">M\u0131s\u0131r Tanesi Se\u00e7imi<\/strong> - Ya\u011f \u00e7\u0131karma i\u015flemi i\u00e7in yaln\u0131zca en kaliteli m\u0131s\u0131r taneleri se\u00e7ilir.<\/li>\n<li data-start=\"617\" data-end=\"716\"><strong data-start=\"720\" data-end=\"745\">Presleme ve Ekstraksiyon<\/strong> - M\u0131s\u0131r tanesinin \u00f6z\u00fc (ya\u011f bak\u0131m\u0131ndan zengin k\u0131sm\u0131) ayr\u0131l\u0131r ve ya <strong data-start=\"816\" data-end=\"840\">mekanik olarak preslenmi\u015f<\/strong> veya kullan\u0131larak \u00e7\u0131kar\u0131l\u0131r <strong data-start=\"860\" data-end=\"888\">solvent bazl\u0131 teknikler<\/strong>.<\/li>\n<li data-start=\"617\" data-end=\"716\"><strong data-start=\"895\" data-end=\"915\">Ar\u0131tma S\u00fcreci<\/strong> - Ham ya\u011f \u015fu i\u015flemlerden ge\u00e7irilir <strong data-start=\"940\" data-end=\"999\">gam giderme, n\u00f6tralizasyon, a\u011fartma ve koku giderme<\/strong> faydal\u0131 \u00f6zelliklerini korurken safs\u0131zl\u0131klar\u0131 gidermek i\u00e7in.<\/li>\n<li data-start=\"617\" data-end=\"716\"><strong data-start=\"1070\" data-end=\"1101\">Kalite Kontrol ve Paketleme<\/strong> - Ya\u011f a\u015fa\u011f\u0131dakiler i\u00e7in test edilir <strong data-start=\"1126\" data-end=\"1159\">safl\u0131k, kararl\u0131l\u0131k ve g\u00fcvenlik<\/strong> T\u00fcketiciye uygun boyutlarda ve d\u00f6kme olarak paketlenmeden \u00f6nce.<\/li>\n<\/ul>\n<h4 class=\"\" data-start=\"1222\" data-end=\"1252\"><strong data-start=\"1227\" data-end=\"1250\">\ud83e\udd57 M\u0131s\u0131r Ya\u011f\u0131n\u0131n Kullan\u0131m Alanlar\u0131<\/strong><\/h4>\n<p class=\"\" data-start=\"1253\" data-end=\"1365\">M\u0131s\u0131r Ya\u011f\u0131 yayg\u0131n olarak a\u015fa\u011f\u0131dakiler i\u00e7in kullan\u0131l\u0131r <strong data-start=\"1285\" data-end=\"1339\">hafif doku, n\u00f6tr tat ve y\u00fcksek dumanlanma noktas\u0131<\/strong>, i\u00e7in m\u00fckemmel hale getirir:<\/p>\n<ul data-start=\"1366\" data-end=\"1670\">\n<li class=\"\" data-start=\"1366\" data-end=\"1442\">\n<p class=\"\" data-start=\"1368\" data-end=\"1442\"><strong data-start=\"1368\" data-end=\"1388\">Pi\u015firme &amp; K\u0131zartma<\/strong> - Derin k\u0131zartma, sote ve tavada k\u0131zartma i\u00e7in idealdir.<\/p>\n<\/li>\n<li class=\"\" data-start=\"1443\" data-end=\"1502\">\n<p class=\"\" data-start=\"1445\" data-end=\"1502\"><strong data-start=\"1445\" data-end=\"1455\">F\u0131r\u0131nlama<\/strong> - Kek, muffin ve ekmek tariflerinde kullan\u0131l\u0131r.<\/p>\n<\/li>\n<li class=\"\" data-start=\"1503\" data-end=\"1583\">\n<p class=\"\" data-start=\"1505\" data-end=\"1583\"><strong data-start=\"1505\" data-end=\"1524\">G\u0131da \u0130\u015fleme<\/strong> - Margarin, salata soslar\u0131 ve at\u0131\u015ft\u0131rmal\u0131k g\u0131dalarda yayg\u0131nd\u0131r.<\/p>\n<\/li>\n<li class=\"\" data-start=\"1584\" data-end=\"1670\">\n<p class=\"\" data-start=\"1586\" data-end=\"1670\"><strong data-start=\"1586\" data-end=\"1613\">End\u00fcstriyel Uygulamalar<\/strong> - Kozmetiklerde, sabunlarda ve biyodizel \u00fcretiminde bulunur.<\/p>\n<\/li>\n<\/ul>\n<h4 class=\"\" data-start=\"1672\" data-end=\"1713\"><strong data-start=\"1677\" data-end=\"1711\">\ud83d\udc9b M\u0131s\u0131r Ya\u011f\u0131n\u0131n Sa\u011fl\u0131\u011fa Faydalar\u0131<\/strong><\/h4>\n<ul data-start=\"1714\" data-end=\"2090\">\n<li class=\"\" data-start=\"1714\" data-end=\"1827\">\n<p class=\"\" data-start=\"1716\" data-end=\"1827\"><strong data-start=\"1716\" data-end=\"1733\">Kalp Sa\u011fl\u0131\u011f\u0131<\/strong> - Zengin <strong data-start=\"1744\" data-end=\"1768\">\u00e7oklu doymam\u0131\u015f ya\u011flar<\/strong> ve <strong data-start=\"1773\" data-end=\"1789\">fitosteroller<\/strong>, Bu da k\u00f6t\u00fc kolesterol\u00fc d\u00fc\u015f\u00fcrmeye yard\u0131mc\u0131 olur.<\/p>\n<\/li>\n<li class=\"\" data-start=\"1828\" data-end=\"1906\">\n<p class=\"\" data-start=\"1830\" data-end=\"1906\"><strong data-start=\"1830\" data-end=\"1851\">E Vitamini bak\u0131m\u0131ndan zengin<\/strong> - Cilt sa\u011fl\u0131\u011f\u0131n\u0131 destekler ve ba\u011f\u0131\u015f\u0131kl\u0131k sistemini g\u00fc\u00e7lendirir.<\/p>\n<\/li>\n<li class=\"\" data-start=\"1907\" data-end=\"1998\">\n<p class=\"\" data-start=\"1909\" data-end=\"1998\"><strong data-start=\"1909\" data-end=\"1929\">Y\u00fcksek Dumanlanma Noktas\u0131<\/strong> - \u015eunlar i\u00e7in uygundur <strong data-start=\"1945\" data-end=\"1973\">y\u00fcksek s\u0131cakl\u0131kta pi\u015firme<\/strong> k\u0131r\u0131lmadan.<\/p>\n<\/li>\n<li class=\"\" data-start=\"1999\" data-end=\"2090\">\n<p class=\"\" data-start=\"2001\" data-end=\"2090\"><strong data-start=\"2001\" data-end=\"2022\">Kilo Y\u00f6netimi<\/strong> - \u0130yi bir kaynak <strong data-start=\"2042\" data-end=\"2067\">esansiyel ya\u011f asitleri<\/strong> metabolizmaya yard\u0131mc\u0131 olur.<\/p>\n<\/li>\n<\/ul>\n<p class=\"\" data-start=\"2092\" data-end=\"2306\">At <strong data-start=\"2095\" data-end=\"2122\">Cavin Kaynak Malezya<\/strong>, biz bizim sa\u011flamak <strong data-start=\"2138\" data-end=\"2150\">M\u0131s\u0131r Ya\u011f\u0131<\/strong> o <strong data-start=\"2154\" data-end=\"2226\">yapay katk\u0131 maddeleri, koruyucular ve zararl\u0131 kimyasallar i\u00e7ermez<\/strong>, bu da onu bir <strong data-start=\"2240\" data-end=\"2270\">sa\u011fl\u0131kl\u0131 ve do\u011fal se\u00e7im<\/strong> hem ev hem de end\u00fcstriyel kullan\u0131m i\u00e7in.<\/p>\n<p class=\"\" data-start=\"2308\" data-end=\"2393\">\ud83d\udc49 <strong data-start=\"2311\" data-end=\"2351\">En kaliteli M\u0131s\u0131r Ya\u011f\u0131n\u0131 bug\u00fcn al\u0131n!<\/strong> <a class=\"\" href=\"\/tr\/cavinresources.com\/\" rel=\"noopener\" data-start=\"2352\" data-end=\"2391\">Web Sitemizi Ziyaret Edin<\/a><\/p>\n<h3 class=\"\" data-start=\"3563\" data-end=\"3612\"><strong data-start=\"3567\" data-end=\"3610\"> Daha Fazla Okuma i\u00e7in Harici Kaynaklar<\/strong><\/h3>\n<ul data-start=\"3613\" data-end=\"3887\">\n<li class=\"\" data-start=\"3613\" data-end=\"3717\">\n<p class=\"\" data-start=\"3615\" data-end=\"3717\"><a class=\"cursor-pointer\" target=\"_new\" rel=\"noopener\" data-start=\"3615\" data-end=\"3715\">M\u0131s\u0131r Ya\u011f\u0131n\u0131n Sa\u011fl\u0131\u011fa Faydalar\u0131 - Healthline<\/a><\/p>\n<\/li>\n<li class=\"\" data-start=\"3718\" data-end=\"3803\">\n<p class=\"\" data-start=\"3720\" data-end=\"3803\"><a class=\"\" href=\"https:\/\/en.wikipedia.org\/wiki\/Corn_oil\" target=\"_new\" rel=\"noopener\" data-start=\"3720\" data-end=\"3801\">M\u0131s\u0131r Ya\u011f\u0131 \u00dcretim S\u00fcreci - Vikipedi<\/a><\/p>\n<\/li>\n<li class=\"\" data-start=\"3804\" data-end=\"3887\">\n<p class=\"\" data-start=\"3806\" data-end=\"3887\"><a class=\"cursor-pointer\" target=\"_new\" rel=\"noopener\" data-start=\"3806\" data-end=\"3885\">M\u0131s\u0131r Ya\u011f\u0131n\u0131n Kullan\u0131m Alanlar\u0131 - WebMD<\/a><\/p>\n<\/li>\n<\/ul>","protected":false},"excerpt":{"rendered":"<p><strong data-start=\"2433\" data-end=\"2471\">Cavin Resource Malezya'n\u0131n M\u0131s\u0131r Ya\u011f\u0131<\/strong> bir <strong data-start=\"2477\" data-end=\"2527\">hafif, kalp sa\u011fl\u0131\u011f\u0131na yararl\u0131 ve y\u00fcksek dumanlanma noktal\u0131 ya\u011f<\/strong>, i\u00e7in m\u00fckemmel <strong data-start=\"2541\" data-end=\"2581\">pi\u015firme, k\u0131zartma ve g\u0131da i\u015fleme<\/strong>. Zengin <strong data-start=\"2591\" data-end=\"2629\">E vitamini ve \u00e7oklu doymam\u0131\u015f ya\u011flar<\/strong>, destekler <strong data-start=\"2643\" data-end=\"2683\">kalp sa\u011fl\u0131\u011f\u0131 ve kolesterol dengesi<\/strong>. d\u00f6kme m\u0131s\u0131r ya\u011f\u0131<\/p>","protected":false},"featured_media":482,"comment_status":"open","ping_status":"closed","template":"","meta":{"_et_pb_use_builder":"","_et_pb_old_content":"","_et_gb_content_width":""},"product_brand":[35],"product_cat":[777,836],"product_tag":[171,166,172,164,170,168,169,167,163,165],"class_list":{"0":"post-192","1":"product","2":"type-product","3":"status-publish","4":"has-post-thumbnail","6":"product_brand-refined-corn-oil","7":"product_cat-bulk-edible-oils-supplier","8":"product_cat-corn-oil","9":"product_tag-cavin-resource-oil-products","10":"product_tag-corn-oil-exporter","11":"product_tag-corn-oil-in-flexitanks","12":"product_tag-corn-oil-supplier-malaysia","13":"product_tag-food-industry-corn-oil","14":"product_tag-halal-corn-oil","15":"product_tag-high-smoke-point-oil","16":"product_tag-non-gmo-corn-oil","17":"product_tag-refined-corn-oil-bulk","18":"product_tag-wholesale-cooking-oil","20":"first","21":"instock","22":"sale","23":"shipping-taxable","24":"purchasable","25":"product-type-simple"},"_links":{"self":[{"href":"https:\/\/cavinresource.com\/tr\/wp-json\/wp\/v2\/product\/192","targetHints":{"allow":["GET"]}}],"collection":[{"href":"https:\/\/cavinresource.com\/tr\/wp-json\/wp\/v2\/product"}],"about":[{"href":"https:\/\/cavinresource.com\/tr\/wp-json\/wp\/v2\/types\/product"}],"replies":[{"embeddable":true,"href":"https:\/\/cavinresource.com\/tr\/wp-json\/wp\/v2\/comments?post=192"}],"wp:featuredmedia":[{"embeddable":true,"href":"https:\/\/cavinresource.com\/tr\/wp-json\/wp\/v2\/media\/482"}],"wp:attachment":[{"href":"https:\/\/cavinresource.com\/tr\/wp-json\/wp\/v2\/media?parent=192"}],"wp:term":[{"taxonomy":"product_brand","embeddable":true,"href":"https:\/\/cavinresource.com\/tr\/wp-json\/wp\/v2\/product_brand?post=192"},{"taxonomy":"product_cat","embeddable":true,"href":"https:\/\/cavinresource.com\/tr\/wp-json\/wp\/v2\/product_cat?post=192"},{"taxonomy":"product_tag","embeddable":true,"href":"https:\/\/cavinresource.com\/tr\/wp-json\/wp\/v2\/product_tag?post=192"}],"curies":[{"name":"wp","href":"https:\/\/api.w.org\/{rel}","templated":true}]}}