{"id":693,"date":"2025-04-18T22:14:30","date_gmt":"2025-04-18T22:14:30","guid":{"rendered":"https:\/\/cavinresource.com\/?post_type=product&#038;p=693"},"modified":"2026-03-03T03:04:46","modified_gmt":"2026-03-03T03:04:46","slug":"distribuidor-fornecedor-de-etilenoglicol","status":"publish","type":"product","link":"https:\/\/cavinresource.com\/pt\/product\/ethylene-glycol-supplier-distributor\/","title":{"rendered":"Etilenoglicol - L\u00edquido de arrefecimento de grau industrial"},"content":{"rendered":"<p class=\"\" data-start=\"558\" data-end=\"886\"><strong data-start=\"558\" data-end=\"586\">Etilenoglicol (C\u2082H\u2086O\u2082)<\/strong> \u00e9 um l\u00edquido l\u00edmpido, inodoro e de sabor doce, utilizado principalmente na produ\u00e7\u00e3o de <strong data-start=\"666\" data-end=\"693\">formula\u00e7\u00f5es anticongelantes<\/strong> e <strong data-start=\"698\" data-end=\"718\">fibras de poli\u00e9ster<\/strong>. Sendo um \u00e1lcool higrosc\u00f3pico com um ponto de congela\u00e7\u00e3o baixo e um ponto de ebuli\u00e7\u00e3o elevado, \u00e9 ideal para utiliza\u00e7\u00e3o em <strong data-start=\"818\" data-end=\"837\">sistemas de arrefecimento<\/strong>, <strong data-start=\"839\" data-end=\"858\">permutadores de calor<\/strong>, e <strong data-start=\"864\" data-end=\"884\">fluidos hidr\u00e1ulicos<\/strong>.<\/p>\n<p class=\"\" data-start=\"888\" data-end=\"1143\">Desempenha um papel vital em v\u00e1rios processos qu\u00edmicos e no fabrico de pol\u00edmeros. O nosso Etilenoglicol \u00e9 de qualidade industrial e \u00e9 produzido utilizando <strong data-start=\"1026\" data-end=\"1076\">processos de oxida\u00e7\u00e3o catal\u00edtica de \u00faltima gera\u00e7\u00e3o<\/strong>, garantindo uma pureza e consist\u00eancia \u00f3ptimas para os clientes industriais.<\/p>\n<p class=\"\" data-start=\"1145\" data-end=\"1264\"><a href=\"https:\/\/cavinresource.com\/pt\/\">Recurso Cavin<\/a> garante o envio atempado e eficiente de glicol de etileno a granel para satisfazer as exig\u00eancias dos nossos clientes globais.<\/p>\n<p data-start=\"1145\" data-end=\"1264\">Fornecedor e distribuidor de etilenoglicol, fornecedores de etilenoglicol a granel nos EUA,<br \/>\nFornecedores de etileno glicol a granel perto de mim,<br \/>\nFornecedores de monoetilenoglicol a granel,<br \/>\nEtileno Glicol para venda,<\/p>\n<hr class=\"\" data-start=\"1266\" data-end=\"1269\" \/>\n<h2 class=\"\" data-start=\"1271\" data-end=\"1298\">\u2699\ufe0f <strong data-start=\"1277\" data-end=\"1298\">M\u00e9todo de produ\u00e7\u00e3o<\/strong><\/h2>\n<h3 class=\"\" data-start=\"1300\" data-end=\"1332\"><strong data-start=\"1304\" data-end=\"1332\">Hidrata\u00e7\u00e3o de \u00f3xido de etileno<\/strong><\/h3>\n<ol data-start=\"1333\" data-end=\"1545\">\n<li class=\"\" data-start=\"1333\" data-end=\"1389\">\n<p class=\"\" data-start=\"1336\" data-end=\"1389\"><strong data-start=\"1336\" data-end=\"1360\">O etileno \u00e9 oxidado<\/strong> para formar <strong data-start=\"1369\" data-end=\"1387\">\u00f3xido de etileno<\/strong><\/p>\n<\/li>\n<li class=\"\" data-start=\"1390\" data-end=\"1464\">\n<p class=\"\" data-start=\"1393\" data-end=\"1464\">O \u00f3xido de etileno \u00e9 ent\u00e3o <strong data-start=\"1416\" data-end=\"1462\">hidratado para formar monoetilenoglicol (MEG)<\/strong><\/p>\n<\/li>\n<li class=\"\" data-start=\"1465\" data-end=\"1545\">\n<p class=\"\" data-start=\"1468\" data-end=\"1545\">Purificado atrav\u00e9s de <strong data-start=\"1481\" data-end=\"1512\">destila\u00e7\u00e3o e filtra\u00e7\u00e3o<\/strong> para cumprir normas espec\u00edficas do grau<\/p>\n<\/li>\n<\/ol>\n<hr class=\"\" data-start=\"1547\" data-end=\"1550\" \/>\n<h2 class=\"\" data-start=\"1552\" data-end=\"1595\">\ud83c\udfed <strong data-start=\"1558\" data-end=\"1595\">Aplica\u00e7\u00f5es e casos de utiliza\u00e7\u00e3o da ind\u00fastria<\/strong><\/h2>\n<h3 class=\"\" data-start=\"1597\" data-end=\"1631\">\ud83d\ude97 <strong data-start=\"1604\" data-end=\"1631\">Autom\u00f3vel e mec\u00e2nica<\/strong><\/h3>\n<ul data-start=\"1632\" data-end=\"1746\">\n<li class=\"\" data-start=\"1632\" data-end=\"1687\">\n<p class=\"\" data-start=\"1634\" data-end=\"1687\">Utilizado em <strong data-start=\"1642\" data-end=\"1685\">l\u00edquidos de arrefecimento para radiadores e misturas de anticongelantes<\/strong><\/p>\n<\/li>\n<li class=\"\" data-start=\"1688\" data-end=\"1746\">\n<p class=\"\" data-start=\"1690\" data-end=\"1746\">Ingrediente chave em <strong data-start=\"1708\" data-end=\"1746\">fluidos dos trav\u00f5es e sistemas hidr\u00e1ulicos<\/strong><\/p>\n<\/li>\n<\/ul>\n<h3 class=\"\" data-start=\"1748\" data-end=\"1783\">\ud83e\uddf5 <strong data-start=\"1755\" data-end=\"1783\">Ind\u00fastria t\u00eaxtil e de fibras<\/strong><\/h3>\n<ul data-start=\"1784\" data-end=\"1843\">\n<li class=\"\" data-start=\"1784\" data-end=\"1843\">\n<p class=\"\" data-start=\"1786\" data-end=\"1843\">Mat\u00e9ria-prima para <strong data-start=\"1803\" data-end=\"1843\">produ\u00e7\u00e3o de fibras e resinas de poli\u00e9ster<\/strong><\/p>\n<\/li>\n<\/ul>\n<h3 class=\"\" data-start=\"1845\" data-end=\"1891\">\ud83e\uddea <strong data-start=\"1852\" data-end=\"1891\">Fabrico industrial e qu\u00edmico<\/strong><\/h3>\n<ul data-start=\"1892\" data-end=\"2028\">\n<li class=\"\" data-start=\"1892\" data-end=\"1938\">\n<p class=\"\" data-start=\"1894\" data-end=\"1938\">Solvente em <strong data-start=\"1905\" data-end=\"1936\">tintas, tintas de impress\u00e3o e adesivos<\/strong><\/p>\n<\/li>\n<li class=\"\" data-start=\"1939\" data-end=\"1981\">\n<p class=\"\" data-start=\"1941\" data-end=\"1981\">Utilizado em <strong data-start=\"1949\" data-end=\"1979\">desidrata\u00e7\u00e3o do g\u00e1s natural<\/strong><\/p>\n<\/li>\n<li class=\"\" data-start=\"1982\" data-end=\"2028\">\n<p class=\"\" data-start=\"1984\" data-end=\"2028\">Intermedi\u00e1rio em processos de s\u00edntese qu\u00edmica<\/p>\n<\/li>\n<\/ul>\n<hr class=\"\" data-start=\"2030\" data-end=\"2033\" \/>\n<h2 class=\"\" data-start=\"2035\" data-end=\"2071\">\u2705 <strong data-start=\"2040\" data-end=\"2071\">Benef\u00edcios do etilenoglicol<\/strong><\/h2>\n<ul data-start=\"2073\" data-end=\"2394\">\n<li class=\"\" data-start=\"2073\" data-end=\"2139\">\n<p class=\"\" data-start=\"2075\" data-end=\"2139\">\u2744\ufe0f <strong data-start=\"2078\" data-end=\"2113\">Excelentes propriedades anticongelantes<\/strong> - reduz o ponto de congela\u00e7\u00e3o<\/p>\n<\/li>\n<li class=\"\" data-start=\"2140\" data-end=\"2192\">\n<p class=\"\" data-start=\"2142\" data-end=\"2192\">\ud83d\udd01 <strong data-start=\"2145\" data-end=\"2172\">Recicl\u00e1vel e reutiliz\u00e1vel<\/strong> em sistemas fechados<\/p>\n<\/li>\n<li class=\"\" data-start=\"2193\" data-end=\"2260\">\n<p class=\"\" data-start=\"2195\" data-end=\"2260\">\ud83d\udd2c <strong data-start=\"2198\" data-end=\"2232\">Est\u00e1vel a altas temperaturas<\/strong> - ideal para transfer\u00eancia de calor<\/p>\n<\/li>\n<li class=\"\" data-start=\"2261\" data-end=\"2317\">\n<p class=\"\" data-start=\"2263\" data-end=\"2317\">\ud83d\udca7 <strong data-start=\"2266\" data-end=\"2315\">Misc\u00edvel com \u00e1gua e muitos solventes org\u00e2nicos<\/strong><\/p>\n<\/li>\n<li class=\"\" data-start=\"2318\" data-end=\"2394\">\n<p class=\"\" data-start=\"2320\" data-end=\"2394\">\ud83d\udd27 <strong data-start=\"2323\" data-end=\"2342\">Utiliza\u00e7\u00e3o vers\u00e1til<\/strong> nas ind\u00fastrias qu\u00edmica, t\u00eaxtil e autom\u00f3vel<\/p>\n<\/li>\n<\/ul>\n<hr class=\"\" data-start=\"2396\" data-end=\"2399\" \/>\n<h2 class=\"\" data-start=\"2401\" data-end=\"2428\">\ud83d\udce6 <strong data-start=\"2407\" data-end=\"2428\">Op\u00e7\u00f5es de embalagem<\/strong><\/h2>\n<ul data-start=\"2430\" data-end=\"2539\">\n<li class=\"\" data-start=\"2430\" data-end=\"2449\">\n<p class=\"\" data-start=\"2432\" data-end=\"2449\">Tambores HDPE de 220L<\/p>\n<\/li>\n<li class=\"\" data-start=\"2450\" data-end=\"2470\">\n<p class=\"\" data-start=\"2452\" data-end=\"2470\">Tanques IBC de 1.000L<\/p>\n<\/li>\n<li class=\"\" data-start=\"2471\" data-end=\"2502\">\n<p class=\"\" data-start=\"2473\" data-end=\"2502\">A granel em contentores-cisterna ISO<\/p>\n<\/li>\n<li class=\"\" data-start=\"2503\" data-end=\"2539\">\n<p class=\"\" data-start=\"2505\" data-end=\"2539\">Embalagem personalizada para OEM dispon\u00edvel<\/p>\n<\/li>\n<\/ul>\n<hr class=\"\" data-start=\"2541\" data-end=\"2544\" \/>\n<h2 class=\"\" data-start=\"2546\" data-end=\"2588\">\u2753 <strong data-start=\"2551\" data-end=\"2588\">Perguntas frequentes (FAQs)<\/strong><\/h2>\n<h3 class=\"\" data-start=\"2590\" data-end=\"2628\">1. <strong data-start=\"2597\" data-end=\"2626\">O glicol de etileno \u00e9 t\u00f3xico?<\/strong><\/h3>\n<p class=\"\" data-start=\"2629\" data-end=\"2783\">Sim. Embora tenha um sabor doce, <strong data-start=\"2662\" data-end=\"2702\">o etilenoglicol \u00e9 t\u00f3xico se ingerido<\/strong>, particularmente por seres humanos e animais. O manuseamento e a rotulagem corretos s\u00e3o essenciais.<\/p>\n<hr class=\"\" data-start=\"2785\" data-end=\"2788\" \/>\n<h3 class=\"\" data-start=\"2790\" data-end=\"2846\">2. <strong data-start=\"2797\" data-end=\"2844\">Qual \u00e9 a diferen\u00e7a entre MEG e DEG?<\/strong><\/h3>\n<p class=\"\" data-start=\"2847\" data-end=\"2998\"><strong data-start=\"2847\" data-end=\"2876\">Monoetilenoglicol (MEG)<\/strong> \u00e9 utilizado em <strong data-start=\"2888\" data-end=\"2916\">anticongelante e poli\u00e9ster<\/strong>, enquanto <strong data-start=\"2924\" data-end=\"2951\">Dietilenoglicol (DEG)<\/strong> \u00e9 mais comum em <strong data-start=\"2970\" data-end=\"2997\">solventes e humectantes<\/strong>.<\/p>\n<hr class=\"\" data-start=\"3000\" data-end=\"3003\" \/>\n<h3 class=\"\" data-start=\"3005\" data-end=\"3051\">3. <strong data-start=\"3012\" data-end=\"3049\">O etilenoglicol \u00e9 biodegrad\u00e1vel?<\/strong><\/h3>\n<p class=\"\" data-start=\"3052\" data-end=\"3178\">Sim, o etilenoglicol \u00e9 <strong data-start=\"3076\" data-end=\"3118\">biodegrad\u00e1vel em condi\u00e7\u00f5es aer\u00f3bias<\/strong>, mas os derrames devem ser devidamente contidos e limpos.<\/p>\n<hr class=\"\" data-start=\"3180\" data-end=\"3183\" \/>\n<h3 class=\"\" data-start=\"3185\" data-end=\"3229\">4. <strong data-start=\"3192\" data-end=\"3227\">Pode ser utilizado em sistemas AVAC?<\/strong><\/h3>\n<p class=\"\" data-start=\"3230\" data-end=\"3332\">Sim. O etilenoglicol \u00e9 amplamente utilizado em <strong data-start=\"3269\" data-end=\"3318\">refrigeradores, permutadores de calor e equipamento AVAC<\/strong> como l\u00edquido de arrefecimento.<\/p>\n<hr class=\"\" data-start=\"3334\" data-end=\"3337\" \/>\n<h2 class=\"\" data-start=\"3339\" data-end=\"3385\">\ud83d\udcda <strong data-start=\"3345\" data-end=\"3385\">Fontes cred\u00edveis para SEO e refer\u00eancia<\/strong><\/h2>\n<ul data-start=\"3387\" data-end=\"3697\">\n<li class=\"\" data-start=\"3387\" data-end=\"3477\">\n<p class=\"\" data-start=\"3389\" data-end=\"3477\"><a class=\"\" href=\"https:\/\/pubchem.ncbi.nlm.nih.gov\/compound\/Ethylene-glycol\" target=\"_new\" rel=\"noopener\" data-start=\"3389\" data-end=\"3475\">PubChem - Etileno Glicol<\/a><\/p>\n<\/li>\n<li class=\"\" data-start=\"3478\" data-end=\"3568\">\n<p class=\"\" data-start=\"3480\" data-end=\"3568\"><a class=\"\" href=\"https:\/\/www.cdc.gov\/niosh\/npg\/npgd0278.html\" target=\"_new\" rel=\"noopener\" data-start=\"3480\" data-end=\"3566\">Ficha de informa\u00e7\u00e3o do CDC NIOSH sobre o etilenoglicol<\/a><\/p>\n<\/li>\n<li class=\"\" data-start=\"3569\" data-end=\"3697\">\n<p class=\"\" data-start=\"3571\" data-end=\"3697\"><a class=\"\" href=\"https:\/\/echa.europa.eu\/substance-information\/-\/substanceinfo\/100.003.458\" target=\"_new\" rel=\"noopener\" data-start=\"3571\" data-end=\"3697\">Ag\u00eancia Europeia dos Produtos Qu\u00edmicos (ECHA) - Etilenoglicol<\/a><\/p>\n<\/li>\n<\/ul>","protected":false},"excerpt":{"rendered":"<p><strong data-start=\"177\" data-end=\"201\">Etileno glicol (EG)<\/strong> \u00e9 um vers\u00e1til <strong data-start=\"217\" data-end=\"237\">composto org\u00e2nico<\/strong> utilizado como ingrediente principal em <strong data-start=\"270\" data-end=\"320\">produ\u00e7\u00e3o de refrigerantes, anticongelantes e poli\u00e9steres<\/strong>. Fornecimentos de recursos Cavin <strong data-start=\"346\" data-end=\"388\">Monoetilenoglicol (MEG) de elevada pureza<\/strong> adequado para utiliza\u00e7\u00e3o em <strong data-start=\"409\" data-end=\"485\">aplica\u00e7\u00f5es no sector autom\u00f3vel, t\u00eaxtil, qu\u00edmico e industrial<\/strong>. Dispon\u00edvel a granel em todo o mundo.<\/p>","protected":false},"featured_media":652,"comment_status":"open","ping_status":"closed","template":"","meta":{"_et_pb_use_builder":"","_et_pb_old_content":"","_et_gb_content_width":""},"product_brand":[],"product_cat":[15,787],"product_tag":[659,374,660,656,662,657,658,661],"class_list":{"0":"post-693","1":"product","2":"type-product","3":"status-publish","4":"has-post-thumbnail","6":"product_cat-uncategorized","7":"product_cat-industrial-solvents-bulk","8":"product_tag-antifreeze-chemical","9":"product_tag-cavin-resource","10":"product_tag-coolant-base","11":"product_tag-ethylene-glycol","12":"product_tag-industrial-solvent","13":"product_tag-meg","14":"product_tag-monoethylene-glycol","15":"product_tag-polyester-raw-material","17":"first","18":"instock","19":"sale","20":"shipping-taxable","21":"purchasable","22":"product-type-simple"},"_links":{"self":[{"href":"https:\/\/cavinresource.com\/pt\/wp-json\/wp\/v2\/product\/693","targetHints":{"allow":["GET"]}}],"collection":[{"href":"https:\/\/cavinresource.com\/pt\/wp-json\/wp\/v2\/product"}],"about":[{"href":"https:\/\/cavinresource.com\/pt\/wp-json\/wp\/v2\/types\/product"}],"replies":[{"embeddable":true,"href":"https:\/\/cavinresource.com\/pt\/wp-json\/wp\/v2\/comments?post=693"}],"wp:featuredmedia":[{"embeddable":true,"href":"https:\/\/cavinresource.com\/pt\/wp-json\/wp\/v2\/media\/652"}],"wp:attachment":[{"href":"https:\/\/cavinresource.com\/pt\/wp-json\/wp\/v2\/media?parent=693"}],"wp:term":[{"taxonomy":"product_brand","embeddable":true,"href":"https:\/\/cavinresource.com\/pt\/wp-json\/wp\/v2\/product_brand?post=693"},{"taxonomy":"product_cat","embeddable":true,"href":"https:\/\/cavinresource.com\/pt\/wp-json\/wp\/v2\/product_cat?post=693"},{"taxonomy":"product_tag","embeddable":true,"href":"https:\/\/cavinresource.com\/pt\/wp-json\/wp\/v2\/product_tag?post=693"}],"curies":[{"name":"wp","href":"https:\/\/api.w.org\/{rel}","templated":true}]}}