{"id":564,"date":"2025-04-15T11:36:49","date_gmt":"2025-04-15T11:36:49","guid":{"rendered":"https:\/\/cavinresource.com\/?post_type=product&#038;p=564"},"modified":"2026-03-03T14:30:50","modified_gmt":"2026-03-03T14:30:50","slug":"wholesale-low-aromatic-white-spirit","status":"publish","type":"product","link":"https:\/\/cavinresource.com\/pt\/product\/wholesale-low-aromatic-white-spirit\/","title":{"rendered":"Low Aromatic White Spirit (LAWS) \u2013 High-Flash Industrial Solvent"},"content":{"rendered":"<p class=\"\" data-start=\"692\" data-end=\"1051\"><strong data-start=\"692\" data-end=\"728\">Low Aromatic White Spirit (LAWS)<\/strong> is a transparent, colorless aliphatic hydrocarbon solvent refined to contain <strong data-start=\"806\" data-end=\"834\">less than 0.1% aromatics<\/strong>, making it a safer, low-odor alternative to standard white spirit. With a <strong data-start=\"909\" data-end=\"937\">high flash point (\u226562\u00b0C)<\/strong>, LAWS is ideal for use in <strong data-start=\"964\" data-end=\"1050\">paints, varnishes, cleaning solutions, ink formulations, degreasers, and adhesives<\/strong>.<\/p>\n<p class=\"\" data-start=\"1053\" data-end=\"1377\"><a href=\"https:\/\/cavinresource.com\/pt\/\">Recurso Cavin<\/a> ofertas <strong data-start=\"1075\" data-end=\"1100\">industrial-grade LAWS<\/strong> with <strong data-start=\"1106\" data-end=\"1152\">consistently low toxicity and minimal odor<\/strong>, making it suitable for use in both industrial and consumer-safe products. We ensure <strong data-start=\"1238\" data-end=\"1298\">strict adherence to environmental and safety regulations<\/strong> with complete documentation, bulk export-ready packaging, and custom labeling. low aromatic white spirit price per ton<\/p>\n<hr class=\"\" data-start=\"1379\" data-end=\"1382\" \/>\n<h2 class=\"\" data-start=\"1384\" data-end=\"1411\">\u2699\ufe0f <strong data-start=\"1390\" data-end=\"1411\">M\u00e9todo de produ\u00e7\u00e3o<\/strong><\/h2>\n<h3 class=\"\" data-start=\"1413\" data-end=\"1466\"><strong data-start=\"1417\" data-end=\"1466\">Fractional Distillation &amp; Aromatics Reduction<\/strong><\/h3>\n<ol data-start=\"1467\" data-end=\"1667\">\n<li class=\"\" data-start=\"1467\" data-end=\"1521\">\n<p class=\"\" data-start=\"1470\" data-end=\"1521\">Crude petroleum undergoes atmospheric distillation.<\/p>\n<\/li>\n<li class=\"\" data-start=\"1522\" data-end=\"1577\">\n<p class=\"\" data-start=\"1525\" data-end=\"1577\">Mid-boiling fractions are isolated and hydrotreated.<\/p>\n<\/li>\n<li class=\"\" data-start=\"1578\" data-end=\"1667\">\n<p class=\"\" data-start=\"1581\" data-end=\"1667\">Aromatics are reduced via catalytic hydrogenation, yielding <strong data-start=\"1641\" data-end=\"1666\">low-odor white spirit<\/strong>.<\/p>\n<\/li>\n<\/ol>\n<p class=\"\" data-start=\"1669\" data-end=\"1764\">This results in a <strong data-start=\"1687\" data-end=\"1728\">refined, stable, low-aromatic solvent<\/strong> ideal for sensitive industrial use. low aromatic white spirit (laws) bulk Low Aromatic White Spirit msds<\/p>\n<hr class=\"\" data-start=\"2987\" data-end=\"2990\" \/>\n<h2 class=\"\" data-start=\"2992\" data-end=\"3019\">\ud83e\uddea <strong data-start=\"2998\" data-end=\"3019\">Op\u00e7\u00f5es de embalagem<\/strong><\/h2>\n<ul data-start=\"3021\" data-end=\"3128\">\n<li class=\"\" data-start=\"3021\" data-end=\"3042\">\n<p class=\"\" data-start=\"3023\" data-end=\"3042\">165kg steel drums<\/p>\n<\/li>\n<li class=\"\" data-start=\"3043\" data-end=\"3062\">\n<p class=\"\" data-start=\"3045\" data-end=\"3062\">1000L IBC tanks<\/p>\n<\/li>\n<li class=\"\" data-start=\"3063\" data-end=\"3100\">\n<p class=\"\" data-start=\"3065\" data-end=\"3100\">ISO tank containers (bulk orders)<\/p>\n<\/li>\n<li class=\"\" data-start=\"3101\" data-end=\"3128\">\n<p class=\"\" data-start=\"3103\" data-end=\"3128\">Custom labeling available<\/p>\n<\/li>\n<\/ul>\n<hr class=\"\" data-start=\"3344\" data-end=\"3347\" \/>\n<h2 class=\"\" data-start=\"3349\" data-end=\"3380\">\ud83c\udfed <strong data-start=\"3355\" data-end=\"3380\">Casos de utiliza\u00e7\u00e3o por sector<\/strong><\/h2>\n<h3 class=\"\" data-start=\"3382\" data-end=\"3410\">\ud83c\udfa8 <strong data-start=\"3389\" data-end=\"3410\">Tintas e revestimentos<\/strong><\/h3>\n<ul data-start=\"3411\" data-end=\"3470\">\n<li class=\"\" data-start=\"3411\" data-end=\"3470\">\n<p class=\"\" data-start=\"3413\" data-end=\"3470\">Solvent and thinner for oil-based paints and alkyd resins<\/p>\n<\/li>\n<\/ul>\n<h3 class=\"\" data-start=\"3472\" data-end=\"3504\">\ud83e\uddfd <strong data-start=\"3479\" data-end=\"3504\">Cleaning &amp; Degreasing<\/strong><\/h3>\n<ul data-start=\"3505\" data-end=\"3569\">\n<li class=\"\" data-start=\"3505\" data-end=\"3569\">\n<p class=\"\" data-start=\"3507\" data-end=\"3569\">Industrial degreasing, machine part cleaning, and surface prep<\/p>\n<\/li>\n<\/ul>\n<h3 class=\"\" data-start=\"3571\" data-end=\"3602\">\ud83e\uddea <strong data-start=\"3578\" data-end=\"3602\">Adesivos e vedantes<\/strong><\/h3>\n<ul data-start=\"3603\" data-end=\"3644\">\n<li class=\"\" data-start=\"3603\" data-end=\"3644\">\n<p class=\"\" data-start=\"3605\" data-end=\"3644\">Used as a carrier and viscosity reducer<\/p>\n<\/li>\n<\/ul>\n<h3 class=\"\" data-start=\"3646\" data-end=\"3671\">\ud83d\udd8b\ufe0f <strong data-start=\"3654\" data-end=\"3671\">Printing Inks<\/strong><\/h3>\n<ul data-start=\"3672\" data-end=\"3729\">\n<li class=\"\" data-start=\"3672\" data-end=\"3729\">\n<p class=\"\" data-start=\"3674\" data-end=\"3729\">Acts as a solvent in ink formulations and drying agents<\/p>\n<\/li>\n<\/ul>\n<h3 class=\"\" data-start=\"3731\" data-end=\"3760\">\ud83e\uddfc <strong data-start=\"3738\" data-end=\"3760\">Household Products<\/strong><\/h3>\n<ul data-start=\"3761\" data-end=\"3832\">\n<li class=\"\" data-start=\"3761\" data-end=\"3832\">\n<p class=\"\" data-start=\"3763\" data-end=\"3832\">Used in wax removers, polishes, and cleaning sprays (in diluted form)<\/p>\n<\/li>\n<\/ul>\n<hr class=\"\" data-start=\"3834\" data-end=\"3837\" \/>\n<h2 class=\"\" data-start=\"3839\" data-end=\"3885\">\u2705 <strong data-start=\"3844\" data-end=\"3885\">Benefits of Low Aromatic White Spirit<\/strong><\/h2>\n<ul data-start=\"3887\" data-end=\"4283\">\n<li class=\"\" data-start=\"3887\" data-end=\"3970\">\n<p class=\"\" data-start=\"3889\" data-end=\"3970\">\ud83c\udf2c\ufe0f <strong data-start=\"3893\" data-end=\"3922\">Low Odor &amp; Safer Handling<\/strong> \u2013 Less irritating for operators and end-users<\/p>\n<\/li>\n<li class=\"\" data-start=\"3971\" data-end=\"4050\">\n<p class=\"\" data-start=\"3973\" data-end=\"4050\">\ud83d\udd25 <strong data-start=\"3976\" data-end=\"4004\">High Flash Point (\u226562\u00b0C)<\/strong> \u2013 Improved safety for storage and transport<\/p>\n<\/li>\n<li class=\"\" data-start=\"4051\" data-end=\"4118\">\n<p class=\"\" data-start=\"4053\" data-end=\"4118\">\u267b\ufe0f <strong data-start=\"4056\" data-end=\"4072\">Eco-Friendly<\/strong> \u2013 Reduced volatile organic compounds (VOCs)<\/p>\n<\/li>\n<li class=\"\" data-start=\"4119\" data-end=\"4202\">\n<p class=\"\" data-start=\"4121\" data-end=\"4202\">\ud83d\udd2c <strong data-start=\"4124\" data-end=\"4149\">Stable Solvent System<\/strong> \u2013 Long shelf life and consistent evaporation rates<\/p>\n<\/li>\n<li class=\"\" data-start=\"4203\" data-end=\"4283\">\n<p class=\"\" data-start=\"4205\" data-end=\"4283\">\ud83c\udf0d <strong data-start=\"4208\" data-end=\"4228\">Ready for Export<\/strong> \u2013 Compliant with global safety and customs regulations<\/p>\n<\/li>\n<\/ul>\n<hr class=\"\" data-start=\"4285\" data-end=\"4288\" \/>\n<h2 class=\"\" data-start=\"4290\" data-end=\"4329\">\ud83d\udcda <strong data-start=\"4296\" data-end=\"4329\">Refer\u00eancias e fontes cred\u00edveis<\/strong><\/h2>\n<ul data-start=\"4331\" data-end=\"4636\">\n<li class=\"\" data-start=\"4331\" data-end=\"4418\">\n<p class=\"\" data-start=\"4333\" data-end=\"4418\">\ud83d\udd17 <a class=\"\" href=\"https:\/\/pubchem.ncbi.nlm.nih.gov\/compound\/White-Spirit\" target=\"_new\" rel=\"noopener\" data-start=\"4336\" data-end=\"4416\">PubChem \u2013 White Spirit<\/a><\/p>\n<\/li>\n<li class=\"\" data-start=\"4419\" data-end=\"4490\">\n<p class=\"\" data-start=\"4421\" data-end=\"4490\">\ud83d\udd17 <a class=\"\" href=\"https:\/\/www.esig.org\/\" target=\"_new\" rel=\"noopener\" data-start=\"4424\" data-end=\"4488\">European Solvents Industry Group (ESIG)<\/a><\/p>\n<\/li>\n<li class=\"\" data-start=\"4491\" data-end=\"4572\">\n<p class=\"\" data-start=\"4493\" data-end=\"4572\">\ud83d\udd17 <a class=\"\" href=\"https:\/\/echa.europa.eu\/\" target=\"_new\" rel=\"noopener\" data-start=\"4496\" data-end=\"4570\">European Chemicals Agency \u2013 LAWS Substance Info<\/a><\/p>\n<\/li>\n<li class=\"\" data-start=\"4573\" data-end=\"4636\">\n<p class=\"\" data-start=\"4575\" data-end=\"4636\">\ud83d\udd17 <a class=\"\" href=\"https:\/\/www.cdc.gov\/niosh\/\" target=\"_new\" rel=\"noopener\" data-start=\"4578\" data-end=\"4636\">NIOSH \u2013 Hydrocarbon Solvents<\/a><\/p>\n<\/li>\n<\/ul>\n<hr class=\"\" data-start=\"4638\" data-end=\"4641\" \/>\n<h2 class=\"\" data-start=\"4643\" data-end=\"4685\">\u2753 <strong data-start=\"4648\" data-end=\"4685\">Perguntas frequentes (FAQs)<\/strong><\/h2>\n<hr class=\"\" data-start=\"4687\" data-end=\"4690\" \/>\n<h3 class=\"\" data-start=\"4692\" data-end=\"4774\"><strong data-start=\"4696\" data-end=\"4772\">1. What makes Low Aromatic White Spirit safer than regular white spirit?<\/strong><\/h3>\n<p class=\"\" data-start=\"4775\" data-end=\"4931\"><strong data-start=\"4775\" data-end=\"4786\">Resposta:<\/strong><br data-start=\"4786\" data-end=\"4789\" \/>LAWS contains <strong data-start=\"4803\" data-end=\"4831\">less than 0.1% aromatics<\/strong>, reducing inhalation risk, skin irritation, and overall toxicity compared to standard white spirit.<\/p>\n<hr class=\"\" data-start=\"4933\" data-end=\"4936\" \/>\n<h3 class=\"\" data-start=\"4938\" data-end=\"4988\"><strong data-start=\"4942\" data-end=\"4986\">2. Can I use LAWS in water-based paints?<\/strong><\/h3>\n<p class=\"\" data-start=\"4989\" data-end=\"5117\"><strong data-start=\"4989\" data-end=\"5000\">Resposta:<\/strong><br data-start=\"5000\" data-end=\"5003\" \/>No. LAWS is intended for <strong data-start=\"5028\" data-end=\"5067\">oil-based and solvent-borne systems<\/strong>. It&#8217;s incompatible with water-based formulations.<\/p>\n<hr class=\"\" data-start=\"5119\" data-end=\"5122\" \/>\n<h3 class=\"\" data-start=\"5124\" data-end=\"5192\"><strong data-start=\"5128\" data-end=\"5190\">3. Do you supply documentation for international shipping?<\/strong><\/h3>\n<p class=\"\" data-start=\"5193\" data-end=\"5311\"><strong data-start=\"5193\" data-end=\"5204\">Resposta:<\/strong><br data-start=\"5204\" data-end=\"5207\" \/>Yes, each shipment includes <strong data-start=\"5235\" data-end=\"5310\">COA, MSDS, SGS inspection, packing list, and UN transport documentation<\/strong>.<\/p>\n<hr class=\"\" data-start=\"5313\" data-end=\"5316\" \/>\n<h3 class=\"\" data-start=\"5318\" data-end=\"5349\"><strong data-start=\"5322\" data-end=\"5347\">4. Is LAWS flammable?<\/strong><\/h3>\n<p class=\"\" data-start=\"5350\" data-end=\"5504\"><strong data-start=\"5350\" data-end=\"5361\">Resposta:<\/strong><br data-start=\"5361\" data-end=\"5364\" \/>Yes, but with a <strong data-start=\"5380\" data-end=\"5409\">high flash point of \u226562\u00b0C<\/strong>, it is <strong data-start=\"5417\" data-end=\"5435\">less flammable<\/strong> than regular white spirit, improving transport and workplace safety.<\/p>\n<hr class=\"\" data-start=\"5506\" data-end=\"5509\" \/>\n<h3 class=\"\" data-start=\"5511\" data-end=\"5561\"><strong data-start=\"5515\" data-end=\"5559\">5. Can you provide a sample for testing?<\/strong><\/h3>\n<p class=\"\" data-start=\"5562\" data-end=\"5684\"><strong data-start=\"5562\" data-end=\"5573\">Resposta:<\/strong><br data-start=\"5573\" data-end=\"5576\" \/>Sim, <strong data-start=\"5581\" data-end=\"5597\">free samples<\/strong> (1L or 500mL) can be shipped to verified industrial buyers for performance evaluation.<\/p>","protected":false},"excerpt":{"rendered":"<p>Premium <strong data-start=\"429\" data-end=\"465\">Low Aromatic White Spirit (LAWS)<\/strong> supplied by Cavin Resource for use in paints, coatings, cleaning agents, and adhesives. Low odor, high flash point, and refined to meet international industrial and environmental standards. Low Aromatic White Spirit (LAWS)<\/p>","protected":false},"featured_media":565,"comment_status":"open","ping_status":"closed","template":"","meta":{"_et_pb_use_builder":"","_et_pb_old_content":"","_et_gb_content_width":""},"product_brand":[],"product_cat":[784,798],"product_tag":[374,377,379,376,375,1272,380,378],"class_list":{"0":"post-564","1":"product","2":"type-product","3":"status-publish","4":"has-post-thumbnail","6":"product_cat-bulk-industrial-chemicals-supplier","7":"product_cat-solvents-additives","8":"product_tag-cavin-resource","9":"product_tag-high-flash-point-white-spirit","10":"product_tag-industrial-hydrocarbon-solvent","11":"product_tag-laws-solvent-supplier","12":"product_tag-low-aromatic-white-spirit","13":"product_tag-low-aromatic-white-spirit-laws","14":"product_tag-odorless-white-spirit","15":"product_tag-paint-thinner-malaysia","17":"first","18":"instock","19":"sale","20":"shipping-taxable","21":"purchasable","22":"product-type-simple"},"_links":{"self":[{"href":"https:\/\/cavinresource.com\/pt\/wp-json\/wp\/v2\/product\/564","targetHints":{"allow":["GET"]}}],"collection":[{"href":"https:\/\/cavinresource.com\/pt\/wp-json\/wp\/v2\/product"}],"about":[{"href":"https:\/\/cavinresource.com\/pt\/wp-json\/wp\/v2\/types\/product"}],"replies":[{"embeddable":true,"href":"https:\/\/cavinresource.com\/pt\/wp-json\/wp\/v2\/comments?post=564"}],"wp:featuredmedia":[{"embeddable":true,"href":"https:\/\/cavinresource.com\/pt\/wp-json\/wp\/v2\/media\/565"}],"wp:attachment":[{"href":"https:\/\/cavinresource.com\/pt\/wp-json\/wp\/v2\/media?parent=564"}],"wp:term":[{"taxonomy":"product_brand","embeddable":true,"href":"https:\/\/cavinresource.com\/pt\/wp-json\/wp\/v2\/product_brand?post=564"},{"taxonomy":"product_cat","embeddable":true,"href":"https:\/\/cavinresource.com\/pt\/wp-json\/wp\/v2\/product_cat?post=564"},{"taxonomy":"product_tag","embeddable":true,"href":"https:\/\/cavinresource.com\/pt\/wp-json\/wp\/v2\/product_tag?post=564"}],"curies":[{"name":"wp","href":"https:\/\/api.w.org\/{rel}","templated":true}]}}