{"id":212,"date":"2025-03-16T12:49:39","date_gmt":"2025-03-16T12:49:39","guid":{"rendered":"https:\/\/cavinresource.com\/?post_type=product&#038;p=212"},"modified":"2026-03-04T10:50:18","modified_gmt":"2026-03-04T10:50:18","slug":"preco-por-grosso-do-azeite-virgem-extra","status":"publish","type":"product","link":"https:\/\/cavinresource.com\/pt\/product\/wholesale-price-of-extra-virgin-olive-oil\/","title":{"rendered":"Azeite Virgem Extra - Cavin Resources Portugal"},"content":{"rendered":"<p class=\"\" data-start=\"676\" data-end=\"1020\">Em <a href=\"https:\/\/cavinresource.com\/pt\/\"><strong data-start=\"679\" data-end=\"697\">Recurso Cavin<\/strong><\/a>, fornecemos <strong data-start=\"709\" data-end=\"748\">azeite virgem extra de alta qualidade<\/strong> que \u00e9 prensado a frio a partir de azeitonas acabadas de colher e sem qu\u00edmicos. O nosso EVOO caracteriza-se pela sua <strong data-start=\"849\" data-end=\"879\">cor verde-dourada vibrante<\/strong>, <strong data-start=\"881\" data-end=\"906\">aroma frutado distinto<\/strong>, e <strong data-start=\"912\" data-end=\"935\">baixa acidez (&lt;0,8%)<\/strong>, tornando-o perfeito para <strong data-start=\"959\" data-end=\"971\">culin\u00e1ria<\/strong>, <strong data-start=\"973\" data-end=\"988\">nutricional<\/strong>, e <strong data-start=\"994\" data-end=\"1019\">aplica\u00e7\u00f5es cosm\u00e9ticas<\/strong>. pre\u00e7o por grosso do azeite virgem extra<\/p>\n<p class=\"\" data-start=\"1022\" data-end=\"1343\">O nosso azeite virgem extra \u00e9 uma fonte poderosa de <strong data-start=\"1068\" data-end=\"1092\">gorduras monoinsaturadas<\/strong>, <strong data-start=\"1094\" data-end=\"1109\">polifen\u00f3is<\/strong>, e <strong data-start=\"1115\" data-end=\"1128\">vitamina E<\/strong>, oferecendo uma vasta <strong data-start=\"1149\" data-end=\"1168\">benef\u00edcios para a sa\u00fade<\/strong> e um <strong data-start=\"1175\" data-end=\"1197\">sabor suave e arrojado<\/strong> para prepara\u00e7\u00e3o de alimentos e uso gourmet. Oferecemos op\u00e7\u00f5es de fornecimento a granel com <strong data-start=\"1270\" data-end=\"1286\">Etiquetagem OEM<\/strong>, <strong data-start=\"1288\" data-end=\"1306\">certifica\u00e7\u00f5es<\/strong>, e <strong data-start=\"1312\" data-end=\"1342\">log\u00edstica mundial de exporta\u00e7\u00e3o<\/strong>.<\/p>\n<h2 class=\"\" data-start=\"1350\" data-end=\"1377\"><strong data-start=\"1356\" data-end=\"1377\">M\u00e9todo de produ\u00e7\u00e3o do azeite virgem extra<\/strong><\/h2>\n<ul>\n<li data-start=\"1382\" data-end=\"1450\"><strong data-start=\"1382\" data-end=\"1396\">Colheita<\/strong> - As azeitonas maduras s\u00e3o colhidas \u00e0 m\u00e3o ou \u00e0 m\u00e1quina.<\/li>\n<li data-start=\"1382\" data-end=\"1450\"><strong data-start=\"1454\" data-end=\"1471\">Prensagem a frio<\/strong> - As azeitonas s\u00e3o esmagadas e prensadas a baixas temperaturas para reter os nutrientes.<\/li>\n<li data-start=\"1382\" data-end=\"1450\"><strong data-start=\"1554\" data-end=\"1580\">Decanta\u00e7\u00e3o e filtra\u00e7\u00e3o<\/strong> - O azeite \u00e9 sedimentado naturalmente ou ligeiramente filtrado.<\/li>\n<li data-start=\"1382\" data-end=\"1450\"><strong data-start=\"1634\" data-end=\"1645\">Armazenamento<\/strong> - Armazenado em dep\u00f3sitos de a\u00e7o inoxid\u00e1vel sob azoto para evitar a oxida\u00e7\u00e3o.<\/li>\n<li data-start=\"1382\" data-end=\"1450\"><strong data-start=\"1722\" data-end=\"1735\">Embalagem<\/strong> - Enchimento em tambores de qualidade alimentar, IBCs ou garrafas PET para distribui\u00e7\u00e3o.<\/li>\n<\/ul>\n<div class=\"overflow-x-auto contain-inline-size\"><\/div>\n<h2 class=\"\" data-start=\"2892\" data-end=\"2931\"><strong data-start=\"2898\" data-end=\"2931\">Fontes cred\u00edveis e refer\u00eancias do azeite virgem extra<\/strong><\/h2>\n<ul data-start=\"2933\" data-end=\"3300\">\n<li class=\"\" data-start=\"2933\" data-end=\"3039\">\n<p class=\"\" data-start=\"2935\" data-end=\"3039\">\ud83d\udd17 <a class=\"\" href=\"https:\/\/www.internationaloliveoil.org\" target=\"_new\" rel=\"noopener\" data-start=\"2938\" data-end=\"3037\">Conselho Ole\u00edcola Internacional (COI) - Normas de qualidade do EVOO<\/a><\/p>\n<\/li>\n<li class=\"\" data-start=\"3040\" data-end=\"3152\">\n<p class=\"\" data-start=\"3042\" data-end=\"3152\">\ud83d\udd17 <a class=\"cursor-pointer\" target=\"_new\" rel=\"noopener\" data-start=\"3045\" data-end=\"3150\">Dados nutricionais do USDA - Azeite<\/a><\/p>\n<\/li>\n<li class=\"\" data-start=\"3153\" data-end=\"3300\">\n<p class=\"\" data-start=\"3155\" data-end=\"3300\">\ud83d\udd17 <a class=\"\" href=\"https:\/\/www.hsph.harvard.edu\/nutritionsource\/food-features\/olive-oil\/\" target=\"_new\" rel=\"noopener\" data-start=\"3158\" data-end=\"3300\">Harvard T.H. Chan School of Public Health - Benef\u00edcios do azeite para a sa\u00fade<\/a><\/p>\n<\/li>\n<\/ul>\n<h2 class=\"\" data-start=\"3578\" data-end=\"3596\"><strong data-start=\"3584\" data-end=\"3596\">Benef\u00edcios do Azeite Virgem Extra<\/strong><\/h2>\n<ul data-start=\"3598\" data-end=\"4015\">\n<li class=\"\" data-start=\"3598\" data-end=\"3674\">\n<p class=\"\" data-start=\"3600\" data-end=\"3674\">\u2705 <strong data-start=\"3602\" data-end=\"3627\">Sa\u00fade cardiovascular<\/strong> - Rica em gorduras monoinsaturadas e polifen\u00f3is<\/p>\n<\/li>\n<li class=\"\" data-start=\"3675\" data-end=\"3754\">\n<p class=\"\" data-start=\"3677\" data-end=\"3754\">\u2705 <strong data-start=\"3679\" data-end=\"3699\">Rico em Antioxidantes<\/strong> - Protege contra a inflama\u00e7\u00e3o e o stress oxidativo<\/p>\n<\/li>\n<li class=\"\" data-start=\"3755\" data-end=\"3821\">\n<p class=\"\" data-start=\"3757\" data-end=\"3821\">\u2705 <strong data-start=\"3759\" data-end=\"3774\">Baixa acidez<\/strong> - Cumpre as normas do COI para o grau virgem extra<\/p>\n<\/li>\n<li class=\"\" data-start=\"3822\" data-end=\"3877\">\n<p class=\"\" data-start=\"3824\" data-end=\"3877\">\u2705 <strong data-start=\"3826\" data-end=\"3842\">Espremido a frio<\/strong> - N\u00e3o s\u00e3o utilizados produtos qu\u00edmicos ou calor elevado<\/p>\n<\/li>\n<li class=\"\" data-start=\"3878\" data-end=\"3946\">\n<p class=\"\" data-start=\"3880\" data-end=\"3946\">\u2705 <strong data-start=\"3882\" data-end=\"3899\">Utiliza\u00e7\u00e3o vers\u00e1til<\/strong> - Culin\u00e1ria, cuidados da pele, cosm\u00e9ticos, suplementos<\/p>\n<\/li>\n<li class=\"\" data-start=\"3947\" data-end=\"4015\">\n<p class=\"\" data-start=\"3949\" data-end=\"4015\">\u2705 <strong data-start=\"3951\" data-end=\"3976\">Alta reten\u00e7\u00e3o de sabor<\/strong> - Ideal para temperos e molhos de alta qualidade<\/p>\n<\/li>\n<\/ul>\n<h2 class=\"\" data-start=\"4022\" data-end=\"4044\"><strong data-start=\"4029\" data-end=\"4044\">Utiliza\u00e7\u00f5es comuns Azeite virgem extra<\/strong><\/h2>\n<ul data-start=\"4046\" data-end=\"4424\">\n<li class=\"\" data-start=\"4046\" data-end=\"4126\">\n<p class=\"\" data-start=\"4048\" data-end=\"4126\">\ud83e\udd57 <strong data-start=\"4051\" data-end=\"4063\">Culin\u00e1ria<\/strong> - Molhos para salada, marinadas, molhos, massas e \u00f3leo de acabamento<\/p>\n<\/li>\n<li class=\"\" data-start=\"4127\" data-end=\"4201\">\n<p class=\"\" data-start=\"4129\" data-end=\"4201\">\ud83c\udf5e <strong data-start=\"4132\" data-end=\"4153\">Cozinhar e assar<\/strong> - Alternativa saud\u00e1vel \u00e0 manteiga ou a outros \u00f3leos<\/p>\n<\/li>\n<li class=\"\" data-start=\"4202\" data-end=\"4279\">\n<p class=\"\" data-start=\"4204\" data-end=\"4279\">\ud83e\uddf4 <strong data-start=\"4207\" data-end=\"4232\">Aplica\u00e7\u00f5es cosm\u00e9ticas<\/strong> - Utilizado em cremes, hidratantes e cuidados capilares<\/p>\n<\/li>\n<li class=\"\" data-start=\"4280\" data-end=\"4351\">\n<p class=\"\" data-start=\"4282\" data-end=\"4351\">\ud83d\udc8a <strong data-start=\"4285\" data-end=\"4303\">Nutrac\u00eauticos<\/strong> - Encapsulado para suplementos para o cora\u00e7\u00e3o e a pele<\/p>\n<\/li>\n<li class=\"\" data-start=\"4352\" data-end=\"4424\">\n<p class=\"\" data-start=\"4354\" data-end=\"4424\">\ud83e\uddfc <strong data-start=\"4357\" data-end=\"4388\">Formula\u00e7\u00e3o de sabonetes e cuidados com a pele<\/strong> - Ingrediente de base emoliente natural<\/p>\n<\/li>\n<\/ul>\n<h2 class=\"\" data-start=\"4431\" data-end=\"4469\">Perguntas mais frequentes (FAQs) de<\/h2>\n<h3 class=\"\" data-start=\"4476\" data-end=\"4546\"><strong data-start=\"4480\" data-end=\"4544\">1. Qual \u00e9 o grau de acidez do seu azeite virgem extra?<\/strong><\/h3>\n<p class=\"\" data-start=\"4547\" data-end=\"4704\"><strong data-start=\"4547\" data-end=\"4558\">Resposta:<\/strong><br data-start=\"4558\" data-end=\"4561\" \/>O nosso EVOO tem <strong data-start=\"4574\" data-end=\"4597\">uma acidez \u22640,8%<\/strong>, que satisfazem as normas internacionais para o grau de virgem extra, tal como definido pelo <strong data-start=\"4672\" data-end=\"4703\">Conselho Ole\u00edcola Internacional<\/strong>.<\/p>\n<h3 class=\"\" data-start=\"4711\" data-end=\"4754\"><strong data-start=\"4715\" data-end=\"4752\">2. O azeite \u00e9 prensado a frio?<\/strong><\/h3>\n<p class=\"\" data-start=\"4755\" data-end=\"4870\"><strong data-start=\"4755\" data-end=\"4766\">Resposta:<\/strong><br data-start=\"4766\" data-end=\"4769\" \/>Sim, o nosso petr\u00f3leo \u00e9 <strong data-start=\"4785\" data-end=\"4806\">100% prensado a frio<\/strong> para preservar a sua integridade nutricional, o seu aroma e os seus antioxidantes.<\/p>\n<h3 class=\"\" data-start=\"4877\" data-end=\"4926\"><strong data-start=\"4881\" data-end=\"4924\">3. Disp\u00f5em de EVOO com certifica\u00e7\u00e3o biol\u00f3gica?<\/strong><\/h3>\n<p class=\"\" data-start=\"4927\" data-end=\"5052\"><strong data-start=\"4927\" data-end=\"4938\">Resposta:<\/strong><br data-start=\"4938\" data-end=\"4941\" \/>Sim, <strong data-start=\"4946\" data-end=\"4962\">EVOO biol\u00f3gico<\/strong> est\u00e1 dispon\u00edvel mediante pedido e inclui <strong data-start=\"5004\" data-end=\"5021\">certifica\u00e7\u00e3o<\/strong> para os mercados retalhista e de exporta\u00e7\u00e3o.<\/p>\n<h3 class=\"\" data-start=\"5059\" data-end=\"5109\"><strong data-start=\"5063\" data-end=\"5107\">4. Que op\u00e7\u00f5es de embalagem est\u00e3o dispon\u00edveis?<\/strong><\/h3>\n<p class=\"\" data-start=\"5110\" data-end=\"5268\"><strong data-start=\"5110\" data-end=\"5121\">Resposta:<\/strong><br data-start=\"5121\" data-end=\"5124\" \/>Oferecemos embalagens flex\u00edveis de <strong data-start=\"5157\" data-end=\"5189\">Garrafas e latas PET (1L-5L)<\/strong> para <strong data-start=\"5193\" data-end=\"5208\">bid\u00f5es de 190 kg<\/strong>, <strong data-start=\"5210\" data-end=\"5224\">1000L IBCs<\/strong>, e <strong data-start=\"5230\" data-end=\"5244\">flexitanques<\/strong> para encomendas em grande escala.<\/p>\n<h3 class=\"\" data-start=\"5275\" data-end=\"5335\"><strong data-start=\"5279\" data-end=\"5333\">5. Posso obter azeite de marca pr\u00f3pria para a minha marca?<\/strong><\/h3>\n<p class=\"\" data-start=\"5336\" data-end=\"5458\"><strong data-start=\"5336\" data-end=\"5347\">Resposta:<\/strong><br data-start=\"5347\" data-end=\"5350\" \/>Sem d\u00favida! N\u00f3s fornecemos <strong data-start=\"5373\" data-end=\"5397\">OEM\/rotulagem privada<\/strong> com marca personalizada, design de garrafa e documenta\u00e7\u00e3o completa.<\/p>","protected":false},"excerpt":{"rendered":"<p>Comprar Premium <strong data-start=\"379\" data-end=\"412\">Azeite virgem extra (EVOO)<\/strong> prensado a frio a partir das melhores azeitonas. Rico em antioxidantes, polifen\u00f3is e gorduras saud\u00e1veis para o cora\u00e7\u00e3o. Ideal para cozinha gourmet, temperos, cosm\u00e9ticos e nutrac\u00eauticos. Dispon\u00edvel a granel com envio internacional.<\/p>\n<p>O Azeite Virgem Extra da Cavin Resources \u00e9 a escolha perfeita para as suas necessidades culin\u00e1rias di\u00e1rias. Proveniente de azeitonas da mais alta qualidade importadas da Mal\u00e1sia, este azeite \u00e9 leve, pouco absorvente e n\u00e3o confere um forte sabor a azeitona, o que o torna ideal para v\u00e1rias aplica\u00e7\u00f5es culin\u00e1rias, especialmente a cozinha indiana. Suporta a cozedura a altas temperaturas, o que o torna uma alternativa fi\u00e1vel aos \u00f3leos refinados. Repleto de antioxidantes e vitamina E, promove bons n\u00edveis de colesterol HDL, garantindo um estilo de vida mais saud\u00e1vel. Com uma pureza de 100% e sem \u00f3leo de Argemona, desfrute de frituras, assados, grelhados e molhos para salada sem culpa com o Azeite Extra Leve da Cavin Resources. pre\u00e7o por grosso do azeite virgem extra azeite virgem extra de alta qualidade comprar online comprar azeite virgem extra a granel<\/p>","protected":false},"featured_media":485,"comment_status":"open","ping_status":"closed","template":"","meta":{"_et_pb_use_builder":"off","_et_pb_old_content":"<ul>\r\n \t<li><strong>Product Name<\/strong> Cavin Resources Olive Oil - 1 Ltr<\/li>\r\n \t<li><strong>Product Type<\/strong>\u00a0Edible Oil<\/li>\r\n \t<li><strong>Net Quantity<\/strong>\u00a01 L<\/li>\r\n \t<li><strong>Shelf life<\/strong>\u00a012 months from the manufacturing date<\/li>\r\n \t<li><strong>Product Dimensions<\/strong>\u00a026 cm*8 cm*6 cm<\/li>\r\n \t<li><strong>Country of Origin<\/strong> Malaysia<\/li>\r\n \t<li><strong>SKU code<\/strong>\u00a0400000017352<\/li>\r\n \t<li><strong>Manufactured By<\/strong> Cavin Resources<\/li>\r\n \t<li><strong>Manufacturer License No.<\/strong>\u00a010119012000309<\/li>\r\n \t<li><strong>Marketed By<\/strong>\u00a0SKANDHANSHI AGRO FOODS PRIVATE LIMITED P.No.14 & 15, Jayaberi Enclave Gachibowli, Hyderabad, Telangana 500032<\/li>\r\n \t<li><strong>Customer Care<\/strong> Customer Care executive, Tollfree No. 1800-890-1190. Email ID : info@cavinresources,com , Address : Same as Marketed By<\/li>\r\n<\/ul>","_et_gb_content_width":""},"product_brand":[57],"product_cat":[777],"product_tag":[207,204,203,202,208,209,205,206,210],"class_list":{"0":"post-212","1":"product","2":"type-product","3":"status-publish","4":"has-post-thumbnail","6":"product_brand-refined-olive-oil","7":"product_cat-bulk-edible-oils-supplier","8":"product_tag-cavin-resource-olive-oil","9":"product_tag-cold-pressed-olive-oil","10":"product_tag-evoo-wholesale","11":"product_tag-extra-virgin-olive-oil-bulk-supplier","12":"product_tag-gourmet-olive-oil-in-drums","13":"product_tag-halal-olive-oil-bulk","14":"product_tag-olive-oil-for-cooking","15":"product_tag-olive-oil-malaysia-supplier","16":"product_tag-premium-quality-olive-oil","18":"first","19":"instock","20":"sale","21":"shipping-taxable","22":"purchasable","23":"product-type-simple"},"_links":{"self":[{"href":"https:\/\/cavinresource.com\/pt\/wp-json\/wp\/v2\/product\/212","targetHints":{"allow":["GET"]}}],"collection":[{"href":"https:\/\/cavinresource.com\/pt\/wp-json\/wp\/v2\/product"}],"about":[{"href":"https:\/\/cavinresource.com\/pt\/wp-json\/wp\/v2\/types\/product"}],"replies":[{"embeddable":true,"href":"https:\/\/cavinresource.com\/pt\/wp-json\/wp\/v2\/comments?post=212"}],"wp:featuredmedia":[{"embeddable":true,"href":"https:\/\/cavinresource.com\/pt\/wp-json\/wp\/v2\/media\/485"}],"wp:attachment":[{"href":"https:\/\/cavinresource.com\/pt\/wp-json\/wp\/v2\/media?parent=212"}],"wp:term":[{"taxonomy":"product_brand","embeddable":true,"href":"https:\/\/cavinresource.com\/pt\/wp-json\/wp\/v2\/product_brand?post=212"},{"taxonomy":"product_cat","embeddable":true,"href":"https:\/\/cavinresource.com\/pt\/wp-json\/wp\/v2\/product_cat?post=212"},{"taxonomy":"product_tag","embeddable":true,"href":"https:\/\/cavinresource.com\/pt\/wp-json\/wp\/v2\/product_tag?post=212"}],"curies":[{"name":"wp","href":"https:\/\/api.w.org\/{rel}","templated":true}]}}