{"id":730,"date":"2025-04-19T01:07:04","date_gmt":"2025-04-19T01:07:04","guid":{"rendered":"https:\/\/cavinresource.com\/?post_type=product&#038;p=730"},"modified":"2026-04-05T18:32:33","modified_gmt":"2026-04-05T18:32:33","slug":"acide-sulfurique-h%e2%82%82so%e2%82%84-prix-en-vrac","status":"publish","type":"product","link":"https:\/\/cavinresource.com\/fr\/product\/sulphuric-acid-h%e2%82%82so%e2%82%84-bulk-price\/","title":{"rendered":"Acide sulfurique (H\u2082SO\u2084) - Approvisionnement de gros pour utilisation industrielle et chimique"},"content":{"rendered":"<h2 data-start=\"519\" data-end=\"866\">L'acide sulfurique h\u2082so\u2084 usages<\/h2>\n<p class=\"\" data-start=\"519\" data-end=\"866\"><strong data-start=\"519\" data-end=\"545\">Acide sulfurique (H\u2082SO\u2084)<\/strong> est un acide min\u00e9ral puissant largement utilis\u00e9 dans de nombreux secteurs industriels en raison de ses fortes propri\u00e9t\u00e9s corrosives et de sa grande r\u00e9activit\u00e9 chimique. Il joue un r\u00f4le central dans la <strong data-start=\"720\" data-end=\"750\">la fabrication d'engrais<\/strong> (notamment <strong data-start=\"763\" data-end=\"788\">engrais phosphat\u00e9s<\/strong>), <strong data-start=\"791\" data-end=\"813\">synth\u00e8se chimique<\/strong>, <strong data-start=\"815\" data-end=\"837\">traitement des minerais<\/strong>, et <strong data-start=\"843\" data-end=\"865\">raffinage du p\u00e9trole<\/strong>.<\/p>\n<p class=\"\" data-start=\"868\" data-end=\"1125\">Au <a href=\"https:\/\/cavinresource.com\/fr\/\"><strong data-start=\"871\" data-end=\"889\">Ressource Cavin<\/strong><\/a>, Nous fournissons des produits de haute qualit\u00e9 <strong data-start=\"915\" data-end=\"933\">Acide sulfurique<\/strong> pour les clients en gros dans le monde entier. Nos produits sont fabriqu\u00e9s sous un contr\u00f4le de qualit\u00e9 strict en utilisant <strong data-start=\"1029\" data-end=\"1072\">Double contact double absorption (DCDA)<\/strong> garantissant une puret\u00e9 et une performance maximales.<\/p>\n<p class=\"\" data-start=\"1127\" data-end=\"1369\">Nous proposons des options d'emballage polyvalentes, notamment <strong data-start=\"1174\" data-end=\"1187\">R\u00e9servoirs IBC<\/strong>, <strong data-start=\"1189\" data-end=\"1203\">F\u00fbts de 200L<\/strong>, et <strong data-start=\"1209\" data-end=\"1229\">p\u00e9troliers ISO en vrac<\/strong>, soutenu par <strong data-start=\"1244\" data-end=\"1251\">ACO<\/strong>, <strong data-start=\"1253\" data-end=\"1260\">SDD<\/strong>, et tous les documents de conformit\u00e9 pertinents. Notre syst\u00e8me logistique garantit des livraisons s\u00fbres et rapides dans le monde entier.<\/p>\n<hr class=\"\" data-start=\"1371\" data-end=\"1374\" \/>\n<h2 class=\"\" data-start=\"1376\" data-end=\"1403\">\u2699\ufe0f <strong data-start=\"1382\" data-end=\"1403\">M\u00e9thode de production<\/strong><\/h2>\n<h3 class=\"\" data-start=\"1405\" data-end=\"1460\"><strong data-start=\"1409\" data-end=\"1460\">Processus de double contact et de double absorption (DCDA)<\/strong><\/h3>\n<ol data-start=\"1461\" data-end=\"1733\">\n<li class=\"\" data-start=\"1461\" data-end=\"1523\">\n<p class=\"\" data-start=\"1464\" data-end=\"1523\"><strong data-start=\"1464\" data-end=\"1485\">Le soufre est br\u00fbl\u00e9<\/strong> pour produire <strong data-start=\"1497\" data-end=\"1522\">dioxyde de soufre (SO\u2082)<\/strong>.<\/p>\n<\/li>\n<li class=\"\" data-start=\"1524\" data-end=\"1642\">\n<p class=\"\" data-start=\"1527\" data-end=\"1642\">Le gaz est ensuite <strong data-start=\"1543\" data-end=\"1581\">oxyd\u00e9 en trioxyde de soufre (SO\u2083)<\/strong> en pr\u00e9sence d'un <strong data-start=\"1603\" data-end=\"1632\">pentoxyde de vanadium (V\u2082O\u2085)<\/strong> catalyseur.<\/p>\n<\/li>\n<li class=\"\" data-start=\"1643\" data-end=\"1733\">\n<p class=\"\" data-start=\"1646\" data-end=\"1733\">SO\u2083 est <strong data-start=\"1653\" data-end=\"1676\">absorb\u00e9 dans l'eau<\/strong> ou de l'acide concentr\u00e9 pour former <strong data-start=\"1706\" data-end=\"1732\">Acide sulfurique (H\u2082SO\u2084)<\/strong>.<\/p>\n<\/li>\n<\/ol>\n<p class=\"\" data-start=\"1735\" data-end=\"1797\">Cette m\u00e9thode garantit un rendement, une puret\u00e9 et une efficacit\u00e9 \u00e9nerg\u00e9tique \u00e9lev\u00e9s.<\/p>\n<hr class=\"\" data-start=\"1799\" data-end=\"1802\" \/>\n<h2 class=\"\" data-start=\"1804\" data-end=\"1847\">\ud83c\udfed <strong data-start=\"1810\" data-end=\"1847\">Applications et cas d'utilisation dans l'industrie<\/strong><\/h2>\n<h3 class=\"\" data-start=\"1849\" data-end=\"1884\">\ud83c\udf3e <strong data-start=\"1856\" data-end=\"1884\">Fabrication d'engrais<\/strong><\/h3>\n<ul data-start=\"1885\" data-end=\"1974\">\n<li class=\"\" data-start=\"1885\" data-end=\"1974\">\n<p class=\"\" data-start=\"1887\" data-end=\"1974\">Mati\u00e8re premi\u00e8re essentielle \u00e0 la production <strong data-start=\"1917\" data-end=\"1935\">superphosphate<\/strong> et <strong data-start=\"1940\" data-end=\"1961\">sulfate d'ammonium<\/strong> les engrais.<\/p>\n<\/li>\n<\/ul>\n<h3 class=\"\" data-start=\"1976\" data-end=\"2010\">\u26cf\ufe0f <strong data-start=\"1983\" data-end=\"2010\">Exploitation mini\u00e8re et traitement des minerais<\/strong><\/h3>\n<ul data-start=\"2011\" data-end=\"2095\">\n<li class=\"\" data-start=\"2011\" data-end=\"2095\">\n<p class=\"\" data-start=\"2013\" data-end=\"2095\">Utilis\u00e9 pour <strong data-start=\"2022\" data-end=\"2041\">lixiviation des m\u00e9taux<\/strong> comme <strong data-start=\"2047\" data-end=\"2057\">cuivre<\/strong>, <strong data-start=\"2059\" data-end=\"2070\">uranium<\/strong>, et <strong data-start=\"2076\" data-end=\"2084\">le zinc<\/strong> \u00e0 partir de minerais.<\/p>\n<\/li>\n<\/ul>\n<h3 class=\"\" data-start=\"2097\" data-end=\"2126\">\ud83e\uddea <strong data-start=\"2104\" data-end=\"2126\">Synth\u00e8se chimique<\/strong><\/h3>\n<ul data-start=\"2127\" data-end=\"2247\">\n<li class=\"\" data-start=\"2127\" data-end=\"2247\">\n<p class=\"\" data-start=\"2129\" data-end=\"2247\">Int\u00e9gr\u00e9 \u00e0 la fabrication <strong data-start=\"2155\" data-end=\"2176\">acide chlorhydrique<\/strong>, <strong data-start=\"2178\" data-end=\"2193\">acide nitrique<\/strong>, <strong data-start=\"2195\" data-end=\"2219\">d\u00e9tergents synth\u00e9tiques<\/strong>, Les produits pharmaceutiques, les colorants et les m\u00e9dicaments.<\/p>\n<\/li>\n<\/ul>\n<h3 class=\"\" data-start=\"2249\" data-end=\"2279\">\ud83d\udee2\ufe0f <strong data-start=\"2257\" data-end=\"2279\">Raffinage du p\u00e9trole<\/strong><\/h3>\n<ul data-start=\"2280\" data-end=\"2340\">\n<li class=\"\" data-start=\"2280\" data-end=\"2340\">\n<p class=\"\" data-start=\"2282\" data-end=\"2340\">Utilis\u00e9 dans <strong data-start=\"2294\" data-end=\"2308\">alkylation<\/strong> et <strong data-start=\"2313\" data-end=\"2329\">purification<\/strong> processus.<\/p>\n<\/li>\n<\/ul>\n<h3 class=\"\" data-start=\"2342\" data-end=\"2368\">\ud83d\udca7 <strong data-start=\"2349\" data-end=\"2368\">Traitement de l'eau<\/strong><\/h3>\n<ul data-start=\"2369\" data-end=\"2454\">\n<li class=\"\" data-start=\"2369\" data-end=\"2454\">\n<p class=\"\" data-start=\"2371\" data-end=\"2454\">Aide \u00e0 <strong data-start=\"2380\" data-end=\"2397\">R\u00e9gulation du pH<\/strong>, et <strong data-start=\"2403\" data-end=\"2439\">neutraliser les substances alcalines<\/strong> in wastewater. bulk sulphuric acid for sale,<\/p>\n<\/li>\n<\/ul>\n<hr class=\"\" data-start=\"2456\" data-end=\"2459\" \/>\n<h2 class=\"\" data-start=\"2461\" data-end=\"2496\">\u2705 <strong data-start=\"2466\" data-end=\"2496\">Avantages de l'acide sulfurique h\u2082so\u2084 utilisations<\/strong><\/h2>\n<ul data-start=\"2498\" data-end=\"2832\">\n<li class=\"\" data-start=\"2498\" data-end=\"2557\">\n<p class=\"\" data-start=\"2500\" data-end=\"2557\">\u2699\ufe0f <strong data-start=\"2503\" data-end=\"2522\">Tr\u00e8s r\u00e9actif<\/strong> pour une synth\u00e8se chimique polyvalente<\/p>\n<\/li>\n<li class=\"\" data-start=\"2558\" data-end=\"2612\">\n<p class=\"\" data-start=\"2560\" data-end=\"2612\">\ud83d\udca7 <strong data-start=\"2563\" data-end=\"2586\">Concentr\u00e9 et pur<\/strong> l'acide garantit l'efficacit\u00e9<\/p>\n<\/li>\n<li class=\"\" data-start=\"2613\" data-end=\"2690\">\n<p class=\"\" data-start=\"2615\" data-end=\"2690\">\ud83c\udf0d <strong data-start=\"2618\" data-end=\"2646\">Large utilit\u00e9 industrielle<\/strong> dans les secteurs de l'agriculture, des produits chimiques et de l'exploitation mini\u00e8re<\/p>\n<\/li>\n<li class=\"\" data-start=\"2691\" data-end=\"2760\">\n<p class=\"\" data-start=\"2693\" data-end=\"2760\">\ud83d\udd12 <strong data-start=\"2696\" data-end=\"2722\">Options d'emballage en vrac<\/strong> pour un stockage et un transport s\u00fbrs<\/p>\n<\/li>\n<li class=\"\" data-start=\"2761\" data-end=\"2832\">\n<p class=\"\" data-start=\"2763\" data-end=\"2832\">\ud83d\udcd1 Enti\u00e8rement conforme \u00e0 la norme <strong data-start=\"2787\" data-end=\"2832\">r\u00e8glements internationaux sur la s\u00e9curit\u00e9 des produits chimiques<\/strong><\/p>\n<\/li>\n<\/ul>\n<hr class=\"\" data-start=\"2834\" data-end=\"2837\" \/>\n<h2 class=\"\" data-start=\"2839\" data-end=\"2866\">\ud83d\udce6 <strong data-start=\"2845\" data-end=\"2866\">Options d'emballage<\/strong><\/h2>\n<ul data-start=\"2868\" data-end=\"3015\">\n<li class=\"\" data-start=\"2868\" data-end=\"2891\">\n<p class=\"\" data-start=\"2870\" data-end=\"2891\"><strong data-start=\"2870\" data-end=\"2889\">F\u00fbts HDPE 200L<\/strong><\/p>\n<\/li>\n<li class=\"\" data-start=\"2892\" data-end=\"2915\">\n<p class=\"\" data-start=\"2894\" data-end=\"2915\"><strong data-start=\"2894\" data-end=\"2913\">R\u00e9servoirs IBC de 1000L<\/strong><\/p>\n<\/li>\n<li class=\"\" data-start=\"2916\" data-end=\"2964\">\n<p class=\"\" data-start=\"2918\" data-end=\"2964\"><strong data-start=\"2918\" data-end=\"2941\">Conteneurs-citernes ISO<\/strong> (22-24 MT en vrac)<\/p>\n<\/li>\n<li class=\"\" data-start=\"2965\" data-end=\"3015\">\n<p class=\"\" data-start=\"2967\" data-end=\"3015\"><strong data-start=\"2967\" data-end=\"2992\">Solutions en vrac personnalis\u00e9es<\/strong> available upon request wholesale sulfuric acid suppliers,<\/p>\n<\/li>\n<\/ul>\n<hr class=\"\" data-start=\"3017\" data-end=\"3020\" \/>\n<h2 class=\"\" data-start=\"3022\" data-end=\"3064\">\u2753 <strong data-start=\"3027\" data-end=\"3064\">Foire aux questions (FAQ)<\/strong><\/h2>\n<h3 class=\"\" data-start=\"3066\" data-end=\"3137\">1. <strong data-start=\"3073\" data-end=\"3135\">Quels niveaux de concentration d'acide sulfurique fournissez-vous ?<\/strong><\/h3>\n<p class=\"\" data-start=\"3138\" data-end=\"3258\">Nous proposons <strong data-start=\"3147\" data-end=\"3165\">Acide sulfurique<\/strong> allant de <strong data-start=\"3179\" data-end=\"3193\">93% \u00e0 98%<\/strong> concentration. Des concentrations personnalis\u00e9es sont disponibles sur demande.<\/p>\n<hr class=\"\" data-start=\"3260\" data-end=\"3263\" \/>\n<h3 class=\"\" data-start=\"3265\" data-end=\"3330\">2. <strong data-start=\"3272\" data-end=\"3328\">L'acide sulfurique peut-il \u00eatre utilis\u00e9 dans la production d'engrais ?<\/strong><\/h3>\n<p class=\"\" data-start=\"3331\" data-end=\"3468\">Oui, il s'agit d'un <strong data-start=\"3344\" data-end=\"3364\">mati\u00e8res premi\u00e8res essentielles<\/strong> dans la production de <strong data-start=\"3386\" data-end=\"3417\">engrais \u00e0 base de phosphate<\/strong> comme <strong data-start=\"3423\" data-end=\"3441\">superphosphate<\/strong> et <strong data-start=\"3446\" data-end=\"3467\">sulfate d'ammonium<\/strong>.<\/p>\n<hr class=\"\" data-start=\"3470\" data-end=\"3473\" \/>\n<h3 class=\"\" data-start=\"3475\" data-end=\"3541\">3. <strong data-start=\"3482\" data-end=\"3539\">Quelles sont les mesures de s\u00e9curit\u00e9 \u00e0 respecter lors de la manipulation ?<\/strong><\/h3>\n<p class=\"\" data-start=\"3542\" data-end=\"3686\">Toujours utiliser <strong data-start=\"3553\" data-end=\"3578\">gants r\u00e9sistant aux acides<\/strong>, <strong data-start=\"3580\" data-end=\"3591\">lunettes de protection<\/strong>, et <strong data-start=\"3597\" data-end=\"3620\">v\u00eatements de protection<\/strong>. Travailler en <strong data-start=\"3630\" data-end=\"3655\">zones bien ventil\u00e9es<\/strong> et suivre <strong data-start=\"3667\" data-end=\"3685\">Lignes directrices relatives aux FDS<\/strong>. sulphuric acid bulk suppliers 2026,<\/p>\n<hr class=\"\" data-start=\"3688\" data-end=\"3691\" \/>\n<h3 class=\"\" data-start=\"3693\" data-end=\"3752\">4. <strong data-start=\"3700\" data-end=\"3750\">Comment l'acide sulfurique est-il exp\u00e9di\u00e9 \u00e0 l'\u00e9tranger ?<\/strong><\/h3>\n<p class=\"\" data-start=\"3753\" data-end=\"3909\">Nous exp\u00e9dions en <strong data-start=\"3764\" data-end=\"3786\">F\u00fbts certifi\u00e9s UN<\/strong>, <strong data-start=\"3788\" data-end=\"3801\">R\u00e9servoirs IBC<\/strong>, et <strong data-start=\"3807\" data-end=\"3822\">Citernes ISO<\/strong> avec tous les documents relatifs \u00e0 la conformit\u00e9 et \u00e0 la s\u00e9curit\u00e9 requis pour <strong data-start=\"3881\" data-end=\"3908\">transport international<\/strong>.<\/p>\n<hr class=\"\" data-start=\"3911\" data-end=\"3914\" \/>\n<h2 class=\"\" data-start=\"3916\" data-end=\"3962\">\ud83d\udcda <strong data-start=\"3922\" data-end=\"3962\">Sources cr\u00e9dibles pour le r\u00e9f\u00e9rencement et la r\u00e9f\u00e9rence<\/strong><\/h2>\n<ul data-start=\"3964\" data-end=\"4245\">\n<li class=\"\" data-start=\"3964\" data-end=\"4051\">\n<p class=\"\" data-start=\"3966\" data-end=\"4051\"><a class=\"\" href=\"https:\/\/pubchem.ncbi.nlm.nih.gov\/compound\/Sulfuric-acid\" target=\"_new\" rel=\"noopener\" data-start=\"3966\" data-end=\"4049\">PubChem - Acide sulfurique<\/a><\/p>\n<\/li>\n<li class=\"\" data-start=\"4052\" data-end=\"4164\">\n<p class=\"\" data-start=\"4054\" data-end=\"4164\"><a class=\"\" href=\"https:\/\/echa.europa.eu\/substance-information\/-\/substanceinfo\/100.028.763\" target=\"_new\" rel=\"noopener\" data-start=\"4054\" data-end=\"4162\">Agence europ\u00e9enne des produits chimiques (ECHA)<\/a><\/p>\n<\/li>\n<li class=\"\" data-start=\"4165\" data-end=\"4245\">\n<p class=\"\" data-start=\"4167\" data-end=\"4245\"><a class=\"\" href=\"https:\/\/www.cdc.gov\/niosh\/npg\/npgd0577.html\" target=\"_new\" rel=\"noopener\" data-start=\"4167\" data-end=\"4245\">CDC - NIOSH Informations sur l'acide sulfurique<\/a><\/p>\n<\/li>\n<\/ul>","protected":false},"excerpt":{"rendered":"<p>Acide sulfurique en gros chez Cavin Resource. Nous fournissons de l'acide sulfurique <strong data-start=\"225\" data-end=\"251\">Acide sulfurique (H\u2082SO\u2084)<\/strong> en <strong data-start=\"255\" data-end=\"274\">quantit\u00e9s en vrac<\/strong> pour <strong data-start=\"279\" data-end=\"304\">production d'engrais<\/strong>, <strong data-start=\"306\" data-end=\"316\">l'exploitation mini\u00e8re<\/strong>, <strong data-start=\"318\" data-end=\"344\">fabrication de produits chimiques<\/strong>, et bien d'autres choses encore.\u00a0<strong>Acheter de l'acide sulfurique en ligne<\/strong> Disponible en <strong data-start=\"369\" data-end=\"378\">tambours<\/strong>, <strong data-start=\"380\" data-end=\"393\">R\u00e9servoirs IBC<\/strong>, et <strong data-start=\"399\" data-end=\"417\">Conteneurs ISO<\/strong>, shipped globally with all safety and compliance certifications. sulphuric acid specification buy sulphuric acid wholesale bulk<\/p>","protected":false},"featured_media":700,"comment_status":"open","ping_status":"closed","template":"","meta":{"_et_pb_use_builder":"","_et_pb_old_content":"","_et_gb_content_width":""},"product_brand":[],"product_cat":[784],"product_tag":[771,776,769,770,768,773,772,775,774],"class_list":{"0":"post-730","1":"product","2":"type-product","3":"status-publish","4":"has-post-thumbnail","6":"product_cat-bulk-industrial-chemicals-supplier","7":"product_tag-bulk-sulphuric-acid","8":"product_tag-cavin-resource-sulphuric-acid","9":"product_tag-h2so4","10":"product_tag-sulfuric-acid-industrial","11":"product_tag-sulphuric-acid","12":"product_tag-sulphuric-acid-fertilizer-grade","13":"product_tag-sulphuric-acid-for-mining","14":"product_tag-sulphuric-acid-malaysia","15":"product_tag-sulphuric-acid-wholesale","17":"first","18":"instock","19":"sale","20":"shipping-taxable","21":"purchasable","22":"product-type-simple"},"_links":{"self":[{"href":"https:\/\/cavinresource.com\/fr\/wp-json\/wp\/v2\/product\/730","targetHints":{"allow":["GET"]}}],"collection":[{"href":"https:\/\/cavinresource.com\/fr\/wp-json\/wp\/v2\/product"}],"about":[{"href":"https:\/\/cavinresource.com\/fr\/wp-json\/wp\/v2\/types\/product"}],"replies":[{"embeddable":true,"href":"https:\/\/cavinresource.com\/fr\/wp-json\/wp\/v2\/comments?post=730"}],"wp:featuredmedia":[{"embeddable":true,"href":"https:\/\/cavinresource.com\/fr\/wp-json\/wp\/v2\/media\/700"}],"wp:attachment":[{"href":"https:\/\/cavinresource.com\/fr\/wp-json\/wp\/v2\/media?parent=730"}],"wp:term":[{"taxonomy":"product_brand","embeddable":true,"href":"https:\/\/cavinresource.com\/fr\/wp-json\/wp\/v2\/product_brand?post=730"},{"taxonomy":"product_cat","embeddable":true,"href":"https:\/\/cavinresource.com\/fr\/wp-json\/wp\/v2\/product_cat?post=730"},{"taxonomy":"product_tag","embeddable":true,"href":"https:\/\/cavinresource.com\/fr\/wp-json\/wp\/v2\/product_tag?post=730"}],"curies":[{"name":"wp","href":"https:\/\/api.w.org\/{rel}","templated":true}]}}