{"id":717,"date":"2025-04-18T23:58:01","date_gmt":"2025-04-18T23:58:01","guid":{"rendered":"https:\/\/cavinresource.com\/?post_type=product&#038;p=717"},"modified":"2026-02-25T23:08:49","modified_gmt":"2026-02-25T23:08:49","slug":"formol-en-vrac-prix-en-ligne","status":"publish","type":"product","link":"https:\/\/cavinresource.com\/fr\/product\/bulk-formalin-price-online\/","title":{"rendered":"Solution de formald\u00e9hyde (CH\u2082O) - Qualit\u00e9 industrielle et de laboratoire | Fournisseur en gros"},"content":{"rendered":"<h2 style=\"text-align: center;\" data-start=\"563\" data-end=\"891\">Prix du formol en vrac<\/h2>\n<p class=\"\" data-start=\"563\" data-end=\"891\"><strong data-start=\"563\" data-end=\"579\">Formald\u00e9hyde<\/strong> est un <strong data-start=\"586\" data-end=\"606\">compos\u00e9 organique<\/strong> avec la formule <strong data-start=\"624\" data-end=\"632\">CH\u2082O<\/strong>, largement utilis\u00e9s dans les pays de l'Union europ\u00e9enne. <strong data-start=\"653\" data-end=\"699\">chimie, textile, automobile, agriculture<\/strong>, et <strong data-start=\"705\" data-end=\"724\">secteurs m\u00e9dicaux<\/strong>. Sous sa forme la plus commercialement viable, il est fourni sous forme de <strong data-start=\"783\" data-end=\"804\">solution de formol<\/strong> (typiquement 37% en poids dans l'eau) stabilis\u00e9 avec du m\u00e9thanol pour emp\u00eacher la polym\u00e9risation. comment acheter du formol en gros<\/p>\n<p class=\"\" data-start=\"893\" data-end=\"1307\">Au <a href=\"https:\/\/cavinresource.com\/fr\/\"><strong data-start=\"896\" data-end=\"914\">Ressource Cavin<\/strong><\/a>, Nous fournissons <strong data-start=\"926\" data-end=\"972\">solution de formald\u00e9hyde de haute qualit\u00e9 en vrac<\/strong> pour les applications industrielles et de laboratoire. Nos produits sont fabriqu\u00e9s selon des normes de qualit\u00e9 strictes afin de garantir <strong data-start=\"1088\" data-end=\"1128\">puret\u00e9, stabilit\u00e9 et s\u00e9curit\u00e9 de manipulation<\/strong>. Que vous ayez besoin de formald\u00e9hyde pour <strong data-start=\"1167\" data-end=\"1227\">la production d'adh\u00e9sifs, la d\u00e9sinfection ou la synth\u00e8se chimique<\/strong>, Nous pouvons r\u00e9pondre \u00e0 vos besoins. <strong data-start=\"1246\" data-end=\"1306\">des besoins d'approvisionnement \u00e0 grande \u00e9chelle avec un soutien logistique mondial<\/strong>. Prix du formol en vrac<\/p>\n<hr class=\"\" data-start=\"1309\" data-end=\"1312\" \/>\n<h2 class=\"\" data-start=\"1314\" data-end=\"1341\">\u2699\ufe0f <strong data-start=\"1320\" data-end=\"1341\">M\u00e9thode de production<\/strong><\/h2>\n<h3 class=\"\" data-start=\"1343\" data-end=\"1389\"><strong data-start=\"1347\" data-end=\"1389\">Oxydation du m\u00e9thanol (proc\u00e9d\u00e9 Formox)<\/strong><\/h3>\n<ol data-start=\"1390\" data-end=\"1643\">\n<li class=\"\" data-start=\"1390\" data-end=\"1433\">\n<p class=\"\" data-start=\"1393\" data-end=\"1433\">Le m\u00e9thanol est vaporis\u00e9 et m\u00e9lang\u00e9 \u00e0 l'air.<\/p>\n<\/li>\n<li class=\"\" data-start=\"1434\" data-end=\"1501\">\n<p class=\"\" data-start=\"1437\" data-end=\"1501\">L'oxydation catalytique est r\u00e9alis\u00e9e \u00e0 l'aide de catalyseurs \u00e0 base d'argent ou d'oxyde m\u00e9tallique.<\/p>\n<\/li>\n<li class=\"\" data-start=\"1502\" data-end=\"1584\">\n<p class=\"\" data-start=\"1505\" data-end=\"1584\">Le formald\u00e9hyde r\u00e9sultant est absorb\u00e9 par l'eau pour former une solution aqueuse (formol).<\/p>\n<\/li>\n<li class=\"\" data-start=\"1585\" data-end=\"1643\">\n<p class=\"\" data-start=\"1588\" data-end=\"1643\">Stabilis\u00e9 avec du m\u00e9thanol pour un transport et un stockage s\u00fbrs<\/p>\n<\/li>\n<\/ol>\n<hr class=\"\" data-start=\"1645\" data-end=\"1648\" \/>\n<h2 class=\"\" data-start=\"1650\" data-end=\"1693\">\ud83c\udfed <strong data-start=\"1656\" data-end=\"1693\">Applications et cas d'utilisation dans l'industrie<\/strong><\/h2>\n<h3 class=\"\" data-start=\"1695\" data-end=\"1724\">\ud83e\uddf1 <strong data-start=\"1702\" data-end=\"1724\">R\u00e9sines et adh\u00e9sifs<\/strong><\/h3>\n<ul data-start=\"1725\" data-end=\"1872\">\n<li class=\"\" data-start=\"1725\" data-end=\"1872\">\n<p class=\"\" data-start=\"1727\" data-end=\"1872\">Mati\u00e8re premi\u00e8re essentielle pour <strong data-start=\"1748\" data-end=\"1790\">ur\u00e9e-formald\u00e9hyde, ph\u00e9nol-formald\u00e9hyde<\/strong>, et <strong data-start=\"1796\" data-end=\"1821\">m\u00e9lamine-formald\u00e9hyde<\/strong> r\u00e9sines utilis\u00e9es dans les <strong data-start=\"1837\" data-end=\"1853\">MDF, contreplaqu\u00e9<\/strong>, et <strong data-start=\"1859\" data-end=\"1872\">stratifi\u00e9s<\/strong><\/p>\n<\/li>\n<\/ul>\n<h3 class=\"\" data-start=\"1874\" data-end=\"1914\">\ud83e\uddf4 <strong data-start=\"1881\" data-end=\"1914\">D\u00e9sinfectants et conservateurs<\/strong><\/h3>\n<ul data-start=\"1915\" data-end=\"1992\">\n<li class=\"\" data-start=\"1915\" data-end=\"1992\">\n<p class=\"\" data-start=\"1917\" data-end=\"1992\">Utilis\u00e9 dans <strong data-start=\"1925\" data-end=\"1951\">st\u00e9rilisation des h\u00f4pitaux<\/strong>, <strong data-start=\"1953\" data-end=\"1966\">cosm\u00e9tiques<\/strong>, et <strong data-start=\"1972\" data-end=\"1992\">fluides d'embaumement<\/strong><\/p>\n<\/li>\n<\/ul>\n<h3 class=\"\" data-start=\"1994\" data-end=\"2023\">\ud83e\uddea <strong data-start=\"2001\" data-end=\"2023\">Synth\u00e8se chimique<\/strong><\/h3>\n<ul data-start=\"2024\" data-end=\"2120\">\n<li class=\"\" data-start=\"2024\" data-end=\"2120\">\n<p class=\"\" data-start=\"2026\" data-end=\"2120\">Interm\u00e9diaire pour beaucoup <strong data-start=\"2048\" data-end=\"2069\">produits chimiques organiques<\/strong> comme le penta\u00e9rythritol, l'hexamine et le 1,4-butanediol<\/p>\n<\/li>\n<\/ul>\n<h3 class=\"\" data-start=\"2122\" data-end=\"2148\">\ud83e\uddf5 <strong data-start=\"2129\" data-end=\"2148\">Textile et papier<\/strong><\/h3>\n<ul data-start=\"2149\" data-end=\"2227\">\n<li class=\"\" data-start=\"2149\" data-end=\"2227\">\n<p class=\"\" data-start=\"2151\" data-end=\"2227\">Utilis\u00e9 pour <strong data-start=\"2160\" data-end=\"2187\">traitements antirides<\/strong>, <strong data-start=\"2189\" data-end=\"2209\">retardateurs de flamme<\/strong>, et <strong data-start=\"2215\" data-end=\"2227\">rev\u00eatements<\/strong><\/p>\n<\/li>\n<\/ul>\n<h3 class=\"\" data-start=\"2229\" data-end=\"2251\">\ud83c\udf3e <strong data-start=\"2236\" data-end=\"2251\">Agriculture<\/strong><\/h3>\n<ul data-start=\"2252\" data-end=\"2320\">\n<li class=\"\" data-start=\"2252\" data-end=\"2320\">\n<p class=\"\" data-start=\"2254\" data-end=\"2320\">Utilis\u00e9 dans <strong data-start=\"2262\" data-end=\"2277\">engrais<\/strong>, <strong data-start=\"2279\" data-end=\"2293\">pesticides<\/strong>, et <strong data-start=\"2299\" data-end=\"2320\">d\u00e9sinfection des semences<\/strong><\/p>\n<\/li>\n<\/ul>\n<hr class=\"\" data-start=\"2322\" data-end=\"2325\" \/>\n<h2 class=\"\" data-start=\"2327\" data-end=\"2360\">\u2705 <strong data-start=\"2332\" data-end=\"2360\">Avantages du formald\u00e9hyde<\/strong><\/h2>\n<ul data-start=\"2362\" data-end=\"2709\">\n<li class=\"\" data-start=\"2362\" data-end=\"2438\">\n<p class=\"\" data-start=\"2364\" data-end=\"2438\">\u2697\ufe0f <strong data-start=\"2367\" data-end=\"2386\">Tr\u00e8s r\u00e9actif<\/strong> pour une utilisation dans de multiples r\u00e9actions chimiques en aval<\/p>\n<\/li>\n<li class=\"\" data-start=\"2439\" data-end=\"2510\">\n<p class=\"\" data-start=\"2441\" data-end=\"2510\">\ud83e\uddfc <strong data-start=\"2444\" data-end=\"2467\">D\u00e9sinfectant puissant<\/strong> avec une action antimicrobienne \u00e0 large spectre<\/p>\n<\/li>\n<li class=\"\" data-start=\"2511\" data-end=\"2572\">\n<p class=\"\" data-start=\"2513\" data-end=\"2572\">\ud83e\uddea <strong data-start=\"2516\" data-end=\"2548\">Agent de r\u00e9ticulation efficace<\/strong> pour la chimie des polym\u00e8res<\/p>\n<\/li>\n<li class=\"\" data-start=\"2573\" data-end=\"2640\">\n<p class=\"\" data-start=\"2575\" data-end=\"2640\">\ud83d\udcb8 <strong data-start=\"2578\" data-end=\"2609\">Mati\u00e8re premi\u00e8re rentable<\/strong> pour les applications \u00e0 grande \u00e9chelle<\/p>\n<\/li>\n<li class=\"\" data-start=\"2641\" data-end=\"2709\">\n<p class=\"\" data-start=\"2643\" data-end=\"2709\">\ud83d\ude9b <strong data-start=\"2646\" data-end=\"2690\">Disponible en solution aqueuse stabilis\u00e9e<\/strong> pour un transport s\u00fbr<\/p>\n<\/li>\n<\/ul>\n<hr class=\"\" data-start=\"2711\" data-end=\"2714\" \/>\n<h2 class=\"\" data-start=\"2716\" data-end=\"2743\">\ud83d\udce6 <strong data-start=\"2722\" data-end=\"2743\">Options d'emballage<\/strong><\/h2>\n<ul data-start=\"2745\" data-end=\"2873\">\n<li class=\"\" data-start=\"2745\" data-end=\"2764\">\n<p class=\"\" data-start=\"2747\" data-end=\"2764\">F\u00fbts PEHD 200L<\/p>\n<\/li>\n<li class=\"\" data-start=\"2765\" data-end=\"2784\">\n<p class=\"\" data-start=\"2767\" data-end=\"2784\">R\u00e9servoirs IBC 1000L<\/p>\n<\/li>\n<li class=\"\" data-start=\"2785\" data-end=\"2818\">\n<p class=\"\" data-start=\"2787\" data-end=\"2818\">Navires-citernes ISO pour le transport de vrac (sur demande)<\/p>\n<\/li>\n<li class=\"\" data-start=\"2819\" data-end=\"2873\">\n<p class=\"\" data-start=\"2821\" data-end=\"2873\">Solutions d'emballage personnalis\u00e9es pour la conformit\u00e9 r\u00e9gionale Formaline 10%<\/p>\n<\/li>\n<\/ul>\n<hr class=\"\" data-start=\"2875\" data-end=\"2878\" \/>\n<h2 class=\"\" data-start=\"2880\" data-end=\"2922\">\u2753 <strong data-start=\"2885\" data-end=\"2922\">Foire aux questions (FAQ)<\/strong><\/h2>\n<h3 class=\"\" data-start=\"2924\" data-end=\"2991\">1. <strong data-start=\"2931\" data-end=\"2989\">Le formald\u00e9hyde est-il disponible en diff\u00e9rentes concentrations ?<\/strong><\/h3>\n<p class=\"\" data-start=\"2992\" data-end=\"3112\">Oui, notre solution standard est <strong data-start=\"3022\" data-end=\"3063\">37% formald\u00e9hyde avec 10-15% m\u00e9thanol<\/strong>, mais nous pouvons proposer des dilutions personnalis\u00e9es sur demande.<\/p>\n<hr class=\"\" data-start=\"3114\" data-end=\"3117\" \/>\n<h3 class=\"\" data-start=\"3119\" data-end=\"3190\">2. <strong data-start=\"3126\" data-end=\"3188\">Proposez-vous du formald\u00e9hyde \u00e0 usage agricole ou textile ?<\/strong><\/h3>\n<p class=\"\" data-start=\"3191\" data-end=\"3335\">Absolument. Nous fournissons <strong data-start=\"3213\" data-end=\"3247\">Formulations sp\u00e9cifiques \u00e0 l'industrie<\/strong> sur mesure pour votre application, qu'il s'agisse <strong data-start=\"3284\" data-end=\"3305\">l'ennoblissement textile<\/strong> ou <strong data-start=\"3309\" data-end=\"3334\">production d'engrais<\/strong>.<\/p>\n<hr class=\"\" data-start=\"3337\" data-end=\"3340\" \/>\n<h3 class=\"\" data-start=\"3342\" data-end=\"3394\">3. <strong data-start=\"3349\" data-end=\"3392\">Quels sont les documents fournis pour l'exportation ?<\/strong><\/h3>\n<p class=\"\" data-start=\"3395\" data-end=\"3497\">Nous fournissons <strong data-start=\"3405\" data-end=\"3413\">FICHE DE DONN\u00c9ES DE S\u00c9CURIT\u00c9<\/strong>, <strong data-start=\"3415\" data-end=\"3422\">ACO<\/strong>, <strong data-start=\"3424\" data-end=\"3441\">\u00c9tiquettes de l'UN\/ADR<\/strong>, et de l'ensemble des <strong data-start=\"3452\" data-end=\"3476\">documentation d'exportation<\/strong> avec chaque envoi.<\/p>\n<hr class=\"\" data-start=\"3499\" data-end=\"3502\" \/>\n<h3 class=\"\" data-start=\"3504\" data-end=\"3552\">4. <strong data-start=\"3511\" data-end=\"3550\">Comment exp\u00e9dier le formald\u00e9hyde en toute s\u00e9curit\u00e9 ?<\/strong><\/h3>\n<p class=\"\" data-start=\"3553\" data-end=\"3695\">Le formald\u00e9hyde est exp\u00e9di\u00e9 sous forme de <strong data-start=\"3582\" data-end=\"3616\">solution stabilis\u00e9e (formol)<\/strong> en <strong data-start=\"3620\" data-end=\"3646\">R\u00e9cipients non agr\u00e9\u00e9s<\/strong>. Nous suivons <strong data-start=\"3658\" data-end=\"3694\">Normes de transport IMDG et ADR<\/strong>.<\/p>\n<hr class=\"\" data-start=\"3697\" data-end=\"3700\" \/>\n<h2 class=\"\" data-start=\"3702\" data-end=\"3748\">\ud83d\udcda <strong data-start=\"3708\" data-end=\"3748\">Sources cr\u00e9dibles pour le r\u00e9f\u00e9rencement et la r\u00e9f\u00e9rence<\/strong><\/h2>\n<ul data-start=\"3750\" data-end=\"4022\">\n<li class=\"\" data-start=\"3750\" data-end=\"3834\">\n<p class=\"\" data-start=\"3752\" data-end=\"3834\"><a class=\"\" href=\"https:\/\/pubchem.ncbi.nlm.nih.gov\/compound\/Formaldehyde\" target=\"_new\" rel=\"noopener\" data-start=\"3752\" data-end=\"3832\">PubChem - Formald\u00e9hyde<\/a><\/p>\n<\/li>\n<li class=\"\" data-start=\"3835\" data-end=\"3920\">\n<p class=\"\" data-start=\"3837\" data-end=\"3920\"><a class=\"\" href=\"https:\/\/www.cdc.gov\/niosh\/topics\/formaldehyde\/\" target=\"_new\" rel=\"noopener\" data-start=\"3837\" data-end=\"3918\">NIOSH CDC - S\u00e9curit\u00e9 du formald\u00e9hyde<\/a><\/p>\n<\/li>\n<li class=\"\" data-start=\"3921\" data-end=\"4022\">\n<p class=\"\" data-start=\"3923\" data-end=\"4022\"><a class=\"\" href=\"https:\/\/www.who.int\/publications\/i\/item\/9789289041653\" target=\"_new\" rel=\"noopener\" data-start=\"3923\" data-end=\"4020\">OMS - Le formald\u00e9hyde dans la qualit\u00e9 de l'air int\u00e9rieur<\/a><\/p>\n<\/li>\n<\/ul>","protected":false},"excerpt":{"rendered":"<p><strong data-start=\"207\" data-end=\"230\">Prix du formol en vrac<\/strong>\u00a0est un gaz polyvalent, incolore, couramment dissous dans l'eau pour former une solution aqueuse stable. Utilis\u00e9 dans les <strong data-start=\"332\" data-end=\"398\">r\u00e9sines, textiles, d\u00e9sinfectants, engrais et laboratoires<\/strong>, Cavin Resource supplies <strong data-start=\"424\" data-end=\"454\">solution de formald\u00e9hyde en vrac<\/strong> dans une gamme de concentrations, disponible pour <strong data-start=\"499\" data-end=\"525\">envoi international<\/strong>. Solution de formald\u00e9hyde (CH\u2082O)<\/p>","protected":false},"featured_media":707,"comment_status":"open","ping_status":"closed","template":"","meta":{"_et_pb_use_builder":"","_et_pb_old_content":"","_et_gb_content_width":""},"product_brand":[],"product_cat":[784],"product_tag":[704,1211,1212,472,703,701,706,705,1215,1214,702,1213,707,708],"class_list":{"0":"post-717","1":"product","2":"type-product","3":"status-publish","4":"has-post-thumbnail","6":"product_cat-bulk-industrial-chemicals-supplier","7":"product_tag-bulk-chemical-supply","8":"product_tag-bulk-formalin-formula","9":"product_tag-bulk-formalin-price","10":"product_tag-cavin-resource-chemicals","11":"product_tag-ch2o","12":"product_tag-formaldehyde","13":"product_tag-formaldehyde-resin","14":"product_tag-formaldehyde-solution","15":"product_tag-formaldehyde-solution-cho","16":"product_tag-formalin-10","17":"product_tag-formalin-37","18":"product_tag-how-to-buy-formalin-wholesal","19":"product_tag-textile-formaldehyde","20":"product_tag-wholesale-formaldehyde","22":"first","23":"instock","24":"sale","25":"shipping-taxable","26":"purchasable","27":"product-type-simple"},"_links":{"self":[{"href":"https:\/\/cavinresource.com\/fr\/wp-json\/wp\/v2\/product\/717","targetHints":{"allow":["GET"]}}],"collection":[{"href":"https:\/\/cavinresource.com\/fr\/wp-json\/wp\/v2\/product"}],"about":[{"href":"https:\/\/cavinresource.com\/fr\/wp-json\/wp\/v2\/types\/product"}],"replies":[{"embeddable":true,"href":"https:\/\/cavinresource.com\/fr\/wp-json\/wp\/v2\/comments?post=717"}],"wp:featuredmedia":[{"embeddable":true,"href":"https:\/\/cavinresource.com\/fr\/wp-json\/wp\/v2\/media\/707"}],"wp:attachment":[{"href":"https:\/\/cavinresource.com\/fr\/wp-json\/wp\/v2\/media?parent=717"}],"wp:term":[{"taxonomy":"product_brand","embeddable":true,"href":"https:\/\/cavinresource.com\/fr\/wp-json\/wp\/v2\/product_brand?post=717"},{"taxonomy":"product_cat","embeddable":true,"href":"https:\/\/cavinresource.com\/fr\/wp-json\/wp\/v2\/product_cat?post=717"},{"taxonomy":"product_tag","embeddable":true,"href":"https:\/\/cavinresource.com\/fr\/wp-json\/wp\/v2\/product_tag?post=717"}],"curies":[{"name":"wp","href":"https:\/\/api.w.org\/{rel}","templated":true}]}}