{"id":713,"date":"2025-04-18T23:27:44","date_gmt":"2025-04-18T23:27:44","guid":{"rendered":"https:\/\/cavinresource.com\/?post_type=product&#038;p=713"},"modified":"2026-03-03T02:32:41","modified_gmt":"2026-03-03T02:32:41","slug":"fournisseur-de-toluene-en-vrac-distributeur","status":"publish","type":"product","link":"https:\/\/cavinresource.com\/fr\/product\/bulk-toluene-supplier-distributor\/","title":{"rendered":"Tolu\u00e8ne (C\u2087H\u2088) disponible \u00e0 la vente - Solvant de haute puret\u00e9"},"content":{"rendered":"<h2 data-path-to-node=\"0\"><b data-path-to-node=\"0\" data-index-in-node=\"0\">Prix Tolu\u00e8ne en vrac Elite Bulk Toluene Supply : 2026 Solutions de vente en gros pour l'industrie mondiale<\/b><\/h2>\n<p data-path-to-node=\"1\">Sur le march\u00e9 dynamique des produits chimiques industriels de 2026, <b data-path-to-node=\"1\" data-index-in-node=\"51\">Tolu\u00e8ne<\/b> (<span class=\"math-inline\" data-math=\"C_7H_8\" data-index-in-node=\"60\">$C_7H_8$<\/span>) reste un hydrocarbure aromatique essentiel pour les solvants, les additifs pour carburants et la synth\u00e8se chimique. <b data-path-to-node=\"1\" data-index-in-node=\"164\">Ressource Cavin<\/b> a consolid\u00e9 sa position en tant que <b data-path-to-node=\"1\" data-index-in-node=\"212\">premier<\/b> partenaire mondial, fournissant un service robuste et <b data-path-to-node=\"1\" data-index-in-node=\"259\">de confiance<\/b> pour le tolu\u00e8ne de haute puret\u00e9. \u00c0 partir de notre centre logistique strat\u00e9gique en Malaisie, nous comblons le foss\u00e9 entre la production d'une raffinerie de classe mondiale et les besoins op\u00e9rationnels de votre installation, en veillant \u00e0 ce que vos processus de fabrication restent <b data-path-to-node=\"1\" data-index-in-node=\"503\">imparable<\/b>.<\/p>\n<p data-path-to-node=\"2\">Que vous cherchiez \u00e0 <b data-path-to-node=\"2\" data-index-in-node=\"27\">acheter Tolu\u00e8ne<\/b> pour la production de peintures et de rev\u00eatements \u00e0 grande \u00e9chelle ou comme mati\u00e8re premi\u00e8re essentielle pour le diisocyanate de tolu\u00e8ne (TDI), notre stock 2026 est con\u00e7u pour des performances et une stabilit\u00e9 chimique optimales.<\/p>\n<hr data-path-to-node=\"3\" \/>\n<h3 data-path-to-node=\"4\"><b data-path-to-node=\"4\" data-index-in-node=\"0\">Naviguer sur le march\u00e9 2026 : Aper\u00e7u des prix du tolu\u00e8ne en temps r\u00e9el<\/b><\/h3>\n<p data-path-to-node=\"5\">La connaissance du march\u00e9 est la pierre angulaire d'un approvisionnement rentable. \u00c0 partir de mars 2026, l <b data-path-to-node=\"5\" data-index-in-node=\"88\">prix du tolu\u00e8ne<\/b> a bien r\u00e9sist\u00e9, gr\u00e2ce \u00e0 une demande soutenue dans les secteurs de la p\u00e9trochimie et de l'automobile. Chez Cavin Resource, nous fournissons \u00e0 nos partenaires B2B des donn\u00e9es transparentes et actualis\u00e9es pour les aider \u00e0 naviguer en toute confiance dans les fluctuations de prix.<\/p>\n<p data-path-to-node=\"6\">Les r\u00e9f\u00e9rences actuelles du march\u00e9 pour 2026 indiquent un <b data-path-to-node=\"6\" data-index-in-node=\"42\">prix du tolu\u00e8ne par tonne<\/b> se situant approximativement entre <b data-path-to-node=\"6\" data-index-in-node=\"94\">$840 et $950 USD<\/b> en fonction de la logistique r\u00e9gionale et des degr\u00e9s de puret\u00e9. Par exemple, le <b data-path-to-node=\"6\" data-index-in-node=\"181\">Prix du tolu\u00e8ne par tonne aujourd'hui<\/b> sur les march\u00e9s nord-am\u00e9ricains refl\u00e8te la mod\u00e9ration des marges et l'\u00e9quilibre entre l'offre et la demande, tandis que la <b data-path-to-node=\"6\" data-index-in-node=\"309\">Prix du tolu\u00e8ne par tonne usd<\/b> in the Asia-Pacific region remains highly competitive due to optimized aromatic recovery processes. By sourcing through Cavin Resource, you benefit from &#8220;Value-Engineering&#8221; that keeps your costs aligned with global indexes.<\/p>\n<hr data-path-to-node=\"7\" \/>\n<h3 data-path-to-node=\"8\"><b data-path-to-node=\"8\" data-index-in-node=\"0\">Approvisionnement strat\u00e9gique du commerce de gros : Avantages du prix du tolu\u00e8ne en vrac<\/b><\/h3>\n<p data-path-to-node=\"9\">Assurer une stabilit\u00e9 <b data-path-to-node=\"9\" data-index-in-node=\"18\">prix du tolu\u00e8ne en vrac<\/b> est une priorit\u00e9 absolue pour les responsables des achats au cours de l'exercice 2026. Alors que les prix au comptant peuvent varier, nos contrats directs avec les raffineries nous permettent d'offrir un prix de vente \u00e9lev\u00e9. <b data-path-to-node=\"9\" data-index-in-node=\"188\">Prix du tolu\u00e8ne en vrac par tonne<\/b> qui permet de se pr\u00e9munir contre la volatilit\u00e9 des valeurs du p\u00e9trole brut et du reformat.<\/p>\n<p data-path-to-node=\"10\">Si vous suivez le <b data-path-to-node=\"10\" data-index-in-node=\"24\">Tolu\u00e8ne prix en vrac usa<\/b> ou la recherche d'un <b data-path-to-node=\"10\" data-index-in-node=\"66\">Fournisseur\/distributeur de tolu\u00e8ne en vrac<\/b> capable of handling trans-Pacific logistics, Cavin Resource offers the scale you need. We specialize in managing the complex &#8220;Chain of Custody&#8221; and safety protocols required for aromatic hydrocarbons, providing a seamless &#8220;factory-to-port&#8221; experience.<\/p>\n<hr data-path-to-node=\"11\" \/>\n<h3 data-path-to-node=\"12\"><b data-path-to-node=\"12\" data-index-in-node=\"0\">L'avantage mondial de Cavin Resource : Fiabilit\u00e9 et conformit\u00e9<\/b><\/h3>\n<p data-path-to-node=\"13\">Choisir le bon <b data-path-to-node=\"13\" data-index-in-node=\"19\">Fournisseur\/distributeur de tolu\u00e8ne en vrac<\/b> means choosing a partner that values your facility&#8217;s safety as much as your productivity. Every shipment from Cavin Resource is backed by 2026-dated documentation to ensure 100% compliance with international standards:<\/p>\n<ol start=\"1\" data-path-to-node=\"14\">\n<li>\n<p data-path-to-node=\"14,0,0\"><b data-path-to-node=\"14,0,0\" data-index-in-node=\"0\">Niveaux de puret\u00e9 stricts :<\/b> Garanties de qualit\u00e9 industrielle et de nitration (puret\u00e9 \u226599%).<\/p>\n<\/li>\n<li>\n<p data-path-to-node=\"14,1,0\"><b data-path-to-node=\"14,1,0\" data-index-in-node=\"0\">Documentation compl\u00e8te :<\/b> Chaque lot comprend un <b data-path-to-node=\"14,1,0\" data-index-in-node=\"61\">Certificat d'analyse (COA)<\/b> et une fiche de donn\u00e9es de s\u00e9curit\u00e9 (FDS) mise \u00e0 jour.<\/p>\n<\/li>\n<li>\n<p data-path-to-node=\"14,2,0\"><b data-path-to-node=\"14,2,0\" data-index-in-node=\"0\">Logistique avanc\u00e9e :<\/b> Nous utilisons des citernes ISO et des camions-citernes sp\u00e9cialis\u00e9s dans les produits chimiques afin de pr\u00e9server l'int\u00e9grit\u00e9 du produit pendant le transport.<\/p>\n<\/li>\n<li>\n<p data-path-to-node=\"14,3,0\"><b data-path-to-node=\"14,3,0\" data-index-in-node=\"0\">Cotations li\u00e9es au march\u00e9 :<\/b> Notre <b data-path-to-node=\"14,3,0\" data-index-in-node=\"26\">prix du tolu\u00e8ne<\/b> Les r\u00e9flexions sont mises \u00e0 jour mensuellement afin de garantir que vous achetez \u00e0 la valeur marchande la plus exacte.<\/p>\n<\/li>\n<\/ol>\n<hr data-path-to-node=\"15\" \/>\n<h3 data-path-to-node=\"16\"><b data-path-to-node=\"16\" data-index-in-node=\"0\">Assurez d\u00e8s aujourd'hui votre approvisionnement en Tolu\u00e8ne en gros 2026<\/b><\/h3>\n<p data-path-to-node=\"17\">Maximisez la production de votre installation avec le <b data-path-to-node=\"17\" data-index-in-node=\"41\">meilleur<\/b> dans le commerce mondial des produits chimiques. Cavin Resource fournit le volume dont vous avez besoin avec la transparence que vous m\u00e9ritez.<\/p>\n<hr class=\"\" data-start=\"3286\" data-end=\"3289\" \/>\n<h2 class=\"\" data-start=\"3291\" data-end=\"3337\">\ud83d\udcda <strong data-start=\"3297\" data-end=\"3337\">Sources cr\u00e9dibles pour le r\u00e9f\u00e9rencement et la r\u00e9f\u00e9rence<\/strong><\/h2>\n<ul data-start=\"3339\" data-end=\"3601\">\n<li class=\"\" data-start=\"3339\" data-end=\"3413\">\n<p class=\"\" data-start=\"3341\" data-end=\"3413\"><a class=\"\" href=\"https:\/\/pubchem.ncbi.nlm.nih.gov\/compound\/Toluene\" target=\"_new\" rel=\"noopener\" data-start=\"3341\" data-end=\"3411\">PubChem - Tolu\u00e8ne<\/a><\/p>\n<\/li>\n<li class=\"\" data-start=\"3414\" data-end=\"3493\">\n<p class=\"\" data-start=\"3416\" data-end=\"3493\"><a class=\"\" href=\"https:\/\/www.cdc.gov\/niosh\/npg\/npgd0619.html\" target=\"_new\" rel=\"noopener\" data-start=\"3416\" data-end=\"3491\">Guide de poche NIOSH - Tolu\u00e8ne<\/a><\/p>\n<\/li>\n<li class=\"\" data-start=\"3494\" data-end=\"3601\">\n<p class=\"\" data-start=\"3496\" data-end=\"3601\"><a class=\"\" href=\"https:\/\/echa.europa.eu\/substance-information\/-\/substanceinfo\/100.000.743\" target=\"_new\" rel=\"noopener\" data-start=\"3496\" data-end=\"3601\">ECHA - Toluene Substance Info<\/a><\/p>\n<\/li>\n<\/ul>","protected":false},"excerpt":{"rendered":"<p class=\"\" data-start=\"209\" data-end=\"487\"><strong data-start=\"209\" data-end=\"227\">Prix du tolu\u00e8ne en vrac (C\u2087H\u2088)<\/strong>\u00a0est un solvant \u00e0 base d'hydrocarbures aromatiques de haute qualit\u00e9, largement utilis\u00e9 dans les domaines suivants <strong data-start=\"288\" data-end=\"367\">diluants pour peinture, adh\u00e9sifs, caoutchouc, produits pharmaceutiques et rev\u00eatements industriels<\/strong>. Cavin Resource supplies <strong data-start=\"393\" data-end=\"409\">tolu\u00e8ne en vrac<\/strong> avec une qualit\u00e9 constante, un emballage s\u00fbr et un soutien logistique international.<\/p>","protected":false},"featured_media":711,"comment_status":"open","ping_status":"closed","template":"","meta":{"_et_pb_use_builder":"","_et_pb_old_content":"","_et_gb_content_width":""},"product_brand":[],"product_cat":[787],"product_tag":[686,665,685,472,687,680,684],"class_list":{"0":"post-713","1":"product","2":"type-product","3":"status-publish","4":"has-post-thumbnail","6":"product_cat-industrial-solvents-bulk","7":"product_tag-adhesive-solvent","8":"product_tag-aromatic-hydrocarbon","9":"product_tag-c7h8-chemical","10":"product_tag-cavin-resource-chemicals","11":"product_tag-industrial-toluene","12":"product_tag-paint-solvent","13":"product_tag-toluene-solvent","15":"first","16":"instock","17":"sale","18":"shipping-taxable","19":"purchasable","20":"product-type-simple"},"_links":{"self":[{"href":"https:\/\/cavinresource.com\/fr\/wp-json\/wp\/v2\/product\/713","targetHints":{"allow":["GET"]}}],"collection":[{"href":"https:\/\/cavinresource.com\/fr\/wp-json\/wp\/v2\/product"}],"about":[{"href":"https:\/\/cavinresource.com\/fr\/wp-json\/wp\/v2\/types\/product"}],"replies":[{"embeddable":true,"href":"https:\/\/cavinresource.com\/fr\/wp-json\/wp\/v2\/comments?post=713"}],"wp:featuredmedia":[{"embeddable":true,"href":"https:\/\/cavinresource.com\/fr\/wp-json\/wp\/v2\/media\/711"}],"wp:attachment":[{"href":"https:\/\/cavinresource.com\/fr\/wp-json\/wp\/v2\/media?parent=713"}],"wp:term":[{"taxonomy":"product_brand","embeddable":true,"href":"https:\/\/cavinresource.com\/fr\/wp-json\/wp\/v2\/product_brand?post=713"},{"taxonomy":"product_cat","embeddable":true,"href":"https:\/\/cavinresource.com\/fr\/wp-json\/wp\/v2\/product_cat?post=713"},{"taxonomy":"product_tag","embeddable":true,"href":"https:\/\/cavinresource.com\/fr\/wp-json\/wp\/v2\/product_tag?post=713"}],"curies":[{"name":"wp","href":"https:\/\/api.w.org\/{rel}","templated":true}]}}