{"id":695,"date":"2025-04-18T22:39:39","date_gmt":"2025-04-18T22:39:39","guid":{"rendered":"https:\/\/cavinresource.com\/?post_type=product&#038;p=695"},"modified":"2026-04-04T18:39:44","modified_gmt":"2026-04-04T18:39:44","slug":"benzene-high-purity","status":"publish","type":"product","link":"https:\/\/cavinresource.com\/fr\/product\/benzene-high-purity\/","title":{"rendered":"Benz\u00e8ne - Hydrocarbure aromatique de haute puret\u00e9"},"content":{"rendered":"<h2 style=\"text-align: center;\" data-start=\"600\" data-end=\"889\">Prix de gros du benz\u00e8ne<\/h2>\n<p data-start=\"600\" data-end=\"889\">\n<p class=\"\" data-start=\"600\" data-end=\"889\"><strong data-start=\"600\" data-end=\"618\">Benzene (C\u2086H\u2086)<\/strong> is a highly flammable, colorless liquid with a characteristic sweet odor. Known for its <strong data-start=\"707\" data-end=\"734\">aromatic ring structure<\/strong>, benzene serves as a <strong data-start=\"756\" data-end=\"808\">critical building block in the chemical industry<\/strong>, particularly in the synthesis of <strong data-start=\"843\" data-end=\"888\">styrene, phenol, cyclohexane, and aniline<\/strong>. benzene price per kg<\/p>\n<p class=\"\" data-start=\"891\" data-end=\"1210\">It is derived primarily from <strong data-start=\"920\" data-end=\"956\">petrochemical refining processes<\/strong> and plays a foundational role in <strong data-start=\"990\" data-end=\"1012\">polymer production<\/strong>, including <strong data-start=\"1024\" data-end=\"1049\">polystyrene and nylon<\/strong>. <a href=\"https:\/\/cavinresource.com\/fr\/\">Ressource Cavin<\/a> offers industrial benzene with <strong data-start=\"1097\" data-end=\"1123\">purity exceeding 99.9%<\/strong>, ideal for use in <strong data-start=\"1142\" data-end=\"1171\">large-scale manufacturing<\/strong> et <strong data-start=\"1176\" data-end=\"1209\">downstream chemical synthesis<\/strong>. benzene wholesale price<\/p>\n<p class=\"\" data-start=\"1212\" data-end=\"1381\">Our supply chain supports both local and international logistics, ensuring <strong data-start=\"1287\" data-end=\"1320\">timely and compliant delivery<\/strong> to refineries, chemical plants, and industrial distributors. benzene wholesale price<\/p>\n<hr class=\"\" data-start=\"1383\" data-end=\"1386\" \/>\n<h2 class=\"\" data-start=\"1388\" data-end=\"1415\">\u2699\ufe0f <strong data-start=\"1394\" data-end=\"1415\">M\u00e9thode de production<\/strong><\/h2>\n<h3 class=\"\" data-start=\"1417\" data-end=\"1459\"><strong data-start=\"1421\" data-end=\"1459\">Petrochemical Reforming &amp; Cracking<\/strong><\/h3>\n<ol data-start=\"1460\" data-end=\"1732\">\n<li class=\"\" data-start=\"1460\" data-end=\"1580\">\n<p class=\"\" data-start=\"1463\" data-end=\"1580\"><strong data-start=\"1463\" data-end=\"1486\">Catalytic reforming<\/strong> of naphtha or <strong data-start=\"1501\" data-end=\"1519\">steam cracking<\/strong> of hydrocarbons (natural gas liquids or crude oil fractions)<\/p>\n<\/li>\n<li class=\"\" data-start=\"1581\" data-end=\"1648\">\n<p class=\"\" data-start=\"1584\" data-end=\"1648\"><strong data-start=\"1584\" data-end=\"1648\">Benzene is extracted via distillation and solvent extraction<\/strong><\/p>\n<\/li>\n<li class=\"\" data-start=\"1649\" data-end=\"1732\">\n<p class=\"\" data-start=\"1652\" data-end=\"1732\"><strong data-start=\"1652\" data-end=\"1682\">Purified to high standards<\/strong> suitable for industrial and chemical applications<\/p>\n<\/li>\n<\/ol>\n<hr class=\"\" data-start=\"1734\" data-end=\"1737\" \/>\n<h2 class=\"\" data-start=\"1739\" data-end=\"1782\">\ud83c\udfed <strong data-start=\"1745\" data-end=\"1782\">Applications et cas d'utilisation dans l'industrie<\/strong><\/h2>\n<h3 class=\"\" data-start=\"1784\" data-end=\"1817\">\ud83e\uddea <strong data-start=\"1791\" data-end=\"1817\">Fabrication de produits chimiques<\/strong><\/h3>\n<ul data-start=\"1818\" data-end=\"1962\">\n<li class=\"\" data-start=\"1818\" data-end=\"1891\">\n<p class=\"\" data-start=\"1820\" data-end=\"1891\">Intermediate in the production of <strong data-start=\"1854\" data-end=\"1891\">styrene, phenol, and alkylbenzene<\/strong><\/p>\n<\/li>\n<li class=\"\" data-start=\"1892\" data-end=\"1962\">\n<p class=\"\" data-start=\"1894\" data-end=\"1962\">Used in the creation of <strong data-start=\"1918\" data-end=\"1962\">resins, adhesives, and synthetic rubbers<\/strong><\/p>\n<\/li>\n<\/ul>\n<h3 class=\"\" data-start=\"1964\" data-end=\"1997\">\ud83c\udfed <strong data-start=\"1971\" data-end=\"1997\">Petrochemical Refining<\/strong><\/h3>\n<ul data-start=\"1998\" data-end=\"2065\">\n<li class=\"\" data-start=\"1998\" data-end=\"2065\">\n<p class=\"\" data-start=\"2000\" data-end=\"2065\">Base material for <strong data-start=\"2018\" data-end=\"2047\">petrochemical derivatives<\/strong> in fuel additives<\/p>\n<\/li>\n<\/ul>\n<h3 class=\"\" data-start=\"2067\" data-end=\"2095\">\ud83e\uddf5 <strong data-start=\"2074\" data-end=\"2095\">Textile and Fiber<\/strong><\/h3>\n<ul data-start=\"2096\" data-end=\"2171\">\n<li class=\"\" data-start=\"2096\" data-end=\"2171\">\n<p class=\"\" data-start=\"2098\" data-end=\"2171\">Ingredient in the synthesis of <strong data-start=\"2129\" data-end=\"2171\">nylon, polyester, and synthetic fibers<\/strong><\/p>\n<\/li>\n<\/ul>\n<h3 class=\"\" data-start=\"2173\" data-end=\"2197\">\ud83c\udfa8 <strong data-start=\"2180\" data-end=\"2197\">Paints &amp; Dyes<\/strong><\/h3>\n<ul data-start=\"2198\" data-end=\"2253\">\n<li class=\"\" data-start=\"2198\" data-end=\"2253\">\n<p class=\"\" data-start=\"2200\" data-end=\"2253\">Raw material for <strong data-start=\"2217\" data-end=\"2253\">dyes, pigments, and ink solvents<\/strong><\/p>\n<\/li>\n<\/ul>\n<hr class=\"\" data-start=\"2255\" data-end=\"2258\" \/>\n<h2 class=\"\" data-start=\"2260\" data-end=\"2288\">\u2705 <strong data-start=\"2265\" data-end=\"2288\">Benefits of Benzene<\/strong><\/h2>\n<ul data-start=\"2290\" data-end=\"2613\">\n<li class=\"\" data-start=\"2290\" data-end=\"2353\">\n<p class=\"\" data-start=\"2292\" data-end=\"2353\">\ud83e\uddec <strong data-start=\"2295\" data-end=\"2318\">Essential precursor<\/strong> for various industrial chemicals<\/p>\n<\/li>\n<li class=\"\" data-start=\"2354\" data-end=\"2414\">\n<p class=\"\" data-start=\"2356\" data-end=\"2414\">\ud83c\udfed <strong data-start=\"2359\" data-end=\"2378\">High reactivity<\/strong> for versatile synthesis reactions<\/p>\n<\/li>\n<li class=\"\" data-start=\"2415\" data-end=\"2479\">\n<p class=\"\" data-start=\"2417\" data-end=\"2479\">\ud83e\uddea <strong data-start=\"2420\" data-end=\"2441\">Excellent solvent<\/strong> for organic and inorganic materials<\/p>\n<\/li>\n<li class=\"\" data-start=\"2480\" data-end=\"2543\">\n<p class=\"\" data-start=\"2482\" data-end=\"2543\">\ud83d\udd04 <strong data-start=\"2485\" data-end=\"2506\">Highly recyclable<\/strong> in closed-loop chemical production<\/p>\n<\/li>\n<li class=\"\" data-start=\"2544\" data-end=\"2613\">\n<p class=\"\" data-start=\"2546\" data-end=\"2613\">\ud83d\udce6 <strong data-start=\"2549\" data-end=\"2570\">Readily available<\/strong> in bulk for large-scale production needs<\/p>\n<\/li>\n<\/ul>\n<hr class=\"\" data-start=\"2615\" data-end=\"2618\" \/>\n<h2 class=\"\" data-start=\"2620\" data-end=\"2647\">\ud83d\udce6 <strong data-start=\"2626\" data-end=\"2647\">Options d'emballage<\/strong><\/h2>\n<ul data-start=\"2649\" data-end=\"2780\">\n<li class=\"\" data-start=\"2649\" data-end=\"2669\">\n<p class=\"\" data-start=\"2651\" data-end=\"2669\">200L metal drums<\/p>\n<\/li>\n<li class=\"\" data-start=\"2670\" data-end=\"2693\">\n<p class=\"\" data-start=\"2672\" data-end=\"2693\">Conteneurs-citernes ISO<\/p>\n<\/li>\n<li class=\"\" data-start=\"2694\" data-end=\"2727\">\n<p class=\"\" data-start=\"2696\" data-end=\"2727\">Flexitanks for bulk transport<\/p>\n<\/li>\n<li class=\"\" data-start=\"2728\" data-end=\"2780\">\n<p class=\"\" data-start=\"2730\" data-end=\"2780\">Custom packaging available for OEM or large orders<\/p>\n<\/li>\n<\/ul>\n<hr class=\"\" data-start=\"2782\" data-end=\"2785\" \/>\n<h2 class=\"\" data-start=\"2787\" data-end=\"2829\">\u2753 <strong data-start=\"2792\" data-end=\"2829\">Foire aux questions (FAQ)<\/strong><\/h2>\n<h3 class=\"\" data-start=\"2831\" data-end=\"2870\">1. <strong data-start=\"2838\" data-end=\"2868\">Is benzene safe to handle?<\/strong><\/h3>\n<p class=\"\" data-start=\"2871\" data-end=\"3043\">Benzene is <strong data-start=\"2882\" data-end=\"2908\">toxic and carcinogenic<\/strong> with prolonged exposure. Strict safety protocols and <strong data-start=\"2962\" data-end=\"3001\">PPE (Personal Protective Equipment)<\/strong> are required during handling and storage.<\/p>\n<hr class=\"\" data-start=\"3045\" data-end=\"3048\" \/>\n<h3 class=\"\" data-start=\"3050\" data-end=\"3109\">2. <strong data-start=\"3057\" data-end=\"3107\">What is the primary industrial use of benzene?<\/strong><\/h3>\n<p class=\"\" data-start=\"3110\" data-end=\"3223\">It is mainly used to <strong data-start=\"3131\" data-end=\"3153\">synthesize styrene<\/strong>, which is further used in the production of <strong data-start=\"3198\" data-end=\"3222\">polystyrene plastics<\/strong>.<\/p>\n<hr class=\"\" data-start=\"3225\" data-end=\"3228\" \/>\n<h3 class=\"\" data-start=\"3230\" data-end=\"3268\">3. <strong data-start=\"3237\" data-end=\"3266\">Is benzene water-soluble?<\/strong><\/h3>\n<p class=\"\" data-start=\"3269\" data-end=\"3363\">Benzene is <strong data-start=\"3280\" data-end=\"3311\">not highly soluble in water<\/strong>, but it is <strong data-start=\"3323\" data-end=\"3362\">miscible with most organic solvents<\/strong>.<\/p>\n<hr class=\"\" data-start=\"3365\" data-end=\"3368\" \/>\n<h3 class=\"\" data-start=\"3370\" data-end=\"3422\">4. <strong data-start=\"3377\" data-end=\"3420\">Can benzene be shipped internationally?<\/strong><\/h3>\n<p class=\"\" data-start=\"3423\" data-end=\"3524\">Yes. Cavin Resource ships benzene <strong data-start=\"3457\" data-end=\"3523\">globally under strict hazardous materials compliance protocols<\/strong>.<\/p>\n<hr class=\"\" data-start=\"3526\" data-end=\"3529\" \/>\n<h2 class=\"\" data-start=\"3531\" data-end=\"3577\">\ud83d\udcda <strong data-start=\"3537\" data-end=\"3577\">Sources cr\u00e9dibles pour le r\u00e9f\u00e9rencement et la r\u00e9f\u00e9rence<\/strong><\/h2>\n<ul data-start=\"3579\" data-end=\"3862\">\n<li class=\"\" data-start=\"3579\" data-end=\"3653\">\n<p class=\"\" data-start=\"3581\" data-end=\"3653\"><a class=\"\" href=\"https:\/\/pubchem.ncbi.nlm.nih.gov\/compound\/benzene\" target=\"_new\" rel=\"noopener\" data-start=\"3581\" data-end=\"3651\">PubChem \u2013 Benzene<\/a><\/p>\n<\/li>\n<li class=\"\" data-start=\"3654\" data-end=\"3733\">\n<p class=\"\" data-start=\"3656\" data-end=\"3733\"><a class=\"\" href=\"https:\/\/www.cdc.gov\/niosh\/npg\/npgd0049.html\" target=\"_new\" rel=\"noopener\" data-start=\"3656\" data-end=\"3731\">NIOSH \u2013 Benzene Safety Sheet<\/a><\/p>\n<\/li>\n<li class=\"\" data-start=\"3734\" data-end=\"3862\">\n<p class=\"\" data-start=\"3736\" data-end=\"3862\"><a class=\"\" href=\"https:\/\/monographs.iarc.who.int\/wp-content\/uploads\/2018\/06\/mono29.pdf\" target=\"_new\" rel=\"noopener\" data-start=\"3736\" data-end=\"3862\">International Agency for Research on Cancer \u2013 Benzene<\/a><\/p>\n<\/li>\n<\/ul>","protected":false},"excerpt":{"rendered":"<p><strong data-start=\"195\" data-end=\"206\">benzene price per kg<\/strong>\u00a0is a clear, volatile aromatic hydrocarbon widely used as a <strong data-start=\"266\" data-end=\"291\">chemical intermediate<\/strong> dans la production de <strong data-start=\"313\" data-end=\"382\">plastics, synthetic fibers, rubbers, dyes, resins, and detergents<\/strong>. Cavin Resource supplies <strong data-start=\"408\" data-end=\"448\">high-purity industrial-grade benzene<\/strong> for bulk buyers in the <strong data-start=\"472\" data-end=\"513\">chemical and petrochemical industries<\/strong>, ensuring consistent quality and global shipping.<\/p>","protected":false},"featured_media":651,"comment_status":"open","ping_status":"closed","template":"","meta":{"_et_pb_use_builder":"","_et_pb_old_content":"","_et_gb_content_width":""},"product_brand":[],"product_cat":[787],"product_tag":[665,663,669,374,605,664,666,668,667],"class_list":{"0":"post-695","1":"product","2":"type-product","3":"status-publish","4":"has-post-thumbnail","6":"product_cat-industrial-solvents-bulk","7":"product_tag-aromatic-hydrocarbon","8":"product_tag-benzene","9":"product_tag-benzene-solvent","10":"product_tag-cavin-resource","11":"product_tag-chemical-intermediate","12":"product_tag-industrial-benzene","13":"product_tag-petrochemical-benzene","14":"product_tag-phenol-synthesis","15":"product_tag-styrene-precursor","17":"first","18":"instock","19":"sale","20":"shipping-taxable","21":"purchasable","22":"product-type-simple"},"_links":{"self":[{"href":"https:\/\/cavinresource.com\/fr\/wp-json\/wp\/v2\/product\/695","targetHints":{"allow":["GET"]}}],"collection":[{"href":"https:\/\/cavinresource.com\/fr\/wp-json\/wp\/v2\/product"}],"about":[{"href":"https:\/\/cavinresource.com\/fr\/wp-json\/wp\/v2\/types\/product"}],"replies":[{"embeddable":true,"href":"https:\/\/cavinresource.com\/fr\/wp-json\/wp\/v2\/comments?post=695"}],"wp:featuredmedia":[{"embeddable":true,"href":"https:\/\/cavinresource.com\/fr\/wp-json\/wp\/v2\/media\/651"}],"wp:attachment":[{"href":"https:\/\/cavinresource.com\/fr\/wp-json\/wp\/v2\/media?parent=695"}],"wp:term":[{"taxonomy":"product_brand","embeddable":true,"href":"https:\/\/cavinresource.com\/fr\/wp-json\/wp\/v2\/product_brand?post=695"},{"taxonomy":"product_cat","embeddable":true,"href":"https:\/\/cavinresource.com\/fr\/wp-json\/wp\/v2\/product_cat?post=695"},{"taxonomy":"product_tag","embeddable":true,"href":"https:\/\/cavinresource.com\/fr\/wp-json\/wp\/v2\/product_tag?post=695"}],"curies":[{"name":"wp","href":"https:\/\/api.w.org\/{rel}","templated":true}]}}