{"id":678,"date":"2025-04-18T21:31:46","date_gmt":"2025-04-18T21:31:46","guid":{"rendered":"https:\/\/cavinresource.com\/?post_type=product&#038;p=678"},"modified":"2026-02-26T07:06:13","modified_gmt":"2026-02-26T07:06:13","slug":"potassium-cyanate","status":"publish","type":"product","link":"https:\/\/cavinresource.com\/fr\/product\/potassium-cyanate\/","title":{"rendered":"Cyanate de potassium - Interm\u00e9diaire de haute puret\u00e9"},"content":{"rendered":"<h2 style=\"text-align: center;\" data-start=\"558\" data-end=\"900\">Potassium Chloride &#8211; KCL &#8211; Potash 99%+ Pure Wholesale<\/h2>\n<p class=\"\" data-start=\"558\" data-end=\"900\"><strong data-start=\"558\" data-end=\"579\">Cyanate de potassium<\/strong>, with the chemical formula <strong data-start=\"607\" data-end=\"615\">KOCN<\/strong>, is an odorless, white crystalline powder known for its strong <strong data-start=\"679\" data-end=\"720\">nucleophilic and oxidative reactivity<\/strong>. As a <strong data-start=\"727\" data-end=\"763\">potassium salt of isocyanic acid<\/strong>, it is a critical intermediate in <strong data-start=\"798\" data-end=\"833\">organic and medicinal chemistry<\/strong>, used in the preparation of <strong data-start=\"862\" data-end=\"899\">ureas, hydantoins, and carbamates<\/strong>.\u00a0 Wholesale Potassium cyanide<\/p>\n<p class=\"\" data-start=\"902\" data-end=\"1237\">Potassium cyanate is industrially synthesized via the <strong data-start=\"956\" data-end=\"990\">oxidation of potassium cyanide<\/strong> or through a <strong data-start=\"1004\" data-end=\"1070\">reaction of urea with potassium carbonate at high temperatures<\/strong>. It is thermally stable and water-soluble, making it ideal for use in <strong data-start=\"1141\" data-end=\"1169\">metal surface treatments<\/strong>, <strong data-start=\"1171\" data-end=\"1196\">heat-resistant resins<\/strong>, et <strong data-start=\"1202\" data-end=\"1236\">non-toxic herbicide production<\/strong>.<\/p>\n<p class=\"\" data-start=\"1239\" data-end=\"1479\"><a href=\"https:\/\/cavinresource.com\/fr\/\">Ressource Cavin<\/a> fournitures <strong data-start=\"1263\" data-end=\"1320\">industrial and pharmaceutical-grade Potassium Cyanate<\/strong> avec <strong data-start=\"1326\" data-end=\"1346\">global logistics<\/strong>, technical documentation (COA, SDS), and <strong data-start=\"1388\" data-end=\"1418\">custom packaging solutions<\/strong> to meet B2B procurement standards across various industries. Wholesale Potassium cyanide<\/p>\n<hr class=\"\" data-start=\"1481\" data-end=\"1484\" \/>\n<h2 class=\"\" data-start=\"1486\" data-end=\"1513\">\u2699\ufe0f <strong data-start=\"1492\" data-end=\"1513\">M\u00e9thode de production<\/strong><\/h2>\n<h3 class=\"\" data-start=\"1515\" data-end=\"1559\"><strong data-start=\"1519\" data-end=\"1559\">High-Temperature Synthesis from Urea<\/strong><\/h3>\n<ul data-start=\"1560\" data-end=\"1795\">\n<li class=\"\" data-start=\"1560\" data-end=\"1633\">\n<p class=\"\" data-start=\"1562\" data-end=\"1633\"><strong data-start=\"1562\" data-end=\"1570\">Urea<\/strong> is mixed with <strong data-start=\"1585\" data-end=\"1608\">potassium carbonate<\/strong> and heated to 400\u2013600\u00b0C.<\/p>\n<\/li>\n<li class=\"\" data-start=\"1634\" data-end=\"1712\">\n<p class=\"\" data-start=\"1636\" data-end=\"1712\">The result is high-purity <strong data-start=\"1662\" data-end=\"1683\">potassium cyanate<\/strong> et <strong data-start=\"1688\" data-end=\"1695\">CO\u2082<\/strong> as a by-product.<\/p>\n<\/li>\n<li class=\"\" data-start=\"1713\" data-end=\"1795\">\n<p class=\"\" data-start=\"1715\" data-end=\"1795\">This method avoids the use of cyanide, making it more eco-friendly and scalable.<\/p>\n<\/li>\n<\/ul>\n<hr class=\"\" data-start=\"1797\" data-end=\"1800\" \/>\n<h2 class=\"\" data-start=\"1802\" data-end=\"1845\">\ud83c\udfed <strong data-start=\"1808\" data-end=\"1845\">Applications et cas d'utilisation dans l'industrie<\/strong><\/h2>\n<h3 class=\"\" data-start=\"1847\" data-end=\"1887\">\ud83e\uddea <strong data-start=\"1854\" data-end=\"1887\">Organic &amp; Medicinal Chemistry<\/strong><\/h3>\n<ul data-start=\"1888\" data-end=\"1983\">\n<li class=\"\" data-start=\"1888\" data-end=\"1939\">\n<p class=\"\" data-start=\"1890\" data-end=\"1939\">Precursor in <strong data-start=\"1903\" data-end=\"1916\">hydantoin<\/strong> et <strong data-start=\"1921\" data-end=\"1929\">urea<\/strong> synthesis<\/p>\n<\/li>\n<li class=\"\" data-start=\"1940\" data-end=\"1983\">\n<p class=\"\" data-start=\"1942\" data-end=\"1983\">Used to prepare <strong data-start=\"1958\" data-end=\"1983\">carbamate-based drugs<\/strong><\/p>\n<\/li>\n<\/ul>\n<h3 class=\"\" data-start=\"1985\" data-end=\"2026\">\ud83d\udd27 <strong data-start=\"1992\" data-end=\"2026\">Metal Surface &amp; Heat Treatment<\/strong><\/h3>\n<ul data-start=\"2027\" data-end=\"2144\">\n<li class=\"\" data-start=\"2027\" data-end=\"2085\">\n<p class=\"\" data-start=\"2029\" data-end=\"2085\">Acts as a <strong data-start=\"2039\" data-end=\"2057\">quenching salt<\/strong> in heat treatment of metals<\/p>\n<\/li>\n<li class=\"\" data-start=\"2086\" data-end=\"2144\">\n<p class=\"\" data-start=\"2088\" data-end=\"2144\">Enhances <strong data-start=\"2097\" data-end=\"2121\">corrosion resistance<\/strong> et <strong data-start=\"2126\" data-end=\"2144\">metal hardness<\/strong><\/p>\n<\/li>\n<\/ul>\n<h3 class=\"\" data-start=\"2146\" data-end=\"2183\">\ud83c\udf31 <strong data-start=\"2153\" data-end=\"2183\">Agrochemical Manufacturing<\/strong><\/h3>\n<ul data-start=\"2184\" data-end=\"2241\">\n<li class=\"\" data-start=\"2184\" data-end=\"2241\">\n<p class=\"\" data-start=\"2186\" data-end=\"2241\">Intermediate in <strong data-start=\"2202\" data-end=\"2228\">low-toxicity herbicide<\/strong> formulations<\/p>\n<\/li>\n<\/ul>\n<h3 class=\"\" data-start=\"2243\" data-end=\"2274\">\ud83e\uddec <strong data-start=\"2250\" data-end=\"2274\">Biochemical Research<\/strong><\/h3>\n<ul data-start=\"2275\" data-end=\"2342\">\n<li class=\"\" data-start=\"2275\" data-end=\"2342\">\n<p class=\"\" data-start=\"2277\" data-end=\"2342\">Utilis\u00e9 dans <strong data-start=\"2285\" data-end=\"2303\">enzyme studies<\/strong> et <strong data-start=\"2308\" data-end=\"2342\">protein modification reactions<\/strong><\/p>\n<\/li>\n<\/ul>\n<hr class=\"\" data-start=\"2344\" data-end=\"2347\" \/>\n<h2 class=\"\" data-start=\"2349\" data-end=\"2387\">\u2705 <strong data-start=\"2354\" data-end=\"2387\">Benefits of potassium cyanate<\/strong><\/h2>\n<ul data-start=\"2389\" data-end=\"2676\">\n<li class=\"\" data-start=\"2389\" data-end=\"2446\">\n<p class=\"\" data-start=\"2391\" data-end=\"2446\">\u2705 Stable and easy-to-handle compared to cyanide salts<\/p>\n<\/li>\n<li class=\"\" data-start=\"2447\" data-end=\"2510\">\n<p class=\"\" data-start=\"2449\" data-end=\"2510\">\u2705 Versatile <strong data-start=\"2461\" data-end=\"2477\">intermediate<\/strong> for multiple chemical pathways<\/p>\n<\/li>\n<li class=\"\" data-start=\"2511\" data-end=\"2570\">\n<p class=\"\" data-start=\"2513\" data-end=\"2570\">\u2705 Soluble in water and ethanol for flexible formulation<\/p>\n<\/li>\n<li class=\"\" data-start=\"2571\" data-end=\"2619\">\n<p class=\"\" data-start=\"2573\" data-end=\"2619\">\u2705 Available in <strong data-start=\"2588\" data-end=\"2617\">lab and industrial grades<\/strong><\/p>\n<\/li>\n<li class=\"\" data-start=\"2620\" data-end=\"2676\">\n<p class=\"\" data-start=\"2622\" data-end=\"2676\">\u2705 Supplied with <strong data-start=\"2638\" data-end=\"2676\">regulatory and shipping compliance<\/strong><\/p>\n<\/li>\n<\/ul>\n<hr class=\"\" data-start=\"2678\" data-end=\"2681\" \/>\n<h2 class=\"\" data-start=\"2683\" data-end=\"2710\">\ud83d\udce6 <strong data-start=\"2689\" data-end=\"2710\">Packaging Options Potassium cyanide<\/strong><\/h2>\n<ul data-start=\"2712\" data-end=\"2892\">\n<li class=\"\" data-start=\"2712\" data-end=\"2758\">\n<p class=\"\" data-start=\"2714\" data-end=\"2758\">25 kg HDPE drums or paper bags with liners<\/p>\n<\/li>\n<li class=\"\" data-start=\"2759\" data-end=\"2804\">\n<p class=\"\" data-start=\"2761\" data-end=\"2804\">5 kg vacuum-sealed containers for lab use<\/p>\n<\/li>\n<li class=\"\" data-start=\"2805\" data-end=\"2841\">\n<p class=\"\" data-start=\"2807\" data-end=\"2841\">Custom packaging for bulk orders<\/p>\n<\/li>\n<li class=\"\" data-start=\"2842\" data-end=\"2892\">\n<p class=\"\" data-start=\"2844\" data-end=\"2892\">Includes <strong data-start=\"2853\" data-end=\"2892\">SDS, COA, TDS, and HS Code labeling<\/strong><\/p>\n<\/li>\n<\/ul>\n<hr class=\"\" data-start=\"2894\" data-end=\"2897\" \/>\n<h2 class=\"\" data-start=\"2899\" data-end=\"2941\">\u2753 <strong data-start=\"2904\" data-end=\"2941\">Foire aux questions (FAQ)<\/strong><\/h2>\n<h3 class=\"\" data-start=\"2943\" data-end=\"2983\"><strong data-start=\"2947\" data-end=\"2981\">1. Is potassium cyanate toxic?<\/strong><\/h3>\n<p class=\"\" data-start=\"2984\" data-end=\"3121\"><strong data-start=\"2984\" data-end=\"2995\">R\u00e9ponse :<\/strong> It is significantly <strong data-start=\"3016\" data-end=\"3053\">less toxic than potassium cyanide<\/strong>, but still requires proper <strong data-start=\"3081\" data-end=\"3104\">PPE and ventilation<\/strong> during handling.<\/p>\n<hr class=\"\" data-start=\"3123\" data-end=\"3126\" \/>\n<h3 class=\"\" data-start=\"3128\" data-end=\"3186\"><strong data-start=\"3132\" data-end=\"3184\">2. What grade do you supply \u2013 lab or industrial?<\/strong><\/h3>\n<p class=\"\" data-start=\"3187\" data-end=\"3292\"><strong data-start=\"3187\" data-end=\"3198\">R\u00e9ponse :<\/strong> Cavin Resource supplies <strong data-start=\"3223\" data-end=\"3238\">both grades<\/strong> based on application \u2013 pharmaceutical and industrial.<\/p>\n<hr class=\"\" data-start=\"3294\" data-end=\"3297\" \/>\n<h3 class=\"\" data-start=\"3299\" data-end=\"3352\"><strong data-start=\"3303\" data-end=\"3350\">3. Is this product shipped internationally?<\/strong><\/h3>\n<p class=\"\" data-start=\"3353\" data-end=\"3462\"><strong data-start=\"3353\" data-end=\"3364\">R\u00e9ponse :<\/strong> Yes, we offer <strong data-start=\"3379\" data-end=\"3401\">worldwide shipping<\/strong> with all necessary <strong data-start=\"3421\" data-end=\"3461\">regulatory and customs documentation<\/strong>.<\/p>\n<hr class=\"\" data-start=\"3464\" data-end=\"3467\" \/>\n<h3 class=\"\" data-start=\"3469\" data-end=\"3521\"><strong data-start=\"3473\" data-end=\"3519\">4. How is potassium cyanate stored safely?<\/strong><\/h3>\n<p class=\"\" data-start=\"3522\" data-end=\"3628\"><strong data-start=\"3522\" data-end=\"3533\">R\u00e9ponse :<\/strong> Store in a <strong data-start=\"3545\" data-end=\"3582\">cool, dry, and sealed environment<\/strong>, away from acids and strong oxidizing agents.<\/p>\n<hr class=\"\" data-start=\"3630\" data-end=\"3633\" \/>\n<h2 class=\"\" data-start=\"3635\" data-end=\"3681\">\ud83d\udcda <strong data-start=\"3641\" data-end=\"3681\">Sources cr\u00e9dibles pour le r\u00e9f\u00e9rencement et la r\u00e9f\u00e9rence<\/strong><\/h2>\n<ul data-start=\"3683\" data-end=\"4029\">\n<li class=\"\" data-start=\"3683\" data-end=\"3777\">\n<p class=\"\" data-start=\"3685\" data-end=\"3777\"><a class=\"\" href=\"https:\/\/pubchem.ncbi.nlm.nih.gov\/compound\/Potassium-cyanate\" target=\"_new\" rel=\"noopener\" data-start=\"3685\" data-end=\"3775\">PubChem \u2013 Potassium Cyanate<\/a><\/p>\n<\/li>\n<li class=\"\" data-start=\"3778\" data-end=\"3856\">\n<p class=\"\" data-start=\"3780\" data-end=\"3856\"><a class=\"\" href=\"https:\/\/echa.europa.eu\/\" target=\"_new\" rel=\"noopener\" data-start=\"3780\" data-end=\"3854\">European Chemicals Agency \u2013 KOCN Safety Profile<\/a><\/p>\n<\/li>\n<li class=\"\" data-start=\"3857\" data-end=\"3935\">\n<p class=\"\" data-start=\"3859\" data-end=\"3935\"><a class=\"\" href=\"https:\/\/www.rsc.org\/\" target=\"_new\" rel=\"noopener\" data-start=\"3859\" data-end=\"3933\">Royal Society of Chemistry \u2013 Reactions of Cyanates<\/a><\/p>\n<\/li>\n<li class=\"\" data-start=\"3936\" data-end=\"4029\">\n<p class=\"\" data-start=\"3938\" data-end=\"4029\"><a class=\"\" href=\"https:\/\/www.sciencedirect.com\/\" target=\"_new\" rel=\"noopener\" data-start=\"3938\" data-end=\"4029\">ScienceDirect \u2013 Cyanate Applications in Organic Synthesis<\/a><\/p>\n<\/li>\n<\/ul>","protected":false},"excerpt":{"rendered":"<p>Bulk Supplier Potassium Cyanate (KOCN) is a <strong data-start=\"233\" data-end=\"263\">high-purity inorganic salt<\/strong> used as a reagent in <strong data-start=\"285\" data-end=\"306\">organic chemistry<\/strong>, <strong data-start=\"308\" data-end=\"336\">heat treatment processes<\/strong>, et <strong data-start=\"342\" data-end=\"370\">pharmaceutical synthesis<\/strong>. Cavin Resource supplies bulk KOCN with global shipping, strict safety compliance, and custom packaging for <strong data-start=\"479\" data-end=\"520\">industrial and lab-grade applications<\/strong>. Potassium Chloride &#8211; KCL &#8211; Potash 99%+ Pure Wholesale<\/p>","protected":false},"featured_media":659,"comment_status":"open","ping_status":"closed","template":"","meta":{"_et_pb_use_builder":"","_et_pb_old_content":"","_et_gb_content_width":""},"product_brand":[],"product_cat":[15],"product_tag":[374,605,603,604,602,606,601],"class_list":{"0":"post-678","1":"product","2":"type-product","3":"status-publish","4":"has-post-thumbnail","6":"product_cat-uncategorized","7":"product_tag-cavin-resource","8":"product_tag-chemical-intermediate","9":"product_tag-cyanate-reagent","10":"product_tag-heat-treatment-salt","11":"product_tag-kocn-industrial-grade","12":"product_tag-organic-synthesis","13":"product_tag-potassium-cyanate-supplier","15":"first","16":"instock","17":"sale","18":"shipping-taxable","19":"purchasable","20":"product-type-simple"},"_links":{"self":[{"href":"https:\/\/cavinresource.com\/fr\/wp-json\/wp\/v2\/product\/678","targetHints":{"allow":["GET"]}}],"collection":[{"href":"https:\/\/cavinresource.com\/fr\/wp-json\/wp\/v2\/product"}],"about":[{"href":"https:\/\/cavinresource.com\/fr\/wp-json\/wp\/v2\/types\/product"}],"replies":[{"embeddable":true,"href":"https:\/\/cavinresource.com\/fr\/wp-json\/wp\/v2\/comments?post=678"}],"wp:featuredmedia":[{"embeddable":true,"href":"https:\/\/cavinresource.com\/fr\/wp-json\/wp\/v2\/media\/659"}],"wp:attachment":[{"href":"https:\/\/cavinresource.com\/fr\/wp-json\/wp\/v2\/media?parent=678"}],"wp:term":[{"taxonomy":"product_brand","embeddable":true,"href":"https:\/\/cavinresource.com\/fr\/wp-json\/wp\/v2\/product_brand?post=678"},{"taxonomy":"product_cat","embeddable":true,"href":"https:\/\/cavinresource.com\/fr\/wp-json\/wp\/v2\/product_cat?post=678"},{"taxonomy":"product_tag","embeddable":true,"href":"https:\/\/cavinresource.com\/fr\/wp-json\/wp\/v2\/product_tag?post=678"}],"curies":[{"name":"wp","href":"https:\/\/api.w.org\/{rel}","templated":true}]}}