{"id":593,"date":"2025-04-16T02:31:17","date_gmt":"2025-04-16T02:31:17","guid":{"rendered":"https:\/\/cavinresource.com\/?post_type=product&#038;p=593"},"modified":"2026-03-03T12:39:57","modified_gmt":"2026-03-03T12:39:57","slug":"achat-en-vrac-de-phosphate-diammonique","status":"publish","type":"product","link":"https:\/\/cavinresource.com\/fr\/product\/bulk-buy-diammonium-phosphate\/","title":{"rendered":"Phosphate de diammonium (DAP 18-46-0) - Engrais \u00e9quilibr\u00e9 en azote et en phosphore"},"content":{"rendered":"<div class=\"B2VR9 CJHX3e\">\n<div class=\"wyccme\">\n<div>\n<div class=\"oatEtb\">\n<h2 class=\"mtv5bd\"><span class=\"dg6jd JGD2rd\">Phosphate de diammonium dap 18 46 0\u00a0<b>prix<\/b><\/span><\/h2>\n<\/div>\n<\/div>\n<\/div>\n<\/div>\n<p class=\"\" data-start=\"678\" data-end=\"973\"><strong data-start=\"678\" data-end=\"708\">Phosphate de diammonium (DAP)<\/strong> est un <strong data-start=\"714\" data-end=\"749\">engrais compos\u00e9 largement utilis\u00e9<\/strong> combinant <strong data-start=\"760\" data-end=\"776\">18% azote<\/strong> (sous forme d'ammonium) et <strong data-start=\"795\" data-end=\"823\">46% phosphore (exprim\u00e9 en P\u2082O\u2085)<\/strong>. Cette formulation \u00e0 double nutriment est id\u00e9ale pour <strong data-start=\"869\" data-end=\"906\">l'am\u00e9lioration du d\u00e9veloppement pr\u00e9coce des plantes<\/strong>, <strong data-start=\"908\" data-end=\"935\">stimuler la croissance des racines<\/strong>, et en am\u00e9liorant <strong data-start=\"951\" data-end=\"972\">productivit\u00e9 des cultures<\/strong>.<\/p>\n<p class=\"\" data-start=\"975\" data-end=\"1242\">Le DAP est tr\u00e8s soluble dans l'eau, ce qui le rend appropri\u00e9 pour <strong data-start=\"1032\" data-end=\"1059\">application directe sur le sol<\/strong>, <strong data-start=\"1061\" data-end=\"1076\">fertigation<\/strong>, ou en tant que composant dans <strong data-start=\"1099\" data-end=\"1124\">M\u00e9langes d'engrais NPK<\/strong>. Son caract\u00e8re relativement <strong data-start=\"1141\" data-end=\"1171\">haut pouvoir tampon du pH<\/strong> aide <strong data-start=\"1178\" data-end=\"1201\">r\u00e9duire l'acidit\u00e9 du sol<\/strong> temporairement, en particulier dans les sols acides.<\/p>\n<p class=\"\" data-start=\"1244\" data-end=\"1519\">Au <a href=\"https:\/\/cavinresource.com\/fr\/\"><strong data-start=\"1247\" data-end=\"1265\">Ressource Cavin<\/strong><\/a>, Nous fournissons <strong data-start=\"1278\" data-end=\"1305\">engrais granulaire DAP<\/strong> dans des emballages en vrac pour l'agriculture, les m\u00e9langes commerciaux et la distribution internationale. Notre DAP est fabriqu\u00e9 selon des normes de qualit\u00e9 rigoureuses et fourni avec une documentation d'exportation compl\u00e8te et une livraison dans le monde entier.<\/p>\n<hr class=\"\" data-start=\"1521\" data-end=\"1524\" \/>\n<h2 class=\"\" data-start=\"1526\" data-end=\"1553\">\u2699\ufe0f <strong data-start=\"1532\" data-end=\"1553\">M\u00e9thode de production<\/strong><\/h2>\n<h3 class=\"\" data-start=\"1555\" data-end=\"1603\"><strong data-start=\"1559\" data-end=\"1603\">R\u00e9action de l'ammoniac avec l'acide phosphorique<\/strong><\/h3>\n<ul data-start=\"1604\" data-end=\"1910\">\n<li class=\"\" data-start=\"1604\" data-end=\"1723\">\n<p class=\"\" data-start=\"1606\" data-end=\"1723\">Le DAP est produit en faisant r\u00e9agir <strong data-start=\"1634\" data-end=\"1661\">ammoniac anhydre (NH\u2083)<\/strong> avec <strong data-start=\"1667\" data-end=\"1694\">acide phosphorique (H\u2083PO\u2084)<\/strong> dans des conditions contr\u00f4l\u00e9es.<\/p>\n<\/li>\n<li class=\"\" data-start=\"1724\" data-end=\"1824\">\n<p class=\"\" data-start=\"1726\" data-end=\"1824\">Le produit qui en r\u00e9sulte, <strong data-start=\"1749\" data-end=\"1763\">(NH\u2084)\u2082HPO\u2084<\/strong>, est granul\u00e9 et refroidi pour former des granul\u00e9s durs qui ne s'agglom\u00e8rent pas.<\/p>\n<\/li>\n<li class=\"\" data-start=\"1825\" data-end=\"1910\">\n<p class=\"\" data-start=\"1827\" data-end=\"1910\">Le produit final est <strong data-start=\"1846\" data-end=\"1864\">tr\u00e8s soluble<\/strong> et pr\u00eats \u00e0 \u00eatre appliqu\u00e9s directement ou m\u00e9lang\u00e9s.<\/p>\n<\/li>\n<\/ul>\n<hr class=\"\" data-start=\"1912\" data-end=\"1915\" \/>\n<h2 class=\"\" data-start=\"1917\" data-end=\"1948\">\ud83c\udfed <strong data-start=\"1923\" data-end=\"1948\">Cas d'utilisation par secteur d'activit\u00e9<\/strong><\/h2>\n<h3 class=\"\" data-start=\"1950\" data-end=\"1972\">\ud83c\udf3e <strong data-start=\"1957\" data-end=\"1972\">Agriculture<\/strong><\/h3>\n<ul data-start=\"1973\" data-end=\"2229\">\n<li class=\"\" data-start=\"1973\" data-end=\"2084\">\n<p class=\"\" data-start=\"1975\" data-end=\"2084\">Utilis\u00e9 comme <strong data-start=\"1985\" data-end=\"2007\">engrais de d\u00e9marrage<\/strong> fournir aux cultures le phosphore et l'azote essentiels pendant les premiers stades de la croissance<\/p>\n<\/li>\n<li class=\"\" data-start=\"2085\" data-end=\"2148\">\n<p class=\"\" data-start=\"2087\" data-end=\"2148\">Appliqu\u00e9 en <strong data-start=\"2098\" data-end=\"2146\">m\u00e9thodes d'\u00e9pandage \u00e0 la vol\u00e9e, d'\u00e9pandage en bandes ou d'\u00e9pandage en bandes<\/strong><\/p>\n<\/li>\n<li class=\"\" data-start=\"2149\" data-end=\"2229\">\n<p class=\"\" data-start=\"2151\" data-end=\"2229\">Populaire en <strong data-start=\"2162\" data-end=\"2229\">c\u00e9r\u00e9ales, ol\u00e9agineux, l\u00e9gumineuses, ma\u00efs, riz, l\u00e9gumes et fruits<\/strong><\/p>\n<\/li>\n<\/ul>\n<h3 class=\"\" data-start=\"2231\" data-end=\"2265\">\ud83e\uddea <strong data-start=\"2238\" data-end=\"2265\">Applications industrielles<\/strong><\/h3>\n<ul data-start=\"2266\" data-end=\"2442\">\n<li class=\"\" data-start=\"2266\" data-end=\"2352\">\n<p class=\"\" data-start=\"2268\" data-end=\"2352\">Utilis\u00e9 dans <strong data-start=\"2276\" data-end=\"2295\">retardateurs de flamme<\/strong>, <strong data-start=\"2297\" data-end=\"2317\">production de levure<\/strong>, et <strong data-start=\"2323\" data-end=\"2350\">industries de la fermentation<\/strong><\/p>\n<\/li>\n<li class=\"\" data-start=\"2353\" data-end=\"2442\">\n<p class=\"\" data-start=\"2355\" data-end=\"2442\">Ingr\u00e9dient dans <strong data-start=\"2369\" data-end=\"2393\">inhibiteurs de corrosion<\/strong>, <strong data-start=\"2395\" data-end=\"2414\">adoucisseurs d'eau<\/strong>, et <strong data-start=\"2420\" data-end=\"2442\">compos\u00e9s de nettoyage<\/strong><\/p>\n<\/li>\n<\/ul>\n<hr class=\"\" data-start=\"2444\" data-end=\"2447\" \/>\n<h2 class=\"\" data-start=\"2449\" data-end=\"2496\">\u2705 <strong data-start=\"2454\" data-end=\"2496\">Avantages du phosphate diammonique (DAP)<\/strong><\/h2>\n<ul data-start=\"2498\" data-end=\"2948\">\n<li class=\"\" data-start=\"2498\" data-end=\"2585\">\n<p class=\"\" data-start=\"2500\" data-end=\"2585\">\ud83c\udf31 <strong data-start=\"2503\" data-end=\"2531\">Nutriments N &amp; P \u00e9quilibr\u00e9s<\/strong>: Favorise un d\u00e9veloppement pr\u00e9coce et vigoureux des racines et des pousses<\/p>\n<\/li>\n<li class=\"\" data-start=\"2586\" data-end=\"2671\">\n<p class=\"\" data-start=\"2588\" data-end=\"2671\">\ud83d\ude80 <strong data-start=\"2591\" data-end=\"2623\">Hautement soluble et \u00e0 action rapide<\/strong>: Disponibilit\u00e9 rapide des nutriments pour l'absorption par les plantes<\/p>\n<\/li>\n<li class=\"\" data-start=\"2672\" data-end=\"2774\">\n<p class=\"\" data-start=\"2674\" data-end=\"2774\">\u2696\ufe0f <strong data-start=\"2677\" data-end=\"2701\">R\u00e9duit l'acidit\u00e9 du sol<\/strong>: Un l\u00e9ger effet alcalin am\u00e9liore la disponibilit\u00e9 du phosphore dans les sols acides<\/p>\n<\/li>\n<li class=\"\" data-start=\"2775\" data-end=\"2857\">\n<p class=\"\" data-start=\"2777\" data-end=\"2857\">\ud83c\udf3e <strong data-start=\"2780\" data-end=\"2805\">Application polyvalente<\/strong>: Fonctionne bien dans les programmes d'engrais secs et liquides<\/p>\n<\/li>\n<li class=\"\" data-start=\"2858\" data-end=\"2948\">\n<p class=\"\" data-start=\"2860\" data-end=\"2948\">\ud83d\udce6 <strong data-start=\"2863\" data-end=\"2880\">Convivialit\u00e9 de l'offre en vrac<\/strong>: Granul\u00e9s pour faciliter le stockage, le transport et l'application m\u00e9canique Prix du phosphate diammonique<\/p>\n<\/li>\n<\/ul>\n<hr class=\"\" data-start=\"2950\" data-end=\"2953\" \/>\n<h2 class=\"\" data-start=\"2955\" data-end=\"2982\">\ud83d\udce6 <strong data-start=\"2961\" data-end=\"2982\">Options d'emballage<\/strong><\/h2>\n<ul data-start=\"2984\" data-end=\"3242\">\n<li class=\"\" data-start=\"2984\" data-end=\"3040\">\n<p class=\"\" data-start=\"2986\" data-end=\"3040\">Sacs en polypropyl\u00e8ne tiss\u00e9 de 25 kg et 50 kg avec doublure en PE<\/p>\n<\/li>\n<li class=\"\" data-start=\"3041\" data-end=\"3081\">\n<p class=\"\" data-start=\"3043\" data-end=\"3081\">Sacs jumbo de 1000 kg avec protection UV<\/p>\n<\/li>\n<li class=\"\" data-start=\"3082\" data-end=\"3134\">\n<p class=\"\" data-start=\"3084\" data-end=\"3134\">Emballage personnalisable (label priv\u00e9 disponible)<\/p>\n<\/li>\n<li class=\"\" data-start=\"3135\" data-end=\"3182\">\n<p class=\"\" data-start=\"3137\" data-end=\"3182\">Palettisation pour l'exportation avec film r\u00e9tractable<\/p>\n<\/li>\n<li class=\"\" data-start=\"3183\" data-end=\"3242\">\n<p class=\"\" data-start=\"3185\" data-end=\"3242\">Documentation d'exp\u00e9dition compl\u00e8te fournie (MSDS, COA, B\/L)<\/p>\n<\/li>\n<\/ul>\n<hr class=\"\" data-start=\"3548\" data-end=\"3551\" \/>\n<h2 class=\"\" data-start=\"3553\" data-end=\"3595\">\u2753 <strong data-start=\"3558\" data-end=\"3595\">Foire aux questions (FAQ)<\/strong><\/h2>\n<hr class=\"\" data-start=\"3597\" data-end=\"3600\" \/>\n<h3 class=\"\" data-start=\"3602\" data-end=\"3650\"><strong data-start=\"3606\" data-end=\"3648\">1. Quel est le meilleur moment pour appliquer le DAP ?<\/strong><\/h3>\n<p class=\"\" data-start=\"3651\" data-end=\"3808\"><strong data-start=\"3651\" data-end=\"3662\">R\u00e9ponse :<\/strong><br data-start=\"3662\" data-end=\"3665\" \/>Le DAP est appliqu\u00e9 de pr\u00e9f\u00e9rence au moment du semis pour assurer un bon d\u00e9part aux cultures. Il peut \u00e9galement \u00eatre utilis\u00e9 pendant <strong data-start=\"3762\" data-end=\"3782\">pr\u00e9paration du sol<\/strong> ou <strong data-start=\"3786\" data-end=\"3807\">band\u00e9 pr\u00e8s des graines<\/strong>. engrais dap en vrac<\/p>\n<hr class=\"\" data-start=\"3810\" data-end=\"3813\" \/>\n<h3 class=\"\" data-start=\"3815\" data-end=\"3862\"><strong data-start=\"3819\" data-end=\"3860\">2. Puis-je m\u00e9langer le DAP avec de l'ur\u00e9e ou de la potasse ?<\/strong><\/h3>\n<p class=\"\" data-start=\"3863\" data-end=\"4074\"><strong data-start=\"3863\" data-end=\"3874\">R\u00e9ponse :<\/strong><br data-start=\"3874\" data-end=\"3877\" \/>Oui, le DAP est couramment m\u00e9lang\u00e9 avec <strong data-start=\"3911\" data-end=\"3967\">ur\u00e9e, muriate de potasse (MOP) et autres engrais<\/strong>. Toutefois, il faut \u00e9viter de les m\u00e9langer avec <strong data-start=\"3996\" data-end=\"4036\">les engrais \u00e0 base de calcium ou de soufre<\/strong> pour \u00e9viter l'agglutination ou la perte de nutriments.<\/p>\n<hr class=\"\" data-start=\"4076\" data-end=\"4079\" \/>\n<h3 class=\"\" data-start=\"4081\" data-end=\"4126\"><strong data-start=\"4085\" data-end=\"4124\">3. Le DAP augmente-t-il la salinit\u00e9 du sol ?<\/strong><\/h3>\n<p class=\"\" data-start=\"4127\" data-end=\"4303\"><strong data-start=\"4127\" data-end=\"4138\">R\u00e9ponse :<\/strong><br data-start=\"4138\" data-end=\"4141\" \/>Une utilisation excessive de DAP peut entra\u00eener <strong data-start=\"4173\" data-end=\"4199\">l'accumulation temporaire de sel<\/strong>, surtout dans les sols secs. Utiliser selon <strong data-start=\"4237\" data-end=\"4268\">taux agronomiques recommand\u00e9s<\/strong> et alterner avec d'autres engrais.<\/p>\n<hr class=\"\" data-start=\"4305\" data-end=\"4308\" \/>\n<h3 class=\"\" data-start=\"4310\" data-end=\"4348\"><strong data-start=\"4314\" data-end=\"4346\">4. Exp\u00e9diez-vous les DAP dans le monde entier ?<\/strong><\/h3>\n<p class=\"\" data-start=\"4349\" data-end=\"4467\"><strong data-start=\"4349\" data-end=\"4360\">R\u00e9ponse :<\/strong><br data-start=\"4360\" data-end=\"4363\" \/>Oui. Cavin Resource fournit <strong data-start=\"4392\" data-end=\"4466\">la documentation d'exportation, l'inspection SGS et l'exp\u00e9dition de conteneurs dans le monde entier<\/strong>.<\/p>\n<hr class=\"\" data-start=\"4469\" data-end=\"4472\" \/>\n<h2 class=\"\" data-start=\"4474\" data-end=\"4513\">\ud83d\udcda <strong data-start=\"4480\" data-end=\"4513\">Sources et r\u00e9f\u00e9rences cr\u00e9dibles<\/strong><\/h2>\n<ul data-start=\"4515\" data-end=\"4869\">\n<li class=\"\" data-start=\"4515\" data-end=\"4592\">\n<p class=\"\" data-start=\"4517\" data-end=\"4592\"><a class=\"\" href=\"https:\/\/www.fao.org\/3\/y4347e\/y4347e00.htm\" target=\"_new\" rel=\"noopener\" data-start=\"4517\" data-end=\"4590\">FAO - Utilisation d'engrais par culture<\/a><\/p>\n<\/li>\n<li class=\"\" data-start=\"4593\" data-end=\"4668\">\n<p class=\"\" data-start=\"4595\" data-end=\"4668\"><a class=\"\" href=\"https:\/\/ifdc.org\/\" target=\"_new\" rel=\"noopener\" data-start=\"4595\" data-end=\"4666\">Centre international de d\u00e9veloppement des engrais (IFDC)<\/a><\/p>\n<\/li>\n<li class=\"\" data-start=\"4669\" data-end=\"4769\">\n<p class=\"\" data-start=\"4671\" data-end=\"4769\"><a class=\"\" href=\"https:\/\/pubchem.ncbi.nlm.nih.gov\/compound\/Diammonium-phosphate\" target=\"_new\" rel=\"noopener\" data-start=\"4671\" data-end=\"4767\">PubChem - Phosphate de diammonium<\/a><\/p>\n<\/li>\n<li class=\"\" data-start=\"4770\" data-end=\"4869\">\n<p class=\"\" data-start=\"4772\" data-end=\"4869\"><a target=\"_new\" rel=\"noopener\" data-start=\"4772\" data-end=\"4869\">Rapports ICIS sur le march\u00e9 des engrais<\/a><\/p>\n<\/li>\n<\/ul>","protected":false},"excerpt":{"rendered":"<p class=\"\" data-start=\"402\" data-end=\"641\">Haute qualit\u00e9 <strong data-start=\"415\" data-end=\"453\">Phosphate de diammonium (DAP 18-46-0)<\/strong> contenant 18% d'azote et 46% de phosphore soluble dans l'eau. Parfait pour stimuler le d\u00e9veloppement des racines et la croissance pr\u00e9coce des cultures. Disponible en gros dans le monde entier aupr\u00e8s de Cavin Resource. Phosphate de diammonium (DAP 18-46-0) dap prix de gros<\/p>","protected":false},"featured_media":594,"comment_status":"open","ping_status":"closed","template":"","meta":{"_et_pb_use_builder":"","_et_pb_old_content":"","_et_gb_content_width":""},"product_brand":[],"product_cat":[808,783],"product_tag":[456,454,458,1260,1259,1258,453,457,459,455],"class_list":{"0":"post-593","1":"product","2":"type-product","3":"status-publish","4":"has-post-thumbnail","6":"product_cat-phosphate-based-fertilizers","7":"product_cat-bulk-fertilizer-supplier","8":"product_tag-cavin-resource-agriculture","9":"product_tag-dap-18-46-0-bulk-supplier","10":"product_tag-dap-export-malaysia","11":"product_tag-diammonium-phosphate","12":"product_tag-diammonium-phosphate-dap-18-46-0","13":"product_tag-diammonium-phosphate-dap-18-46-0-price","14":"product_tag-diammonium-phosphate-fertilizer","15":"product_tag-high-phosphorus-granular-fertilizer","16":"product_tag-npk-blending-fertilizer","17":"product_tag-phosphorus-and-nitrogen-fertilizer","19":"first","20":"instock","21":"sale","22":"shipping-taxable","23":"purchasable","24":"product-type-simple"},"_links":{"self":[{"href":"https:\/\/cavinresource.com\/fr\/wp-json\/wp\/v2\/product\/593","targetHints":{"allow":["GET"]}}],"collection":[{"href":"https:\/\/cavinresource.com\/fr\/wp-json\/wp\/v2\/product"}],"about":[{"href":"https:\/\/cavinresource.com\/fr\/wp-json\/wp\/v2\/types\/product"}],"replies":[{"embeddable":true,"href":"https:\/\/cavinresource.com\/fr\/wp-json\/wp\/v2\/comments?post=593"}],"wp:featuredmedia":[{"embeddable":true,"href":"https:\/\/cavinresource.com\/fr\/wp-json\/wp\/v2\/media\/594"}],"wp:attachment":[{"href":"https:\/\/cavinresource.com\/fr\/wp-json\/wp\/v2\/media?parent=593"}],"wp:term":[{"taxonomy":"product_brand","embeddable":true,"href":"https:\/\/cavinresource.com\/fr\/wp-json\/wp\/v2\/product_brand?post=593"},{"taxonomy":"product_cat","embeddable":true,"href":"https:\/\/cavinresource.com\/fr\/wp-json\/wp\/v2\/product_cat?post=593"},{"taxonomy":"product_tag","embeddable":true,"href":"https:\/\/cavinresource.com\/fr\/wp-json\/wp\/v2\/product_tag?post=593"}],"curies":[{"name":"wp","href":"https:\/\/api.w.org\/{rel}","templated":true}]}}