{"id":538,"date":"2025-04-11T14:31:06","date_gmt":"2025-04-11T14:31:06","guid":{"rendered":"https:\/\/cavinresource.com\/?post_type=product&#038;p=538"},"modified":"2026-03-03T15:47:40","modified_gmt":"2026-03-03T15:47:40","slug":"fournisseurs-de-soude-caustique-en-vrac","status":"publish","type":"product","link":"https:\/\/cavinresource.com\/fr\/product\/bulk-caustic-soda-suppliers\/","title":{"rendered":"Soude caustique (hydroxyde de sodium) - Qualit\u00e9 industrielle"},"content":{"rendered":"<h2 data-start=\"765\" data-end=\"1217\">prix des flocons de soude caustique par tonne<\/h2>\n<p class=\"\" data-start=\"765\" data-end=\"1217\">fournisseurs de soude caustique en vrac, chimiquement connue sous le nom de <strong data-start=\"803\" data-end=\"830\">Hydroxyde de sodium (NaOH)<\/strong>, est un <strong data-start=\"837\" data-end=\"854\">alcali fort<\/strong> utilis\u00e9 dans de nombreuses industries pour sa puissante r\u00e9activit\u00e9 et sa grande efficacit\u00e9 dans la r\u00e9gulation du pH, le nettoyage et la synth\u00e8se chimique. \u00c0 l'heure actuelle, le <a href=\"https:\/\/cavinresource.com\/fr\/\"><strong data-start=\"993\" data-end=\"1011\">Ressource Cavin<\/strong><\/a>, Nous offrons <strong data-start=\"1022\" data-end=\"1063\">soude caustique de qualit\u00e9 industrielle sup\u00e9rieure<\/strong> en <strong data-start=\"1067\" data-end=\"1112\">paillettes, perles et liquide (solution 50%)<\/strong> des formulaires avec jusqu'\u00e0 <strong data-start=\"1130\" data-end=\"1144\">99% puret\u00e9<\/strong>, Les produits de cette cat\u00e9gorie conviennent \u00e0 un large \u00e9ventail d'applications de fabrication et de transformation.<\/p>\n<p class=\"\" data-start=\"1219\" data-end=\"1479\">Notre soude caustique est fabriqu\u00e9e sous <strong data-start=\"1258\" data-end=\"1287\">Usines certifi\u00e9es ISO 9001<\/strong>, avec une qualit\u00e9 constante, une grande solubilit\u00e9 et des options d'emballage adapt\u00e9es aux besoins des consommateurs. <strong data-start=\"1366\" data-end=\"1396\">utilisation industrielle \u00e0 grande \u00e9chelle<\/strong>. Pr\u00eat pour l'exportation avec <strong data-start=\"1421\" data-end=\"1439\">COA, MSDS, SGS<\/strong>, et des consignes de s\u00e9curit\u00e9 pour la manipulation sont fournies.<\/p>\n<hr class=\"\" data-start=\"1481\" data-end=\"1484\" \/>\n<h2 class=\"\" data-start=\"1486\" data-end=\"1513\">\u2699\ufe0f <strong data-start=\"1492\" data-end=\"1513\">M\u00e9thode de production<\/strong><\/h2>\n<ul>\n<li data-start=\"1518\" data-end=\"1614\"><strong data-start=\"1518\" data-end=\"1543\">\u00c9lectrolyse de la saumure<\/strong> - L'eau sal\u00e9e est \u00e9lectrolys\u00e9e \u00e0 l'aide d'une membrane ou d'une cellule \u00e0 diaphragme.<\/li>\n<li data-start=\"1518\" data-end=\"1614\"><strong data-start=\"1618\" data-end=\"1632\">S\u00e9paration<\/strong> - Le chlore gazeux et l'hydrog\u00e8ne gazeux sont s\u00e9par\u00e9s de l'hydroxyde de sodium.<\/li>\n<li data-start=\"1518\" data-end=\"1614\"><strong data-start=\"1706\" data-end=\"1723\">Concentration<\/strong> - Le NaOH est concentr\u00e9 et s\u00e9ch\u00e9 sous forme de paillettes ou de perles, ou pr\u00e9par\u00e9 sous forme de solution 50%.<\/li>\n<li data-start=\"1518\" data-end=\"1614\"><strong data-start=\"1811\" data-end=\"1824\">Emballage<\/strong> - Emballage hygi\u00e9nique pour la distribution industrielle en vrac<\/li>\n<\/ul>\n<hr class=\"\" data-start=\"2790\" data-end=\"2793\" \/>\n<h2 class=\"\" data-start=\"2795\" data-end=\"2835\">\ud83d\udcda <strong data-start=\"2801\" data-end=\"2835\">Sources cr\u00e9dibles de confiance<\/strong><\/h2>\n<ul data-start=\"2837\" data-end=\"3277\">\n<li class=\"\" data-start=\"2837\" data-end=\"2935\">\n<p class=\"\" data-start=\"2839\" data-end=\"2935\">\ud83d\udd17 <a class=\"\" href=\"https:\/\/pubchem.ncbi.nlm.nih.gov\/compound\/Sodium-hydroxide\" target=\"_new\" rel=\"noopener\" data-start=\"2842\" data-end=\"2933\">PubChem - Soude caustique (NaOH)<\/a><\/p>\n<\/li>\n<li class=\"\" data-start=\"2936\" data-end=\"3058\">\n<p class=\"\" data-start=\"2938\" data-end=\"3058\">\ud83d\udd17 <a class=\"\" href=\"https:\/\/echa.europa.eu\/substance-information\/-\/substanceinfo\/100.013.296\" target=\"_new\" rel=\"noopener\" data-start=\"2941\" data-end=\"3056\">Agence europ\u00e9enne des produits chimiques - Informations sur la s\u00e9curit\u00e9<\/a><\/p>\n<\/li>\n<li class=\"\" data-start=\"3059\" data-end=\"3142\">\n<p class=\"\" data-start=\"3061\" data-end=\"3142\">\ud83d\udd17 <a class=\"cursor-pointer\" target=\"_new\" rel=\"noopener\" data-start=\"3064\" data-end=\"3140\">OSHA - Directives relatives \u00e0 l'hydroxyde de sodium<\/a><\/p>\n<\/li>\n<li class=\"\" data-start=\"3143\" data-end=\"3277\">\n<p class=\"\" data-start=\"3145\" data-end=\"3277\">\ud83d\udd17 <a class=\"\" href=\"https:\/\/www.sciencedirect.com\/topics\/chemical-engineering\/sodium-hydroxide\" target=\"_new\" rel=\"noopener\" data-start=\"3148\" data-end=\"3277\">ScienceDirect - Utilisations industrielles de l'hydroxyde de sodium<\/a><\/p>\n<\/li>\n<\/ul>\n<hr class=\"\" data-start=\"3555\" data-end=\"3558\" \/>\n<h2 class=\"\" data-start=\"3560\" data-end=\"3594\">\ud83c\udfaf <strong data-start=\"3566\" data-end=\"3594\">Avantages de la soude caustique<\/strong><\/h2>\n<ul data-start=\"3596\" data-end=\"4064\">\n<li class=\"\" data-start=\"3596\" data-end=\"3699\">\n<p class=\"\" data-start=\"3598\" data-end=\"3699\">\u2705 <strong data-start=\"3600\" data-end=\"3623\">Alcalinit\u00e9 puissante<\/strong> - Tr\u00e8s efficace pour neutraliser les acides et d\u00e9composer les mati\u00e8res organiques<\/p>\n<\/li>\n<li class=\"\" data-start=\"3700\" data-end=\"3818\">\n<p class=\"\" data-start=\"3702\" data-end=\"3818\">\u2705 <strong data-start=\"3704\" data-end=\"3730\">Polyvalence industrielle<\/strong> - Essentiel dans les industries de la p\u00e2te et du papier, du savon, des d\u00e9tergents, du traitement de l'eau et du textile.<\/p>\n<\/li>\n<li class=\"\" data-start=\"3819\" data-end=\"3894\">\n<p class=\"\" data-start=\"3821\" data-end=\"3894\">\u2705 <strong data-start=\"3823\" data-end=\"3842\">Haute solubilit\u00e9<\/strong> - Se dissout facilement dans l'eau avec une r\u00e9activit\u00e9 rapide<\/p>\n<\/li>\n<li class=\"\" data-start=\"3895\" data-end=\"3965\">\n<p class=\"\" data-start=\"3897\" data-end=\"3965\">\u2705 <strong data-start=\"3899\" data-end=\"3927\">Agent de nettoyage efficace<\/strong> - Puissant d\u00e9graissant et d\u00e9sinfectant<\/p>\n<\/li>\n<li class=\"\" data-start=\"3966\" data-end=\"4064\">\n<p class=\"\" data-start=\"3968\" data-end=\"4064\">\u2705 <strong data-start=\"3970\" data-end=\"3990\">Conformit\u00e9 \u00e0 l'exportation<\/strong> - Fourni avec une documentation compl\u00e8te pour un transport mondial s\u00fbr et conforme.<\/p>\n<\/li>\n<\/ul>\n<hr class=\"\" data-start=\"4066\" data-end=\"4069\" \/>\n<h2 class=\"\" data-start=\"4071\" data-end=\"4100\">\ud83c\udfed <strong data-start=\"4077\" data-end=\"4100\">Applications courantes<\/strong><\/h2>\n<h3 class=\"\" data-start=\"4102\" data-end=\"4134\">\ud83e\uddfc <strong data-start=\"4109\" data-end=\"4134\">Nettoyage et assainissement<\/strong><\/h3>\n<ul data-start=\"4135\" data-end=\"4195\">\n<li class=\"\" data-start=\"4135\" data-end=\"4195\">\n<p class=\"\" data-start=\"4137\" data-end=\"4195\">D\u00e9graissants industriels, nettoyeurs de canalisations, st\u00e9rilisateurs de surface<\/p>\n<\/li>\n<\/ul>\n<h3 class=\"\" data-start=\"4197\" data-end=\"4230\">\ud83e\uddea <strong data-start=\"4204\" data-end=\"4230\">Fabrication de produits chimiques<\/strong><\/h3>\n<ul data-start=\"4231\" data-end=\"4284\">\n<li class=\"\" data-start=\"4231\" data-end=\"4284\">\n<p class=\"\" data-start=\"4233\" data-end=\"4284\">Ajustement du pH, neutralisation, pr\u00e9paration de catalyseurs<\/p>\n<\/li>\n<\/ul>\n<h3 class=\"\" data-start=\"4286\" data-end=\"4318\">\ud83e\uddfb <strong data-start=\"4293\" data-end=\"4318\">Industrie du papier et de la p\u00e2te \u00e0 papier<\/strong><\/h3>\n<ul data-start=\"4319\" data-end=\"4367\">\n<li class=\"\" data-start=\"4319\" data-end=\"4367\">\n<p class=\"\" data-start=\"4321\" data-end=\"4367\">D\u00e9pulpage du bois (proc\u00e9d\u00e9 Kraft), agents de blanchiment<\/p>\n<\/li>\n<\/ul>\n<h3 class=\"\" data-start=\"4369\" data-end=\"4396\">\ud83d\udc55 <strong data-start=\"4376\" data-end=\"4396\">Industrie textile<\/strong><\/h3>\n<ul data-start=\"4397\" data-end=\"4444\">\n<li class=\"\" data-start=\"4397\" data-end=\"4444\">\n<p class=\"\" data-start=\"4399\" data-end=\"4444\">D\u00e9capage des tissus, mercerisation pour l'absorption des colorants<\/p>\n<\/li>\n<\/ul>\n<h3 class=\"\" data-start=\"4446\" data-end=\"4472\">\ud83d\udca7 <strong data-start=\"4453\" data-end=\"4472\">Traitement de l'eau<\/strong><\/h3>\n<ul data-start=\"4473\" data-end=\"4529\">\n<li class=\"\" data-start=\"4473\" data-end=\"4529\">\n<p class=\"\" data-start=\"4475\" data-end=\"4529\">R\u00e9gulation du pH et floculation dans le traitement des eaux us\u00e9es<\/p>\n<\/li>\n<\/ul>\n<hr class=\"\" data-start=\"4531\" data-end=\"4534\" \/>\n<h2 class=\"\" data-start=\"4536\" data-end=\"4574\">\u2753 Questions fr\u00e9quemment pos\u00e9es (FAQ)<\/h2>\n<hr class=\"\" data-start=\"4576\" data-end=\"4579\" \/>\n<h3 class=\"\" data-start=\"4581\" data-end=\"4655\"><strong data-start=\"4585\" data-end=\"4653\">1. Quelle est la diff\u00e9rence entre les flocons et les perles de soude caustique ?<\/strong><\/h3>\n<p class=\"\" data-start=\"4656\" data-end=\"4850\"><strong data-start=\"4656\" data-end=\"4667\">R\u00e9ponse :<\/strong><br data-start=\"4667\" data-end=\"4670\" \/>Les deux sont des formes solides de l'hydroxyde de sodium. <strong data-start=\"4712\" data-end=\"4722\">Flocons<\/strong> sont plats et se dissolvent rapidement, tandis que les <strong data-start=\"4760\" data-end=\"4770\">perles<\/strong> sont des granul\u00e9s arrondis dont la vitesse de dissolution est plus lente, mais dont la stabilit\u00e9 en rayon est plus longue.<\/p>\n<hr class=\"\" data-start=\"4852\" data-end=\"4855\" \/>\n<h3 class=\"\" data-start=\"4857\" data-end=\"4916\"><strong data-start=\"4861\" data-end=\"4914\">2. Ce produit peut-il \u00eatre utilis\u00e9 dans des applications alimentaires ?<\/strong><\/h3>\n<p class=\"\" data-start=\"4917\" data-end=\"5111\"><strong data-start=\"4917\" data-end=\"4928\">R\u00e9ponse :<\/strong><br data-start=\"4928\" data-end=\"4931\" \/>Notre soude caustique est <strong data-start=\"4951\" data-end=\"4976\">qualit\u00e9 industrielle uniquement<\/strong>. Il est <strong data-start=\"4984\" data-end=\"5000\">ne convient pas<\/strong> pour l'industrie alimentaire. Toutefois, de l'hydroxyde de sodium de qualit\u00e9 alimentaire est disponible sur demande selon des sp\u00e9cifications strictes.<\/p>\n<hr class=\"\" data-start=\"5113\" data-end=\"5116\" \/>\n<h3 class=\"\" data-start=\"5118\" data-end=\"5214\"><strong data-start=\"5122\" data-end=\"5212\">3. Comment g\u00e9rez-vous l'exp\u00e9dition internationale de mati\u00e8res dangereuses telles que la soude caustique ?<\/strong><\/h3>\n<p class=\"\" data-start=\"5215\" data-end=\"5407\"><strong data-start=\"5215\" data-end=\"5226\">R\u00e9ponse :<\/strong><br data-start=\"5226\" data-end=\"5229\" \/>Les ressources de Cavin fournissent <strong data-start=\"5253\" data-end=\"5278\">Emballages non agr\u00e9\u00e9s<\/strong>, complet <strong data-start=\"5285\" data-end=\"5293\">FICHE DE DONN\u00c9ES DE S\u00c9CURIT\u00c9<\/strong>, et suit <strong data-start=\"5307\" data-end=\"5331\">Lignes directrices IMDG\/IATA<\/strong> pour l'exp\u00e9dition de produits chimiques dangereux, garantissant la conformit\u00e9 et la s\u00e9curit\u00e9 du transport.<\/p>\n<hr class=\"\" data-start=\"5409\" data-end=\"5412\" \/>\n<h3 class=\"\" data-start=\"5414\" data-end=\"5473\"><strong data-start=\"5418\" data-end=\"5471\">4. Quelles sont les pr\u00e9cautions \u00e0 prendre lors de la manipulation ?<\/strong><\/h3>\n<p class=\"\" data-start=\"5474\" data-end=\"5638\"><strong data-start=\"5474\" data-end=\"5485\">R\u00e9ponse :<\/strong><br data-start=\"5485\" data-end=\"5488\" \/>Les op\u00e9rateurs doivent utiliser <strong data-start=\"5509\" data-end=\"5561\">gants, lunettes et v\u00eatements r\u00e9sistant aux produits chimiques<\/strong>. La soude caustique est <strong data-start=\"5579\" data-end=\"5592\">corrosif<\/strong> et peut provoquer une grave irritation de la peau et des yeux.<\/p>\n<hr class=\"\" data-start=\"5640\" data-end=\"5643\" \/>\n<h3 class=\"\" data-start=\"5645\" data-end=\"5705\"><strong data-start=\"5649\" data-end=\"5703\">5. Proposez-vous un \u00e9tiquetage priv\u00e9 ou un emballage OEM ?<\/strong><\/h3>\n<p class=\"\" data-start=\"5706\" data-end=\"5853\"><strong data-start=\"5706\" data-end=\"5717\">R\u00e9ponse :<\/strong><br data-start=\"5717\" data-end=\"5720\" \/>Oui, pour les commandes en gros. Nous proposons <strong data-start=\"5751\" data-end=\"5819\">l'\u00e9tiquetage personnalis\u00e9, l'impression de logos et des solutions d'emballage sur mesure<\/strong> pour r\u00e9pondre aux exigences de votre march\u00e9.<\/p>","protected":false},"excerpt":{"rendered":"<p class=\"\" data-start=\"444\" data-end=\"712\">Haute puret\u00e9 <strong data-start=\"456\" data-end=\"491\">Soude caustique (hydroxyde de sodium)<\/strong> sous forme de paillettes, de perles et de liquides. Largement utilis\u00e9e dans le traitement de l'eau, les agents de nettoyage, la production de papier et les industries chimiques. Disponible en vrac aupr\u00e8s de Cavin Resource, avec exp\u00e9dition internationale et documentation d'exportation. prix de gros de la soude caustique<\/p>","protected":false},"featured_media":540,"comment_status":"open","ping_status":"closed","template":"","meta":{"_et_pb_use_builder":"","_et_pb_old_content":"","_et_gb_content_width":""},"product_brand":[],"product_cat":[784,818],"product_tag":[310,1285,1286,308,312,1287,311,315,314,309,313],"class_list":{"0":"post-538","1":"product","2":"type-product","3":"status-publish","4":"has-post-thumbnail","6":"product_cat-bulk-industrial-chemicals-supplier","7":"product_cat-alkalis-bases","8":"product_tag-bulk-caustic-soda-malaysia","9":"product_tag-caustic-soda","10":"product_tag-caustic-soda-flakes-price-per-ton","11":"product_tag-caustic-soda-flakes-supplier","12":"product_tag-caustic-soda-pearls-99","13":"product_tag-caustic-soda-wholesale-price","14":"product_tag-cavin-resource-naoh-exporter","15":"product_tag-chemical-raw-material-wholesale","16":"product_tag-detergent-making-ingredients","17":"product_tag-sodium-hydroxide-industrial-grade","18":"product_tag-water-treatment-chemicals","20":"first","21":"instock","22":"sale","23":"shipping-taxable","24":"purchasable","25":"product-type-simple"},"_links":{"self":[{"href":"https:\/\/cavinresource.com\/fr\/wp-json\/wp\/v2\/product\/538","targetHints":{"allow":["GET"]}}],"collection":[{"href":"https:\/\/cavinresource.com\/fr\/wp-json\/wp\/v2\/product"}],"about":[{"href":"https:\/\/cavinresource.com\/fr\/wp-json\/wp\/v2\/types\/product"}],"replies":[{"embeddable":true,"href":"https:\/\/cavinresource.com\/fr\/wp-json\/wp\/v2\/comments?post=538"}],"wp:featuredmedia":[{"embeddable":true,"href":"https:\/\/cavinresource.com\/fr\/wp-json\/wp\/v2\/media\/540"}],"wp:attachment":[{"href":"https:\/\/cavinresource.com\/fr\/wp-json\/wp\/v2\/media?parent=538"}],"wp:term":[{"taxonomy":"product_brand","embeddable":true,"href":"https:\/\/cavinresource.com\/fr\/wp-json\/wp\/v2\/product_brand?post=538"},{"taxonomy":"product_cat","embeddable":true,"href":"https:\/\/cavinresource.com\/fr\/wp-json\/wp\/v2\/product_cat?post=538"},{"taxonomy":"product_tag","embeddable":true,"href":"https:\/\/cavinresource.com\/fr\/wp-json\/wp\/v2\/product_tag?post=538"}],"curies":[{"name":"wp","href":"https:\/\/api.w.org\/{rel}","templated":true}]}}