{"id":536,"date":"2025-04-11T14:24:13","date_gmt":"2025-04-11T14:24:13","guid":{"rendered":"https:\/\/cavinresource.com\/?post_type=product&#038;p=536"},"modified":"2026-03-03T15:52:53","modified_gmt":"2026-03-03T15:52:53","slug":"acide-citrique-monohydrate","status":"publish","type":"product","link":"https:\/\/cavinresource.com\/fr\/product\/citric-acid-monohydrate\/","title":{"rendered":"Acide citrique monohydrat\u00e9 - Qualit\u00e9 alimentaire et industrielle"},"content":{"rendered":"<p class=\"\" data-start=\"745\" data-end=\"1195\"><strong data-start=\"745\" data-end=\"772\">Acide citrique monohydrat\u00e9<\/strong> est un acide organique naturel largement utilis\u00e9 dans le monde entier. <strong data-start=\"830\" data-end=\"888\">les secteurs de l'alimentation, des boissons, de la pharmacie et de l'industrie<\/strong>. A <a href=\"https:\/\/cavinresource.com\/fr\/\">Ressource Cavin<\/a>, Nous fournissons <strong data-start=\"919\" data-end=\"969\">acide citrique monohydrat\u00e9 de haute puret\u00e9 et de qualit\u00e9 alimentaire<\/strong> d'une puret\u00e9 minimale garantie de 99,5%. Il se pr\u00e9sente sous la forme d'une poudre cristalline blanche au go\u00fbt l\u00e9g\u00e8rement acidul\u00e9 et contient une mol\u00e9cule d'eau (H\u2082O). <strong data-start=\"1144\" data-end=\"1194\">applications liquides et proc\u00e9d\u00e9s de fermentation<\/strong>. Acide citrique monohydrat\u00e9 <b>prix<\/b><\/p>\n<p class=\"\" data-start=\"1197\" data-end=\"1444\">Notre produit est fabriqu\u00e9 sous <strong data-start=\"1231\" data-end=\"1267\">Installations certifi\u00e9es BPF et ISO<\/strong>, en adh\u00e9rant \u00e0 <strong data-start=\"1281\" data-end=\"1314\">Halal, casher, HACCP et SGS<\/strong> normes internationales. Il est tr\u00e8s soluble dans l'eau, agit comme un ajusteur de pH et assure la stabilit\u00e9 microbienne des produits alimentaires. prix de l'acide citrique monohydrate par tonne<\/p>\n<hr class=\"\" data-start=\"1446\" data-end=\"1449\" \/>\n<h2 class=\"\" data-start=\"1451\" data-end=\"1478\">\u2699\ufe0f <strong data-start=\"1457\" data-end=\"1478\">M\u00e9thode de production<\/strong><\/h2>\n<ul>\n<li data-start=\"1483\" data-end=\"1562\"><strong data-start=\"1483\" data-end=\"1499\">Fermentation<\/strong> - Le saccharose ou le glucose est ferment\u00e9 \u00e0 l'aide de <em data-start=\"1540\" data-end=\"1559\">Aspergillus niger<\/em>.<\/li>\n<li data-start=\"1483\" data-end=\"1562\"><strong data-start=\"1566\" data-end=\"1580\">Filtration<\/strong> - Les impuret\u00e9s et le myc\u00e9lium sont \u00e9limin\u00e9s par filtration.<\/li>\n<li data-start=\"1483\" data-end=\"1562\"><strong data-start=\"1644\" data-end=\"1662\">Neutralisation<\/strong> - La chaux et l'acide sulfurique transforment la solution citrique en citrate de calcium.<\/li>\n<li data-start=\"1483\" data-end=\"1562\"><strong data-start=\"1739\" data-end=\"1773\">Purification et cristallisation<\/strong> - R\u00e9action et cristallisation pour obtenir de l'acide citrique monohydrat\u00e9 \u00e0 vendre.<\/li>\n<li data-start=\"1483\" data-end=\"1562\"><strong data-start=\"1844\" data-end=\"1866\">S\u00e9chage et conditionnement<\/strong> - Le produit final est s\u00e9ch\u00e9, tamis\u00e9 et emball\u00e9 dans des conditions hygi\u00e9niques.<\/li>\n<\/ul>\n<hr class=\"\" data-start=\"2911\" data-end=\"2914\" \/>\n<h2 class=\"\" data-start=\"2916\" data-end=\"2956\">\ud83d\udcda <strong data-start=\"2922\" data-end=\"2956\">Sources cr\u00e9dibles de confiance pour le r\u00e9f\u00e9rencement<\/strong><\/h2>\n<ul data-start=\"2958\" data-end=\"3351\">\n<li class=\"\" data-start=\"2958\" data-end=\"3069\">\n<p class=\"\" data-start=\"2960\" data-end=\"3069\">\ud83d\udd17 <a class=\"cursor-pointer\" target=\"_new\" rel=\"noopener\" data-start=\"2963\" data-end=\"3067\">FDA - Avis GRAS pour l'acide citrique<\/a><\/p>\n<\/li>\n<li class=\"\" data-start=\"3070\" data-end=\"3185\">\n<p class=\"\" data-start=\"3072\" data-end=\"3185\">\ud83d\udd17 <a class=\"\" href=\"https:\/\/pubchem.ncbi.nlm.nih.gov\/compound\/5949-29-1\" target=\"_new\" rel=\"noopener\" data-start=\"3075\" data-end=\"3183\">PubChem - Profil chimique de l'acide citrique monohydrat\u00e9<\/a><\/p>\n<\/li>\n<li class=\"\" data-start=\"3186\" data-end=\"3265\">\n<p class=\"\" data-start=\"3188\" data-end=\"3265\">\ud83d\udd17 <a class=\"\" href=\"https:\/\/www.efsa.europa.eu\/\" target=\"_new\" rel=\"noopener\" data-start=\"3191\" data-end=\"3263\">EFSA - \u00c9valuation de la s\u00e9curit\u00e9 alimentaire de l'acide citrique<\/a><\/p>\n<\/li>\n<li class=\"\" data-start=\"3266\" data-end=\"3351\">\n<p class=\"\" data-start=\"3268\" data-end=\"3351\">\ud83d\udd17 <a class=\"\" href=\"https:\/\/www.sciencedirect.com\/\" target=\"_new\" rel=\"noopener\" data-start=\"3271\" data-end=\"3351\">ScienceDirect - Utilisations industrielles de l'acide citrique<\/a><\/p>\n<\/li>\n<\/ul>\n<hr class=\"\" data-start=\"3611\" data-end=\"3614\" \/>\n<h2 class=\"\" data-start=\"3616\" data-end=\"3661\">\ud83c\udfaf <strong data-start=\"3622\" data-end=\"3661\">Avantages de l'acide citrique monohydrat\u00e9<\/strong><\/h2>\n<ul data-start=\"3663\" data-end=\"4194\">\n<li class=\"\" data-start=\"3663\" data-end=\"3752\">\n<p class=\"\" data-start=\"3665\" data-end=\"3752\">\u2705 <strong data-start=\"3667\" data-end=\"3685\">Tr\u00e8s soluble<\/strong> - Se dissout rapidement, id\u00e9al pour les boissons et les applications liquides.<\/p>\n<\/li>\n<li class=\"\" data-start=\"3753\" data-end=\"3850\">\n<p class=\"\" data-start=\"3755\" data-end=\"3850\">\u2705 <strong data-start=\"3757\" data-end=\"3782\">Sans danger pour les aliments et non toxique<\/strong> - Certifi\u00e9 pour une utilisation s\u00fbre dans les aliments, les produits pharmaceutiques et les cosm\u00e9tiques<\/p>\n<\/li>\n<li class=\"\" data-start=\"3851\" data-end=\"3940\">\n<p class=\"\" data-start=\"3853\" data-end=\"3940\">\u2705 <strong data-start=\"3855\" data-end=\"3877\">Pouvoir de conservation<\/strong> - Prolonge la dur\u00e9e de conservation en inhibant la croissance des moisissures et des bact\u00e9ries<\/p>\n<\/li>\n<li class=\"\" data-start=\"3941\" data-end=\"4014\">\n<p class=\"\" data-start=\"3943\" data-end=\"4014\">\u2705 <strong data-start=\"3945\" data-end=\"3962\">R\u00e9gulation du pH<\/strong> - Maintient une acidit\u00e9 stable dans une large gamme de pH<\/p>\n<\/li>\n<li class=\"\" data-start=\"4015\" data-end=\"4104\">\n<p class=\"\" data-start=\"4017\" data-end=\"4104\">\u2705 <strong data-start=\"4019\" data-end=\"4038\">Agent ch\u00e9lateur<\/strong> \u2013 Binds with metal ions in cleaning and industrial formulations<\/p>\n<\/li>\n<li class=\"\" data-start=\"4105\" data-end=\"4194\">\n<p class=\"\" data-start=\"4107\" data-end=\"4194\">\u2705 <strong data-start=\"4109\" data-end=\"4132\">Global Export-Ready<\/strong> \u2013 ISO, Halal, Kosher, and SGS certified with full COA support<\/p>\n<\/li>\n<\/ul>\n<hr class=\"\" data-start=\"4196\" data-end=\"4199\" \/>\n<h2 class=\"\" data-start=\"4201\" data-end=\"4230\">\ud83e\uddf4 <strong data-start=\"4207\" data-end=\"4230\">Applications courantes<\/strong><\/h2>\n<h3 class=\"\" data-start=\"4232\" data-end=\"4258\">\ud83c\udf79 <strong data-start=\"4239\" data-end=\"4258\">Food &amp; Beverage<\/strong><\/h3>\n<ul data-start=\"4259\" data-end=\"4336\">\n<li class=\"\" data-start=\"4259\" data-end=\"4336\">\n<p class=\"\" data-start=\"4261\" data-end=\"4336\">Soft drinks, powdered drinks, jellies, sauces, canned fruits, jams, candies<\/p>\n<\/li>\n<\/ul>\n<h3 class=\"\" data-start=\"4338\" data-end=\"4363\">\ud83d\udc8a <strong data-start=\"4345\" data-end=\"4363\">Pharmaceutical<\/strong><\/h3>\n<ul data-start=\"4364\" data-end=\"4424\">\n<li class=\"\" data-start=\"4364\" data-end=\"4424\">\n<p class=\"\" data-start=\"4366\" data-end=\"4424\">Effervescent tablets, antacids, syrups, and vitamin blends<\/p>\n<\/li>\n<\/ul>\n<h3 class=\"\" data-start=\"4426\" data-end=\"4468\">\ud83e\uddfc <strong data-start=\"4433\" data-end=\"4468\">Household &amp; Industrial Cleaners<\/strong><\/h3>\n<ul data-start=\"4469\" data-end=\"4540\">\n<li class=\"\" data-start=\"4469\" data-end=\"4540\">\n<p class=\"\" data-start=\"4471\" data-end=\"4540\">Descaling agents, detergents, disinfectants, and toilet bowl cleaners<\/p>\n<\/li>\n<\/ul>\n<h3 class=\"\" data-start=\"4542\" data-end=\"4578\">\ud83d\udc84 <strong data-start=\"4549\" data-end=\"4578\">Cosmetics &amp; Personal Care<\/strong><\/h3>\n<ul data-start=\"4579\" data-end=\"4664\">\n<li class=\"\" data-start=\"4579\" data-end=\"4664\">\n<p class=\"\" data-start=\"4581\" data-end=\"4664\">Creams, bath bombs, lotions, and shampoos for pH regulation and texture improvement<\/p>\n<\/li>\n<\/ul>\n<hr class=\"\" data-start=\"4666\" data-end=\"4669\" \/>\n<h2 class=\"\" data-start=\"4671\" data-end=\"4709\">\u2753 Questions fr\u00e9quemment pos\u00e9es (FAQ)<\/h2>\n<hr class=\"\" data-start=\"4711\" data-end=\"4714\" \/>\n<h3 class=\"\" data-start=\"4716\" data-end=\"4802\"><strong data-start=\"4720\" data-end=\"4800\">1. What\u2019s the main difference between Citric Acid Monohydrate and Anhydrous?<\/strong><\/h3>\n<p class=\"\" data-start=\"4803\" data-end=\"5006\"><strong data-start=\"4803\" data-end=\"4814\">R\u00e9ponse :<\/strong><br data-start=\"4814\" data-end=\"4817\" \/><strong data-start=\"4817\" data-end=\"4832\">Monohydrate<\/strong> contains one water molecule and is ideal for <strong data-start=\"4878\" data-end=\"4918\">liquid and fermentation applications<\/strong>, while <strong data-start=\"4926\" data-end=\"4939\">anhydrous<\/strong> has no water and is better for <strong data-start=\"4971\" data-end=\"5005\">dry mixes or longer shelf life<\/strong>.<\/p>\n<hr class=\"\" data-start=\"5008\" data-end=\"5011\" \/>\n<h3 class=\"\" data-start=\"5013\" data-end=\"5073\"><strong data-start=\"5017\" data-end=\"5071\">2. Is your citric acid safe for human consumption?<\/strong><\/h3>\n<p class=\"\" data-start=\"5074\" data-end=\"5249\"><strong data-start=\"5074\" data-end=\"5085\">R\u00e9ponse :<\/strong><br data-start=\"5085\" data-end=\"5088\" \/>Yes, our citric acid monohydrate is <strong data-start=\"5124\" data-end=\"5138\">food-grade<\/strong> et <strong data-start=\"5143\" data-end=\"5182\">GRAS (Generally Recognized as Safe)<\/strong> by the FDA and compliant with international food safety standards.<\/p>\n<hr class=\"\" data-start=\"5251\" data-end=\"5254\" \/>\n<h3 class=\"\" data-start=\"5256\" data-end=\"5309\"><strong data-start=\"5260\" data-end=\"5307\">3. Can I use this in beverage formulations?<\/strong><\/h3>\n<p class=\"\" data-start=\"5310\" data-end=\"5424\"><strong data-start=\"5310\" data-end=\"5321\">R\u00e9ponse :<\/strong><br data-start=\"5321\" data-end=\"5324\" \/>Absolutely. It\u2019s widely used in soft drinks and juices as a <strong data-start=\"5384\" data-end=\"5405\">tartness enhancer<\/strong> et <strong data-start=\"5410\" data-end=\"5423\">acidulant<\/strong>.<\/p>\n<hr class=\"\" data-start=\"5426\" data-end=\"5429\" \/>\n<h3 class=\"\" data-start=\"5431\" data-end=\"5481\"><strong data-start=\"5435\" data-end=\"5479\">4. What packaging options are available?<\/strong><\/h3>\n<p class=\"\" data-start=\"5482\" data-end=\"5638\"><strong data-start=\"5482\" data-end=\"5493\">R\u00e9ponse :<\/strong><br data-start=\"5493\" data-end=\"5496\" \/>Standard packaging includes <strong data-start=\"5524\" data-end=\"5540\">25kg PP bags<\/strong> et <strong data-start=\"5545\" data-end=\"5566\">1000kg jumbo bags<\/strong>, with <strong data-start=\"5573\" data-end=\"5610\">custom labeling and palletization<\/strong> for international shipping.<\/p>\n<hr class=\"\" data-start=\"5640\" data-end=\"5643\" \/>\n<h3 class=\"\" data-start=\"5645\" data-end=\"5694\"><strong data-start=\"5649\" data-end=\"5692\">5. Does Cavin Resource export globally?<\/strong><\/h3>\n<p class=\"\" data-start=\"5695\" data-end=\"5852\"><strong data-start=\"5695\" data-end=\"5706\">R\u00e9ponse :<\/strong><br data-start=\"5706\" data-end=\"5709\" \/>Yes. We support <strong data-start=\"5725\" data-end=\"5754\">bulk international orders<\/strong> with all required documentation: <strong data-start=\"5788\" data-end=\"5851\">COA, MSDS, SGS test reports, Halal, and Kosher certificates<\/strong>.<\/p>","protected":false},"excerpt":{"rendered":"<p>Prime <strong data-start=\"462\" data-end=\"489\">Acide citrique monohydrat\u00e9<\/strong>, est un acidifiant et un conservateur polyvalent de qualit\u00e9 alimentaire et industrielle utilis\u00e9 dans les boissons, les aliments transform\u00e9s, les cosm\u00e9tiques et les produits pharmaceutiques. Disponible en vrac aupr\u00e8s de Cavin Resource et livrable dans le monde entier. Acide citrique monohydrat\u00e9 <b>prix de l'acide citrique en vrac fournisseurs<\/b><\/p>","protected":false},"featured_media":537,"comment_status":"open","ping_status":"closed","template":"","meta":{"_et_pb_use_builder":"","_et_pb_old_content":"","_et_gb_content_width":""},"product_brand":[],"product_cat":[815,784],"product_tag":[305,304,303,300,301,302,307,306],"class_list":{"0":"post-536","1":"product","2":"type-product","3":"status-publish","4":"has-post-thumbnail","6":"product_cat-acids-acidulants","7":"product_cat-bulk-industrial-chemicals-supplier","8":"product_tag-acidity-regulator","9":"product_tag-cavin-resource-food-additive-exporter","10":"product_tag-citric-acid-99-5-purity","11":"product_tag-citric-acid-anhydrous-bulk","12":"product_tag-food-grade-citric-acid","13":"product_tag-industrial-citric-acid-supplier","14":"product_tag-organic-acid-for-food-and-cleaning","15":"product_tag-wholesale-citric-acid-malaysia","17":"first","18":"instock","19":"sale","20":"shipping-taxable","21":"purchasable","22":"product-type-simple"},"_links":{"self":[{"href":"https:\/\/cavinresource.com\/fr\/wp-json\/wp\/v2\/product\/536","targetHints":{"allow":["GET"]}}],"collection":[{"href":"https:\/\/cavinresource.com\/fr\/wp-json\/wp\/v2\/product"}],"about":[{"href":"https:\/\/cavinresource.com\/fr\/wp-json\/wp\/v2\/types\/product"}],"replies":[{"embeddable":true,"href":"https:\/\/cavinresource.com\/fr\/wp-json\/wp\/v2\/comments?post=536"}],"wp:featuredmedia":[{"embeddable":true,"href":"https:\/\/cavinresource.com\/fr\/wp-json\/wp\/v2\/media\/537"}],"wp:attachment":[{"href":"https:\/\/cavinresource.com\/fr\/wp-json\/wp\/v2\/media?parent=536"}],"wp:term":[{"taxonomy":"product_brand","embeddable":true,"href":"https:\/\/cavinresource.com\/fr\/wp-json\/wp\/v2\/product_brand?post=536"},{"taxonomy":"product_cat","embeddable":true,"href":"https:\/\/cavinresource.com\/fr\/wp-json\/wp\/v2\/product_cat?post=536"},{"taxonomy":"product_tag","embeddable":true,"href":"https:\/\/cavinresource.com\/fr\/wp-json\/wp\/v2\/product_tag?post=536"}],"curies":[{"name":"wp","href":"https:\/\/api.w.org\/{rel}","templated":true}]}}