{"id":206,"date":"2025-03-16T11:58:57","date_gmt":"2025-03-16T11:58:57","guid":{"rendered":"https:\/\/cavinresource.com\/?post_type=product&#038;p=206"},"modified":"2026-03-04T11:06:04","modified_gmt":"2026-03-04T11:06:04","slug":"huile-davocat-pure-ressources-cavin","status":"publish","type":"product","link":"https:\/\/cavinresource.com\/fr\/product\/pure-avocado-oil-cavin-resources\/","title":{"rendered":"Huile d'avocat pure | Cavin Resources Malaysia"},"content":{"rendered":"<h4 data-start=\"452\" data-end=\"523\">Huile d'avocat pure<\/h4>\n<h4 class=\"\" data-start=\"452\" data-end=\"523\"><strong data-start=\"457\" data-end=\"521\">Huile d'avocat de premi\u00e8re qualit\u00e9 press\u00e9e \u00e0 froid - Pure, saine et polyvalente<\/strong><\/h4>\n<p class=\"\" data-start=\"525\" data-end=\"930\">Ressources Cavin <strong data-start=\"541\" data-end=\"556\">Huile d'avocat<\/strong> est extraite de la base de donn\u00e9es <strong data-start=\"579\" data-end=\"598\">les meilleurs avocats<\/strong> par le biais d'un <strong data-start=\"609\" data-end=\"634\">le processus de pressage \u00e0 froid<\/strong>, Il s'agit de s'assurer que tous les <strong data-start=\"658\" data-end=\"699\">des nutriments, des vitamines et des graisses saines<\/strong> restent intactes. Notre huile est non raffin\u00e9e, exempte d'additifs et remplie de substances essentielles. <strong data-start=\"784\" data-end=\"858\">des graisses mono-insatur\u00e9es, des acides gras om\u00e9ga-9, des antioxydants et de la vitamine E<\/strong>, Le syst\u00e8me est donc un choix de premier ordre pour les deux types d'utilisateurs. <strong data-start=\"897\" data-end=\"927\">utilisations culinaires et cosm\u00e9tiques<\/strong>. Acheter de l'huile d'avocat biologique en vrac<\/p>\n<h4 class=\"\" data-start=\"932\" data-end=\"970\"><strong data-start=\"937\" data-end=\"968\">Comment notre huile d'avocat est-elle fabriqu\u00e9e ? <a href=\"https:\/\/cavinresource.com\/fr\/products\/\">Ressources Cavin<\/a><\/strong><\/h4>\n<p class=\"\" data-start=\"972\" data-end=\"1381\">1\ufe0f\u20e3 <strong data-start=\"976\" data-end=\"989\">La s\u00e9lection<\/strong> - Seule la <strong data-start=\"1001\" data-end=\"1036\">les avocats les plus frais et de la plus haute qualit\u00e9<\/strong> sont choisis.<br data-start=\"1048\" data-end=\"1051\" \/>2\ufe0f\u20e3 <strong data-start=\"1055\" data-end=\"1069\">Extraction<\/strong> - Les avocats sont <strong data-start=\"1089\" data-end=\"1105\">press\u00e9 \u00e0 froid<\/strong> pour extraire l'huile sans chaleur ni produits chimiques, en pr\u00e9servant ses nutriments et sa puret\u00e9.<br data-start=\"1188\" data-end=\"1191\" \/>3\ufe0f\u20e3 <strong data-start=\"1195\" data-end=\"1209\">Filtration<\/strong> - L'huile subit <strong data-start=\"1230\" data-end=\"1252\">filtration naturelle<\/strong> pour \u00e9liminer les \u00e9ventuelles impuret\u00e9s.<br data-start=\"1278\" data-end=\"1281\" \/>4\ufe0f\u20e3 <strong data-start=\"1285\" data-end=\"1298\">Emballage<\/strong> - Soigneusement emball\u00e9 dans <strong data-start=\"1321\" data-end=\"1344\">r\u00e9cipients herm\u00e9tiques<\/strong> pour maintenir la fra\u00eecheur et la qualit\u00e9.<\/p>\n<h4 class=\"\" data-start=\"1383\" data-end=\"1413\"><strong data-start=\"1388\" data-end=\"1411\">Utilisations de l'huile d'avocat<\/strong><\/h4>\n<p class=\"\" data-start=\"1415\" data-end=\"1905\">\u2714 <strong data-start=\"1417\" data-end=\"1447\">Cuisson et friture \u00e0 haute temp\u00e9rature<\/strong> - Avec un point de fum\u00e9e \u00e9lev\u00e9 (~520\u00b0F), l'huile d'avocat est parfaite pour <strong data-start=\"1511\" data-end=\"1555\">frire, griller, r\u00f4tir et sauter<\/strong>.<br data-start=\"1556\" data-end=\"1559\" \/>\u2714 <strong data-start=\"1561\" data-end=\"1592\">Vinaigrettes et marinades<\/strong> - Son go\u00fbt doux et velout\u00e9 rehausse <strong data-start=\"1627\" data-end=\"1664\">salades, dips et sauces maison<\/strong>.<br data-start=\"1665\" data-end=\"1668\" \/>\u2714 <strong data-start=\"1670\" data-end=\"1690\">Soins de la peau et des cheveux<\/strong> - Riche en antioxydants et en vitamine E, il nourrit en profondeur. <strong data-start=\"1749\" data-end=\"1797\">la peau, renforce les cheveux et pr\u00e9vient la s\u00e9cheresse<\/strong>.<br data-start=\"1798\" data-end=\"1801\" \/>\u2714 <strong data-start=\"1803\" data-end=\"1829\">Massage et aromath\u00e9rapie<\/strong> - Utilis\u00e9 dans <strong data-start=\"1840\" data-end=\"1868\">huiles de massage th\u00e9rapeutiques<\/strong> pour une hydratation et une relaxation profondes.<\/p>\n<h4 class=\"\" data-start=\"1907\" data-end=\"1941\"><strong data-start=\"1912\" data-end=\"1939\">Les bienfaits de l'huile d'avocat bio en vrac<\/strong><\/h4>\n<p class=\"\" data-start=\"1943\" data-end=\"2466\">\u2705 <strong data-start=\"1945\" data-end=\"1962\">Sant\u00e9 du c\u0153ur<\/strong> - Favorise la sant\u00e9 cardiovasculaire en r\u00e9duisant le mauvais cholest\u00e9rol (LDL) et en favorisant le bon cholest\u00e9rol (HDL).<br data-start=\"2067\" data-end=\"2070\" \/>\u2705 <strong data-start=\"2072\" data-end=\"2096\">Riche en antioxydants<\/strong> - Combat les radicaux libres, ralentit le vieillissement et renforce la sant\u00e9 de la peau et des cheveux.<br data-start=\"2166\" data-end=\"2169\" \/>\u2705 <strong data-start=\"2171\" data-end=\"2199\">Favorise l'absorption des nutriments<\/strong> - Aide l'organisme \u00e0 absorber les vitamines liposolubles telles que les vitamines A, D, E et K.<br data-start=\"2265\" data-end=\"2268\" \/>\u2705 <strong data-start=\"2270\" data-end=\"2300\">Favorise la gestion du poids<\/strong> - Contient des graisses saines qui vous rassasient plus longtemps.<br data-start=\"2351\" data-end=\"2354\" \/>\u2705 <strong data-start=\"2356\" data-end=\"2387\">Favorise la sant\u00e9 des articulations et des yeux<\/strong> - Contient <strong data-start=\"2399\" data-end=\"2409\">lut\u00e9ine<\/strong>, qui est essentiel pour <strong data-start=\"2434\" data-end=\"2463\">vision et mobilit\u00e9 des articulations<\/strong>.<\/p>\n<p class=\"\" data-start=\"2468\" data-end=\"2647\">Au <strong data-start=\"2471\" data-end=\"2490\">Ressources Cavin<\/strong>, Nous veillons \u00e0 ce que nos <strong data-start=\"2511\" data-end=\"2526\">huile d'avocat<\/strong> est pure, fra\u00eeche et produite selon des normes de qualit\u00e9 strictes. D\u00e9couvrez les bienfaits de la <strong data-start=\"2615\" data-end=\"2638\">huile d'avocat de premi\u00e8re qualit\u00e9<\/strong> aujourd'hui !<\/p>\n<p>D\u00e9couvrez les d\u00e9lices culinaires de l'huile d'avocat pure Cavin Resources 100%, sp\u00e9cialement con\u00e7ue pour les amateurs de cuisine. D'une contenance g\u00e9n\u00e9reuse de 1,75 litre, cette huile est fabriqu\u00e9e \u00e0 partir des meilleurs avocats, ce qui vous permet d'obtenir les bonnes graisses dont votre corps a besoin. Naturellement raffin\u00e9e et jamais alt\u00e9r\u00e9e, elle pr\u00e9sente un point de fum\u00e9e \u00e9lev\u00e9, ce qui la rend id\u00e9ale pour la friture, les saut\u00e9s ou les salades. Profitez de la tranquillit\u00e9 d'esprit que procure l'utilisation d'un produit sans OGM, sans soja, sans huile de canola, sans gluten et adapt\u00e9 aux modes de vie pal\u00e9o et c\u00e9to. Am\u00e9liorez votre cuisine gr\u00e2ce \u00e0 la riche saveur et aux bienfaits de cette huile d'avocat de premi\u00e8re qualit\u00e9.<br \/>\nPour une ventilation d\u00e9taill\u00e9e de la <strong data-start=\"696\" data-end=\"748\">avantages pour la sant\u00e9 et consid\u00e9rations sur l'huile d'arachide<\/strong>, Pour en savoir plus, consultez ce guide d\u00e9taill\u00e9 :<br data-start=\"780\" data-end=\"783\" \/>\ud83d\udd17 <strong data-start=\"786\" data-end=\"887\" data-is-last-node=\"\" data-is-only-node=\"\"><a class=\"\" href=\"https:\/\/www.healthline.com\/nutrition\/is-peanut-oil-healthy\" target=\"_new\" rel=\"noopener\" data-start=\"788\" data-end=\"885\">L'huile d'arachide est-elle bonne pour la sant\u00e9 ? - Healthline<\/a><\/strong><\/p>","protected":false},"excerpt":{"rendered":"<p>Le prix de gros de l'huile d'avocat pure de Cavin Resources est de 100%. Cette huile est pure, press\u00e9e \u00e0 froid et riche en nutriments essentiels. Id\u00e9ale pour <strong data-start=\"190\" data-end=\"226\">la cuisine, les soins de la peau et les soins capillaires<\/strong>, Il offre de nombreux avantages pour la sant\u00e9, notamment un soutien \u00e0 la sant\u00e9 cardiaque, une protection antioxydante et une hydratation en profondeur. Parfait pour <strong data-start=\"352\" data-end=\"411\">cuisson \u00e0 haute temp\u00e9rature, vinaigrettes et applications cosm\u00e9tiques<\/strong>. Acheter en vrac aujourd'hui Huile d'avocat pure<\/p>","protected":false},"featured_media":514,"comment_status":"open","ping_status":"closed","template":"","meta":{"_et_pb_use_builder":"","_et_pb_old_content":"","_et_gb_content_width":""},"product_brand":[47],"product_cat":[777,833],"product_tag":[48,184,185,190,187,188,189,186,191,169,183,49],"class_list":{"0":"post-206","1":"product","2":"type-product","3":"status-publish","4":"has-post-thumbnail","6":"product_brand-refined-avocado-oil","7":"product_cat-bulk-edible-oils-supplier","8":"product_cat-avocado-oil","9":"product_tag-avoado-oil","10":"product_tag-avocado-oil-for-cooking","11":"product_tag-avocado-oil-for-skin-and-hair","12":"product_tag-avocado-oil-in-drums","13":"product_tag-avocado-oil-malaysia","14":"product_tag-avocado-oil-supplier-wholesale","15":"product_tag-cavin-resource-avocado-oil","16":"product_tag-cold-pressed-avocado-oil","17":"product_tag-halal-avocado-oil","18":"product_tag-high-smoke-point-oil","19":"product_tag-pure-avocado-oil-bulk","20":"product_tag-refined-avocado-oil","22":"first","23":"instock","24":"sale","25":"shipping-taxable","26":"purchasable","27":"product-type-simple"},"_links":{"self":[{"href":"https:\/\/cavinresource.com\/fr\/wp-json\/wp\/v2\/product\/206","targetHints":{"allow":["GET"]}}],"collection":[{"href":"https:\/\/cavinresource.com\/fr\/wp-json\/wp\/v2\/product"}],"about":[{"href":"https:\/\/cavinresource.com\/fr\/wp-json\/wp\/v2\/types\/product"}],"replies":[{"embeddable":true,"href":"https:\/\/cavinresource.com\/fr\/wp-json\/wp\/v2\/comments?post=206"}],"wp:featuredmedia":[{"embeddable":true,"href":"https:\/\/cavinresource.com\/fr\/wp-json\/wp\/v2\/media\/514"}],"wp:attachment":[{"href":"https:\/\/cavinresource.com\/fr\/wp-json\/wp\/v2\/media?parent=206"}],"wp:term":[{"taxonomy":"product_brand","embeddable":true,"href":"https:\/\/cavinresource.com\/fr\/wp-json\/wp\/v2\/product_brand?post=206"},{"taxonomy":"product_cat","embeddable":true,"href":"https:\/\/cavinresource.com\/fr\/wp-json\/wp\/v2\/product_cat?post=206"},{"taxonomy":"product_tag","embeddable":true,"href":"https:\/\/cavinresource.com\/fr\/wp-json\/wp\/v2\/product_tag?post=206"}],"curies":[{"name":"wp","href":"https:\/\/api.w.org\/{rel}","templated":true}]}}