{"id":676,"date":"2025-04-18T21:22:13","date_gmt":"2025-04-18T21:22:13","guid":{"rendered":"https:\/\/cavinresource.com\/?post_type=product&#038;p=676"},"modified":"2026-02-26T07:24:37","modified_gmt":"2026-02-26T07:24:37","slug":"proveedores-de-acido-sulfurico-a-granel","status":"publish","type":"product","link":"https:\/\/cavinresource.com\/es\/product\/bulk-sulphuric-acid-suppliers\/","title":{"rendered":"\u00c1cido isoci\u00e1nico - Intermedio reactivo"},"content":{"rendered":"<p class=\"\" data-start=\"603\" data-end=\"1058\"><strong data-start=\"603\" data-end=\"621\">\u00c1cido isoci\u00e1nico<\/strong>, representado qu\u00edmicamente como <strong data-start=\"649\" data-end=\"657\">HNCO<\/strong>, es el m\u00e1s sencillo <strong data-start=\"675\" data-end=\"689\">isocianato<\/strong> y un compuesto vol\u00e1til, incoloro y de olor penetrante y acre. Como \u00e1cido monob\u00e1sico, se caracteriza por la <strong data-start=\"799\" data-end=\"826\">grupo funcional -N=C=O<\/strong>, lo que le permite <strong data-start=\"856\" data-end=\"898\">reaccionan con el agua, los alcoholes y las aminas<\/strong>, formando <strong data-start=\"908\" data-end=\"946\">ureas, carbamatos e isocianatos<\/strong>. Desempe\u00f1a un papel fundamental como <strong data-start=\"978\" data-end=\"1003\">intermedio reactivo<\/strong> en varios <strong data-start=\"1015\" data-end=\"1057\">v\u00edas de s\u00edntesis org\u00e1nica y de pol\u00edmeros<\/strong>. Proveedores de \u00e1cido isoci\u00e1nico a granel<\/p>\n<p class=\"\" data-start=\"1060\" data-end=\"1385\">El HNCO puede producirse industrialmente mediante <strong data-start=\"1102\" data-end=\"1127\">descomposici\u00f3n t\u00e9rmica<\/strong> de urea o <strong data-start=\"1139\" data-end=\"1163\">oxidaci\u00f3n del amon\u00edaco<\/strong> y suele tratarse en <strong data-start=\"1192\" data-end=\"1231\">en forma gaseosa o en soluciones estabilizadas<\/strong> debido a su inestabilidad a temperatura ambiente. Se utiliza ampliamente en la <strong data-start=\"1300\" data-end=\"1331\">producci\u00f3n de poliuretanos<\/strong>, <strong data-start=\"1333\" data-end=\"1350\">productos agroqu\u00edmicos<\/strong>, <strong data-start=\"1352\" data-end=\"1364\">revestimientos<\/strong>, y <strong data-start=\"1370\" data-end=\"1384\">elast\u00f3meros<\/strong>. proveedores de \u00e1cido sulf\u00farico a granel<\/p>\n<p class=\"\" data-start=\"1387\" data-end=\"1615\"><a href=\"https:\/\/cavinresource.com\/es\/\">Recurso Cavin<\/a> suministros <strong data-start=\"1411\" data-end=\"1429\">\u00c1cido isoci\u00e1nico<\/strong> a compradores industriales y laboratorios de investigaci\u00f3n de todo el mundo con fichas de datos de seguridad (FDS), especificaciones t\u00e9cnicas y soluciones de envasado personalizadas para <strong data-start=\"1571\" data-end=\"1614\">manipulaci\u00f3n segura y cumplimiento de la normativa<\/strong>. distribuidores mayoristas de \u00e1cido<\/p>\n<hr class=\"\" data-start=\"1617\" data-end=\"1620\" \/>\n<h2 class=\"\" data-start=\"1622\" data-end=\"1649\">\u2699\ufe0f <strong data-start=\"1628\" data-end=\"1649\">M\u00e9todo de producci\u00f3n<\/strong><\/h2>\n<h3 class=\"\" data-start=\"1651\" data-end=\"1688\"><strong data-start=\"1655\" data-end=\"1688\">Descomposici\u00f3n t\u00e9rmica de la urea<\/strong><\/h3>\n<ul data-start=\"1689\" data-end=\"1936\">\n<li class=\"\" data-start=\"1689\" data-end=\"1834\">\n<p class=\"\" data-start=\"1691\" data-end=\"1834\">La urea se descompone en <strong data-start=\"1716\" data-end=\"1738\">calefacci\u00f3n controlada<\/strong> liberar <strong data-start=\"1750\" data-end=\"1772\">gas \u00e1cido isoci\u00e1nico<\/strong>, que pueden capturarse y disolverse para su posterior aplicaci\u00f3n.<\/p>\n<\/li>\n<li class=\"\" data-start=\"1835\" data-end=\"1936\">\n<p class=\"\" data-start=\"1837\" data-end=\"1936\">M\u00e9todos alternativos <strong data-start=\"1863\" data-end=\"1887\">oxidaci\u00f3n del amon\u00edaco<\/strong> en presencia de <strong data-start=\"1907\" data-end=\"1935\">catalizadores a base de platino<\/strong>.<\/p>\n<\/li>\n<\/ul>\n<hr class=\"\" data-start=\"1938\" data-end=\"1941\" \/>\n<h2 class=\"\" data-start=\"1943\" data-end=\"1986\">\ud83c\udfed <strong data-start=\"1949\" data-end=\"1986\">Aplicaciones y casos de uso industrial<\/strong><\/h2>\n<h3 class=\"\" data-start=\"1988\" data-end=\"2016\">\ud83e\uddea <strong data-start=\"1995\" data-end=\"2016\">S\u00edntesis org\u00e1nica<\/strong><\/h3>\n<ul data-start=\"2017\" data-end=\"2143\">\n<li class=\"\" data-start=\"2017\" data-end=\"2060\">\n<p class=\"\" data-start=\"2019\" data-end=\"2060\">Reacciona con <strong data-start=\"2031\" data-end=\"2041\">aminas<\/strong> para formar <strong data-start=\"2050\" data-end=\"2059\">ureas<\/strong>.<\/p>\n<\/li>\n<li class=\"\" data-start=\"2061\" data-end=\"2143\">\n<p class=\"\" data-start=\"2063\" data-end=\"2143\">Se utiliza para producir <strong data-start=\"2079\" data-end=\"2093\">carbamatos<\/strong>, <strong data-start=\"2095\" data-end=\"2110\">isocianatos<\/strong>, y <strong data-start=\"2116\" data-end=\"2142\">compuestos heteroc\u00edclicos<\/strong>.<\/p>\n<\/li>\n<\/ul>\n<h3 class=\"\" data-start=\"2145\" data-end=\"2184\">\ud83c\udfd7\ufe0f <strong data-start=\"2153\" data-end=\"2184\">Industria de pol\u00edmeros y pl\u00e1sticos<\/strong><\/h3>\n<ul data-start=\"2185\" data-end=\"2305\">\n<li class=\"\" data-start=\"2185\" data-end=\"2240\">\n<p class=\"\" data-start=\"2187\" data-end=\"2240\">Intermedio para <strong data-start=\"2204\" data-end=\"2240\">resinas de poliuretano y poliurea<\/strong><\/p>\n<\/li>\n<li class=\"\" data-start=\"2241\" data-end=\"2305\">\n<p class=\"\" data-start=\"2243\" data-end=\"2305\">Mejora las propiedades de <strong data-start=\"2266\" data-end=\"2305\">adhesivos, selladores y elast\u00f3meros<\/strong><\/p>\n<\/li>\n<\/ul>\n<h3 class=\"\" data-start=\"2307\" data-end=\"2339\">\ud83c\udf31 <strong data-start=\"2314\" data-end=\"2339\">Industria agroqu\u00edmica<\/strong><\/h3>\n<ul data-start=\"2340\" data-end=\"2441\">\n<li class=\"\" data-start=\"2340\" data-end=\"2396\">\n<p class=\"\" data-start=\"2342\" data-end=\"2396\">Precursor en <strong data-start=\"2355\" data-end=\"2368\">pesticida<\/strong> y <strong data-start=\"2373\" data-end=\"2396\">s\u00edntesis de fungicidas<\/strong><\/p>\n<\/li>\n<li class=\"\" data-start=\"2397\" data-end=\"2441\">\n<p class=\"\" data-start=\"2399\" data-end=\"2441\">Intermedio en <strong data-start=\"2415\" data-end=\"2441\">abonos a base de urea<\/strong><\/p>\n<\/li>\n<\/ul>\n<h3 class=\"\" data-start=\"2443\" data-end=\"2490\">\ud83e\uddeb <strong data-start=\"2450\" data-end=\"2490\">Qu\u00edmica Anal\u00edtica y Medioambiental<\/strong><\/h3>\n<ul data-start=\"2491\" data-end=\"2605\">\n<li class=\"\" data-start=\"2491\" data-end=\"2532\">\n<p class=\"\" data-start=\"2493\" data-end=\"2532\">Utilizado para estudiar <strong data-start=\"2507\" data-end=\"2532\">reacciones atmosf\u00e9ricas<\/strong><\/p>\n<\/li>\n<li class=\"\" data-start=\"2533\" data-end=\"2605\">\n<p class=\"\" data-start=\"2535\" data-end=\"2605\">Encontrado en <strong data-start=\"2544\" data-end=\"2572\">emisiones de escape de los motores<\/strong>, pertinentes para los estudios sobre la calidad del aire<\/p>\n<\/li>\n<\/ul>\n<hr class=\"\" data-start=\"2607\" data-end=\"2610\" \/>\n<h2 class=\"\" data-start=\"2612\" data-end=\"2647\">\u2705 <strong data-start=\"2617\" data-end=\"2647\">Beneficios del \u00e1cido isoci\u00e1nico<\/strong><\/h2>\n<ul data-start=\"2649\" data-end=\"2938\">\n<li class=\"\" data-start=\"2649\" data-end=\"2705\">\n<p class=\"\" data-start=\"2651\" data-end=\"2705\">Componente esencial para <strong data-start=\"2680\" data-end=\"2705\">producci\u00f3n de isocianato<\/strong><\/p>\n<\/li>\n<li class=\"\" data-start=\"2706\" data-end=\"2761\">\n<p class=\"\" data-start=\"2708\" data-end=\"2761\">\u2705 Alta reactividad para aplicaciones avanzadas <strong data-start=\"2739\" data-end=\"2761\">s\u00edntesis qu\u00edmica<\/strong><\/p>\n<\/li>\n<li class=\"\" data-start=\"2762\" data-end=\"2819\">\n<p class=\"\" data-start=\"2764\" data-end=\"2819\">\u2705 Precursor clave para <strong data-start=\"2784\" data-end=\"2819\">poliuretanos y productos agroqu\u00edmicos<\/strong><\/p>\n<\/li>\n<li class=\"\" data-start=\"2820\" data-end=\"2877\">\n<p class=\"\" data-start=\"2822\" data-end=\"2877\">Disponible en <strong data-start=\"2837\" data-end=\"2877\">opciones t\u00e9cnicas y de investigaci\u00f3n<\/strong><\/p>\n<\/li>\n<li class=\"\" data-start=\"2878\" data-end=\"2938\">\n<p class=\"\" data-start=\"2880\" data-end=\"2938\">\u2705 Provisto de <strong data-start=\"2896\" data-end=\"2938\">cumplimiento de las normas de seguridad y log\u00edstica mundial<\/strong><\/p>\n<\/li>\n<\/ul>\n<hr class=\"\" data-start=\"2940\" data-end=\"2943\" \/>\n<h2 class=\"\" data-start=\"2945\" data-end=\"2972\">\ud83d\udce6 <strong data-start=\"2951\" data-end=\"2972\">Opciones de envasado<\/strong><\/h2>\n<ul data-start=\"2974\" data-end=\"3164\">\n<li class=\"\" data-start=\"2974\" data-end=\"3028\">\n<p class=\"\" data-start=\"2976\" data-end=\"3028\">Soluci\u00f3n estabilizada: Botellas de vidrio \u00e1mbar de 1 L \/ 5 L<\/p>\n<\/li>\n<li class=\"\" data-start=\"3029\" data-end=\"3087\">\n<p class=\"\" data-start=\"3031\" data-end=\"3087\">Fase gaseosa: Cilindros a presi\u00f3n con v\u00e1lvulas de seguridad<\/p>\n<\/li>\n<li class=\"\" data-start=\"3088\" data-end=\"3135\">\n<p class=\"\" data-start=\"3090\" data-end=\"3135\">Granel industrial: Envases a medida disponibles<\/p>\n<\/li>\n<li class=\"\" data-start=\"3136\" data-end=\"3164\">\n<p class=\"\" data-start=\"3138\" data-end=\"3164\">Incluye <strong data-start=\"3147\" data-end=\"3164\">FDS, COA, TDS<\/strong><\/p>\n<\/li>\n<\/ul>\n<hr class=\"\" data-start=\"3166\" data-end=\"3169\" \/>\n<h2 class=\"\" data-start=\"3171\" data-end=\"3213\">\u2753 <strong data-start=\"3176\" data-end=\"3213\">Preguntas m\u00e1s frecuentes (FAQ)<\/strong><\/h2>\n<h3 class=\"\" data-start=\"3215\" data-end=\"3260\"><strong data-start=\"3219\" data-end=\"3258\">1. \u00bfPara qu\u00e9 se utiliza el \u00e1cido isoci\u00e1nico?<\/strong><\/h3>\n<p class=\"\" data-start=\"3261\" data-end=\"3400\"><strong data-start=\"3261\" data-end=\"3272\">Contesta:<\/strong> Se utiliza como <strong data-start=\"3288\" data-end=\"3313\">producto qu\u00edmico intermedio<\/strong> en la s\u00edntesis de <strong data-start=\"3334\" data-end=\"3351\">poliuretanos<\/strong>, <strong data-start=\"3353\" data-end=\"3368\">isocianatos<\/strong>, <strong data-start=\"3370\" data-end=\"3379\">ureas<\/strong>, y <strong data-start=\"3385\" data-end=\"3399\">pesticidas<\/strong>.<\/p>\n<hr class=\"\" data-start=\"3402\" data-end=\"3405\" \/>\n<h3 class=\"\" data-start=\"3407\" data-end=\"3457\"><strong data-start=\"3411\" data-end=\"3455\">2. \u00bfEs estable el \u00e1cido isoci\u00e1nico durante el almacenamiento?<\/strong><\/h3>\n<p class=\"\" data-start=\"3458\" data-end=\"3583\"><strong data-start=\"3458\" data-end=\"3469\">Contesta:<\/strong> No, it&#8217;s reactive and typically stored as a <strong data-start=\"3514\" data-end=\"3537\">soluci\u00f3n estabilizada<\/strong> o <strong data-start=\"3541\" data-end=\"3582\">gas en recipientes a presi\u00f3n controlada<\/strong>.<\/p>\n<hr class=\"\" data-start=\"3585\" data-end=\"3588\" \/>\n<h3 class=\"\" data-start=\"3590\" data-end=\"3647\"><strong data-start=\"3594\" data-end=\"3645\">3. \u00bfPuede utilizarse el HNCO en aplicaciones anal\u00edticas?<\/strong><\/h3>\n<p class=\"\" data-start=\"3648\" data-end=\"3779\"><strong data-start=\"3648\" data-end=\"3659\">Contesta:<\/strong> S\u00ed, se utiliza en <strong data-start=\"3679\" data-end=\"3705\">control de la calidad del aire<\/strong> y <strong data-start=\"3710\" data-end=\"3732\">an\u00e1lisis de emisiones<\/strong>, especialmente en <strong data-start=\"3748\" data-end=\"3778\">investigaci\u00f3n sobre la combusti\u00f3n de motores<\/strong>.<\/p>\n<hr class=\"\" data-start=\"3781\" data-end=\"3784\" \/>\n<h3 class=\"\" data-start=\"3786\" data-end=\"3852\"><strong data-start=\"3790\" data-end=\"3850\">4. \u00bfEste producto est\u00e1 disponible para env\u00edos internacionales?<\/strong><\/h3>\n<p class=\"\" data-start=\"3853\" data-end=\"3973\"><strong data-start=\"3853\" data-end=\"3864\">Contesta:<\/strong> S\u00ed, Cavin Resource proporciona <strong data-start=\"3894\" data-end=\"3916\">entrega en todo el mundo<\/strong> con completa <strong data-start=\"3931\" data-end=\"3972\">documentaci\u00f3n de env\u00edo y reglamentaria<\/strong>.<\/p>\n<hr class=\"\" data-start=\"3975\" data-end=\"3978\" \/>\n<h2 class=\"\" data-start=\"3980\" data-end=\"4026\">\ud83d\udcda <strong data-start=\"3986\" data-end=\"4026\">Fuentes cre\u00edbles para SEO y referencias<\/strong><\/h2>\n<ul data-start=\"4028\" data-end=\"4386\">\n<li class=\"\" data-start=\"4028\" data-end=\"4116\">\n<p class=\"\" data-start=\"4030\" data-end=\"4116\"><a class=\"\" href=\"https:\/\/pubchem.ncbi.nlm.nih.gov\/compound\/Isocyanic-acid\" target=\"_new\" rel=\"noopener\" data-start=\"4030\" data-end=\"4114\">PubChem - \u00c1cido isoci\u00e1nico<\/a><\/p>\n<\/li>\n<li class=\"\" data-start=\"4117\" data-end=\"4222\">\n<p class=\"\" data-start=\"4119\" data-end=\"4222\"><a class=\"\" href=\"https:\/\/www.sciencedirect.com\/\" target=\"_new\" rel=\"noopener\" data-start=\"4119\" data-end=\"4220\">ScienceDirect - Aplicaciones del \u00e1cido isoci\u00e1nico en la qu\u00edmica de pol\u00edmeros<\/a><\/p>\n<\/li>\n<li class=\"\" data-start=\"4223\" data-end=\"4312\">\n<p class=\"\" data-start=\"4225\" data-end=\"4312\"><a class=\"\" href=\"https:\/\/www.ncbi.nlm.nih.gov\/\" target=\"_new\" rel=\"noopener\" data-start=\"4225\" data-end=\"4310\">Centro Nacional de Informaci\u00f3n Biotecnol\u00f3gica (NCBI)<\/a><\/p>\n<\/li>\n<li class=\"\" data-start=\"4313\" data-end=\"4386\">\n<p class=\"\" data-start=\"4315\" data-end=\"4386\"><a class=\"\" href=\"https:\/\/echa.europa.eu\/\" target=\"_new\" rel=\"noopener\" data-start=\"4315\" data-end=\"4386\">Agencia Europea de Sustancias y Preparados Qu\u00edmicos - HNCO Safety Info<\/a><\/p>\n<\/li>\n<\/ul>","protected":false},"excerpt":{"rendered":"<p>Al por mayor El \u00e1cido isoci\u00e1nico (HNCO) es un <strong data-start=\"225\" data-end=\"259\">\u00e1cido monob\u00e1sico altamente reactivo<\/strong> muy utilizado en <strong data-start=\"280\" data-end=\"301\">s\u00edntesis org\u00e1nica<\/strong>, <strong data-start=\"303\" data-end=\"324\">qu\u00edmica de pol\u00edmeros<\/strong>, y <strong data-start=\"330\" data-end=\"356\">fabricaci\u00f3n de productos qu\u00edmicos<\/strong>. Ofrecido a granel por Cavin Resource, es adecuado para uso industrial, con <strong data-start=\"433\" data-end=\"502\">estricto control de calidad, documentaci\u00f3n de seguridad y env\u00edo mundial<\/strong>. Ideal para <strong data-start=\"514\" data-end=\"565\">isocianatos, resinas y s\u00edntesis agroqu\u00edmica<\/strong>.<\/p>","protected":false},"featured_media":664,"comment_status":"open","ping_status":"closed","template":"","meta":{"_et_pb_use_builder":"","_et_pb_old_content":"","_et_gb_content_width":""},"product_brand":[],"product_cat":[784,15],"product_tag":[598,595,600,596,594,597,599],"class_list":{"0":"post-676","1":"product","2":"type-product","3":"status-publish","4":"has-post-thumbnail","6":"product_cat-bulk-industrial-chemicals-supplier","7":"product_cat-uncategorized","8":"product_tag-carbamate-production","9":"product_tag-hnco-chemical","10":"product_tag-industrial-chemicals-cavin-resource","11":"product_tag-isocyanate-precursor","12":"product_tag-isocyanic-acid-supplier","13":"product_tag-polymer-synthesis","14":"product_tag-polyurethane-raw-material","16":"first","17":"instock","18":"sale","19":"shipping-taxable","20":"purchasable","21":"product-type-simple"},"_links":{"self":[{"href":"https:\/\/cavinresource.com\/es\/wp-json\/wp\/v2\/product\/676","targetHints":{"allow":["GET"]}}],"collection":[{"href":"https:\/\/cavinresource.com\/es\/wp-json\/wp\/v2\/product"}],"about":[{"href":"https:\/\/cavinresource.com\/es\/wp-json\/wp\/v2\/types\/product"}],"replies":[{"embeddable":true,"href":"https:\/\/cavinresource.com\/es\/wp-json\/wp\/v2\/comments?post=676"}],"wp:featuredmedia":[{"embeddable":true,"href":"https:\/\/cavinresource.com\/es\/wp-json\/wp\/v2\/media\/664"}],"wp:attachment":[{"href":"https:\/\/cavinresource.com\/es\/wp-json\/wp\/v2\/media?parent=676"}],"wp:term":[{"taxonomy":"product_brand","embeddable":true,"href":"https:\/\/cavinresource.com\/es\/wp-json\/wp\/v2\/product_brand?post=676"},{"taxonomy":"product_cat","embeddable":true,"href":"https:\/\/cavinresource.com\/es\/wp-json\/wp\/v2\/product_cat?post=676"},{"taxonomy":"product_tag","embeddable":true,"href":"https:\/\/cavinresource.com\/es\/wp-json\/wp\/v2\/product_tag?post=676"}],"curies":[{"name":"wp","href":"https:\/\/api.w.org\/{rel}","templated":true}]}}