{"id":554,"date":"2025-04-11T15:34:23","date_gmt":"2025-04-11T15:34:23","guid":{"rendered":"https:\/\/cavinresource.com\/?post_type=product&#038;p=554"},"modified":"2026-04-03T06:24:34","modified_gmt":"2026-04-03T06:24:34","slug":"wholesale-sodium-cyanide-price","status":"publish","type":"product","link":"https:\/\/cavinresource.com\/es\/product\/wholesale-sodium-cyanide-price\/","title":{"rendered":"Cianuro s\u00f3dico (NaCN) - 98% Pureza m\u00ednima para uso minero e industrial"},"content":{"rendered":"<h2 data-start=\"752\" data-end=\"1015\">Wholesale sodium cyanide price 2026<\/h2>\n<p class=\"\" data-start=\"752\" data-end=\"1015\">Wholesale sodium cyanide price is a white, water-soluble, crystalline compound known for its <strong data-start=\"840\" data-end=\"874\">reactividad extrema con los metales<\/strong> y compuestos org\u00e1nicos. Se utiliza principalmente en <strong data-start=\"922\" data-end=\"952\">extracci\u00f3n de oro y plata<\/strong>, <strong data-start=\"954\" data-end=\"972\">galvanoplastia<\/strong>, y <strong data-start=\"978\" data-end=\"1012\">fabricaci\u00f3n de productos qu\u00edmicos org\u00e1nicos<\/strong>. Cianuro s\u00f3dico nacn <b>en venta<\/b><\/p>\n<div id=\"bres\">\n<div class=\"ULSxyf\">\n<div class=\"MjjYud\">\n<div data-abe=\"\" data-hveid=\"CEsQAA\" data-ved=\"2ahUKEwiqxOOchPiSAxUKQUEAHVrsAOAQ26YDegQISxAA\">\n<div class=\"oIk2Cb\">\n<div class=\"y6Uyqe\">\n<div class=\"EIaa9b\">\n<div class=\"AJLUJb\">\n<div class=\"b2Rnsc vIifob\">\n<div class=\"qR29te\" data-hveid=\"CFUQAA\">\n<div class=\"B2VR9 CJHX3e\">\n<div class=\"XbQ34c\">\n<h3 class=\"DxHbyd OvQkSb eJtrMc\">current sodium cyanide price per metric ton 2026<\/h3>\n<\/div>\n<\/div>\n<\/div>\n<\/div>\n<\/div>\n<\/div>\n<\/div>\n<\/div>\n<\/div>\n<\/div>\n<\/div>\n<\/div>\n<div role=\"navigation\"><\/div>\n<p class=\"\" data-start=\"1017\" data-end=\"1323\">En <a href=\"https:\/\/cavinresource.com\/es\/\"><strong data-start=\"1020\" data-end=\"1038\">Recurso Cavin<\/strong><\/a>, Suministramos <strong data-start=\"1050\" data-end=\"1085\">Cianuro de sodio con pureza \u226598%<\/strong>, producido en <strong data-start=\"1099\" data-end=\"1147\">Instalaciones con certificaci\u00f3n ISO y conformes con REACH<\/strong>. Nuestro producto est\u00e1 disponible en <strong data-start=\"1177\" data-end=\"1212\">briquetas s\u00f3lidas o en polvo<\/strong>, embalado de forma segura en <strong data-start=\"1235\" data-end=\"1322\">Bidones IBC, bidones de acero revestidos de polietileno o bolsas jumbo con revestimiento antihumedad<\/strong>.<\/p>\n<p class=\"\" data-start=\"1325\" data-end=\"1484\">Gracias a nuestros centros de distribuci\u00f3n estrat\u00e9gicos, garantizamos una entrega r\u00e1pida y segura a granel a explotaciones mineras, fabricantes de productos qu\u00edmicos y compradores industriales de todo el mundo.<\/p>\n<hr class=\"\" data-start=\"1486\" data-end=\"1489\" \/>\n<h2 class=\"\" data-start=\"1491\" data-end=\"1518\">\u2699\ufe0f <strong data-start=\"1497\" data-end=\"1518\">M\u00e9todo de producci\u00f3n<\/strong><\/h2>\n<h3 class=\"\" data-start=\"1520\" data-end=\"1592\"><strong data-start=\"1524\" data-end=\"1590\">M\u00e9todo del cianuro de hidr\u00f3geno + hidr\u00f3xido de sodio (proceso de Andrussow)<\/strong><\/h3>\n<ul>\n<li data-start=\"1596\" data-end=\"1693\">El cianuro de hidr\u00f3geno (HCN) se sintetiza haciendo reaccionar metano y amon\u00edaco sobre un catalizador de platino.<\/li>\n<li data-start=\"1596\" data-end=\"1693\">A continuaci\u00f3n, el HCN se absorbe en hidr\u00f3xido s\u00f3dico acuoso (NaOH), formando <strong data-start=\"1764\" data-end=\"1782\">Cianuro de sodio<\/strong>.<\/li>\n<\/ul>\n<p><span class=\"katex-display\"><span class=\"katex\"><span class=\"katex-mathml\">HCN+NaOH\u2192NaCN+H\u2082O{text{HCN} + \\text{NaOH} \u2192 \\text{NaCN} + \\text{H\u2082O}<\/span><span class=\"katex-html\" aria-hidden=\"true\"><span class=\"base\"><span class=\"mord text\"><span class=\"mord\">HCN<\/span><\/span><span class=\"mbin\">+<\/span><\/span><span class=\"base\"><span class=\"mord text\"><span class=\"mord\">NaOH<\/span><\/span><span class=\"mrel\">\u2192<\/span><\/span><span class=\"base\"><span class=\"mord text\"><span class=\"mord\">NaCN<\/span><\/span><span class=\"mbin\">+<\/span><\/span><span class=\"base\"><span class=\"mord text\"><span class=\"mord\">H\u2082O<\/span><\/span><\/span><\/span><\/span><\/span><\/p>\n<p class=\"\" data-start=\"1844\" data-end=\"1922\">Este m\u00e9todo garantiza una pureza y estabilidad constantes del NaCN de calidad industrial.<\/p>\n<hr class=\"\" data-start=\"3255\" data-end=\"3258\" \/>\n<h2 class=\"\" data-start=\"3260\" data-end=\"3312\">\ud83d\udcda <strong data-start=\"3266\" data-end=\"3312\">Fuentes cre\u00edbles de SEO y confianza t\u00e9cnica<\/strong><\/h2>\n<ul data-start=\"3314\" data-end=\"3710\">\n<li class=\"\" data-start=\"3314\" data-end=\"3405\">\n<p class=\"\" data-start=\"3316\" data-end=\"3405\">\ud83d\udd17 <a class=\"\" href=\"https:\/\/pubchem.ncbi.nlm.nih.gov\/compound\/Sodium-cyanide\" target=\"_new\" rel=\"noopener\" data-start=\"3319\" data-end=\"3403\">PubChem - Cianuro de sodio<\/a><\/p>\n<\/li>\n<li class=\"\" data-start=\"3406\" data-end=\"3463\">\n<p class=\"\" data-start=\"3408\" data-end=\"3463\">\ud83d\udd17 <a class=\"\" href=\"https:\/\/www.epa.gov\/\" target=\"_new\" rel=\"noopener\" data-start=\"3411\" data-end=\"3461\">Perfil de cianuro s\u00f3dico de la EPA<\/a><\/p>\n<\/li>\n<li class=\"\" data-start=\"3464\" data-end=\"3553\">\n<p class=\"\" data-start=\"3466\" data-end=\"3553\">\ud83d\udd17 <a class=\"\" href=\"https:\/\/www.cdc.gov\/niosh\/npg\/npgd0567.html\" target=\"_new\" rel=\"noopener\" data-start=\"3469\" data-end=\"3551\">Gu\u00eda de bolsillo NIOSH - Cianuro de sodio<\/a><\/p>\n<\/li>\n<li class=\"\" data-start=\"3554\" data-end=\"3637\">\n<p class=\"\" data-start=\"3556\" data-end=\"3637\">\ud83d\udd17 <a class=\"\" href=\"https:\/\/www.sciencedirect.com\/\" target=\"_new\" rel=\"noopener\" data-start=\"3559\" data-end=\"3635\">ScienceDirect - El cianuro en el tratamiento del oro<\/a><\/p>\n<\/li>\n<li class=\"\" data-start=\"3638\" data-end=\"3710\">\n<p class=\"\" data-start=\"3640\" data-end=\"3710\">\ud83d\udd17 <a class=\"\" href=\"https:\/\/www.oecd.org\/\" target=\"_new\" rel=\"noopener\" data-start=\"3643\" data-end=\"3710\">OCDE SIDS - Evaluaci\u00f3n de riesgos del cianuro de sodio<\/a><\/p>\n<\/li>\n<\/ul>\n<hr class=\"\" data-start=\"3712\" data-end=\"3715\" \/>\n<h2 class=\"\" data-start=\"3717\" data-end=\"3753\">\ud83c\udfaf <strong data-start=\"3723\" data-end=\"3753\">Beneficios del cianuro s\u00f3dico<\/strong><\/h2>\n<ul data-start=\"3755\" data-end=\"4228\">\n<li class=\"\" data-start=\"3755\" data-end=\"3852\">\n<p class=\"\" data-start=\"3757\" data-end=\"3852\">\u2705 <strong data-start=\"3759\" data-end=\"3797\">Alta eficacia para la lixiviaci\u00f3n de oro<\/strong> - Recuperaci\u00f3n eficaz de oro y plata mediante cianuraci\u00f3n<\/p>\n<\/li>\n<li class=\"\" data-start=\"3853\" data-end=\"3947\">\n<p class=\"\" data-start=\"3855\" data-end=\"3947\">\u2705 <strong data-start=\"3857\" data-end=\"3888\">Calidad estable y constante<\/strong> - Su gran pureza garantiza un rendimiento industrial predecible<\/p>\n<\/li>\n<li class=\"\" data-start=\"3948\" data-end=\"4036\">\n<p class=\"\" data-start=\"3950\" data-end=\"4036\">\u2705 <strong data-start=\"3952\" data-end=\"3971\">Solubilidad r\u00e1pida<\/strong> - Se disuelve r\u00e1pidamente en agua para una integraci\u00f3n inmediata en el proceso<\/p>\n<\/li>\n<li class=\"\" data-start=\"4037\" data-end=\"4140\">\n<p class=\"\" data-start=\"4039\" data-end=\"4140\">\u2705 <strong data-start=\"4041\" data-end=\"4076\">Vers\u00e1til en s\u00edntesis qu\u00edmica<\/strong> - Se utiliza para fabricar nitrilos, pigmentos y productos farmac\u00e9uticos<\/p>\n<\/li>\n<li class=\"\" data-start=\"4141\" data-end=\"4228\">\n<p class=\"\" data-start=\"4143\" data-end=\"4228\">\u2705 <strong data-start=\"4145\" data-end=\"4164\">Larga vida \u00fatil<\/strong> - Un envasado y una estabilizaci\u00f3n adecuados prolongan la utilidad del producto<\/p>\n<\/li>\n<\/ul>\n<hr class=\"\" data-start=\"4230\" data-end=\"4233\" \/>\n<h2 class=\"\" data-start=\"4235\" data-end=\"4264\">\ud83e\uddea <strong data-start=\"4241\" data-end=\"4264\">Aplicaciones comunes<\/strong><\/h2>\n<h3 class=\"\" data-start=\"4266\" data-end=\"4297\">\ud83e\ude99 <strong data-start=\"4273\" data-end=\"4297\">Miner\u00eda de oro y plata<\/strong><\/h3>\n<ul data-start=\"4298\" data-end=\"4356\">\n<li class=\"\" data-start=\"4298\" data-end=\"4356\">\n<p class=\"\" data-start=\"4300\" data-end=\"4356\">Proceso de cianuraci\u00f3n para separar los metales preciosos del mineral<\/p>\n<\/li>\n<\/ul>\n<h3 class=\"\" data-start=\"4358\" data-end=\"4391\">\u2699\ufe0f <strong data-start=\"4365\" data-end=\"4391\">Fabricaci\u00f3n de productos qu\u00edmicos<\/strong><\/h3>\n<ul data-start=\"4392\" data-end=\"4456\">\n<li class=\"\" data-start=\"4392\" data-end=\"4456\">\n<p class=\"\" data-start=\"4394\" data-end=\"4456\">Intermedio en la s\u00edntesis de nitrilos org\u00e1nicos y pl\u00e1sticos<\/p>\n<\/li>\n<\/ul>\n<h3 class=\"\" data-start=\"4458\" data-end=\"4482\">\u26a1 <strong data-start=\"4464\" data-end=\"4482\">Galvanoplastia<\/strong><\/h3>\n<ul data-start=\"4483\" data-end=\"4560\">\n<li class=\"\" data-start=\"4483\" data-end=\"4560\">\n<p class=\"\" data-start=\"4485\" data-end=\"4560\">Used in metal surface treatment for corrosion resistance and finish quality . buy bulk sodium cyanide online<\/p>\n<\/li>\n<\/ul>\n<h3 class=\"\" data-start=\"4562\" data-end=\"4588\">\ud83e\uddec <strong data-start=\"4569\" data-end=\"4588\">Productos farmac\u00e9uticos<\/strong><\/h3>\n<ul data-start=\"4589\" data-end=\"4646\">\n<li class=\"\" data-start=\"4589\" data-end=\"4646\">\n<p class=\"\" data-start=\"4591\" data-end=\"4646\">Uso limitado en la s\u00edntesis de productos intermedios especializados<\/p>\n<\/li>\n<\/ul>\n<hr class=\"\" data-start=\"4648\" data-end=\"4651\" \/>\n<h2 class=\"\" data-start=\"4653\" data-end=\"4691\">\u2753 Preguntas frecuentes (FAQ)<\/h2>\n<hr class=\"\" data-start=\"4693\" data-end=\"4696\" \/>\n<h3 class=\"\" data-start=\"4698\" data-end=\"4744\"><strong data-start=\"4702\" data-end=\"4742\">1. \u00bfEs seguro manipular el cianuro s\u00f3dico?<\/strong><\/h3>\n<p class=\"\" data-start=\"4745\" data-end=\"4916\"><strong data-start=\"4745\" data-end=\"4756\">Contesta:<\/strong><br data-start=\"4756\" data-end=\"4759\" \/>No. El cianuro s\u00f3dico es <strong data-start=\"4781\" data-end=\"4797\">muy t\u00f3xico<\/strong> y s\u00f3lo debe ser gestionado por <strong data-start=\"4826\" data-end=\"4851\">profesionales formados<\/strong> utilizando <strong data-start=\"4858\" data-end=\"4870\">EPI completo<\/strong> en <strong data-start=\"4877\" data-end=\"4915\">estrictos protocolos de seguridad industrial<\/strong>.<\/p>\n<hr class=\"\" data-start=\"4918\" data-end=\"4921\" \/>\n<h3 class=\"\" data-start=\"4923\" data-end=\"4981\"><strong data-start=\"4927\" data-end=\"4979\">2. \u00bfEn qu\u00e9 forma se suministra el cianuro s\u00f3dico?<\/strong><\/h3>\n<p class=\"\" data-start=\"4982\" data-end=\"5118\"><strong data-start=\"4982\" data-end=\"4993\">Contesta:<\/strong><br data-start=\"4993\" data-end=\"4996\" \/>Lo ofrecemos en <strong data-start=\"5011\" data-end=\"5045\">briqueta s\u00f3lida o en polvo<\/strong>, Envasado en <strong data-start=\"5059\" data-end=\"5094\">Bidones de 50 kg o sacos gigantes de 1000 kg<\/strong> with moisture barriers. buy sodium cyanide 98% briquettes wholesale<\/p>\n<hr class=\"\" data-start=\"5120\" data-end=\"5123\" \/>\n<h3 class=\"\" data-start=\"5125\" data-end=\"5185\"><strong data-start=\"5129\" data-end=\"5183\">3. \u00bfRealizan env\u00edos internacionales con documentos de conformidad?<\/strong><\/h3>\n<p class=\"\" data-start=\"5186\" data-end=\"5322\"><strong data-start=\"5186\" data-end=\"5197\">Contesta:<\/strong><br data-start=\"5197\" data-end=\"5200\" \/>S\u00ed. Proporcionamos <strong data-start=\"5216\" data-end=\"5282\">COA, MSDS, documentos de embarque de la ONU, declaraciones de mercanc\u00edas peligrosas<\/strong>, y ayudar con <strong data-start=\"5300\" data-end=\"5321\">despacho de aduanas<\/strong>. wholesale sodium cyanide drums OR IBC Malaysia<\/p>\n<hr class=\"\" data-start=\"5324\" data-end=\"5327\" \/>\n<h3 class=\"\" data-start=\"5329\" data-end=\"5371\"><strong data-start=\"5333\" data-end=\"5369\">4. \u00bfC\u00f3mo se almacena el cianuro s\u00f3dico?<\/strong><\/h3>\n<p class=\"\" data-start=\"5372\" data-end=\"5504\"><strong data-start=\"5372\" data-end=\"5383\">Contesta:<\/strong><br data-start=\"5383\" data-end=\"5386\" \/>Debe almacenarse en un <strong data-start=\"5411\" data-end=\"5451\">almac\u00e9n fresco, seco y bien ventilado<\/strong>, away from acids and moisture, in sealed containers. bulk sodium cyanide supplier Malaysia<\/p>\n<hr class=\"\" data-start=\"5506\" data-end=\"5509\" \/>\n<h3 class=\"\" data-start=\"5511\" data-end=\"5580\"><strong data-start=\"5515\" data-end=\"5578\">5. \u00bfSuministran cianuro s\u00f3dico para la extracci\u00f3n de oro?<\/strong><\/h3>\n<p class=\"\" data-start=\"5581\" data-end=\"5729\"><strong data-start=\"5581\" data-end=\"5592\">Contesta:<\/strong><br data-start=\"5592\" data-end=\"5595\" \/>S\u00ed. Nuestro NaCN es <strong data-start=\"5612\" data-end=\"5645\">optimizado para la extracci\u00f3n de oro<\/strong> con <strong data-start=\"5651\" data-end=\"5687\">gran pureza y r\u00e1pida solubilidad<\/strong>, ideal for large-scale mining operations. sodium cyanide for gold cyanidation . sodium cyanide wholesale price per ton<\/p>","protected":false},"excerpt":{"rendered":"<p>Alta pureza <strong data-start=\"493\" data-end=\"522\">cianuro s\u00f3dico a granel (NaCN 98%)<\/strong>, widely used in gold mining, chemical synthesis, and electroplating. Cavin Resource supplies in bulk with global shipping, strict regulatory compliance, and full documentation. Sodium cyanide nacn for sale\u00a0 NaCN 98% briquettes OR powder sodium cyanide briquettes wholesale price ,<\/p>","protected":false},"featured_media":555,"comment_status":"open","ping_status":"closed","template":"","meta":{"_et_pb_use_builder":"","_et_pb_old_content":"","_et_gb_content_width":""},"product_brand":[],"product_cat":[784,814],"product_tag":[353,355,354,356,358,351,350,357,1278,352],"class_list":{"0":"post-554","1":"product","2":"type-product","3":"status-publish","4":"has-post-thumbnail","6":"product_cat-bulk-industrial-chemicals-supplier","7":"product_cat-cyanide-compounds","8":"product_tag-buy-nacn-in-bulk","9":"product_tag-cyanide-for-leaching","10":"product_tag-gold-extraction-chemicals","11":"product_tag-industrial-sodium-cyanide-powder","12":"product_tag-mining-chemicals-distributor","13":"product_tag-nacn-for-gold-mining","14":"product_tag-sodium-cyanide-98","15":"product_tag-sodium-cyanide-drum-exporter","16":"product_tag-sodium-cyanide-nacn-for-sale","17":"product_tag-sodium-cyanide-supplier-malaysia","19":"first","20":"instock","21":"sale","22":"shipping-taxable","23":"purchasable","24":"product-type-simple"},"_links":{"self":[{"href":"https:\/\/cavinresource.com\/es\/wp-json\/wp\/v2\/product\/554","targetHints":{"allow":["GET"]}}],"collection":[{"href":"https:\/\/cavinresource.com\/es\/wp-json\/wp\/v2\/product"}],"about":[{"href":"https:\/\/cavinresource.com\/es\/wp-json\/wp\/v2\/types\/product"}],"replies":[{"embeddable":true,"href":"https:\/\/cavinresource.com\/es\/wp-json\/wp\/v2\/comments?post=554"}],"wp:featuredmedia":[{"embeddable":true,"href":"https:\/\/cavinresource.com\/es\/wp-json\/wp\/v2\/media\/555"}],"wp:attachment":[{"href":"https:\/\/cavinresource.com\/es\/wp-json\/wp\/v2\/media?parent=554"}],"wp:term":[{"taxonomy":"product_brand","embeddable":true,"href":"https:\/\/cavinresource.com\/es\/wp-json\/wp\/v2\/product_brand?post=554"},{"taxonomy":"product_cat","embeddable":true,"href":"https:\/\/cavinresource.com\/es\/wp-json\/wp\/v2\/product_cat?post=554"},{"taxonomy":"product_tag","embeddable":true,"href":"https:\/\/cavinresource.com\/es\/wp-json\/wp\/v2\/product_tag?post=554"}],"curies":[{"name":"wp","href":"https:\/\/api.w.org\/{rel}","templated":true}]}}