{"id":1104,"date":"2025-04-21T16:33:42","date_gmt":"2025-04-21T16:33:42","guid":{"rendered":"https:\/\/cavinresource.com\/?post_type=product&#038;p=1104"},"modified":"2026-03-03T00:32:39","modified_gmt":"2026-03-03T00:32:39","slug":"comprar-queso-halloumi-al-por-mayor-por-internet","status":"publish","type":"product","link":"https:\/\/cavinresource.com\/es\/product\/buy-wholesale-halloumi-cheese-for-online\/","title":{"rendered":"Halloumi - Queso chipriota tradicional, fresco y a granel"},"content":{"rendered":"<h2 data-path-to-node=\"0\"><b data-path-to-node=\"0\" data-index-in-node=\"0\">Suministro a granel de leche desnatada en polvo de primera calidad: 2026 Normas del sector y excelencia en la venta al por mayor<\/b><\/h2>\n<p data-path-to-node=\"1\">En el panorama industrial avanzado de 2026, <b data-path-to-node=\"1\" data-index-in-node=\"46\">Recurso Cavin<\/b> sigue siendo l\u00edder mundial en la distribuci\u00f3n de s\u00f3lidos l\u00e1cteos de alta calidad. <span class=\"citation-138\">Nuestra <\/span><b data-path-to-node=\"1\" data-index-in-node=\"153\"><span class=\"citation-138\">Leche desnatada en polvo<\/span><\/b><span class=\"citation-138 citation-end-138\"> (SMP) es la piedra angular de las f\u00f3rmulas nutricionales, la panificaci\u00f3n comercial y la producci\u00f3n de bebidas a gran escala.<\/span> Aunque estamos especializados en productos l\u00e1cteos en polvo desecados por atomizaci\u00f3n y bajos en grasa desde nuestro centro estrat\u00e9gico de Malasia, comprendemos que los proveedores y distribuidores de servicios alimentarios modernos a menudo necesitan algo m\u00e1s que polvo. Los que buscan aut\u00e9nticos ingredientes mediterr\u00e1neos pueden preguntarse d\u00f3nde encontrar <b data-path-to-node=\"1\" data-index-in-node=\"578\">queso halloumi cerca de m\u00ed<\/b> para complementar sus necesidades de adquisici\u00f3n de productos l\u00e1cteos.<\/p>\n<div class=\"source-inline-chip-container ng-star-inserted\"><\/div>\n<h3 data-path-to-node=\"2\"><b data-path-to-node=\"2\" data-index-in-node=\"0\">La vers\u00e1til cartera de productos l\u00e1cteos: De los polvos a los quesos gourmet<\/b><\/h3>\n<p data-path-to-node=\"3\">En <b data-path-to-node=\"3\" data-index-in-node=\"3\">Recurso Cavin<\/b>, Con la leche desnatada en polvo, tendemos un puente entre el suministro de productos qu\u00edmicos industriales y el servicio de comida gourmet. Mientras que nuestra leche desnatada en polvo proporciona la prote\u00edna y la estructura para helados y pasteles, nuestra diversa l\u00ednea de productos l\u00e1cteos tambi\u00e9n incluye los favoritos tradicionales. Si su restaurante o cadena minorista busca diversificarse, puede f\u00e1cilmente <b data-path-to-node=\"3\" data-index-in-node=\"327\">Comprar queso halloumi cerca de m\u00ed<\/b> a trav\u00e9s de nuestra amplia red de distribuci\u00f3n. <span class=\"citation-137 citation-end-137\">El alto punto de fusi\u00f3n \u00fanico del Halloumi lo convierte en una opci\u00f3n de \u00e9lite \u201cimparable\u201d para asar y fre\u00edr, ofreciendo una alternativa vegetariana rica en prote\u00ednas que es tendencia en Norteam\u00e9rica y Europa en 2026. Venta de queso Halloumi<\/span><\/p>\n<div class=\"source-inline-chip-container ng-star-inserted\"><\/div>\n<h3 data-path-to-node=\"4\"><b data-path-to-node=\"4\" data-index-in-node=\"0\">Racionalizaci\u00f3n de las compras y la log\u00edstica<\/b><\/h3>\n<p data-path-to-node=\"5\">Eficiencia es la palabra clave del mercado de 2026. Eliminamos la frustraci\u00f3n del abastecimiento fragmentado. En lugar de desplazarse interminablemente por los mapas pregunt\u00e1ndose \u201c<b data-path-to-node=\"5\" data-index-in-node=\"158\">\u00bfD\u00f3nde puedo comprar queso halloumi cerca de m\u00ed a domicilio?<\/b>,Los compradores profesionales pueden confiar en Cavin Resource para obtener soluciones integradas de transporte. Gestionamos la log\u00edstica de la cadena de fr\u00edo necesaria para el queso fresco junto con el almacenamiento a temperatura ambiente de nuestra leche en polvo a granel, garantizando que cada env\u00edo llegue con su integridad qu\u00edmica y nutricional totalmente intacta. El mejor lugar para comprar queso halloumi a granel<\/p>\n<h3 data-path-to-node=\"6\"><b data-path-to-node=\"6\" data-index-in-node=\"0\">Compras transparentes para compradores industriales<\/b><\/h3>\n<p data-path-to-node=\"7\">Una pregunta habitual para los nuevos responsables de adquisiciones en el mercado de 2026 es: \u201c<b data-path-to-node=\"7\" data-index-in-node=\"71\">\u00bfD\u00f3nde puedo comprar queso Halloumi?<\/b> que cumpla las estrictas normas internacionales de seguridad\u201d. En <b data-path-to-node=\"7\" data-index-in-node=\"157\">Recurso Cavin<\/b>, Cada producto, desde nuestro \u00e1cido fosf\u00f3rico 75% hasta nuestro Halloumi de primera calidad, est\u00e1 respaldado por una completa documentaci\u00f3n, que incluye certificados de an\u00e1lisis (COA) con fecha de 2026 y certificaciones Halal. Esta transparencia es la raz\u00f3n por la que somos la opci\u00f3n preferida para quienes necesitan <b data-path-to-node=\"7\" data-index-in-node=\"443\">Comprar queso halloumi a granel<\/b> para cocinas industriales y centros de distribuci\u00f3n al por mayor.<\/p>\n<h4 data-path-to-node=\"8\"><b data-path-to-node=\"8\" data-index-in-node=\"0\">\u00bfPor qu\u00e9 asociarse con Cavin Resource?<\/b><\/h4>\n<ul data-path-to-node=\"9\">\n<li>\n<p data-path-to-node=\"9,0,0\"><b data-path-to-node=\"9,0,0\" data-index-in-node=\"0\">Alcance mundial:<\/b> Entrega r\u00e1pida por v\u00eda mar\u00edtima y a\u00e9rea en los principales puertos del mundo.<\/p>\n<\/li>\n<li>\n<p data-path-to-node=\"9,1,0\"><b data-path-to-node=\"9,1,0\" data-index-in-node=\"0\">Garant\u00eda de calidad:<\/b> Cumplimiento estricto de los protocolos de seguridad ISO y APPCC.<\/p>\n<\/li>\n<li>\n<p data-path-to-node=\"9,2,0\"><b data-path-to-node=\"9,2,0\" data-index-in-node=\"0\"><span class=\"citation-136\">Opciones de embalaje:<\/span><\/b><span class=\"citation-136 citation-end-136\"> Desde bolsas de papel multipared de 25 kg para leche en polvo hasta bloques a granel sellados al vac\u00edo para queso.<\/span><\/p>\n<div class=\"source-inline-chip-container ng-star-inserted\"><\/div>\n<\/li>\n<\/ul>\n<p data-path-to-node=\"10\"><b data-path-to-node=\"10\" data-index-in-node=\"0\">Asegure su suministro de productos l\u00e1cteos para 2026 con un socio mundial de \u00e9lite.<\/b><\/p>","protected":false},"excerpt":{"rendered":"<p><strong data-start=\"300\" data-end=\"319\">Queso Halloumi<\/strong> - Una tradici\u00f3n <strong data-start=\"336\" data-end=\"354\">Queso chipriota<\/strong> con una textura \u00fanica, perfectas para asar, fre\u00edr o servir frescas. Cavin Resource suministra <strong data-start=\"463\" data-end=\"482\">queso halloumi<\/strong> en <strong data-start=\"486\" data-end=\"494\">a granel<\/strong> para <strong data-start=\"499\" data-end=\"527\">restaurantes, mayoristas<\/strong>, y <strong data-start=\"533\" data-end=\"548\">restauraci\u00f3n<\/strong> mayoristas de queso<\/p>","protected":false},"featured_media":1094,"comment_status":"open","ping_status":"closed","template":"","meta":{"_et_pb_use_builder":"","_et_pb_old_content":"","_et_gb_content_width":""},"product_brand":[],"product_cat":[778],"product_tag":[891,885,887,889,886,884,890,892,888],"class_list":{"0":"post-1104","1":"product","2":"type-product","3":"status-publish","4":"has-post-thumbnail","6":"product_cat-bulk-dairy-products-supplier","7":"product_tag-bulk-cheese-supplier","8":"product_tag-bulk-halloumi-cheese","9":"product_tag-cheese-for-grilling","10":"product_tag-cypriot-cheese","11":"product_tag-fresh-halloumi","12":"product_tag-halloumi-cheese","13":"product_tag-halloumi-for-restaurants","14":"product_tag-halloumi-in-brine","15":"product_tag-halloumi-wholesale","17":"first","18":"instock","19":"sale","20":"shipping-taxable","21":"purchasable","22":"product-type-simple"},"_links":{"self":[{"href":"https:\/\/cavinresource.com\/es\/wp-json\/wp\/v2\/product\/1104","targetHints":{"allow":["GET"]}}],"collection":[{"href":"https:\/\/cavinresource.com\/es\/wp-json\/wp\/v2\/product"}],"about":[{"href":"https:\/\/cavinresource.com\/es\/wp-json\/wp\/v2\/types\/product"}],"replies":[{"embeddable":true,"href":"https:\/\/cavinresource.com\/es\/wp-json\/wp\/v2\/comments?post=1104"}],"wp:featuredmedia":[{"embeddable":true,"href":"https:\/\/cavinresource.com\/es\/wp-json\/wp\/v2\/media\/1094"}],"wp:attachment":[{"href":"https:\/\/cavinresource.com\/es\/wp-json\/wp\/v2\/media?parent=1104"}],"wp:term":[{"taxonomy":"product_brand","embeddable":true,"href":"https:\/\/cavinresource.com\/es\/wp-json\/wp\/v2\/product_brand?post=1104"},{"taxonomy":"product_cat","embeddable":true,"href":"https:\/\/cavinresource.com\/es\/wp-json\/wp\/v2\/product_cat?post=1104"},{"taxonomy":"product_tag","embeddable":true,"href":"https:\/\/cavinresource.com\/es\/wp-json\/wp\/v2\/product_tag?post=1104"}],"curies":[{"name":"wp","href":"https:\/\/api.w.org\/{rel}","templated":true}]}}