{"id":1102,"date":"2025-04-21T16:27:07","date_gmt":"2025-04-21T16:27:07","guid":{"rendered":"https:\/\/cavinresource.com\/?post_type=product&#038;p=1102"},"modified":"2026-03-03T00:59:35","modified_gmt":"2026-03-03T00:59:35","slug":"donde-comprar-aceite-de-cocina-usado-uco","status":"publish","type":"product","link":"https:\/\/cavinresource.com\/es\/product\/where-to-buy-used-cooking-oil-uco\/","title":{"rendered":"Suministro mundial a granel de aceite de cocina usado: Materias primas sostenibles para el mercado industrial 2026"},"content":{"rendered":"<h2 class=\"\" data-path-to-node=\"0\"><\/h2>\n<p data-path-to-node=\"1\"><span class=\"\">En la econom\u00eda circular moderna,<\/span><span class=\"\"> Los residuos ya no son un pasivo, sino un recurso industrial de alto valor.<\/span> <b class=\"\" data-path-to-node=\"1\" data-index-in-node=\"103\">Aceite de cocina usado (UCO)<\/b><span class=\"\"> se ha convertido en una de las materias primas m\u00e1s importantes para el sector mundial de las energ\u00edas renovables,<\/span><span class=\"\"> impulsar la producci\u00f3n de biodi\u00e9sel,<\/span><span class=\"\"> gas\u00f3leo renovable,<\/span><span class=\"\"> y combustible de aviaci\u00f3n sostenible (SAF).<\/span><span class=\"\"> En <\/span><b class=\"\" data-path-to-node=\"1\" data-index-in-node=\"312\">Recurso Cavin<\/b><span class=\"\">,<\/span><span class=\"\"> somos un distribuidor l\u00edder mundial,<\/span><span class=\"\"> salvar la distancia entre las redes de recuperaci\u00f3n de servicios alimentarios y los procesadores industriales a gran escala.<\/span><span class=\"\"> Proporcionamos un servicio coherente,<\/span><span class=\"\"> alta calidad <\/span><b class=\"\" data-path-to-node=\"1\" data-index-in-node=\"498\">UCO<\/b><span class=\"\"> cadena de suministro dise\u00f1ada para impulsar sus objetivos de sostenibilidad y sus l\u00edneas de producci\u00f3n con eficacia y transparencia.<\/span><\/p>\n<p data-path-to-node=\"2\"><span class=\"\">Operamos desde nuestro centro log\u00edstico estrat\u00e9gico de Malasia,<\/span><span class=\"\"> atendemos a clientes de toda la regi\u00f3n Asia-Pac\u00edfico,<\/span><span class=\"\"> Oriente Medio,<\/span><span class=\"\"> y Europa.<\/span><span class=\"\"> Tanto si es una refiner\u00eda de biocombustibles que busca materias primas fiables como si es un fabricante oleoqu\u00edmico que busca una alternativa sostenible a las grasas v\u00edrgenes,<\/span><span class=\"\"> Cavin Resource le ofrece el volumen y el control de calidad que necesita para prosperar en un mercado competitivo.<\/span><\/p>\n<hr class=\"\" data-path-to-node=\"3\" \/>\n<h3 class=\"\" data-path-to-node=\"4\"><b data-path-to-node=\"4\" data-index-in-node=\"0\">La demanda industrial de aceite de cocina usado (UCO)<\/b><\/h3>\n<p data-path-to-node=\"5\"><span class=\"\">La transici\u00f3n mundial hacia las emisiones netas cero ha transformado la <\/span><b class=\"\" data-path-to-node=\"5\" data-index-in-node=\"68\">uco<\/b><span class=\"\"> mercado.<\/span><span class=\"\"> Porque el aceite de cocina es un subproducto de la fabricaci\u00f3n de alimentos y de las operaciones de restauraci\u00f3n,<\/span><span class=\"\"> su reciclado es un pilar fundamental de la recuperaci\u00f3n de recursos.<\/span><span class=\"\"> A diferencia de los aceites vegetales v\u00edrgenes,<\/span><span class=\"\"> La huella de carbono de la UCO es mucho menor,<\/span><span class=\"\"> lo que la convierte en la opci\u00f3n preferida para los mandatos de energ\u00eda verde.<\/span><\/p>\n<p data-path-to-node=\"6\"><span class=\"\">M\u00e1s all\u00e1 de los biocarburantes,<\/span><span class=\"\"> Las aplicaciones industriales del aceite de cocina usado son diversas:<\/span><\/p>\n<ul data-path-to-node=\"7\">\n<li>\n<p data-path-to-node=\"7,0,0\"><b class=\"\" data-path-to-node=\"7,0,0\" data-index-in-node=\"0\">Oleoqu\u00edmicos:<\/b><span class=\"\"> Se utiliza en la fabricaci\u00f3n de jabones,<\/span><span class=\"\"> lubricantes,<\/span><span class=\"\"> y tensioactivos.<\/span><\/p>\n<\/li>\n<li>\n<p data-path-to-node=\"7,1,0\"><b class=\"\" data-path-to-node=\"7,1,0\" data-index-in-node=\"0\">Aditivos para piensos:<\/b><span class=\"\"> El aceite debidamente tratado y filtrado sirve como suplemento energ\u00e9tico rentable en las dietas del ganado.<\/span><\/p>\n<\/li>\n<li>\n<p data-path-to-node=\"7,2,0\"><b class=\"\" data-path-to-node=\"7,2,0\" data-index-in-node=\"0\">Materia prima qu\u00edmica:<\/b><span class=\"\"> Act\u00faa como base para productos qu\u00edmicos y \u00e9steres de origen biol\u00f3gico en la fabricaci\u00f3n avanzada.<\/span><\/p>\n<\/li>\n<\/ul>\n<hr class=\"\" data-path-to-node=\"8\" \/>\n<h3 class=\"\" data-path-to-node=\"9\"><b data-path-to-node=\"9\" data-index-in-node=\"0\">Din\u00e1mica del mercado mundial y fijaci\u00f3n de precios<\/b><\/h3>\n<p data-path-to-node=\"10\"><span class=\"\">Para responsables de compras,<\/span><span class=\"\"> el aspecto m\u00e1s dif\u00edcil del aprovisionamiento es la volatilidad del <\/span><b class=\"\" data-path-to-node=\"10\" data-index-in-node=\"91\">aceite de cocina usado Precio al por mayor<\/b><span class=\"\">.<\/span><span class=\"\"> La din\u00e1mica del mercado se ve influida por los cambios geopol\u00edticos,<\/span><span class=\"\"> biofuel mandates (such as the EU&#8217;s Renewable Energy Directive),<\/span><span class=\"\"> y la estacionalidad inherente a los residuos de la industria alimentaria.<\/span><span class=\"\"> Debido a estos factores,<\/span><span class=\"\"> el <\/span><b class=\"\" data-path-to-node=\"10\" data-index-in-node=\"327\">uco precio<\/b><span class=\"\"> rara vez es est\u00e1tica.<\/span><\/p>\n<p data-path-to-node=\"11\"><span class=\"\">A la hora de evaluar su estrategia de adquisiciones,<\/span><span class=\"\"> comprender la <\/span><b class=\"\" data-path-to-node=\"11\" data-index-in-node=\"61\">precios del aceite de cocina usado<\/b><span class=\"\"> requiere una mirada a los desequilibrios regionales entre la oferta y la demanda.<\/span><span class=\"\"> Por ejemplo,<\/span><span class=\"\"> el <\/span><b class=\"\" data-path-to-node=\"11\" data-index-in-node=\"157\">Precio del aceite de cocina usado en Europa<\/b><span class=\"\"> suele estar dictada por los estrictos requisitos de certificaci\u00f3n (e.<\/span><span class=\"\">g.,<\/span><span class=\"\"> ISCC-EU) y una elevada demanda regional de biodi\u00e9sel a partir de residuos.<\/span><span class=\"\"> En consecuencia,<\/span><span class=\"\"> Los compradores suelen buscar <\/span><b class=\"\" data-path-to-node=\"11\" data-index-in-node=\"389\">precio actual del uco por tonelada<\/b><span class=\"\"> para calibrar sus ofertas de compra al contado o de contratos a largo plazo.<\/span><\/p>\n<p data-path-to-node=\"12\"><span class=\"\">En Cavin Resource,<\/span><span class=\"\"> ofrecemos una transparencia l\u00edder en el mercado.<\/span><span class=\"\"> Reconocemos que los compradores industriales necesitan datos en tiempo real para tomar decisiones informadas.<\/span><span class=\"\"> Tanto si est\u00e1 siguiendo la <\/span><b class=\"\" data-path-to-node=\"12\" data-index-in-node=\"172\">aceite de cocina usado precio por tonelada<\/b><span class=\"\"> para una operaci\u00f3n de refiner\u00eda o buscando medias trimestrales para optimizar su presupuesto,<\/span><span class=\"\"> nuestro equipo ofrece informaci\u00f3n actualizada sobre el mercado.<\/span><span class=\"\"> Animamos a nuestros socios a que se pongan en contacto con nosotros directamente para obtener un <\/span><b class=\"\" data-path-to-node=\"12\" data-index-in-node=\"398\">Precio actual de la tonelada de UCO<\/b><span class=\"\">,<\/span><span class=\"\"> ya que adaptamos nuestras cotizaciones en funci\u00f3n del volumen,<\/span><span class=\"\"> puerto de destino,<\/span><span class=\"\"> y par\u00e1metros de calidad espec\u00edficos como el contenido de \u00e1cidos grasos libres (AGL).<\/span><\/p>\n<hr class=\"\" data-path-to-node=\"13\" \/>\n<h3 class=\"\" data-path-to-node=\"14\"><b data-path-to-node=\"14\" data-index-in-node=\"0\">Control de calidad: Garantizar la uniformidad de cada lote<\/b><\/h3>\n<p data-path-to-node=\"15\"><span class=\"\">El valor de <\/span><b class=\"\" data-path-to-node=\"15\" data-index-in-node=\"13\">precios del aceite de cocina usado uco<\/b><span class=\"\"> est\u00e1 vinculada fundamentalmente a la calidad de la materia prima.<\/span><span class=\"\"> Contaminantes como part\u00edculas de alimentos,<\/span><span class=\"\"> agua,<\/span><span class=\"\"> y las impurezas pueden destruir los catalizadores en el refinado posterior,<\/span><span class=\"\"> provocando costosos tiempos de inactividad.<\/span><\/p>\n<p data-path-to-node=\"16\"><span class=\"\">Cavin Resource gestiona un riguroso protocolo de calidad:<\/span><\/p>\n<ol start=\"1\" data-path-to-node=\"17\">\n<li>\n<p data-path-to-node=\"17,0,0\"><b class=\"\" data-path-to-node=\"17,0,0\" data-index-in-node=\"0\">Verificaci\u00f3n de fuentes:<\/b><span class=\"\"> Recogemos aceite certificado,<\/span><span class=\"\"> hospitalidad de alto nivel y socios fabricantes.<\/span><\/p>\n<\/li>\n<li>\n<p data-path-to-node=\"17,1,0\"><b class=\"\" data-path-to-node=\"17,1,0\" data-index-in-node=\"0\">Filtraci\u00f3n mec\u00e1nica:<\/b><span class=\"\"> Cada lote se cuela en varias etapas para eliminar s\u00f3lidos y residuos.<\/span><\/p>\n<\/li>\n<li>\n<p data-path-to-node=\"17,2,0\"><b class=\"\" data-path-to-node=\"17,2,0\" data-index-in-node=\"0\">Deshidrataci\u00f3n:<\/b><span class=\"\"> Empleamos m\u00e9todos de deshidrataci\u00f3n t\u00e9rmica para reducir los niveles de humedad,<\/span><span class=\"\"> que es fundamental para cumplir las especificaciones internacionales de calidad del combustible.<\/span><\/p>\n<\/li>\n<li>\n<p data-path-to-node=\"17,3,0\"><b class=\"\" data-path-to-node=\"17,3,0\" data-index-in-node=\"0\">Pruebas de laboratorio:<\/b><span class=\"\"> Cada env\u00edo va acompa\u00f1ado de un <\/span><b class=\"\" data-path-to-node=\"17,3,0\" data-index-in-node=\"58\">Certificado de an\u00e1lisis (COA)<\/b><span class=\"\"> verificar los niveles de FFA,<\/span><span class=\"\"> porcentaje de humedad,<\/span><span class=\"\"> y recuento de impurezas.<\/span><\/p>\n<\/li>\n<\/ol>\n<p data-path-to-node=\"18\"><span class=\"\">Este compromiso con la calidad le garantiza que cuando se abastezca con nosotros,<\/span><span class=\"\"> no s\u00f3lo est\u00e1 obteniendo aceite usado; est\u00e1 obteniendo uno fiable,<\/span><span class=\"\"> materia prima preprocesada lista para su transformaci\u00f3n inmediata.<\/span><\/p>\n<hr class=\"\" data-path-to-node=\"19\" \/>\n<h3 class=\"\" data-path-to-node=\"20\"><b data-path-to-node=\"20\" data-index-in-node=\"0\">Log\u00edstica y soluciones globales de envasado<\/b><\/h3>\n<p data-path-to-node=\"21\"><span class=\"\">El transporte de sustancias corrosivas de clase 8 o de materias primas l\u00edquidas a granel requiere algo m\u00e1s que transporte: exige experiencia en la manipulaci\u00f3n de mercanc\u00edas peligrosas y en el cumplimiento de las normas de comercio internacional.<\/span><span class=\"\"> Ofrecemos soluciones de envasado vers\u00e1tiles para garantizar que su pedido a granel permanezca estable e incontaminado durante todo su trayecto:<\/span><\/p>\n<ul data-path-to-node=\"22\">\n<li>\n<p data-path-to-node=\"22,0,0\"><b class=\"\" data-path-to-node=\"22,0,0\" data-index-in-node=\"0\">Dep\u00f3sitos IBC (1000L):<\/b><span class=\"\"> La norma del sector para instalaciones industriales medianas y grandes.<\/span><\/p>\n<\/li>\n<li>\n<p data-path-to-node=\"22,1,0\"><b class=\"\" data-path-to-node=\"22,1,0\" data-index-in-node=\"0\">Bidones de acero (200L):<\/b><span class=\"\"> Ideal para el procesamiento por lotes y la fabricaci\u00f3n especializada.<\/span><\/p>\n<\/li>\n<li>\n<p data-path-to-node=\"22,2,0\"><b class=\"\" data-path-to-node=\"22,2,0\" data-index-in-node=\"0\">Flexitanques (20-24 MT):<\/b><span class=\"\"> La soluci\u00f3n m\u00e1s rentable para los grandes importadores mar\u00edtimos,<\/span><span class=\"\"> maximizando el volumen y reduciendo al mismo tiempo los gastos generales de transporte.<\/span><\/p>\n<\/li>\n<\/ul>\n<p data-path-to-node=\"23\"><span class=\"\">Nuestra ubicaci\u00f3n estrat\u00e9gica en Sarawak,<\/span><span class=\"\"> Malasia,<\/span><span class=\"\"> proporciona una gran ventaja en los env\u00edos a centros mundiales.<\/span><span class=\"\"> Mantenemos flujos de documentaci\u00f3n sin fisuras,<\/span><span class=\"\"> asegurarse de que su suministro de UCO cumple la normativa local de importaci\u00f3n,<\/span><span class=\"\"> desde el puerto de Rotterdam hasta los grandes centros industriales de Asia y Oriente Medio.<\/span><\/p>\n<hr class=\"\" data-path-to-node=\"24\" \/>\n<h3 class=\"\" data-path-to-node=\"25\"><b data-path-to-node=\"25\" data-index-in-node=\"0\">\u00bfPor qu\u00e9 asociarse con Cavin Resource?<\/b><\/h3>\n<p data-path-to-node=\"26\"><span class=\"\">La elecci\u00f3n de un proveedor en el mercado UCO consiste en encontrar un equilibrio entre <\/span><b class=\"\" data-path-to-node=\"26\" data-index-in-node=\"73\">precios al por mayor competitivos<\/b><span class=\"\"> y la fiabilidad de la cadena de suministro.<\/span><span class=\"\"> La demanda mundial de materias primas sostenibles sigue superando a la oferta,<\/span><span class=\"\"> tener una establecida,<\/span><span class=\"\"> Un socio de confianza es la mejor defensa contra la inestabilidad del mercado.<\/span><\/p>\n<p data-path-to-node=\"27\"><b class=\"\" data-path-to-node=\"27\" data-index-in-node=\"0\">Principales ventajas de contratar con nosotros:<\/b><\/p>\n<ul data-path-to-node=\"28\">\n<li>\n<p data-path-to-node=\"28,0,0\"><b class=\"\" data-path-to-node=\"28,0,0\" data-index-in-node=\"0\">Abastecimiento sostenible:<\/b><span class=\"\"> Damos prioridad a la econom\u00eda circular,<\/span><span class=\"\"> ayudar a su empresa a cumplir sus objetivos internos en materia de ASG y reducci\u00f3n de emisiones de carbono.<\/span><\/p>\n<\/li>\n<li>\n<p data-path-to-node=\"28,1,0\"><b class=\"\" data-path-to-node=\"28,1,0\" data-index-in-node=\"0\">Documentaci\u00f3n transparente:<\/b><span class=\"\"> Trazabilidad total desde el punto de recogida hasta las puertas de su refiner\u00eda.<\/span><\/p>\n<\/li>\n<li>\n<p data-path-to-node=\"28,2,0\"><b class=\"\" data-path-to-node=\"28,2,0\" data-index-in-node=\"0\">Flexibilidad de volumen:<\/b><span class=\"\"> Tanto si necesita un env\u00edo de prueba como un env\u00edo de 5,<\/span><span class=\"\">000 toneladas,<\/span><span class=\"\"> tenemos la infraestructura log\u00edstica para apoyar su crecimiento.<\/span><\/p>\n<\/li>\n<li>\n<p data-path-to-node=\"28,3,0\"><b class=\"\" data-path-to-node=\"28,3,0\" data-index-in-node=\"0\">Apoyo de expertos:<\/b><span class=\"\"> Nuestro equipo conoce los matices de las materias primas para biocombustibles,<\/span><span class=\"\"> asesorar sobre el almacenamiento,<\/span><span class=\"\"> manejo,<\/span><span class=\"\"> y correspondencia de especificaciones t\u00e9cnicas.<\/span><\/p>\n<\/li>\n<\/ul>\n<hr class=\"\" data-path-to-node=\"29\" \/>\n<h3 class=\"\" data-path-to-node=\"30\"><b data-path-to-node=\"30\" data-index-in-node=\"0\">Asegure hoy su suministro para 2026<\/b><\/h3>\n<p data-path-to-node=\"31\"><span class=\"\">La transici\u00f3n energ\u00e9tica avanza m\u00e1s r\u00e1pido que nunca.<\/span><span class=\"\"> Aseg\u00farese de que sus operaciones funcionan con un sistema fiable,<\/span><span class=\"\"> suministro de materias primas de alta calidad.<\/span><span class=\"\"> Tanto si est\u00e1 realizando una comprobaci\u00f3n de precios como si est\u00e1 listo para finalizar un contrato de adquisici\u00f3n,<\/span><span class=\"\"> Cavin Resource est\u00e1 preparado para ayudarle a navegar por el panorama del mercado en 2026.<\/span><\/p>\n<hr class=\"\" data-start=\"3701\" data-end=\"3704\" \/>\n<h2 class=\"\" data-start=\"3706\" data-end=\"3752\">\ud83d\udcda <strong data-start=\"3712\" data-end=\"3752\">Fuentes cre\u00edbles para SEO y referencias<\/strong><\/h2>\n<ul data-start=\"3754\" data-end=\"3955\">\n<li class=\"\" data-start=\"3754\" data-end=\"3815\">\n<p class=\"\" data-start=\"3756\" data-end=\"3815\"><a class=\"\" href=\"https:\/\/www.usda.gov\" target=\"_new\" rel=\"noopener\" data-start=\"3756\" data-end=\"3813\">USDA - Reciclaje de aceite de cocina usado<\/a><\/p>\n<\/li>\n<li class=\"\" data-start=\"3816\" data-end=\"3904\">\n<p class=\"\" data-start=\"3818\" data-end=\"3904\"><a class=\"\" href=\"https:\/\/www.biodiesel.org\" target=\"_new\" rel=\"noopener\" data-start=\"3818\" data-end=\"3902\">Biodiesel.org - El aceite de cocina usado como materia prima para el biodi\u00e9sel<\/a><\/p>\n<\/li>\n<li class=\"\" data-start=\"3905\" data-end=\"3955\">\n<p class=\"\" data-start=\"3907\" data-end=\"3955\"><a class=\"\" href=\"https:\/\/www.epa.gov\" target=\"_new\" rel=\"noopener\" data-start=\"3907\" data-end=\"3955\">EPA - Gesti\u00f3n de aceites usados<\/a><\/p>\n<\/li>\n<\/ul>","protected":false},"excerpt":{"rendered":"<p><strong data-start=\"276\" data-end=\"296\">Aceite de cocina usado al por mayor<\/strong> disponible para <strong data-start=\"311\" data-end=\"341\">reciclado y reprocesado<\/strong> en biodi\u00e9sel, piensos y productos industriales. Suministros Cavin Resource <strong data-start=\"420\" data-end=\"445\">aceite de cocina usado a granel<\/strong> en todo el mundo, ofreciendo soluciones sostenibles para <strong data-start=\"491\" data-end=\"515\">gesti\u00f3n de aceites usados<\/strong> y <strong data-start=\"520\" data-end=\"533\">reciclaje<\/strong>. D\u00f3nde comprar aceite de cocina usado uco<\/p>","protected":false},"featured_media":1089,"comment_status":"open","ping_status":"closed","template":"","meta":{"_et_pb_use_builder":"","_et_pb_old_content":"","_et_gb_content_width":""},"product_brand":[],"product_cat":[777],"product_tag":[869,868,1198,874,873,616,867,1197,871,870],"class_list":{"0":"post-1102","1":"product","2":"type-product","3":"status-publish","4":"has-post-thumbnail","6":"product_cat-bulk-edible-oils-supplier","7":"product_tag-biodiesel-feedstock","8":"product_tag-bulk-used-cooking-oil","9":"product_tag-bulk-used-cooking-oil-suppliers","10":"product_tag-cavin-resource-used-oil","11":"product_tag-eco-friendly-oil-recycling","12":"product_tag-recycled-oil","13":"product_tag-used-cooking-oil","14":"product_tag-used-cooking-oil-uco-price","15":"product_tag-used-oil-animal-feed","16":"product_tag-used-oil-for-industrial-use","18":"first","19":"instock","20":"sale","21":"shipping-taxable","22":"purchasable","23":"product-type-simple"},"_links":{"self":[{"href":"https:\/\/cavinresource.com\/es\/wp-json\/wp\/v2\/product\/1102","targetHints":{"allow":["GET"]}}],"collection":[{"href":"https:\/\/cavinresource.com\/es\/wp-json\/wp\/v2\/product"}],"about":[{"href":"https:\/\/cavinresource.com\/es\/wp-json\/wp\/v2\/types\/product"}],"replies":[{"embeddable":true,"href":"https:\/\/cavinresource.com\/es\/wp-json\/wp\/v2\/comments?post=1102"}],"wp:featuredmedia":[{"embeddable":true,"href":"https:\/\/cavinresource.com\/es\/wp-json\/wp\/v2\/media\/1089"}],"wp:attachment":[{"href":"https:\/\/cavinresource.com\/es\/wp-json\/wp\/v2\/media?parent=1102"}],"wp:term":[{"taxonomy":"product_brand","embeddable":true,"href":"https:\/\/cavinresource.com\/es\/wp-json\/wp\/v2\/product_brand?post=1102"},{"taxonomy":"product_cat","embeddable":true,"href":"https:\/\/cavinresource.com\/es\/wp-json\/wp\/v2\/product_cat?post=1102"},{"taxonomy":"product_tag","embeddable":true,"href":"https:\/\/cavinresource.com\/es\/wp-json\/wp\/v2\/product_tag?post=1102"}],"curies":[{"name":"wp","href":"https:\/\/api.w.org\/{rel}","templated":true}]}}