{"id":697,"date":"2025-04-18T22:47:56","date_gmt":"2025-04-18T22:47:56","guid":{"rendered":"https:\/\/cavinresource.com\/?post_type=product&#038;p=697"},"modified":"2026-02-26T00:13:03","modified_gmt":"2026-02-26T00:13:03","slug":"aceton-hoher-reinheit","status":"publish","type":"product","link":"https:\/\/cavinresource.com\/de\/product\/acetone-high-purity\/","title":{"rendered":"Aceton - Hochreines L\u00f6sungsmittel f\u00fcr die Industrie"},"content":{"rendered":"<p style=\"text-align: center;\" data-start=\"584\" data-end=\"1033\"><strong>Aceton (CAS 67-64-1) kaufen<\/strong><\/p>\n<p class=\"\" data-start=\"584\" data-end=\"1033\"><strong data-start=\"584\" data-end=\"595\">Gro\u00dfhandel Aceton <\/strong>, auch bekannt als <strong data-start=\"611\" data-end=\"624\">Propanon<\/strong>, ist ein <strong data-start=\"631\" data-end=\"676\">farblose, fl\u00fcchtige und entz\u00fcndliche Fl\u00fcssigkeit<\/strong> mit einem unverwechselbaren s\u00fc\u00dfen Geruch. Als <strong data-start=\"713\" data-end=\"741\">starkes organisches L\u00f6sungsmittel<\/strong>, Es wird f\u00fcr seine F\u00e4higkeit gesch\u00e4tzt, eine breite Palette von Harzen, Kunststoffen und synthetischen Fasern aufzul\u00f6sen. Aufgrund seiner <strong data-start=\"851\" data-end=\"896\">schnelle Verdunstung und hohe L\u00f6sungskraft<\/strong>, ist sie unverzichtbar bei <strong data-start=\"921\" data-end=\"1003\">Farbverd\u00fcnner, Klebstoffe, pharmazeutische Formulierungen, K\u00f6rperpflegeprodukte<\/strong>, und <strong data-start=\"1009\" data-end=\"1032\">Industriereinigung<\/strong>.<\/p>\n<p class=\"\" data-start=\"1035\" data-end=\"1309\"><a href=\"https:\/\/cavinresource.com\/de\/\">Cavin Ressource<\/a> Angebote <strong data-start=\"1057\" data-end=\"1073\">Aceton in loser Sch\u00fcttung<\/strong> mit einheitlichen Reinheitsstandards zur Verwendung in <strong data-start=\"1118\" data-end=\"1171\">industrielle, kommerzielle und kosmetische Anwendungen<\/strong>. Wir halten uns an <strong data-start=\"1186\" data-end=\"1244\">internationale Normen f\u00fcr den Transport und die Handhabung von Chemikalien<\/strong>, einschlie\u00dflich Dokumentation wie SDS, COA und REACH-Konformit\u00e4t.<\/p>\n<hr class=\"\" data-start=\"1311\" data-end=\"1314\" \/>\n<h2 class=\"\" data-start=\"1316\" data-end=\"1343\">\u2699\ufe0f <strong data-start=\"1322\" data-end=\"1343\">Produktionsverfahren<\/strong><\/h2>\n<h3 class=\"\" data-start=\"1345\" data-end=\"1367\"><strong data-start=\"1349\" data-end=\"1367\">Cumene-Prozess<\/strong><\/h3>\n<ul data-start=\"1368\" data-end=\"1724\">\n<li class=\"\" data-start=\"1368\" data-end=\"1481\">\n<p class=\"\" data-start=\"1370\" data-end=\"1481\">Das meiste industrielle Aceton wird in der <strong data-start=\"1413\" data-end=\"1445\">Cumolhydroperoxid-Verfahren<\/strong>, ein Nebenprodukt der Phenolherstellung.<\/p>\n<\/li>\n<li class=\"\" data-start=\"1482\" data-end=\"1622\">\n<p class=\"\" data-start=\"1484\" data-end=\"1622\">Propylen wird mit Benzol alkyliert, um Cumol zu bilden, das zu Cumolhydroperoxid oxidiert und gespalten wird, um <strong data-start=\"1599\" data-end=\"1621\">Aceton und Phenol<\/strong>.<\/p>\n<\/li>\n<li class=\"\" data-start=\"1623\" data-end=\"1724\">\n<p class=\"\" data-start=\"1625\" data-end=\"1724\">Diese Methode gew\u00e4hrleistet <strong data-start=\"1645\" data-end=\"1676\">hohe Reinheit und Konsistenz<\/strong> geeignet f\u00fcr pharmazeutische und industrielle Zwecke.<\/p>\n<\/li>\n<\/ul>\n<hr class=\"\" data-start=\"1726\" data-end=\"1729\" \/>\n<h2 class=\"\" data-start=\"1731\" data-end=\"1774\">\ud83c\udfed <strong data-start=\"1737\" data-end=\"1774\">Anwendungen und Anwendungsf\u00e4lle in der Industrie<\/strong><\/h2>\n<h3 class=\"\" data-start=\"1776\" data-end=\"1804\">\ud83e\uddea <strong data-start=\"1783\" data-end=\"1804\">Chemische Industrie<\/strong><\/h3>\n<ul data-start=\"1805\" data-end=\"1939\">\n<li class=\"\" data-start=\"1805\" data-end=\"1863\">\n<p class=\"\" data-start=\"1807\" data-end=\"1863\">Verwendet als L\u00f6sungsmittel f\u00fcr <strong data-start=\"1829\" data-end=\"1863\">Harze, Kunststoffe und Beschichtungen<\/strong><\/p>\n<\/li>\n<li class=\"\" data-start=\"1864\" data-end=\"1939\">\n<p class=\"\" data-start=\"1866\" data-end=\"1939\">Zwischenprodukt bei der Herstellung von <strong data-start=\"1900\" data-end=\"1939\">Methylmethacrylat und Bisphenol-A<\/strong><\/p>\n<\/li>\n<\/ul>\n<h3 class=\"\" data-start=\"1941\" data-end=\"1967\">\ud83d\udc8a <strong data-start=\"1948\" data-end=\"1967\">Pharmazeutika<\/strong><\/h3>\n<ul data-start=\"1968\" data-end=\"2035\">\n<li class=\"\" data-start=\"1968\" data-end=\"2035\">\n<p class=\"\" data-start=\"1970\" data-end=\"2035\">Verwendet in <strong data-start=\"1978\" data-end=\"2025\">Tabletten\u00fcberzug, Extraktion und Formulierung<\/strong> Prozesse<\/p>\n<\/li>\n<\/ul>\n<h3 class=\"\" data-start=\"2037\" data-end=\"2073\">\ud83d\udc85 <strong data-start=\"2044\" data-end=\"2073\">Kosmetika und K\u00f6rperpflegemittel<\/strong><\/h3>\n<ul data-start=\"2074\" data-end=\"2147\">\n<li class=\"\" data-start=\"2074\" data-end=\"2147\">\n<p class=\"\" data-start=\"2076\" data-end=\"2147\">Wesentlich in <strong data-start=\"2089\" data-end=\"2138\">Nagellackentferner, Reinigungsmittel und Hautpflegemittel<\/strong> Produkte<\/p>\n<\/li>\n<\/ul>\n<h3 class=\"\" data-start=\"2149\" data-end=\"2181\">\ud83e\uddfc <strong data-start=\"2156\" data-end=\"2181\">Reinigung und Entfettung<\/strong><\/h3>\n<ul data-start=\"2182\" data-end=\"2241\">\n<li class=\"\" data-start=\"2182\" data-end=\"2241\">\n<p class=\"\" data-start=\"2184\" data-end=\"2241\">Starker Entfetter in <strong data-start=\"2206\" data-end=\"2241\">Metallreinigung und Oberfl\u00e4chenvorbereitung<\/strong><\/p>\n<\/li>\n<\/ul>\n<h3 class=\"\" data-start=\"2243\" data-end=\"2271\">\ud83c\udfa8 <strong data-start=\"2250\" data-end=\"2271\">Farben und Beschichtungen<\/strong><\/h3>\n<ul data-start=\"2272\" data-end=\"2341\">\n<li class=\"\" data-start=\"2272\" data-end=\"2341\">\n<p class=\"\" data-start=\"2274\" data-end=\"2341\">Ideales L\u00f6sungsmittel f\u00fcr <strong data-start=\"2292\" data-end=\"2319\">Farben, Lacke, Tinte<\/strong>, und Klebstoffsysteme<\/p>\n<\/li>\n<\/ul>\n<hr class=\"\" data-start=\"2343\" data-end=\"2346\" \/>\n<h2 class=\"\" data-start=\"2348\" data-end=\"2376\">\u2705 <strong data-start=\"2353\" data-end=\"2376\">Vorteile von Aceton<\/strong><\/h2>\n<ul data-start=\"2378\" data-end=\"2680\">\n<li class=\"\" data-start=\"2378\" data-end=\"2452\">\n<p class=\"\" data-start=\"2380\" data-end=\"2452\">\u26a1 <strong data-start=\"2382\" data-end=\"2417\">Schnell trocknend und leicht fl\u00fcchtig<\/strong>, perfekt f\u00fcr industrielle Beschichtungen<\/p>\n<\/li>\n<li class=\"\" data-start=\"2453\" data-end=\"2518\">\n<p class=\"\" data-start=\"2455\" data-end=\"2518\">\ud83e\uddfc <strong data-start=\"2458\" data-end=\"2485\">Starke Entfettungskraft<\/strong> f\u00fcr effiziente Oberfl\u00e4chenreinigung<\/p>\n<\/li>\n<li class=\"\" data-start=\"2519\" data-end=\"2576\">\n<p class=\"\" data-start=\"2521\" data-end=\"2576\">\ud83d\udd04 <strong data-start=\"2524\" data-end=\"2574\">Mischbar mit Wasser und vielen organischen Verbindungen<\/strong><\/p>\n<\/li>\n<li class=\"\" data-start=\"2577\" data-end=\"2627\">\n<p class=\"\" data-start=\"2579\" data-end=\"2627\">\ud83e\uddf4 <strong data-start=\"2582\" data-end=\"2625\">Weit verbreitet in der Kosmetik und Pharmazie<\/strong><\/p>\n<\/li>\n<li class=\"\" data-start=\"2628\" data-end=\"2680\">\n<p class=\"\" data-start=\"2630\" data-end=\"2680\">\ud83c\udfed <strong data-start=\"2633\" data-end=\"2678\">Verf\u00fcgbar in gro\u00dfen Mengen mit flexibler Logistik<\/strong><\/p>\n<\/li>\n<\/ul>\n<hr class=\"\" data-start=\"2682\" data-end=\"2685\" \/>\n<h2 class=\"\" data-start=\"2687\" data-end=\"2714\">\ud83d\udce6 <strong data-start=\"2693\" data-end=\"2714\">Verpackungs-Optionen<\/strong><\/h2>\n<ul data-start=\"2716\" data-end=\"2866\">\n<li class=\"\" data-start=\"2716\" data-end=\"2749\">\n<p class=\"\" data-start=\"2718\" data-end=\"2749\">160 kg F\u00e4sser aus verzinktem Stahl<\/p>\n<\/li>\n<li class=\"\" data-start=\"2750\" data-end=\"2775\">\n<p class=\"\" data-start=\"2752\" data-end=\"2775\">1.000-Liter-IBC-Tanks<\/p>\n<\/li>\n<li class=\"\" data-start=\"2776\" data-end=\"2818\">\n<p class=\"\" data-start=\"2778\" data-end=\"2818\">ISO-Tankcontainer f\u00fcr den Sch\u00fcttguttransport<\/p>\n<\/li>\n<li class=\"\" data-start=\"2819\" data-end=\"2866\">\n<p class=\"\" data-start=\"2821\" data-end=\"2866\">Ma\u00dfgeschneiderte Verpackungen f\u00fcr B2B-Kunden auf Anfrage<\/p>\n<\/li>\n<\/ul>\n<hr class=\"\" data-start=\"2868\" data-end=\"2871\" \/>\n<h2 class=\"\" data-start=\"2873\" data-end=\"2915\">\u2753 <strong data-start=\"2878\" data-end=\"2915\">H\u00e4ufig gestellte Fragen (FAQs)<\/strong><\/h2>\n<h3 class=\"\" data-start=\"2917\" data-end=\"2966\">1. <strong data-start=\"2924\" data-end=\"2964\">Ist die Verwendung von Aceton in Kosmetika sicher?<\/strong><\/h3>\n<p class=\"\" data-start=\"2967\" data-end=\"3102\">Ja, <strong data-start=\"2972\" data-end=\"2998\">Aceton f\u00fcr kosmetische Zwecke<\/strong> wird h\u00e4ufig verwendet in <strong data-start=\"3017\" data-end=\"3054\">Nagellackentferner und Hautpflegemittel<\/strong>, unter Einhaltung der GMP-Richtlinien und Reinheitsstandards.<\/p>\n<hr class=\"\" data-start=\"3104\" data-end=\"3107\" \/>\n<h3 class=\"\" data-start=\"3109\" data-end=\"3155\">2. <strong data-start=\"3116\" data-end=\"3153\">Welche Reinheitsgrade gibt es?<\/strong><\/h3>\n<p class=\"\" data-start=\"3156\" data-end=\"3301\">Wir bieten <strong data-start=\"3167\" data-end=\"3220\">Aceton in Industriequalit\u00e4t und pharmazeutischer Qualit\u00e4t<\/strong> mit einer Reinheit von \u226599,5%, geeignet f\u00fcr die chemische Verarbeitung und die Kosmetikherstellung.<\/p>\n<hr class=\"\" data-start=\"3303\" data-end=\"3306\" \/>\n<h3 class=\"\" data-start=\"3308\" data-end=\"3353\">3. <strong data-start=\"3315\" data-end=\"3351\">K\u00f6nnen Sie Aceton in die ganze Welt exportieren?<\/strong><\/h3>\n<p class=\"\" data-start=\"3354\" data-end=\"3480\">Ja, nat\u00fcrlich. Wir versenden weltweit unter <strong data-start=\"3390\" data-end=\"3416\">UN 1090 Klassifizierung<\/strong>, mit allen erforderlichen Sicherheitsdokumenten, einschlie\u00dflich <strong data-start=\"3463\" data-end=\"3479\">MSDS und COA<\/strong>.<\/p>\n<hr class=\"\" data-start=\"3482\" data-end=\"3485\" \/>\n<h3 class=\"\" data-start=\"3487\" data-end=\"3554\">4. <strong data-start=\"3494\" data-end=\"3552\">Wie hoch ist der Flammpunkt von Aceton und welche Vorsichtsma\u00dfnahmen sind zu ergreifen?<\/strong><\/h3>\n<p class=\"\" data-start=\"3555\" data-end=\"3693\">Aceton hat eine <strong data-start=\"3569\" data-end=\"3593\">Flammpunkt von -20\u00b0C<\/strong>, und ist daher leicht entz\u00fcndlich. Es muss sein <strong data-start=\"3634\" data-end=\"3670\">in k\u00fchlen, bel\u00fcfteten R\u00e4umen gelagert werden<\/strong> und mit Sorgfalt behandelt werden.<\/p>\n<hr class=\"\" data-start=\"3695\" data-end=\"3698\" \/>\n<h2 class=\"\" data-start=\"3700\" data-end=\"3746\">\ud83d\udcda <strong data-start=\"3706\" data-end=\"3746\">Glaubw\u00fcrdige Quellen f\u00fcr SEO &amp; Referenz<\/strong><\/h2>\n<ul data-start=\"3748\" data-end=\"4037\">\n<li class=\"\" data-start=\"3748\" data-end=\"3822\">\n<p class=\"\" data-start=\"3750\" data-end=\"3822\"><a class=\"\" href=\"https:\/\/pubchem.ncbi.nlm.nih.gov\/compound\/Acetone\" target=\"_new\" rel=\"noopener\" data-start=\"3750\" data-end=\"3820\">PubChem - Aceton<\/a><\/p>\n<\/li>\n<li class=\"\" data-start=\"3823\" data-end=\"3911\">\n<p class=\"\" data-start=\"3825\" data-end=\"3911\"><a class=\"\" href=\"https:\/\/www.cdc.gov\/niosh\/npg\/npgd0004.html\" target=\"_new\" rel=\"noopener\" data-start=\"3825\" data-end=\"3909\">CDC NIOSH - Aceton-Sicherheitsrichtlinien<\/a><\/p>\n<\/li>\n<li class=\"\" data-start=\"3912\" data-end=\"4037\">\n<p class=\"\" data-start=\"3914\" data-end=\"4037\"><a class=\"\" href=\"https:\/\/echa.europa.eu\/substance-information\/-\/substanceinfo\/100.000.601\" target=\"_new\" rel=\"noopener\" data-start=\"3914\" data-end=\"4037\">Europ\u00e4ische Chemikalienagentur (ECHA) - Aceton Info<\/a><\/p>\n<\/li>\n<\/ul>","protected":false},"excerpt":{"rendered":"<p><strong data-start=\"205\" data-end=\"230\">Aceton (CAS 67-64-1) kaufen<\/strong> ist ein schnell verdunstendes, hochwirksames L\u00f6sungsmittel, das in der <strong data-start=\"294\" data-end=\"373\">chemische Industrie, Kosmetik-, Pharma- und Reinigungsindustrie<\/strong>. Cavin Ressource liefert <strong data-start=\"399\" data-end=\"422\">hochreines Aceton<\/strong> in gro\u00dfen Mengen, ideal f\u00fcr <strong data-start=\"453\" data-end=\"494\">Gro\u00dfhandel und industrielle Anwendungen<\/strong>, mit flexibler Verpackung und internationalem Versand. <strong data-start=\"584\" data-end=\"595\">Gro\u00dfhandel Aceton<\/strong><\/p>\n<p>&nbsp;<\/p>","protected":false},"featured_media":649,"comment_status":"open","ping_status":"closed","template":"","meta":{"_et_pb_use_builder":"","_et_pb_old_content":"","_et_gb_content_width":""},"product_brand":[],"product_cat":[787],"product_tag":[675,472,672,673,674,676,671],"class_list":{"0":"post-697","1":"product","2":"type-product","3":"status-publish","4":"has-post-thumbnail","6":"product_cat-industrial-solvents-bulk","7":"product_tag-acetone-bulk-supplier","8":"product_tag-cavin-resource-chemicals","9":"product_tag-chemical-solvent","10":"product_tag-cosmetic-solvent","11":"product_tag-industrial-degreaser","12":"product_tag-nail-polish-remover-solvent","13":"product_tag-propanone","15":"first","16":"instock","17":"sale","18":"shipping-taxable","19":"purchasable","20":"product-type-simple"},"_links":{"self":[{"href":"https:\/\/cavinresource.com\/de\/wp-json\/wp\/v2\/product\/697","targetHints":{"allow":["GET"]}}],"collection":[{"href":"https:\/\/cavinresource.com\/de\/wp-json\/wp\/v2\/product"}],"about":[{"href":"https:\/\/cavinresource.com\/de\/wp-json\/wp\/v2\/types\/product"}],"replies":[{"embeddable":true,"href":"https:\/\/cavinresource.com\/de\/wp-json\/wp\/v2\/comments?post=697"}],"wp:featuredmedia":[{"embeddable":true,"href":"https:\/\/cavinresource.com\/de\/wp-json\/wp\/v2\/media\/649"}],"wp:attachment":[{"href":"https:\/\/cavinresource.com\/de\/wp-json\/wp\/v2\/media?parent=697"}],"wp:term":[{"taxonomy":"product_brand","embeddable":true,"href":"https:\/\/cavinresource.com\/de\/wp-json\/wp\/v2\/product_brand?post=697"},{"taxonomy":"product_cat","embeddable":true,"href":"https:\/\/cavinresource.com\/de\/wp-json\/wp\/v2\/product_cat?post=697"},{"taxonomy":"product_tag","embeddable":true,"href":"https:\/\/cavinresource.com\/de\/wp-json\/wp\/v2\/product_tag?post=697"}],"curies":[{"name":"wp","href":"https:\/\/api.w.org\/{rel}","templated":true}]}}