{"id":676,"date":"2025-04-18T21:22:13","date_gmt":"2025-04-18T21:22:13","guid":{"rendered":"https:\/\/cavinresource.com\/?post_type=product&#038;p=676"},"modified":"2026-02-26T07:24:37","modified_gmt":"2026-02-26T07:24:37","slug":"lieferanten-von-loser-schwefelsaure","status":"publish","type":"product","link":"https:\/\/cavinresource.com\/de\/product\/bulk-sulphuric-acid-suppliers\/","title":{"rendered":"Isocyans\u00e4ure - Reaktives Zwischenprodukt"},"content":{"rendered":"<p class=\"\" data-start=\"603\" data-end=\"1058\"><strong data-start=\"603\" data-end=\"621\">Isocyans\u00e4ure<\/strong>, chemisch dargestellt als <strong data-start=\"649\" data-end=\"657\">HNCO<\/strong>, ist die einfachste <strong data-start=\"675\" data-end=\"689\">Isocyanat<\/strong> und eine fl\u00fcchtige, farblose Verbindung mit einem scharfen, bei\u00dfenden Geruch. Als einbasige S\u00e4ure ist sie gekennzeichnet durch die <strong data-start=\"799\" data-end=\"826\">funktionelle Gruppe -N=C=O<\/strong>, die es ihm erm\u00f6glicht, ohne weiteres <strong data-start=\"856\" data-end=\"898\">reagieren mit Wasser, Alkoholen und Aminen<\/strong>, bilden <strong data-start=\"908\" data-end=\"946\">Harnstoffe, Carbamate und Isocyanate<\/strong>. Sie spielt eine entscheidende Rolle als <strong data-start=\"978\" data-end=\"1003\">reaktive Zwischenstufe<\/strong> in verschiedenen <strong data-start=\"1015\" data-end=\"1057\">organische und polymere Synthesewege<\/strong>. Isocyans\u00e4ure lose Lieferanten<\/p>\n<p class=\"\" data-start=\"1060\" data-end=\"1385\">HNCO kann industriell hergestellt werden durch <strong data-start=\"1102\" data-end=\"1127\">thermische Zersetzung<\/strong> von Harnstoff oder <strong data-start=\"1139\" data-end=\"1163\">Oxidation von Ammoniak<\/strong> und wird normalerweise in <strong data-start=\"1192\" data-end=\"1231\">gasf\u00f6rmig oder in stabilisierten L\u00f6sungen<\/strong> aufgrund seiner Instabilit\u00e4t bei Raumtemperatur. Es wird h\u00e4ufig verwendet in der <strong data-start=\"1300\" data-end=\"1331\">Herstellung von Polyurethanen<\/strong>, <strong data-start=\"1333\" data-end=\"1350\">Agrochemikalien<\/strong>, <strong data-start=\"1352\" data-end=\"1364\">Beschichtungen<\/strong>, und <strong data-start=\"1370\" data-end=\"1384\">Elastomere<\/strong>. Lieferanten von Schwefels\u00e4ure als Bulkware<\/p>\n<p class=\"\" data-start=\"1387\" data-end=\"1615\"><a href=\"https:\/\/cavinresource.com\/de\/\">Cavin Ressource<\/a> liefert <strong data-start=\"1411\" data-end=\"1429\">Isocyans\u00e4ure<\/strong> f\u00fcr industrielle Abnehmer und Forschungslabors weltweit mit Sicherheitsdatenbl\u00e4ttern (SDS), technischen Spezifikationen und kundenspezifischen Verpackungsl\u00f6sungen f\u00fcr <strong data-start=\"1571\" data-end=\"1614\">sichere Handhabung und Einhaltung von Vorschriften<\/strong>. Gro\u00dfh\u00e4ndler f\u00fcr S\u00e4ure<\/p>\n<hr class=\"\" data-start=\"1617\" data-end=\"1620\" \/>\n<h2 class=\"\" data-start=\"1622\" data-end=\"1649\">\u2699\ufe0f <strong data-start=\"1628\" data-end=\"1649\">Produktionsverfahren<\/strong><\/h2>\n<h3 class=\"\" data-start=\"1651\" data-end=\"1688\"><strong data-start=\"1655\" data-end=\"1688\">Thermische Zersetzung von Harnstoff<\/strong><\/h3>\n<ul data-start=\"1689\" data-end=\"1936\">\n<li class=\"\" data-start=\"1689\" data-end=\"1834\">\n<p class=\"\" data-start=\"1691\" data-end=\"1834\">Harnstoff wird zersetzt unter <strong data-start=\"1716\" data-end=\"1738\">kontrollierte Erhitzung<\/strong> zur Freigabe <strong data-start=\"1750\" data-end=\"1772\">Isocyans\u00e4uregas<\/strong>, die aufgefangen und zur weiteren Verwendung aufgel\u00f6st werden k\u00f6nnen.<\/p>\n<\/li>\n<li class=\"\" data-start=\"1835\" data-end=\"1936\">\n<p class=\"\" data-start=\"1837\" data-end=\"1936\">Alternative Methoden sind <strong data-start=\"1863\" data-end=\"1887\">Oxidation von Ammoniak<\/strong> in Anwesenheit von <strong data-start=\"1907\" data-end=\"1935\">Katalysatoren auf Platinbasis<\/strong>.<\/p>\n<\/li>\n<\/ul>\n<hr class=\"\" data-start=\"1938\" data-end=\"1941\" \/>\n<h2 class=\"\" data-start=\"1943\" data-end=\"1986\">\ud83c\udfed <strong data-start=\"1949\" data-end=\"1986\">Anwendungen und Anwendungsf\u00e4lle in der Industrie<\/strong><\/h2>\n<h3 class=\"\" data-start=\"1988\" data-end=\"2016\">\ud83e\uddea <strong data-start=\"1995\" data-end=\"2016\">Organische Synthese<\/strong><\/h3>\n<ul data-start=\"2017\" data-end=\"2143\">\n<li class=\"\" data-start=\"2017\" data-end=\"2060\">\n<p class=\"\" data-start=\"2019\" data-end=\"2060\">Reagiert mit <strong data-start=\"2031\" data-end=\"2041\">Amine<\/strong> zu bilden <strong data-start=\"2050\" data-end=\"2059\">harnstoffe<\/strong>.<\/p>\n<\/li>\n<li class=\"\" data-start=\"2061\" data-end=\"2143\">\n<p class=\"\" data-start=\"2063\" data-end=\"2143\">Verwendet zur Herstellung von <strong data-start=\"2079\" data-end=\"2093\">Carbamate<\/strong>, <strong data-start=\"2095\" data-end=\"2110\">Isocyanate<\/strong>, und <strong data-start=\"2116\" data-end=\"2142\">heterozyklische Verbindungen<\/strong>.<\/p>\n<\/li>\n<\/ul>\n<h3 class=\"\" data-start=\"2145\" data-end=\"2184\">\ud83c\udfd7\ufe0f <strong data-start=\"2153\" data-end=\"2184\">Polymer- und Kunststoffindustrie<\/strong><\/h3>\n<ul data-start=\"2185\" data-end=\"2305\">\n<li class=\"\" data-start=\"2185\" data-end=\"2240\">\n<p class=\"\" data-start=\"2187\" data-end=\"2240\">Zwischenstufe f\u00fcr <strong data-start=\"2204\" data-end=\"2240\">Polyurethan- und Polyharnstoffharze<\/strong><\/p>\n<\/li>\n<li class=\"\" data-start=\"2241\" data-end=\"2305\">\n<p class=\"\" data-start=\"2243\" data-end=\"2305\">Verbessert die Eigenschaften von <strong data-start=\"2266\" data-end=\"2305\">Klebstoffe, Dichtstoffe und Elastomere<\/strong><\/p>\n<\/li>\n<\/ul>\n<h3 class=\"\" data-start=\"2307\" data-end=\"2339\">\ud83c\udf31 <strong data-start=\"2314\" data-end=\"2339\">Agrochemische Industrie<\/strong><\/h3>\n<ul data-start=\"2340\" data-end=\"2441\">\n<li class=\"\" data-start=\"2340\" data-end=\"2396\">\n<p class=\"\" data-start=\"2342\" data-end=\"2396\">Vorl\u00e4ufer in <strong data-start=\"2355\" data-end=\"2368\">Pestizid<\/strong> und <strong data-start=\"2373\" data-end=\"2396\">Fungizidsynthese<\/strong><\/p>\n<\/li>\n<li class=\"\" data-start=\"2397\" data-end=\"2441\">\n<p class=\"\" data-start=\"2399\" data-end=\"2441\">Zwischenstufe in <strong data-start=\"2415\" data-end=\"2441\">harnstoffhaltige D\u00fcngemittel<\/strong><\/p>\n<\/li>\n<\/ul>\n<h3 class=\"\" data-start=\"2443\" data-end=\"2490\">\ud83e\uddeb <strong data-start=\"2450\" data-end=\"2490\">Analytische Chemie und Umweltchemie<\/strong><\/h3>\n<ul data-start=\"2491\" data-end=\"2605\">\n<li class=\"\" data-start=\"2491\" data-end=\"2532\">\n<p class=\"\" data-start=\"2493\" data-end=\"2532\">Zum Studium verwendet <strong data-start=\"2507\" data-end=\"2532\">atmosph\u00e4rische Reaktionen<\/strong><\/p>\n<\/li>\n<li class=\"\" data-start=\"2533\" data-end=\"2605\">\n<p class=\"\" data-start=\"2535\" data-end=\"2605\">Gefunden in <strong data-start=\"2544\" data-end=\"2572\">Motorabgasemissionen<\/strong>, relevant f\u00fcr Studien zur Luftqualit\u00e4t<\/p>\n<\/li>\n<\/ul>\n<hr class=\"\" data-start=\"2607\" data-end=\"2610\" \/>\n<h2 class=\"\" data-start=\"2612\" data-end=\"2647\">\u2705 <strong data-start=\"2617\" data-end=\"2647\">Vorteile von Isocyans\u00e4ure<\/strong><\/h2>\n<ul data-start=\"2649\" data-end=\"2938\">\n<li class=\"\" data-start=\"2649\" data-end=\"2705\">\n<p class=\"\" data-start=\"2651\" data-end=\"2705\">\u2705 Entscheidender Baustein f\u00fcr <strong data-start=\"2680\" data-end=\"2705\">Isocyanat-Produktion<\/strong><\/p>\n<\/li>\n<li class=\"\" data-start=\"2706\" data-end=\"2761\">\n<p class=\"\" data-start=\"2708\" data-end=\"2761\">\u2705 Hochgradig reaktiv f\u00fcr fortgeschrittene <strong data-start=\"2739\" data-end=\"2761\">chemische Synthese<\/strong><\/p>\n<\/li>\n<li class=\"\" data-start=\"2762\" data-end=\"2819\">\n<p class=\"\" data-start=\"2764\" data-end=\"2819\">\u2705 Wichtige Vorstufe f\u00fcr <strong data-start=\"2784\" data-end=\"2819\">Polyurethane und Agrochemikalien<\/strong><\/p>\n<\/li>\n<li class=\"\" data-start=\"2820\" data-end=\"2877\">\n<p class=\"\" data-start=\"2822\" data-end=\"2877\">\u2705 Verf\u00fcgbar in <strong data-start=\"2837\" data-end=\"2877\">technische und forschungsspezifische Optionen<\/strong><\/p>\n<\/li>\n<li class=\"\" data-start=\"2878\" data-end=\"2938\">\n<p class=\"\" data-start=\"2880\" data-end=\"2938\">\u2705 Ausgestattet mit <strong data-start=\"2896\" data-end=\"2938\">Einhaltung der Sicherheitsvorschriften und globale Logistik<\/strong><\/p>\n<\/li>\n<\/ul>\n<hr class=\"\" data-start=\"2940\" data-end=\"2943\" \/>\n<h2 class=\"\" data-start=\"2945\" data-end=\"2972\">\ud83d\udce6 <strong data-start=\"2951\" data-end=\"2972\">Verpackungs-Optionen<\/strong><\/h2>\n<ul data-start=\"2974\" data-end=\"3164\">\n<li class=\"\" data-start=\"2974\" data-end=\"3028\">\n<p class=\"\" data-start=\"2976\" data-end=\"3028\">Stabilisierte L\u00f6sung: 1 L \/ 5 L Braunglasflaschen<\/p>\n<\/li>\n<li class=\"\" data-start=\"3029\" data-end=\"3087\">\n<p class=\"\" data-start=\"3031\" data-end=\"3087\">Gasphase: Flaschen unter Druck mit Sicherheitsventilen<\/p>\n<\/li>\n<li class=\"\" data-start=\"3088\" data-end=\"3135\">\n<p class=\"\" data-start=\"3090\" data-end=\"3135\">Industrielles Sch\u00fcttgut: Kundenspezifische Verpackungen verf\u00fcgbar<\/p>\n<\/li>\n<li class=\"\" data-start=\"3136\" data-end=\"3164\">\n<p class=\"\" data-start=\"3138\" data-end=\"3164\">Enth\u00e4lt <strong data-start=\"3147\" data-end=\"3164\">SDS, COA, TDS<\/strong><\/p>\n<\/li>\n<\/ul>\n<hr class=\"\" data-start=\"3166\" data-end=\"3169\" \/>\n<h2 class=\"\" data-start=\"3171\" data-end=\"3213\">\u2753 <strong data-start=\"3176\" data-end=\"3213\">H\u00e4ufig gestellte Fragen (FAQs)<\/strong><\/h2>\n<h3 class=\"\" data-start=\"3215\" data-end=\"3260\"><strong data-start=\"3219\" data-end=\"3258\">1. Wof\u00fcr wird Isocyans\u00e4ure verwendet?<\/strong><\/h3>\n<p class=\"\" data-start=\"3261\" data-end=\"3400\"><strong data-start=\"3261\" data-end=\"3272\">Antwort:<\/strong> Es wird verwendet als <strong data-start=\"3288\" data-end=\"3313\">chemisches Zwischenprodukt<\/strong> bei der Synthese von <strong data-start=\"3334\" data-end=\"3351\">Polyurethane<\/strong>, <strong data-start=\"3353\" data-end=\"3368\">Isocyanate<\/strong>, <strong data-start=\"3370\" data-end=\"3379\">harnstoffe<\/strong>, und <strong data-start=\"3385\" data-end=\"3399\">Pestizide<\/strong>.<\/p>\n<hr class=\"\" data-start=\"3402\" data-end=\"3405\" \/>\n<h3 class=\"\" data-start=\"3407\" data-end=\"3457\"><strong data-start=\"3411\" data-end=\"3455\">2. Ist Isocyans\u00e4ure lagerstabil?<\/strong><\/h3>\n<p class=\"\" data-start=\"3458\" data-end=\"3583\"><strong data-start=\"3458\" data-end=\"3469\">Antwort:<\/strong> No, it&#8217;s reactive and typically stored as a <strong data-start=\"3514\" data-end=\"3537\">stabilisierte L\u00f6sung<\/strong> oder <strong data-start=\"3541\" data-end=\"3582\">Gas in druckgeregelten Beh\u00e4ltern<\/strong>.<\/p>\n<hr class=\"\" data-start=\"3585\" data-end=\"3588\" \/>\n<h3 class=\"\" data-start=\"3590\" data-end=\"3647\"><strong data-start=\"3594\" data-end=\"3645\">3. Kann HNCO in analytischen Anwendungen verwendet werden?<\/strong><\/h3>\n<p class=\"\" data-start=\"3648\" data-end=\"3779\"><strong data-start=\"3648\" data-end=\"3659\">Antwort:<\/strong> Ja, es wird verwendet in <strong data-start=\"3679\" data-end=\"3705\">\u00dcberwachung der Luftqualit\u00e4t<\/strong> und <strong data-start=\"3710\" data-end=\"3732\">Emissionsanalyse<\/strong>, besonders in <strong data-start=\"3748\" data-end=\"3778\">Verbrennungsmotorforschung<\/strong>.<\/p>\n<hr class=\"\" data-start=\"3781\" data-end=\"3784\" \/>\n<h3 class=\"\" data-start=\"3786\" data-end=\"3852\"><strong data-start=\"3790\" data-end=\"3850\">4. Ist dieses Produkt f\u00fcr den internationalen Versand verf\u00fcgbar?<\/strong><\/h3>\n<p class=\"\" data-start=\"3853\" data-end=\"3973\"><strong data-start=\"3853\" data-end=\"3864\">Antwort:<\/strong> Ja, Cavin Resource bietet <strong data-start=\"3894\" data-end=\"3916\">weltweite Auslieferung<\/strong> mit vollst\u00e4ndiger <strong data-start=\"3931\" data-end=\"3972\">Versand- und Zulassungsunterlagen<\/strong>.<\/p>\n<hr class=\"\" data-start=\"3975\" data-end=\"3978\" \/>\n<h2 class=\"\" data-start=\"3980\" data-end=\"4026\">\ud83d\udcda <strong data-start=\"3986\" data-end=\"4026\">Glaubw\u00fcrdige Quellen f\u00fcr SEO &amp; Referenz<\/strong><\/h2>\n<ul data-start=\"4028\" data-end=\"4386\">\n<li class=\"\" data-start=\"4028\" data-end=\"4116\">\n<p class=\"\" data-start=\"4030\" data-end=\"4116\"><a class=\"\" href=\"https:\/\/pubchem.ncbi.nlm.nih.gov\/compound\/Isocyanic-acid\" target=\"_new\" rel=\"noopener\" data-start=\"4030\" data-end=\"4114\">PubChem - Isocyans\u00e4ure<\/a><\/p>\n<\/li>\n<li class=\"\" data-start=\"4117\" data-end=\"4222\">\n<p class=\"\" data-start=\"4119\" data-end=\"4222\"><a class=\"\" href=\"https:\/\/www.sciencedirect.com\/\" target=\"_new\" rel=\"noopener\" data-start=\"4119\" data-end=\"4220\">ScienceDirect - Anwendungen von Isocyans\u00e4ure in der Polymerchemie<\/a><\/p>\n<\/li>\n<li class=\"\" data-start=\"4223\" data-end=\"4312\">\n<p class=\"\" data-start=\"4225\" data-end=\"4312\"><a class=\"\" href=\"https:\/\/www.ncbi.nlm.nih.gov\/\" target=\"_new\" rel=\"noopener\" data-start=\"4225\" data-end=\"4310\">Nationales Zentrum f\u00fcr Biotechnologie-Informationen (NCBI)<\/a><\/p>\n<\/li>\n<li class=\"\" data-start=\"4313\" data-end=\"4386\">\n<p class=\"\" data-start=\"4315\" data-end=\"4386\"><a class=\"\" href=\"https:\/\/echa.europa.eu\/\" target=\"_new\" rel=\"noopener\" data-start=\"4315\" data-end=\"4386\">Europ\u00e4ische Chemikalienagentur - HNCO Sicherheitsinformationen<\/a><\/p>\n<\/li>\n<\/ul>","protected":false},"excerpt":{"rendered":"<p>Gro\u00dfhandel Isocyans\u00e4ure (HNCO) ist ein <strong data-start=\"225\" data-end=\"259\">hochreaktive einbasige S\u00e4ure<\/strong> ausgiebig genutzt in <strong data-start=\"280\" data-end=\"301\">organische Synthese<\/strong>, <strong data-start=\"303\" data-end=\"324\">Polymerchemie<\/strong>, und <strong data-start=\"330\" data-end=\"356\">chemische Produktion<\/strong>. Das von Cavin Resource in loser Sch\u00fcttung angebotene Material ist f\u00fcr den industriellen Einsatz geeignet und hat <strong data-start=\"433\" data-end=\"502\">strenge Qualit\u00e4tskontrolle, Sicherheitsdokumentation und weltweiter Versand<\/strong>. Ideal f\u00fcr <strong data-start=\"514\" data-end=\"565\">Isocyanate, Harze und agrochemische Synthese<\/strong>.<\/p>","protected":false},"featured_media":664,"comment_status":"open","ping_status":"closed","template":"","meta":{"_et_pb_use_builder":"","_et_pb_old_content":"","_et_gb_content_width":""},"product_brand":[],"product_cat":[784,15],"product_tag":[598,595,600,596,594,597,599],"class_list":{"0":"post-676","1":"product","2":"type-product","3":"status-publish","4":"has-post-thumbnail","6":"product_cat-bulk-industrial-chemicals-supplier","7":"product_cat-uncategorized","8":"product_tag-carbamate-production","9":"product_tag-hnco-chemical","10":"product_tag-industrial-chemicals-cavin-resource","11":"product_tag-isocyanate-precursor","12":"product_tag-isocyanic-acid-supplier","13":"product_tag-polymer-synthesis","14":"product_tag-polyurethane-raw-material","16":"first","17":"instock","18":"sale","19":"shipping-taxable","20":"purchasable","21":"product-type-simple"},"_links":{"self":[{"href":"https:\/\/cavinresource.com\/de\/wp-json\/wp\/v2\/product\/676","targetHints":{"allow":["GET"]}}],"collection":[{"href":"https:\/\/cavinresource.com\/de\/wp-json\/wp\/v2\/product"}],"about":[{"href":"https:\/\/cavinresource.com\/de\/wp-json\/wp\/v2\/types\/product"}],"replies":[{"embeddable":true,"href":"https:\/\/cavinresource.com\/de\/wp-json\/wp\/v2\/comments?post=676"}],"wp:featuredmedia":[{"embeddable":true,"href":"https:\/\/cavinresource.com\/de\/wp-json\/wp\/v2\/media\/664"}],"wp:attachment":[{"href":"https:\/\/cavinresource.com\/de\/wp-json\/wp\/v2\/media?parent=676"}],"wp:term":[{"taxonomy":"product_brand","embeddable":true,"href":"https:\/\/cavinresource.com\/de\/wp-json\/wp\/v2\/product_brand?post=676"},{"taxonomy":"product_cat","embeddable":true,"href":"https:\/\/cavinresource.com\/de\/wp-json\/wp\/v2\/product_cat?post=676"},{"taxonomy":"product_tag","embeddable":true,"href":"https:\/\/cavinresource.com\/de\/wp-json\/wp\/v2\/product_tag?post=676"}],"curies":[{"name":"wp","href":"https:\/\/api.w.org\/{rel}","templated":true}]}}