{"id":634,"date":"2025-04-18T12:48:17","date_gmt":"2025-04-18T12:48:17","guid":{"rendered":"https:\/\/cavinresource.com\/?post_type=product&#038;p=634"},"modified":"2026-02-26T09:59:24","modified_gmt":"2026-02-26T09:59:24","slug":"titandioxid-hochgradig-tio%e2%82%82","status":"publish","type":"product","link":"https:\/\/cavinresource.com\/de\/product\/titanium-dioxide-high-grade-tio%e2%82%82\/","title":{"rendered":"Titanium Dioxide - Hochwertiges TiO\u2082"},"content":{"rendered":"<h2 data-start=\"422\" data-end=\"712\">Gro\u00dfhandel Titandioxid Lieferanten<\/h2>\n<p class=\"\" data-start=\"422\" data-end=\"712\"><strong data-start=\"422\" data-end=\"449\">Titanium Dioxide (TiO\u2082)<\/strong> ist ein nat\u00fcrlich vorkommendes Titanoxid und eines der am h\u00e4ufigsten verwendeten Wei\u00dfpigmente der Welt. Es ist f\u00fcr seine au\u00dfergew\u00f6hnliche Helligkeit und seinen hohen Brechungsindex bekannt und bietet hervorragende <strong data-start=\"640\" data-end=\"681\">Opazit\u00e4t, Wei\u00dfgrad und UV-Schutz<\/strong> in einer Vielzahl von Anwendungen.<\/p>\n<p class=\"\" data-start=\"714\" data-end=\"1041\">Bei Cavin Resource liefern wir <strong data-start=\"743\" data-end=\"772\">Anatas- und Rutilsorten<\/strong> von Titandioxid mit einer Reinheit von <strong data-start=\"810\" data-end=\"818\">\u226599%<\/strong>, sourced from top global manufacturers. Whether you&#8217;re producing <strong data-start=\"884\" data-end=\"930\">Beschichtungen, Kunststoffe, Kosmetika, Druckfarben, Papier<\/strong>, oder sogar <strong data-start=\"940\" data-end=\"964\">lebensmittelechte Materialien<\/strong>, Unser TiO\u2082 ist ma\u00dfgeschneidert f\u00fcr <strong data-start=\"991\" data-end=\"1040\">Spitzenleistung und Einhaltung von Vorschriften<\/strong>.<\/p>\n<div class=\"B2VR9 CJHX3e\">\n<div class=\"wyccme\">\n<div>\n<div class=\"oatEtb\">\n<div class=\"mtv5bd\"><span class=\"dg6jd JGD2rd\">Titaniumdioxid\u00a0<b>Preis<\/b><\/span><\/div>\n<\/div>\n<\/div>\n<\/div>\n<\/div>\n<p class=\"\" data-start=\"1043\" data-end=\"1290\">Unsere TiO\u2082-Produkte erf\u00fcllen <strong data-start=\"1066\" data-end=\"1099\">ISO-, FDA- und REACH-Normen<\/strong> und sind erh\u00e4ltlich in <strong data-start=\"1121\" data-end=\"1140\">gro\u00dfe Mengen<\/strong> f\u00fcr industrielle und gewerbliche Abnehmer. Wir bieten <strong data-start=\"1188\" data-end=\"1208\">kundenspezifische Verpackung<\/strong> Optionen, bieten <strong data-start=\"1226\" data-end=\"1242\">COA und MSDS<\/strong>, und liefern weltweit mit voller logistischer Unterst\u00fctzung.<\/p>\n<h2 class=\"\" data-start=\"1619\" data-end=\"1646\">\u2699\ufe0f <strong data-start=\"1625\" data-end=\"1646\">Produktionsverfahren<\/strong><\/h2>\n<h3 class=\"\" data-start=\"1648\" data-end=\"1685\"><strong data-start=\"1652\" data-end=\"1685\">Sulfat- und Chloridverfahren<\/strong><\/h3>\n<ul data-start=\"1686\" data-end=\"2005\">\n<li class=\"\" data-start=\"1686\" data-end=\"1846\">\n<p class=\"\" data-start=\"1688\" data-end=\"1846\"><strong data-start=\"1688\" data-end=\"1708\">Sulfat-Verfahren<\/strong>: Ilmenit oder Titanschlacke wird mit Schwefels\u00e4ure behandelt, wobei Titansulfat entsteht, das dann hydrolysiert, kalziniert und mikronisiert wird.<\/p>\n<\/li>\n<li class=\"\" data-start=\"1847\" data-end=\"2005\">\n<p class=\"\" data-start=\"1849\" data-end=\"2005\"><strong data-start=\"1849\" data-end=\"1869\">Chlorid-Verfahren<\/strong>: Rutil oder synthetisches Rutil wird bei hohen Temperaturen chloriert, um Titantetrachlorid zu bilden, das dann oxidiert wird, um TiO\u2082 zu erzeugen.<\/p>\n<\/li>\n<\/ul>\n<p class=\"\" data-start=\"2007\" data-end=\"2133\">Beide Methoden ergeben entweder <strong data-start=\"2033\" data-end=\"2044\">Anatas<\/strong> oder <strong data-start=\"2048\" data-end=\"2076\">kristalline Formen von Rutil<\/strong>, je nach Verarbeitungsweg und beabsichtigter Endverwendung.<\/p>\n<hr class=\"\" data-start=\"2135\" data-end=\"2138\" \/>\n<h2 class=\"\" data-start=\"2140\" data-end=\"2171\">\ud83c\udfed <strong data-start=\"2146\" data-end=\"2171\">Anwendungsf\u00e4lle nach Branche<\/strong><\/h2>\n<h3 class=\"\" data-start=\"2173\" data-end=\"2203\">\ud83c\udfa8 <strong data-start=\"2180\" data-end=\"2203\">Farben und Beschichtungen<\/strong><\/h3>\n<ul data-start=\"2204\" data-end=\"2378\">\n<li class=\"\" data-start=\"2204\" data-end=\"2310\">\n<p class=\"\" data-start=\"2206\" data-end=\"2310\">Prim\u00e4res wei\u00dfes Pigment in <strong data-start=\"2231\" data-end=\"2255\">Geb\u00e4udeanstriche<\/strong>, <strong data-start=\"2257\" data-end=\"2280\">Automobilbeschichtungen<\/strong>, und <strong data-start=\"2286\" data-end=\"2309\">industrielle Versiegelungen<\/strong>.<\/p>\n<\/li>\n<li class=\"\" data-start=\"2311\" data-end=\"2378\">\n<p class=\"\" data-start=\"2313\" data-end=\"2378\">Angebote <strong data-start=\"2320\" data-end=\"2346\">hervorragende Deckkraft<\/strong>, Helligkeit und UV-Best\u00e4ndigkeit.<\/p>\n<\/li>\n<\/ul>\n<h3 class=\"\" data-start=\"2380\" data-end=\"2418\">\ud83e\uddf4 <strong data-start=\"2387\" data-end=\"2418\">Kosmetika und K\u00f6rperpflegemittel<\/strong><\/h3>\n<ul data-start=\"2419\" data-end=\"2559\">\n<li class=\"\" data-start=\"2419\" data-end=\"2513\">\n<p class=\"\" data-start=\"2421\" data-end=\"2513\">Verwendet in <strong data-start=\"2429\" data-end=\"2443\">Sonnenschutzmittel<\/strong>, <strong data-start=\"2445\" data-end=\"2455\">Make-up<\/strong>, und <strong data-start=\"2461\" data-end=\"2472\">Lotionen<\/strong> f\u00fcr <strong data-start=\"2477\" data-end=\"2494\">UV-Schutz<\/strong> und <strong data-start=\"2499\" data-end=\"2512\">Aufhellung<\/strong>.<\/p>\n<\/li>\n<li class=\"\" data-start=\"2514\" data-end=\"2559\">\n<p class=\"\" data-start=\"2516\" data-end=\"2559\">Nicht reaktiv und sicher f\u00fcr die Anwendung auf der Haut.<\/p>\n<\/li>\n<\/ul>\n<h3 class=\"\" data-start=\"2561\" data-end=\"2603\">\ud83e\uddc3 <strong data-start=\"2568\" data-end=\"2603\">Lebensmittelindustrie (TiO\u2082 in Lebensmittelqualit\u00e4t)<\/strong><\/h3>\n<ul data-start=\"2604\" data-end=\"2691\">\n<li class=\"\" data-start=\"2604\" data-end=\"2691\">\n<p class=\"\" data-start=\"2606\" data-end=\"2691\">Verwendet als <strong data-start=\"2614\" data-end=\"2638\">Lebensmittelfarbe (E171)<\/strong> in <strong data-start=\"2642\" data-end=\"2666\">Bonbons, Kaugummi<\/strong>, und <strong data-start=\"2672\" data-end=\"2681\">Molkerei<\/strong> Produkte.<\/p>\n<\/li>\n<\/ul>\n<h3 class=\"\" data-start=\"2693\" data-end=\"2721\">\ud83e\uddeb <strong data-start=\"2700\" data-end=\"2721\">Kunststoffe und Druckfarben<\/strong><\/h3>\n<ul data-start=\"2722\" data-end=\"2868\">\n<li class=\"\" data-start=\"2722\" data-end=\"2812\">\n<p class=\"\" data-start=\"2724\" data-end=\"2812\">Verbessert Helligkeit und Haltbarkeit in <strong data-start=\"2762\" data-end=\"2769\">PVC<\/strong>, <strong data-start=\"2771\" data-end=\"2788\">Polypropylen<\/strong>, und <strong data-start=\"2794\" data-end=\"2811\">Drucktinten<\/strong>.<\/p>\n<\/li>\n<li class=\"\" data-start=\"2813\" data-end=\"2868\">\n<p class=\"\" data-start=\"2815\" data-end=\"2868\">Verbessert die Witterungsbest\u00e4ndigkeit und verl\u00e4ngert die Lebensdauer des Produkts.<\/p>\n<\/li>\n<\/ul>\n<hr class=\"\" data-start=\"2870\" data-end=\"2873\" \/>\n<h2 class=\"\" data-start=\"2875\" data-end=\"2916\">\u2705 <strong data-start=\"2880\" data-end=\"2916\">Die wichtigsten Vorteile von Titandioxid<\/strong><\/h2>\n<ul data-start=\"2918\" data-end=\"3175\">\n<li class=\"\" data-start=\"2918\" data-end=\"2960\">\n<p class=\"\" data-start=\"2920\" data-end=\"2960\">\ud83c\udfa8 <strong data-start=\"2923\" data-end=\"2960\">Hervorragende Wei\u00dfe und Opazit\u00e4t<\/strong><\/p>\n<\/li>\n<li class=\"\" data-start=\"2961\" data-end=\"2997\">\n<p class=\"\" data-start=\"2963\" data-end=\"2997\">\u2600\ufe0f <strong data-start=\"2966\" data-end=\"2997\">UV-blockierend und photostabil<\/strong><\/p>\n<\/li>\n<li class=\"\" data-start=\"2998\" data-end=\"3058\">\n<p class=\"\" data-start=\"3000\" data-end=\"3058\">\ud83e\uddea <strong data-start=\"3003\" data-end=\"3058\">Chemisch inert und ungiftig (in zugelassenen Qualit\u00e4ten)<\/strong><\/p>\n<\/li>\n<li class=\"\" data-start=\"3059\" data-end=\"3132\">\n<p class=\"\" data-start=\"3061\" data-end=\"3132\">\ud83d\udd2c <strong data-start=\"3064\" data-end=\"3132\">Kompatibel mit verschiedenen Matrices - Beschichtungen, Kunststoffe, Kosmetika<\/strong><\/p>\n<\/li>\n<li class=\"\" data-start=\"3133\" data-end=\"3175\">\n<p class=\"\" data-start=\"3135\" data-end=\"3175\">\ud83c\udf0d <strong data-start=\"3138\" data-end=\"3175\">Weltweit anerkannt und weit verbreitet<\/strong><\/p>\n<\/li>\n<\/ul>\n<hr class=\"\" data-start=\"3177\" data-end=\"3180\" \/>\n<h2 class=\"\" data-start=\"3182\" data-end=\"3209\">\ud83d\udce6 <strong data-start=\"3188\" data-end=\"3209\">Verpackungs-Optionen<\/strong><\/h2>\n<ul data-start=\"3211\" data-end=\"3368\">\n<li class=\"\" data-start=\"3211\" data-end=\"3253\">\n<p class=\"\" data-start=\"3213\" data-end=\"3253\"><strong data-start=\"3213\" data-end=\"3253\">25-kg-Mehrschichts\u00e4cke aus Papier\/Plastik<\/strong><\/p>\n<\/li>\n<li class=\"\" data-start=\"3254\" data-end=\"3277\">\n<p class=\"\" data-start=\"3256\" data-end=\"3277\"><strong data-start=\"3256\" data-end=\"3277\">500 kg Jumbo-S\u00e4cke<\/strong><\/p>\n<\/li>\n<li class=\"\" data-start=\"3278\" data-end=\"3326\">\n<p class=\"\" data-start=\"3280\" data-end=\"3326\"><strong data-start=\"3280\" data-end=\"3326\">Kundenspezifische Gro\u00dfverpackungen auf Anfrage erh\u00e4ltlich<\/strong><\/p>\n<\/li>\n<li class=\"\" data-start=\"3327\" data-end=\"3368\">\n<p class=\"\" data-start=\"3329\" data-end=\"3368\">COA-, MSDS- und REACH-Dokumente enthalten<\/p>\n<\/li>\n<\/ul>\n<hr class=\"\" data-start=\"3370\" data-end=\"3373\" \/>\n<h2 class=\"\" data-start=\"3375\" data-end=\"3417\">\u2753 <strong data-start=\"3380\" data-end=\"3417\">H\u00e4ufig gestellte Fragen (FAQs)<\/strong><\/h2>\n<h3 class=\"\" data-start=\"3419\" data-end=\"3487\"><strong data-start=\"3423\" data-end=\"3485\">1. Was ist der Unterschied zwischen Anatas- und Rutil-TiO\u2082?<\/strong><\/h3>\n<p class=\"\" data-start=\"3488\" data-end=\"3706\"><strong data-start=\"3488\" data-end=\"3499\">Antwort:<\/strong> Rutil TiO\u2082 bietet <strong data-start=\"3519\" data-end=\"3543\">besserer UV-Schutz<\/strong>, eine h\u00f6here Lebensdauer und ist besser geeignet f\u00fcr <strong data-start=\"3589\" data-end=\"3620\">Farben und Beschichtungen f\u00fcr den Au\u00dfenbereich<\/strong>, w\u00e4hrend Anatas weicher ist und sich besser f\u00fcr <strong data-start=\"3668\" data-end=\"3705\">Kosmetika und Innenanwendungen<\/strong>.<\/p>\n<hr class=\"\" data-start=\"3708\" data-end=\"3711\" \/>\n<h3 class=\"\" data-start=\"3713\" data-end=\"3773\"><strong data-start=\"3717\" data-end=\"3771\">2. Ist Titandioxid in Lebensmitteln und Kosmetika sicher?<\/strong><\/h3>\n<p class=\"\" data-start=\"3774\" data-end=\"3947\"><strong data-start=\"3774\" data-end=\"3785\">Antwort:<\/strong> Ja, wenn sie innerhalb der vorgeschriebenen Grenzen verwendet werden. <strong data-start=\"3826\" data-end=\"3852\">TiO\u2082 in Lebensmittelqualit\u00e4t (E171)<\/strong> und <strong data-start=\"3857\" data-end=\"3880\">TiO\u2082 in kosmetischer Qualit\u00e4t<\/strong> von der Kommission als sicher eingestuft werden <strong data-start=\"3904\" data-end=\"3911\">FDA<\/strong>, <strong data-start=\"3913\" data-end=\"3921\">EFSA<\/strong>, und andere globale Einrichtungen.<\/p>\n<hr class=\"\" data-start=\"3949\" data-end=\"3952\" \/>\n<h3 class=\"\" data-start=\"3954\" data-end=\"4022\"><strong data-start=\"3958\" data-end=\"4020\">3. Kann ich Titandioxid f\u00fcr die Herstellung in gro\u00dfen Mengen bestellen?<\/strong><\/h3>\n<p class=\"\" data-start=\"4023\" data-end=\"4171\"><strong data-start=\"4023\" data-end=\"4034\">Antwort:<\/strong> Unbedingt. Cavin Resource liefert TiO\u2082 in <strong data-start=\"4079\" data-end=\"4112\">Massen- und Gro\u00dfhandelsmengen<\/strong> an globale K\u00e4ufer, mit umfassender Unterst\u00fctzung bei der Ausfuhr und Einhaltung von Vorschriften.<\/p>\n<hr class=\"\" data-start=\"4173\" data-end=\"4176\" \/>\n<h3 class=\"\" data-start=\"4178\" data-end=\"4243\"><strong data-start=\"4182\" data-end=\"4241\">4. Entspricht Ihr TiO\u2082 den internationalen Normen?<\/strong><\/h3>\n<p class=\"\" data-start=\"4244\" data-end=\"4398\"><strong data-start=\"4244\" data-end=\"4255\">Antwort:<\/strong> Ja. Unser Titandioxid erf\u00fcllt die folgenden Anforderungen <strong data-start=\"4296\" data-end=\"4315\">ISO, FDA, REACH<\/strong>, und <strong data-start=\"4321\" data-end=\"4357\">EU-Kosmetik- und Lebensmittelvorschriften<\/strong>, und wird geliefert mit <strong data-start=\"4381\" data-end=\"4397\">COA und MSDS<\/strong>.<\/p>\n<hr class=\"\" data-start=\"4400\" data-end=\"4403\" \/>\n<h2 class=\"\" data-start=\"4405\" data-end=\"4445\">\ud83d\udcda <strong data-start=\"4411\" data-end=\"4445\">Glaubw\u00fcrdige Quellen als Referenz<\/strong><\/h2>\n<ul data-start=\"4447\" data-end=\"4832\">\n<li class=\"\" data-start=\"4447\" data-end=\"4561\">\n<p class=\"\" data-start=\"4449\" data-end=\"4561\"><a target=\"_new\" rel=\"noopener\" data-start=\"4449\" data-end=\"4561\">FDA - Titaniumdioxid als Farbzusatzstoff<\/a><\/p>\n<\/li>\n<li class=\"\" data-start=\"4562\" data-end=\"4652\">\n<p class=\"\" data-start=\"4564\" data-end=\"4652\"><a class=\"\" href=\"https:\/\/pubchem.ncbi.nlm.nih.gov\/compound\/Titanium-dioxide\" target=\"_new\" rel=\"noopener\" data-start=\"4564\" data-end=\"4652\">PubChem - Titandioxid<\/a><\/p>\n<\/li>\n<li class=\"\" data-start=\"4653\" data-end=\"4759\">\n<p class=\"\" data-start=\"4655\" data-end=\"4759\"><a class=\"\" href=\"https:\/\/echa.europa.eu\/substance-information\/-\/substanceinfo\/100.013.804\" target=\"_new\" rel=\"noopener\" data-start=\"4655\" data-end=\"4759\">ECHA Titanium Dioxide Sicherheit<\/a><\/p>\n<\/li>\n<li class=\"\" data-start=\"4760\" data-end=\"4832\">\n<p class=\"\" data-start=\"4762\" data-end=\"4832\"><a class=\"\" href=\"https:\/\/www.chemistryworld.com\/\" target=\"_new\" rel=\"noopener\" data-start=\"4762\" data-end=\"4832\">Chemie Welt - TiO\u2082-Anwendungen<\/a><\/p>\n<\/li>\n<\/ul>","protected":false},"excerpt":{"rendered":"<div class=\"B2VR9 CJHX3e\">\n<div class=\"wyccme\">\n<div>\n<div class=\"oatEtb\">\n<div class=\"mtv5bd\"><span class=\"dg6jd JGD2rd\">Titaniumdioxid im Gro\u00dfhandel kaufen <b>in Lebensmitteln <\/b><\/span>ist ein wei\u00dfes Hochleistungspigment, das in <strong data-start=\"1412\" data-end=\"1453\">Farben, Lacke, Kunststoffe, Kosmetika<\/strong>, und <strong data-start=\"1459\" data-end=\"1467\">Lebensmittel<\/strong>. Cavin Ressource liefert <strong data-start=\"1493\" data-end=\"1532\">hochreines Anatas- und Rutil-TiO\u2082<\/strong> in gro\u00dfen Mengen, mit weltweiter Lieferung und vollst\u00e4ndiger Dokumentation f\u00fcr die Einhaltung der Vorschriften. Gro\u00dfhandel Titandioxid Preis<\/div>\n<\/div>\n<\/div>\n<\/div>\n<\/div>","protected":false},"featured_media":632,"comment_status":"open","ping_status":"closed","template":"","meta":{"_et_pb_use_builder":"","_et_pb_old_content":"","_et_gb_content_width":""},"product_brand":[],"product_cat":[788,802],"product_tag":[525,472,528,527,526,524,1242,523,529,1243,1244,1241],"class_list":{"0":"post-634","1":"product","2":"type-product","3":"status-publish","4":"has-post-thumbnail","6":"product_cat-bulk-metals-inorganic-chemicals","7":"product_cat-pigments-fillers-bulk-metals-inorganic-chemicals","8":"product_tag-anatase-titanium-dioxide","9":"product_tag-cavin-resource-chemicals","10":"product_tag-cosmetics-tio2","11":"product_tag-food-grade-tio2","12":"product_tag-rutile-titanium-dioxide","13":"product_tag-tio2-pigment","14":"product_tag-titanium-dioxide-price","15":"product_tag-titanium-dioxide-supplier","16":"product_tag-white-pigment","17":"product_tag-wholesale-titanium-dioxide-powder","18":"product_tag-wholesale-titanium-dioxide-price","19":"product_tag-wholesale-titanium-dioxide-suppliers","21":"first","22":"instock","23":"sale","24":"shipping-taxable","25":"purchasable","26":"product-type-simple"},"_links":{"self":[{"href":"https:\/\/cavinresource.com\/de\/wp-json\/wp\/v2\/product\/634","targetHints":{"allow":["GET"]}}],"collection":[{"href":"https:\/\/cavinresource.com\/de\/wp-json\/wp\/v2\/product"}],"about":[{"href":"https:\/\/cavinresource.com\/de\/wp-json\/wp\/v2\/types\/product"}],"replies":[{"embeddable":true,"href":"https:\/\/cavinresource.com\/de\/wp-json\/wp\/v2\/comments?post=634"}],"wp:featuredmedia":[{"embeddable":true,"href":"https:\/\/cavinresource.com\/de\/wp-json\/wp\/v2\/media\/632"}],"wp:attachment":[{"href":"https:\/\/cavinresource.com\/de\/wp-json\/wp\/v2\/media?parent=634"}],"wp:term":[{"taxonomy":"product_brand","embeddable":true,"href":"https:\/\/cavinresource.com\/de\/wp-json\/wp\/v2\/product_brand?post=634"},{"taxonomy":"product_cat","embeddable":true,"href":"https:\/\/cavinresource.com\/de\/wp-json\/wp\/v2\/product_cat?post=634"},{"taxonomy":"product_tag","embeddable":true,"href":"https:\/\/cavinresource.com\/de\/wp-json\/wp\/v2\/product_tag?post=634"}],"curies":[{"name":"wp","href":"https:\/\/api.w.org\/{rel}","templated":true}]}}