{"id":593,"date":"2025-04-16T02:31:17","date_gmt":"2025-04-16T02:31:17","guid":{"rendered":"https:\/\/cavinresource.com\/?post_type=product&#038;p=593"},"modified":"2026-03-03T12:39:57","modified_gmt":"2026-03-03T12:39:57","slug":"bulk-kaufen-diammoniumphosphat","status":"publish","type":"product","link":"https:\/\/cavinresource.com\/de\/product\/bulk-buy-diammonium-phosphate\/","title":{"rendered":"Diammoniumphosphat (DAP 18-46-0) - Ausgewogener Stickstoff- und Phosphord\u00fcnger"},"content":{"rendered":"<div class=\"B2VR9 CJHX3e\">\n<div class=\"wyccme\">\n<div>\n<div class=\"oatEtb\">\n<h2 class=\"mtv5bd\"><span class=\"dg6jd JGD2rd\">Diammoniumphosphat dap 18 46 0\u00a0<b>Preis<\/b><\/span><\/h2>\n<\/div>\n<\/div>\n<\/div>\n<\/div>\n<p class=\"\" data-start=\"678\" data-end=\"973\"><strong data-start=\"678\" data-end=\"708\">Diammonium-Phosphat (DAP)<\/strong> ist eine <strong data-start=\"714\" data-end=\"749\">weit verbreiteter Mehrn\u00e4hrstoffd\u00fcnger<\/strong> Kombination <strong data-start=\"760\" data-end=\"776\">18% Stickstoff<\/strong> (als Ammonium) und <strong data-start=\"795\" data-end=\"823\">46% Phosphor (als P\u2082O\u2085)<\/strong>. Diese Formulierung mit zwei N\u00e4hrstoffen ist ideal f\u00fcr <strong data-start=\"869\" data-end=\"906\">F\u00f6rderung der fr\u00fchen Pflanzenentwicklung<\/strong>, <strong data-start=\"908\" data-end=\"935\">Stimulierung des Wurzelwachstums<\/strong>, und die Verbesserung <strong data-start=\"951\" data-end=\"972\">Pflanzenproduktivit\u00e4t<\/strong>.<\/p>\n<p class=\"\" data-start=\"975\" data-end=\"1242\">DAP ist gut wasserl\u00f6slich und eignet sich daher f\u00fcr <strong data-start=\"1032\" data-end=\"1059\">direkte Bodenausbringung<\/strong>, <strong data-start=\"1061\" data-end=\"1076\">Fertigation<\/strong>, oder als Bestandteil von <strong data-start=\"1099\" data-end=\"1124\">NPK-D\u00fcnger-Mischungen<\/strong>. Seine relativ <strong data-start=\"1141\" data-end=\"1171\">hohe pH-Pufferkapazit\u00e4t<\/strong> hilft <strong data-start=\"1178\" data-end=\"1201\">den S\u00e4uregehalt des Bodens zu verringern<\/strong> vor\u00fcbergehend, insbesondere auf sauren B\u00f6den.<\/p>\n<p class=\"\" data-start=\"1244\" data-end=\"1519\">Unter <a href=\"https:\/\/cavinresource.com\/de\/\"><strong data-start=\"1247\" data-end=\"1265\">Cavin Ressource<\/strong><\/a>, bieten wir <strong data-start=\"1278\" data-end=\"1305\">granulierter DAP-D\u00fcnger<\/strong> in Gro\u00dfverpackungen f\u00fcr die Landwirtschaft, kommerzielle Mischungen und den internationalen Vertrieb. Unser DAP wird unter strengen Qualit\u00e4tsstandards hergestellt und mit vollst\u00e4ndiger Exportdokumentation und weltweiter Lieferung geliefert.<\/p>\n<hr class=\"\" data-start=\"1521\" data-end=\"1524\" \/>\n<h2 class=\"\" data-start=\"1526\" data-end=\"1553\">\u2699\ufe0f <strong data-start=\"1532\" data-end=\"1553\">Produktionsverfahren<\/strong><\/h2>\n<h3 class=\"\" data-start=\"1555\" data-end=\"1603\"><strong data-start=\"1559\" data-end=\"1603\">Reaktion von Ammoniak mit Phosphors\u00e4ure<\/strong><\/h3>\n<ul data-start=\"1604\" data-end=\"1910\">\n<li class=\"\" data-start=\"1604\" data-end=\"1723\">\n<p class=\"\" data-start=\"1606\" data-end=\"1723\">DAP wird hergestellt durch Reaktion von <strong data-start=\"1634\" data-end=\"1661\">wasserfreies Ammoniak (NH\u2083)<\/strong> mit <strong data-start=\"1667\" data-end=\"1694\">Phosphors\u00e4ure (H\u2083PO\u2084)<\/strong> unter kontrollierten Bedingungen.<\/p>\n<\/li>\n<li class=\"\" data-start=\"1724\" data-end=\"1824\">\n<p class=\"\" data-start=\"1726\" data-end=\"1824\">Das daraus resultierende Produkt, <strong data-start=\"1749\" data-end=\"1763\">(NH\u2084)\u2082HPO\u2084<\/strong>, wird granuliert und abgek\u00fchlt, um ein hartes, nicht zusammenbackendes Granulat zu bilden.<\/p>\n<\/li>\n<li class=\"\" data-start=\"1825\" data-end=\"1910\">\n<p class=\"\" data-start=\"1827\" data-end=\"1910\">Das Endprodukt ist <strong data-start=\"1846\" data-end=\"1864\">gut l\u00f6slich<\/strong> und bereit zur direkten Anwendung oder zum Mischen.<\/p>\n<\/li>\n<\/ul>\n<hr class=\"\" data-start=\"1912\" data-end=\"1915\" \/>\n<h2 class=\"\" data-start=\"1917\" data-end=\"1948\">\ud83c\udfed <strong data-start=\"1923\" data-end=\"1948\">Anwendungsf\u00e4lle nach Branche<\/strong><\/h2>\n<h3 class=\"\" data-start=\"1950\" data-end=\"1972\">\ud83c\udf3e <strong data-start=\"1957\" data-end=\"1972\">Landwirtschaft<\/strong><\/h3>\n<ul data-start=\"1973\" data-end=\"2229\">\n<li class=\"\" data-start=\"1973\" data-end=\"2084\">\n<p class=\"\" data-start=\"1975\" data-end=\"2084\">Verwendet als <strong data-start=\"1985\" data-end=\"2007\">Einstiegsd\u00fcnger<\/strong> zur Versorgung der Pflanzen mit lebenswichtigem Phosphor und Stickstoff w\u00e4hrend des fr\u00fchen Wachstums<\/p>\n<\/li>\n<li class=\"\" data-start=\"2085\" data-end=\"2148\">\n<p class=\"\" data-start=\"2087\" data-end=\"2148\">Angewandt in <strong data-start=\"2098\" data-end=\"2146\">Streu-, Sidedressing- oder Banding-Verfahren<\/strong><\/p>\n<\/li>\n<li class=\"\" data-start=\"2149\" data-end=\"2229\">\n<p class=\"\" data-start=\"2151\" data-end=\"2229\">Beliebt in <strong data-start=\"2162\" data-end=\"2229\">Getreide, \u00d6lsaaten, H\u00fclsenfr\u00fcchte, Mais, Reis, Gem\u00fcse und Obst<\/strong><\/p>\n<\/li>\n<\/ul>\n<h3 class=\"\" data-start=\"2231\" data-end=\"2265\">\ud83e\uddea <strong data-start=\"2238\" data-end=\"2265\">Industrielle Anwendungen<\/strong><\/h3>\n<ul data-start=\"2266\" data-end=\"2442\">\n<li class=\"\" data-start=\"2266\" data-end=\"2352\">\n<p class=\"\" data-start=\"2268\" data-end=\"2352\">Verwendet in <strong data-start=\"2276\" data-end=\"2295\">Flammschutzmittel<\/strong>, <strong data-start=\"2297\" data-end=\"2317\">Hefeproduktion<\/strong>, und <strong data-start=\"2323\" data-end=\"2350\">Fermentationsindustrien<\/strong><\/p>\n<\/li>\n<li class=\"\" data-start=\"2353\" data-end=\"2442\">\n<p class=\"\" data-start=\"2355\" data-end=\"2442\">Inhaltsstoff in <strong data-start=\"2369\" data-end=\"2393\">Korrosionsinhibitoren<\/strong>, <strong data-start=\"2395\" data-end=\"2414\">Wasserenth\u00e4rter<\/strong>, und <strong data-start=\"2420\" data-end=\"2442\">Reinigungsmittel<\/strong><\/p>\n<\/li>\n<\/ul>\n<hr class=\"\" data-start=\"2444\" data-end=\"2447\" \/>\n<h2 class=\"\" data-start=\"2449\" data-end=\"2496\">\u2705 <strong data-start=\"2454\" data-end=\"2496\">Vorteile von Diammoniumphosphat (DAP)<\/strong><\/h2>\n<ul data-start=\"2498\" data-end=\"2948\">\n<li class=\"\" data-start=\"2498\" data-end=\"2585\">\n<p class=\"\" data-start=\"2500\" data-end=\"2585\">\ud83c\udf31 <strong data-start=\"2503\" data-end=\"2531\">Ausgewogene N- und P-N\u00e4hrstoffe<\/strong>: F\u00f6rdert eine kr\u00e4ftige fr\u00fche Wurzel- und Triebentwicklung<\/p>\n<\/li>\n<li class=\"\" data-start=\"2586\" data-end=\"2671\">\n<p class=\"\" data-start=\"2588\" data-end=\"2671\">\ud83d\ude80 <strong data-start=\"2591\" data-end=\"2623\">Gut l\u00f6slich &amp; schnell wirkend<\/strong>: Schnelle Verf\u00fcgbarkeit von N\u00e4hrstoffen f\u00fcr die Pflanzenaufnahme<\/p>\n<\/li>\n<li class=\"\" data-start=\"2672\" data-end=\"2774\">\n<p class=\"\" data-start=\"2674\" data-end=\"2774\">\u2696\ufe0f <strong data-start=\"2677\" data-end=\"2701\">Reduziert den S\u00e4uregehalt des Bodens<\/strong>: Milde alkalische Wirkung verbessert die Verf\u00fcgbarkeit von Phosphor in sauren B\u00f6den<\/p>\n<\/li>\n<li class=\"\" data-start=\"2775\" data-end=\"2857\">\n<p class=\"\" data-start=\"2777\" data-end=\"2857\">\ud83c\udf3e <strong data-start=\"2780\" data-end=\"2805\">Vielseitige Anwendung<\/strong>: Funktioniert gut in Trocken- und Fl\u00fcssigd\u00fcngerprogrammen<\/p>\n<\/li>\n<li class=\"\" data-start=\"2858\" data-end=\"2948\">\n<p class=\"\" data-start=\"2860\" data-end=\"2948\">\ud83d\udce6 <strong data-start=\"2863\" data-end=\"2880\">Bulk Friendly<\/strong>: Granuliert f\u00fcr einfache Lagerung, Transport und mechanische Anwendung Diammoniumphosphat Preis<\/p>\n<\/li>\n<\/ul>\n<hr class=\"\" data-start=\"2950\" data-end=\"2953\" \/>\n<h2 class=\"\" data-start=\"2955\" data-end=\"2982\">\ud83d\udce6 <strong data-start=\"2961\" data-end=\"2982\">Verpackungs-Optionen<\/strong><\/h2>\n<ul data-start=\"2984\" data-end=\"3242\">\n<li class=\"\" data-start=\"2984\" data-end=\"3040\">\n<p class=\"\" data-start=\"2986\" data-end=\"3040\">25kg- und 50kg-Polypropylen-Gewebes\u00e4cke mit PE-Folie<\/p>\n<\/li>\n<li class=\"\" data-start=\"3041\" data-end=\"3081\">\n<p class=\"\" data-start=\"3043\" data-end=\"3081\">1000kg Jumbo-S\u00e4cke mit UV-Schutz<\/p>\n<\/li>\n<li class=\"\" data-start=\"3082\" data-end=\"3134\">\n<p class=\"\" data-start=\"3084\" data-end=\"3134\">Individuell gestaltbare Verpackung (Eigenmarke m\u00f6glich)<\/p>\n<\/li>\n<li class=\"\" data-start=\"3135\" data-end=\"3182\">\n<p class=\"\" data-start=\"3137\" data-end=\"3182\">Exporttaugliche Palettierung mit Schrumpffolie<\/p>\n<\/li>\n<li class=\"\" data-start=\"3183\" data-end=\"3242\">\n<p class=\"\" data-start=\"3185\" data-end=\"3242\">Vollst\u00e4ndige Versandunterlagen (MSDS, COA, B\/L)<\/p>\n<\/li>\n<\/ul>\n<hr class=\"\" data-start=\"3548\" data-end=\"3551\" \/>\n<h2 class=\"\" data-start=\"3553\" data-end=\"3595\">\u2753 <strong data-start=\"3558\" data-end=\"3595\">H\u00e4ufig gestellte Fragen (FAQs)<\/strong><\/h2>\n<hr class=\"\" data-start=\"3597\" data-end=\"3600\" \/>\n<h3 class=\"\" data-start=\"3602\" data-end=\"3650\"><strong data-start=\"3606\" data-end=\"3648\">1. Wann ist der beste Zeitpunkt f\u00fcr die Anwendung von DAP?<\/strong><\/h3>\n<p class=\"\" data-start=\"3651\" data-end=\"3808\"><strong data-start=\"3651\" data-end=\"3662\">Antwort:<\/strong><br data-start=\"3662\" data-end=\"3665\" \/>DAP wird am besten bei der Pflanzung eingesetzt, um den Pflanzen einen guten Start zu erm\u00f6glichen. Es kann auch verwendet werden w\u00e4hrend <strong data-start=\"3762\" data-end=\"3782\">Bodenvorbereitung<\/strong> oder <strong data-start=\"3786\" data-end=\"3807\">geb\u00e4ndert in der N\u00e4he der Samen<\/strong>. loser Dap-D\u00fcnger<\/p>\n<hr class=\"\" data-start=\"3810\" data-end=\"3813\" \/>\n<h3 class=\"\" data-start=\"3815\" data-end=\"3862\"><strong data-start=\"3819\" data-end=\"3860\">2. Kann ich DAP mit Harnstoff oder Kali mischen?<\/strong><\/h3>\n<p class=\"\" data-start=\"3863\" data-end=\"4074\"><strong data-start=\"3863\" data-end=\"3874\">Antwort:<\/strong><br data-start=\"3874\" data-end=\"3877\" \/>Ja, DAP wird in der Regel gemischt mit <strong data-start=\"3911\" data-end=\"3967\">Harnstoff, Kaliumnitrat (MOP) und andere D\u00fcngemittel<\/strong>. Vermeiden Sie jedoch die Vermischung mit <strong data-start=\"3996\" data-end=\"4036\">D\u00fcngemittel auf Kalk- oder Schwefelbasis<\/strong> um Klumpenbildung und N\u00e4hrstoffverluste zu vermeiden.<\/p>\n<hr class=\"\" data-start=\"4076\" data-end=\"4079\" \/>\n<h3 class=\"\" data-start=\"4081\" data-end=\"4126\"><strong data-start=\"4085\" data-end=\"4124\">3. Erh\u00f6ht DAP den Salzgehalt des Bodens?<\/strong><\/h3>\n<p class=\"\" data-start=\"4127\" data-end=\"4303\"><strong data-start=\"4127\" data-end=\"4138\">Antwort:<\/strong><br data-start=\"4138\" data-end=\"4141\" \/>\u00dcberm\u00e4\u00dfiger DAP-Gebrauch kann zu folgenden Problemen f\u00fchren <strong data-start=\"4173\" data-end=\"4199\">vor\u00fcbergehende Salzablagerungen<\/strong>, besonders auf trockenen B\u00f6den. Verwendung nach <strong data-start=\"4237\" data-end=\"4268\">empfohlene agronomische S\u00e4tze<\/strong> und mit anderen D\u00fcngemitteln abwechseln.<\/p>\n<hr class=\"\" data-start=\"4305\" data-end=\"4308\" \/>\n<h3 class=\"\" data-start=\"4310\" data-end=\"4348\"><strong data-start=\"4314\" data-end=\"4346\">4. Versenden Sie DAP weltweit?<\/strong><\/h3>\n<p class=\"\" data-start=\"4349\" data-end=\"4467\"><strong data-start=\"4349\" data-end=\"4360\">Antwort:<\/strong><br data-start=\"4360\" data-end=\"4363\" \/>Ja. Cavin Resource bietet <strong data-start=\"4392\" data-end=\"4466\">Exportdokumente, SGS-Inspektion und weltweite Containerverschiffung<\/strong>.<\/p>\n<hr class=\"\" data-start=\"4469\" data-end=\"4472\" \/>\n<h2 class=\"\" data-start=\"4474\" data-end=\"4513\">\ud83d\udcda <strong data-start=\"4480\" data-end=\"4513\">Glaubw\u00fcrdige Quellen und Referenzen<\/strong><\/h2>\n<ul data-start=\"4515\" data-end=\"4869\">\n<li class=\"\" data-start=\"4515\" data-end=\"4592\">\n<p class=\"\" data-start=\"4517\" data-end=\"4592\"><a class=\"\" href=\"https:\/\/www.fao.org\/3\/y4347e\/y4347e00.htm\" target=\"_new\" rel=\"noopener\" data-start=\"4517\" data-end=\"4590\">FAO - D\u00fcngemitteleinsatz nach Kulturpflanzen<\/a><\/p>\n<\/li>\n<li class=\"\" data-start=\"4593\" data-end=\"4668\">\n<p class=\"\" data-start=\"4595\" data-end=\"4668\"><a class=\"\" href=\"https:\/\/ifdc.org\/\" target=\"_new\" rel=\"noopener\" data-start=\"4595\" data-end=\"4666\">Internationales Zentrum f\u00fcr D\u00fcngemittelentwicklung (IFDC)<\/a><\/p>\n<\/li>\n<li class=\"\" data-start=\"4669\" data-end=\"4769\">\n<p class=\"\" data-start=\"4671\" data-end=\"4769\"><a class=\"\" href=\"https:\/\/pubchem.ncbi.nlm.nih.gov\/compound\/Diammonium-phosphate\" target=\"_new\" rel=\"noopener\" data-start=\"4671\" data-end=\"4767\">PubChem - Diammonium Phosphat<\/a><\/p>\n<\/li>\n<li class=\"\" data-start=\"4770\" data-end=\"4869\">\n<p class=\"\" data-start=\"4772\" data-end=\"4869\"><a target=\"_new\" rel=\"noopener\" data-start=\"4772\" data-end=\"4869\">ICIS-D\u00fcngemittelmarktberichte<\/a><\/p>\n<\/li>\n<\/ul>","protected":false},"excerpt":{"rendered":"<p class=\"\" data-start=\"402\" data-end=\"641\">Hochwertige Qualit\u00e4t <strong data-start=\"415\" data-end=\"453\">Diammoniumphosphat (DAP 18-46-0)<\/strong> D\u00fcnger, der 18% Stickstoff und 46% wasserl\u00f6slichen Phosphor enth\u00e4lt. Perfekt zur F\u00f6rderung der Wurzelentwicklung und des fr\u00fchen Wachstums von Pflanzen. Gro\u00dfhandelsangebot weltweit von Cavin Resource erh\u00e4ltlich. Diammonium Phosphat (DAP 18-46-0) dap Gro\u00dfhandelspreis<\/p>","protected":false},"featured_media":594,"comment_status":"open","ping_status":"closed","template":"","meta":{"_et_pb_use_builder":"","_et_pb_old_content":"","_et_gb_content_width":""},"product_brand":[],"product_cat":[808,783],"product_tag":[456,454,458,1260,1259,1258,453,457,459,455],"class_list":{"0":"post-593","1":"product","2":"type-product","3":"status-publish","4":"has-post-thumbnail","6":"product_cat-phosphate-based-fertilizers","7":"product_cat-bulk-fertilizer-supplier","8":"product_tag-cavin-resource-agriculture","9":"product_tag-dap-18-46-0-bulk-supplier","10":"product_tag-dap-export-malaysia","11":"product_tag-diammonium-phosphate","12":"product_tag-diammonium-phosphate-dap-18-46-0","13":"product_tag-diammonium-phosphate-dap-18-46-0-price","14":"product_tag-diammonium-phosphate-fertilizer","15":"product_tag-high-phosphorus-granular-fertilizer","16":"product_tag-npk-blending-fertilizer","17":"product_tag-phosphorus-and-nitrogen-fertilizer","19":"first","20":"instock","21":"sale","22":"shipping-taxable","23":"purchasable","24":"product-type-simple"},"_links":{"self":[{"href":"https:\/\/cavinresource.com\/de\/wp-json\/wp\/v2\/product\/593","targetHints":{"allow":["GET"]}}],"collection":[{"href":"https:\/\/cavinresource.com\/de\/wp-json\/wp\/v2\/product"}],"about":[{"href":"https:\/\/cavinresource.com\/de\/wp-json\/wp\/v2\/types\/product"}],"replies":[{"embeddable":true,"href":"https:\/\/cavinresource.com\/de\/wp-json\/wp\/v2\/comments?post=593"}],"wp:featuredmedia":[{"embeddable":true,"href":"https:\/\/cavinresource.com\/de\/wp-json\/wp\/v2\/media\/594"}],"wp:attachment":[{"href":"https:\/\/cavinresource.com\/de\/wp-json\/wp\/v2\/media?parent=593"}],"wp:term":[{"taxonomy":"product_brand","embeddable":true,"href":"https:\/\/cavinresource.com\/de\/wp-json\/wp\/v2\/product_brand?post=593"},{"taxonomy":"product_cat","embeddable":true,"href":"https:\/\/cavinresource.com\/de\/wp-json\/wp\/v2\/product_cat?post=593"},{"taxonomy":"product_tag","embeddable":true,"href":"https:\/\/cavinresource.com\/de\/wp-json\/wp\/v2\/product_tag?post=593"}],"curies":[{"name":"wp","href":"https:\/\/api.w.org\/{rel}","templated":true}]}}