{"id":525,"date":"2025-04-11T09:15:07","date_gmt":"2025-04-11T09:15:07","guid":{"rendered":"https:\/\/cavinresource.com\/?post_type=product&#038;p=525"},"modified":"2026-03-03T19:35:31","modified_gmt":"2026-03-03T19:35:31","slug":"kaufen-naturlichen-braunen-zucker-malaysia","status":"publish","type":"product","link":"https:\/\/cavinresource.com\/de\/product\/buy-natural-brown-sugar-malaysia\/","title":{"rendered":"Nat\u00fcrlicher brauner Zucker (helle und dunkle Sorten)"},"content":{"rendered":"<h2 style=\"text-align: center;\" data-start=\"740\" data-end=\"1072\">Nat\u00fcrlichen braunen Zucker kaufen<\/h2>\n<p class=\"\" data-start=\"740\" data-end=\"1072\"><a href=\"http:\/\/cavinresource.com\/de\/\"><strong data-start=\"740\" data-end=\"758\">Cavin Ressource<\/strong><\/a> bietet hochwertige <strong data-start=\"779\" data-end=\"794\">Brauner Zucker<\/strong>, hergestellt aus sorgf\u00e4ltig verarbeitetem Zuckerrohr und angereichert mit nat\u00fcrlichen <strong data-start=\"865\" data-end=\"885\">Melassegehalt<\/strong>. Unser brauner Zucker ist sowohl in <strong data-start=\"924\" data-end=\"933\">Licht<\/strong> und <strong data-start=\"938\" data-end=\"946\">dunkel<\/strong> Sorten mit unterschiedlichen Feuchtigkeits- und Geschmacksprofilen f\u00fcr verschiedene Anwendungen, von der Gourmet-B\u00e4ckerei bis zur Getr\u00e4nkeherstellung. Nat\u00fcrlicher brauner Zucker<\/p>\n<p class=\"\" data-start=\"1074\" data-end=\"1427\">Brauner Zucker bewahrt <strong data-start=\"1094\" data-end=\"1112\">mehr N\u00e4hrstoffe<\/strong> als raffinierter Wei\u00dfzucker und bietet einen <strong data-start=\"1153\" data-end=\"1180\">ausgepr\u00e4gter Karamellgeschmack<\/strong>, Dadurch ist es ideal f\u00fcr S\u00fc\u00dfwaren, B\u00e4ckereien, Saucen und Marinaden. Unser Produkt ist <strong data-start=\"1263\" data-end=\"1295\">nicht gentechnisch ver\u00e4ndert, frei von Zusatzstoffen<\/strong>, und entspricht der <strong data-start=\"1313\" data-end=\"1353\">ISO-, HACCP- und Halal-Zertifizierungen<\/strong>. Wir unterst\u00fctzen den weltweiten Versand und Private Labeling f\u00fcr Gro\u00dfabnehmer. Brauner Rohzucker in loser Sch\u00fcttung billig<\/p>\n<hr class=\"\" data-start=\"1429\" data-end=\"1432\" \/>\n<h2 class=\"\" data-start=\"1434\" data-end=\"1461\">\u2699\ufe0f <strong data-start=\"1440\" data-end=\"1461\">Produktionsmethode Brauner Zucker in gro\u00dfen Mengen kaufen<\/strong><\/h2>\n<p class=\"\" data-start=\"1466\" data-end=\"1536\"><strong data-start=\"1466\" data-end=\"1488\">Zerkleinerung von Zuckerrohr<\/strong> - Frisches Zuckerrohr wird gequetscht, um Saft zu gewinnen<br \/>\n<strong data-start=\"1540\" data-end=\"1557\">Kl\u00e4rung<\/strong> - Saft wird mit lebensmittelechtem Kalk gereinigt<br \/>\n<strong data-start=\"1604\" data-end=\"1633\">Sieden und Kristallisation<\/strong> - Der Saft wird gekocht, und es bilden sich Kristalle.<br \/>\n<strong data-start=\"1682\" data-end=\"1703\">Melasse mischen<\/strong> - Nat\u00fcrliche Melasse wird beibehalten oder bei dunkleren Sorten hinzugef\u00fcgt<br \/>\n<strong data-start=\"1770\" data-end=\"1790\">Trocknung und Siebung<\/strong> - Zucker wird getrocknet und auf eine einheitliche Korngr\u00f6\u00dfe gesiebt<br \/>\n<strong data-start=\"1849\" data-end=\"1862\">Verpackung<\/strong> - Verpackt in lebensmittelechten, feuchtigkeitsdichten S\u00e4cken f\u00fcr den Export<\/p>\n<hr class=\"\" data-start=\"3201\" data-end=\"3204\" \/>\n<h2 class=\"\" data-start=\"3206\" data-end=\"3245\">\ud83d\udcda <strong data-start=\"3212\" data-end=\"3245\">Glaubw\u00fcrdige Quellen und Referenzen<\/strong><\/h2>\n<ul data-start=\"3247\" data-end=\"3491\">\n<li class=\"\" data-start=\"3247\" data-end=\"3334\">\n<p class=\"\" data-start=\"3249\" data-end=\"3334\">\ud83d\udd17 <a class=\"\" href=\"https:\/\/www.isosugar.org\" target=\"_new\" rel=\"noopener\" data-start=\"3252\" data-end=\"3332\">Internationale Zucker-Organisation - Leitfaden f\u00fcr braunen Zucker<\/a><\/p>\n<\/li>\n<li class=\"\" data-start=\"3335\" data-end=\"3417\">\n<p class=\"\" data-start=\"3337\" data-end=\"3417\">\ud83d\udd17 <a class=\"\" href=\"https:\/\/www.sciencedirect.com\" target=\"_new\" rel=\"noopener\" data-start=\"3340\" data-end=\"3415\">ScienceDirect - Zusammensetzung von braunem Zucker<\/a><\/p>\n<\/li>\n<li class=\"\" data-start=\"3418\" data-end=\"3491\">\n<p class=\"\" data-start=\"3420\" data-end=\"3491\">\ud83d\udd17 <a class=\"\" href=\"https:\/\/www.foodinsight.org\" target=\"_new\" rel=\"noopener\" data-start=\"3423\" data-end=\"3491\">Food Insight - Nat\u00fcrliche Zucker in Lebensmitteln<\/a><\/p>\n<\/li>\n<\/ul>\n<hr class=\"\" data-start=\"3734\" data-end=\"3737\" \/>\n<h2 class=\"\" data-start=\"3739\" data-end=\"3757\">\ud83c\udfaf <strong data-start=\"3745\" data-end=\"3757\">Vorteile<\/strong><\/h2>\n<ul data-start=\"3759\" data-end=\"4260\">\n<li class=\"\" data-start=\"3759\" data-end=\"3850\">\n<p class=\"\" data-start=\"3761\" data-end=\"3850\">\u2705 <strong data-start=\"3763\" data-end=\"3793\">Nat\u00fcrliche Quelle von Mineralien<\/strong> - Erh\u00e4lt Spurenelemente wie Kalzium, Kalium und Eisen<\/p>\n<\/li>\n<li class=\"\" data-start=\"3851\" data-end=\"3913\">\n<p class=\"\" data-start=\"3853\" data-end=\"3913\">\u2705 <strong data-start=\"3855\" data-end=\"3872\">Reicherer Geschmack<\/strong> - Verleiht Backwaren und So\u00dfen mehr Tiefe<\/p>\n<\/li>\n<li class=\"\" data-start=\"3914\" data-end=\"4006\">\n<p class=\"\" data-start=\"3916\" data-end=\"4006\">\u2705 <strong data-start=\"3918\" data-end=\"3945\">Nicht-GMO und frei von Zusatzstoffen<\/strong> - Clean-Label-Produkt f\u00fcr gesundheitsbewusste Marken geeignet<\/p>\n<\/li>\n<li class=\"\" data-start=\"4007\" data-end=\"4086\">\n<p class=\"\" data-start=\"4009\" data-end=\"4086\">\u2705 <strong data-start=\"4011\" data-end=\"4030\">Mehrere Klassen<\/strong> - Hell- und dunkelbrauner Zucker f\u00fcr verschiedene Anwendungen<\/p>\n<\/li>\n<li class=\"\" data-start=\"4087\" data-end=\"4178\">\n<p class=\"\" data-start=\"4089\" data-end=\"4178\">\u2705 <strong data-start=\"4091\" data-end=\"4111\">Vielseitig im Einsatz<\/strong> - Kompatibel mit einer breiten Palette von Lebensmittel- und Getr\u00e4nkerezepturen<\/p>\n<\/li>\n<li class=\"\" data-start=\"4179\" data-end=\"4260\">\n<p class=\"\" data-start=\"4181\" data-end=\"4260\">\u2705 <strong data-start=\"4183\" data-end=\"4202\">Lange Haltbarkeitsdauer<\/strong> - Feuchtigkeitsregulierung f\u00fcr l\u00e4ngere Lagerung ohne Verklumpung<\/p>\n<\/li>\n<\/ul>\n<hr class=\"\" data-start=\"4262\" data-end=\"4265\" \/>\n<h2 class=\"\" data-start=\"4267\" data-end=\"4296\">\ud83e\uddc1 <strong data-start=\"4273\" data-end=\"4296\">Gemeinsame Anwendungen<\/strong><\/h2>\n<h3 class=\"\" data-start=\"4298\" data-end=\"4323\">\u2705 <strong data-start=\"4304\" data-end=\"4323\">Essen &amp; Trinken<\/strong><\/h3>\n<ul data-start=\"4324\" data-end=\"4485\">\n<li class=\"\" data-start=\"4324\" data-end=\"4361\">\n<p class=\"\" data-start=\"4326\" data-end=\"4361\">Kekse, Kuchen, Brownies, Muffins<\/p>\n<\/li>\n<li class=\"\" data-start=\"4362\" data-end=\"4400\">\n<p class=\"\" data-start=\"4364\" data-end=\"4400\">Grillsaucen, Marinaden, Glasuren<\/p>\n<\/li>\n<li class=\"\" data-start=\"4401\" data-end=\"4447\">\n<p class=\"\" data-start=\"4403\" data-end=\"4447\">Getr\u00e4nke wie Bubble Tea, aromatisierte Sirupe<\/p>\n<\/li>\n<li class=\"\" data-start=\"4448\" data-end=\"4485\">\n<p class=\"\" data-start=\"4450\" data-end=\"4485\">Fr\u00fchst\u00fcckscerealien und M\u00fcslimischungen<\/p>\n<\/li>\n<\/ul>\n<h3 class=\"\" data-start=\"4487\" data-end=\"4520\">\u2705 <strong data-start=\"4493\" data-end=\"4520\">Industrielle Anwendungen Brauner Rohzucker in loser Sch\u00fcttung<\/strong><\/h3>\n<ul data-start=\"4521\" data-end=\"4646\">\n<li class=\"\" data-start=\"4521\" data-end=\"4563\">\n<p class=\"\" data-start=\"4523\" data-end=\"4563\">Lebensmittelverarbeitung und verzehrfertige Mahlzeiten<\/p>\n<\/li>\n<li class=\"\" data-start=\"4564\" data-end=\"4608\">\n<p class=\"\" data-start=\"4566\" data-end=\"4608\">F\u00e4rben von Karamell und Herstellung von S\u00fc\u00dfigkeiten<\/p>\n<\/li>\n<li class=\"\" data-start=\"4609\" data-end=\"4646\">\n<p class=\"\" data-start=\"4611\" data-end=\"4646\">G\u00e4rung und Brauereiwesen<\/p>\n<\/li>\n<\/ul>\n<hr class=\"\" data-start=\"4648\" data-end=\"4651\" \/>\n<h2 class=\"\" data-start=\"4653\" data-end=\"4691\">\u2753 H\u00e4ufig gestellte Fragen (FAQs)<\/h2>\n<hr class=\"\" data-start=\"4693\" data-end=\"4696\" \/>\n<h3 class=\"\" data-start=\"4698\" data-end=\"4769\"><strong data-start=\"4702\" data-end=\"4767\">1. Was ist der Unterschied zwischen hell- und dunkelbraunem Zucker?<\/strong><\/h3>\n<p class=\"\" data-start=\"4770\" data-end=\"4972\"><strong data-start=\"4770\" data-end=\"4781\">Antwort:<\/strong><br data-start=\"4781\" data-end=\"4784\" \/><strong data-start=\"4784\" data-end=\"4805\">Hellbrauner Zucker<\/strong> enth\u00e4lt weniger Melasse und hat einen milden Geschmack. <strong data-start=\"4855\" data-end=\"4875\">Dunkelbrauner Zucker<\/strong> enth\u00e4lt mehr Melasse, die f\u00fcr einen reicheren Geschmack und eine dunklere Farbe sorgt - ideal f\u00fcr kr\u00e4ftiges Backen und So\u00dfen.<\/p>\n<hr class=\"\" data-start=\"4974\" data-end=\"4977\" \/>\n<h3 class=\"\" data-start=\"4979\" data-end=\"5033\"><strong data-start=\"4983\" data-end=\"5031\">2. Ist Ihr brauner Zucker raffiniert oder unraffiniert?<\/strong><\/h3>\n<p class=\"\" data-start=\"5034\" data-end=\"5189\"><strong data-start=\"5034\" data-end=\"5045\">Antwort:<\/strong><br data-start=\"5045\" data-end=\"5048\" \/>Unser brauner Zucker ist <strong data-start=\"5067\" data-end=\"5090\">geringf\u00fcgig verarbeitet<\/strong>, Die nat\u00fcrliche Melasse bleibt ohne zus\u00e4tzliche chemische Raffination erhalten. Es ist <strong data-start=\"5163\" data-end=\"5188\">unraffiniert und nicht gentechnisch ver\u00e4ndert<\/strong>.<\/p>\n<hr class=\"\" data-start=\"5191\" data-end=\"5194\" \/>\n<h3 class=\"\" data-start=\"5196\" data-end=\"5258\"><strong data-start=\"5200\" data-end=\"5256\">3. Bieten Sie ma\u00dfgeschneiderte Verpackungen f\u00fcr B2B-Kunden an?<\/strong><\/h3>\n<p class=\"\" data-start=\"5259\" data-end=\"5371\"><strong data-start=\"5259\" data-end=\"5270\">Antwort:<\/strong><br data-start=\"5270\" data-end=\"5273\" \/>Ja. Wir bieten <strong data-start=\"5289\" data-end=\"5336\">Private Labeling, lose PP-S\u00e4cke, Jumbo-S\u00e4cke<\/strong>, und individuellem Branding auf Anfrage.<\/p>\n<hr class=\"\" data-start=\"5373\" data-end=\"5376\" \/>\n<h3 class=\"\" data-start=\"5378\" data-end=\"5444\"><strong data-start=\"5382\" data-end=\"5442\">4. Welche Bescheinigungen legen Sie der Sendung bei?<\/strong><\/h3>\n<p class=\"\" data-start=\"5445\" data-end=\"5558\"><strong data-start=\"5445\" data-end=\"5456\">Antwort:<\/strong><br data-start=\"5456\" data-end=\"5459\" \/>Wir bieten <strong data-start=\"5470\" data-end=\"5496\">ISO, HACCP, Halal, SGS<\/strong>, und <strong data-start=\"5502\" data-end=\"5535\">COA (Zertifikat der Analyse)<\/strong> f\u00fcr alle Exportauftr\u00e4ge.<\/p>\n<hr class=\"\" data-start=\"5560\" data-end=\"5563\" \/>\n<h3 class=\"\" data-start=\"5565\" data-end=\"5635\"><strong data-start=\"5569\" data-end=\"5633\">5. Wie hoch ist der Feuchtigkeitsgehalt und wie sollte es gelagert werden?<\/strong><\/h3>\n<p class=\"\" data-start=\"5636\" data-end=\"5813\"><strong data-start=\"5636\" data-end=\"5647\">Antwort:<\/strong><br data-start=\"5647\" data-end=\"5650\" \/>Unser brauner Zucker hat ein <strong data-start=\"5672\" data-end=\"5701\">kontrollierter Feuchtigkeitsgehalt<\/strong> um Weichheit und Frische zu erhalten. Lagern in einem <strong data-start=\"5749\" data-end=\"5768\">trockener, k\u00fchler Ort<\/strong> in einem luftdichten Beh\u00e4lter aufbewahren, um ein Aush\u00e4rten zu vermeiden.<\/p>","protected":false},"excerpt":{"rendered":"<p>Gro\u00dfer Lieferant von nat\u00fcrlichem braunem Zucker in Premium-Qualit\u00e4t, erh\u00e4ltlich in <strong data-start=\"451\" data-end=\"460\">Licht<\/strong> und <strong data-start=\"465\" data-end=\"473\">dunkel<\/strong> Sorten, reich an Melasse und frei von Zusatzstoffen. Ideal zum Backen, Kochen, f\u00fcr S\u00fc\u00dfwaren und die Lebensmittelverarbeitung. Beschaffung und Verarbeitung nach internationalen Lebensmittelsicherheitsstandards. Lieferung in gro\u00dfen Mengen von Cavin Resource. Nat\u00fcrlicher brauner Zucker, brauner Zucker Gro\u00dfhandelspreis , Wo kann man Zucker in gro\u00dfen Mengen kaufen , Brauner Zucker im Vergleich zu wei\u00dfem Zucker Preis , Rohrzucker in gro\u00dfen Mengen , Rohrzucker zum Verkauf , Reiner Rohrzucker zum Verkauf<\/p>","protected":false},"featured_media":526,"comment_status":"open","ping_status":"closed","template":"","meta":{"_et_pb_use_builder":"","_et_pb_old_content":"","_et_gb_content_width":""},"product_brand":[],"product_cat":[780],"product_tag":[1293,278,282,281,283,280,284,1292,279,285],"class_list":{"0":"post-525","1":"product","2":"type-product","3":"status-publish","4":"has-post-thumbnail","6":"product_cat-bulk-sugar-sweeteners-supplier","7":"product_tag-brown-sugar","8":"product_tag-brown-sugar-wholesale-supplier","9":"product_tag-cavin-resource-sugar-distributor","10":"product_tag-dark-brown-sugar-exporter","11":"product_tag-halal-brown-sugar","12":"product_tag-light-brown-sugar-bulk","13":"product_tag-molasses-rich-sugar","14":"product_tag-natural-brown-sugar","15":"product_tag-natural-cane-sugar","16":"product_tag-non-gmo-sugar-for-baking","18":"first","19":"instock","20":"sale","21":"shipping-taxable","22":"purchasable","23":"product-type-simple"},"_links":{"self":[{"href":"https:\/\/cavinresource.com\/de\/wp-json\/wp\/v2\/product\/525","targetHints":{"allow":["GET"]}}],"collection":[{"href":"https:\/\/cavinresource.com\/de\/wp-json\/wp\/v2\/product"}],"about":[{"href":"https:\/\/cavinresource.com\/de\/wp-json\/wp\/v2\/types\/product"}],"replies":[{"embeddable":true,"href":"https:\/\/cavinresource.com\/de\/wp-json\/wp\/v2\/comments?post=525"}],"wp:featuredmedia":[{"embeddable":true,"href":"https:\/\/cavinresource.com\/de\/wp-json\/wp\/v2\/media\/526"}],"wp:attachment":[{"href":"https:\/\/cavinresource.com\/de\/wp-json\/wp\/v2\/media?parent=525"}],"wp:term":[{"taxonomy":"product_brand","embeddable":true,"href":"https:\/\/cavinresource.com\/de\/wp-json\/wp\/v2\/product_brand?post=525"},{"taxonomy":"product_cat","embeddable":true,"href":"https:\/\/cavinresource.com\/de\/wp-json\/wp\/v2\/product_cat?post=525"},{"taxonomy":"product_tag","embeddable":true,"href":"https:\/\/cavinresource.com\/de\/wp-json\/wp\/v2\/product_tag?post=525"}],"curies":[{"name":"wp","href":"https:\/\/api.w.org\/{rel}","templated":true}]}}