{"id":212,"date":"2025-03-16T12:49:39","date_gmt":"2025-03-16T12:49:39","guid":{"rendered":"https:\/\/cavinresource.com\/?post_type=product&#038;p=212"},"modified":"2026-03-04T10:50:18","modified_gmt":"2026-03-04T10:50:18","slug":"groshandelspreis-fur-natives-olivenol-extra","status":"publish","type":"product","link":"https:\/\/cavinresource.com\/de\/product\/wholesale-price-of-extra-virgin-olive-oil\/","title":{"rendered":"Natives Oliven\u00f6l extra - Cavin Resources Malaysia"},"content":{"rendered":"<p class=\"\" data-start=\"676\" data-end=\"1020\">Unter <a href=\"https:\/\/cavinresource.com\/de\/\"><strong data-start=\"679\" data-end=\"697\">Cavin Ressource<\/strong><\/a>, liefern wir <strong data-start=\"709\" data-end=\"748\">hochwertiges Natives Oliven\u00f6l Extra<\/strong> das aus erntefrischen, chemiefreien Oliven kalt gepresst wird. Unser EVOO zeichnet sich durch seine <strong data-start=\"849\" data-end=\"879\">lebendige gr\u00fcn-goldene Farbe<\/strong>, <strong data-start=\"881\" data-end=\"906\">ausgepr\u00e4gtes fruchtiges Aroma<\/strong>, und <strong data-start=\"912\" data-end=\"935\">geringer S\u00e4uregehalt (&lt;0,8%)<\/strong>, und damit perfekt f\u00fcr <strong data-start=\"959\" data-end=\"971\">kulinarisch<\/strong>, <strong data-start=\"973\" data-end=\"988\">Ern\u00e4hrung<\/strong>, und <strong data-start=\"994\" data-end=\"1019\">kosmetische Anwendungen<\/strong>. Gro\u00dfhandelspreis von nativem Oliven\u00f6l extra<\/p>\n<p class=\"\" data-start=\"1022\" data-end=\"1343\">Unser natives Oliven\u00f6l extra ist ein Kraftpaket aus <strong data-start=\"1068\" data-end=\"1092\">einfach unges\u00e4ttigte Fette<\/strong>, <strong data-start=\"1094\" data-end=\"1109\">Polyphenole<\/strong>, und <strong data-start=\"1115\" data-end=\"1128\">Vitamin E<\/strong>, und bietet umfangreiche <strong data-start=\"1149\" data-end=\"1168\">Vorteile f\u00fcr die Gesundheit<\/strong> und eine <strong data-start=\"1175\" data-end=\"1197\">weicher, kr\u00e4ftiger Geschmack<\/strong> f\u00fcr die Lebensmittelzubereitung und den Gourmetbereich. Wir bieten Optionen f\u00fcr Gro\u00dflieferungen mit <strong data-start=\"1270\" data-end=\"1286\">OEM-Beschriftung<\/strong>, <strong data-start=\"1288\" data-end=\"1306\">Zertifizierungen<\/strong>, und <strong data-start=\"1312\" data-end=\"1342\">weltweite Exportlogistik<\/strong>.<\/p>\n<h2 class=\"\" data-start=\"1350\" data-end=\"1377\"><strong data-start=\"1356\" data-end=\"1377\">Herstellungsverfahren f\u00fcr natives Oliven\u00f6l extra<\/strong><\/h2>\n<ul>\n<li data-start=\"1382\" data-end=\"1450\"><strong data-start=\"1382\" data-end=\"1396\">Ernten<\/strong> - Reife Oliven werden von Hand gepfl\u00fcckt oder maschinell geerntet.<\/li>\n<li data-start=\"1382\" data-end=\"1450\"><strong data-start=\"1454\" data-end=\"1471\">Kaltpressen<\/strong> - Die Oliven werden zerkleinert und bei niedrigen Temperaturen gepresst, um die N\u00e4hrstoffe zu erhalten.<\/li>\n<li data-start=\"1382\" data-end=\"1450\"><strong data-start=\"1554\" data-end=\"1580\">Dekantieren und Filtrieren<\/strong> - Das \u00d6l ist nat\u00fcrlich abgesetzt oder leicht gefiltert.<\/li>\n<li data-start=\"1382\" data-end=\"1450\"><strong data-start=\"1634\" data-end=\"1645\">Lagerung<\/strong> - Lagerung in Edelstahltanks unter Stickstoff, um Oxidation zu vermeiden.<\/li>\n<li data-start=\"1382\" data-end=\"1450\"><strong data-start=\"1722\" data-end=\"1735\">Verpackung<\/strong> - Abgef\u00fcllt in lebensmitteltaugliche F\u00e4sser, IBCs oder PET-Flaschen f\u00fcr den Vertrieb.<\/li>\n<\/ul>\n<div class=\"overflow-x-auto contain-inline-size\"><\/div>\n<h2 class=\"\" data-start=\"2892\" data-end=\"2931\"><strong data-start=\"2898\" data-end=\"2931\">Glaubw\u00fcrdige Quellen und Referenzen f\u00fcr Natives Oliven\u00f6l Extra<\/strong><\/h2>\n<ul data-start=\"2933\" data-end=\"3300\">\n<li class=\"\" data-start=\"2933\" data-end=\"3039\">\n<p class=\"\" data-start=\"2935\" data-end=\"3039\">\ud83d\udd17 <a class=\"\" href=\"https:\/\/www.internationaloliveoil.org\" target=\"_new\" rel=\"noopener\" data-start=\"2938\" data-end=\"3037\">Internationaler Oliven\u00f6lrat (IOC) - Qualit\u00e4tsstandards f\u00fcr EVOO<\/a><\/p>\n<\/li>\n<li class=\"\" data-start=\"3040\" data-end=\"3152\">\n<p class=\"\" data-start=\"3042\" data-end=\"3152\">\ud83d\udd17 <a class=\"cursor-pointer\" target=\"_new\" rel=\"noopener\" data-start=\"3045\" data-end=\"3150\">USDA N\u00e4hrwertangaben - Oliven\u00f6l<\/a><\/p>\n<\/li>\n<li class=\"\" data-start=\"3153\" data-end=\"3300\">\n<p class=\"\" data-start=\"3155\" data-end=\"3300\">\ud83d\udd17 <a class=\"\" href=\"https:\/\/www.hsph.harvard.edu\/nutritionsource\/food-features\/olive-oil\/\" target=\"_new\" rel=\"noopener\" data-start=\"3158\" data-end=\"3300\">Harvard T.H. Chan School of Public Health - Gesundheitliche Vorteile von Oliven\u00f6l<\/a><\/p>\n<\/li>\n<\/ul>\n<h2 class=\"\" data-start=\"3578\" data-end=\"3596\"><strong data-start=\"3584\" data-end=\"3596\">Vorteile von nativem Oliven\u00f6l extra<\/strong><\/h2>\n<ul data-start=\"3598\" data-end=\"4015\">\n<li class=\"\" data-start=\"3598\" data-end=\"3674\">\n<p class=\"\" data-start=\"3600\" data-end=\"3674\">\u2705 <strong data-start=\"3602\" data-end=\"3627\">Kardiovaskul\u00e4re Gesundheit<\/strong> - Reich an einfach unges\u00e4ttigten Fetts\u00e4uren und Polyphenolen<\/p>\n<\/li>\n<li class=\"\" data-start=\"3675\" data-end=\"3754\">\n<p class=\"\" data-start=\"3677\" data-end=\"3754\">\u2705 <strong data-start=\"3679\" data-end=\"3699\">Antioxidantien-Reich<\/strong> - Sch\u00fctzt vor Entz\u00fcndungen und oxidativem Stress<\/p>\n<\/li>\n<li class=\"\" data-start=\"3755\" data-end=\"3821\">\n<p class=\"\" data-start=\"3757\" data-end=\"3821\">\u2705 <strong data-start=\"3759\" data-end=\"3774\">Niedriger S\u00e4uregehalt<\/strong> - Erf\u00fcllt die IOC-Normen f\u00fcr die Sorte Extra Vergine<\/p>\n<\/li>\n<li class=\"\" data-start=\"3822\" data-end=\"3877\">\n<p class=\"\" data-start=\"3824\" data-end=\"3877\">\u2705 <strong data-start=\"3826\" data-end=\"3842\">Kaltgepresst<\/strong> - Keine Verwendung von Chemikalien oder gro\u00dfer Hitze<\/p>\n<\/li>\n<li class=\"\" data-start=\"3878\" data-end=\"3946\">\n<p class=\"\" data-start=\"3880\" data-end=\"3946\">\u2705 <strong data-start=\"3882\" data-end=\"3899\">Vielseitiger Einsatz<\/strong> - Kulinarisches, Hautpflege, Kosmetik, Nahrungserg\u00e4nzungsmittel<\/p>\n<\/li>\n<li class=\"\" data-start=\"3947\" data-end=\"4015\">\n<p class=\"\" data-start=\"3949\" data-end=\"4015\">\u2705 <strong data-start=\"3951\" data-end=\"3976\">Hohe Geschmacksreserve<\/strong> - Ideal f\u00fcr hochwertige Dressings und Dips<\/p>\n<\/li>\n<\/ul>\n<h2 class=\"\" data-start=\"4022\" data-end=\"4044\"><strong data-start=\"4029\" data-end=\"4044\">H\u00e4ufige Verwendungen Natives Oliven\u00f6l Extra<\/strong><\/h2>\n<ul data-start=\"4046\" data-end=\"4424\">\n<li class=\"\" data-start=\"4046\" data-end=\"4126\">\n<p class=\"\" data-start=\"4048\" data-end=\"4126\">\ud83e\udd57 <strong data-start=\"4051\" data-end=\"4063\">Kulinarisch<\/strong> - Salatdressings, Marinaden, Dips, Nudeln und \u00d6l zum Verfeinern<\/p>\n<\/li>\n<li class=\"\" data-start=\"4127\" data-end=\"4201\">\n<p class=\"\" data-start=\"4129\" data-end=\"4201\">\ud83c\udf5e <strong data-start=\"4132\" data-end=\"4153\">Backen &amp; Braten<\/strong> - Gesunde Alternative zu Butter oder anderen \u00d6len<\/p>\n<\/li>\n<li class=\"\" data-start=\"4202\" data-end=\"4279\">\n<p class=\"\" data-start=\"4204\" data-end=\"4279\">\ud83e\uddf4 <strong data-start=\"4207\" data-end=\"4232\">Kosmetische Anwendungen<\/strong> - Wird in Cremes, Feuchtigkeitscremes und Haarpflegemitteln verwendet<\/p>\n<\/li>\n<li class=\"\" data-start=\"4280\" data-end=\"4351\">\n<p class=\"\" data-start=\"4282\" data-end=\"4351\">\ud83d\udc8a <strong data-start=\"4285\" data-end=\"4303\">Nutrazeutika<\/strong> - Verkapselte Nahrungserg\u00e4nzungsmittel f\u00fcr Herz und Haut<\/p>\n<\/li>\n<li class=\"\" data-start=\"4352\" data-end=\"4424\">\n<p class=\"\" data-start=\"4354\" data-end=\"4424\">\ud83e\uddfc <strong data-start=\"4357\" data-end=\"4388\">Formulierung von Seife und Hautpflegeprodukten<\/strong> - Nat\u00fcrlicher erweichender Grundbestandteil<\/p>\n<\/li>\n<\/ul>\n<h2 class=\"\" data-start=\"4431\" data-end=\"4469\">H\u00e4ufig gestellte Fragen (FAQs) von<\/h2>\n<h3 class=\"\" data-start=\"4476\" data-end=\"4546\"><strong data-start=\"4480\" data-end=\"4544\">1. Wie hoch ist der S\u00e4uregehalt Ihres nativen Oliven\u00f6ls extra?<\/strong><\/h3>\n<p class=\"\" data-start=\"4547\" data-end=\"4704\"><strong data-start=\"4547\" data-end=\"4558\">Antwort:<\/strong><br data-start=\"4558\" data-end=\"4561\" \/>Unser EVOO hat <strong data-start=\"4574\" data-end=\"4597\">einen S\u00e4uregehalt von \u22640,8%<\/strong>, die den internationalen Normen f\u00fcr die G\u00fcteklasse \"nativ extra\" gem\u00e4\u00df der Definition der <strong data-start=\"4672\" data-end=\"4703\">Internationaler Oliven\u00f6lrat<\/strong>.<\/p>\n<h3 class=\"\" data-start=\"4711\" data-end=\"4754\"><strong data-start=\"4715\" data-end=\"4752\">2. Ist das Oliven\u00f6l kaltgepresst?<\/strong><\/h3>\n<p class=\"\" data-start=\"4755\" data-end=\"4870\"><strong data-start=\"4755\" data-end=\"4766\">Antwort:<\/strong><br data-start=\"4766\" data-end=\"4769\" \/>Ja, unser \u00d6l ist <strong data-start=\"4785\" data-end=\"4806\">100% kaltgepresst<\/strong> um seinen N\u00e4hrwert, sein Aroma und seine Antioxidantien zu erhalten.<\/p>\n<h3 class=\"\" data-start=\"4877\" data-end=\"4926\"><strong data-start=\"4881\" data-end=\"4924\">3. Bieten Sie bio-zertifizierte EVOO an?<\/strong><\/h3>\n<p class=\"\" data-start=\"4927\" data-end=\"5052\"><strong data-start=\"4927\" data-end=\"4938\">Antwort:<\/strong><br data-start=\"4938\" data-end=\"4941\" \/>Ja, <strong data-start=\"4946\" data-end=\"4962\">Bio-EVOO<\/strong> ist auf Anfrage erh\u00e4ltlich und wird mit <strong data-start=\"5004\" data-end=\"5021\">Zertifizierung<\/strong> f\u00fcr den Einzelhandel und die Exportm\u00e4rkte.<\/p>\n<h3 class=\"\" data-start=\"5059\" data-end=\"5109\"><strong data-start=\"5063\" data-end=\"5107\">4. Welche Verpackungsm\u00f6glichkeiten gibt es?<\/strong><\/h3>\n<p class=\"\" data-start=\"5110\" data-end=\"5268\"><strong data-start=\"5110\" data-end=\"5121\">Antwort:<\/strong><br data-start=\"5121\" data-end=\"5124\" \/>Wir bieten flexible Verpackungen von <strong data-start=\"5157\" data-end=\"5189\">PET-Flaschen und Dosen (1L-5L)<\/strong> zu <strong data-start=\"5193\" data-end=\"5208\">190kg F\u00e4sser<\/strong>, <strong data-start=\"5210\" data-end=\"5224\">1000L-IBCs<\/strong>, und <strong data-start=\"5230\" data-end=\"5244\">Flexitanks<\/strong> f\u00fcr Gro\u00dfauftr\u00e4ge.<\/p>\n<h3 class=\"\" data-start=\"5275\" data-end=\"5335\"><strong data-start=\"5279\" data-end=\"5333\">5. Kann ich Oliven\u00f6l als Eigenmarke f\u00fcr meine Marke bekommen?<\/strong><\/h3>\n<p class=\"\" data-start=\"5336\" data-end=\"5458\"><strong data-start=\"5336\" data-end=\"5347\">Antwort:<\/strong><br data-start=\"5347\" data-end=\"5350\" \/>Unbedingt! Wir bieten <strong data-start=\"5373\" data-end=\"5397\">OEM\/Private Labeling<\/strong> mit individuellem Branding, Flaschendesign und vollst\u00e4ndiger Dokumentation.<\/p>","protected":false},"excerpt":{"rendered":"<p>Premium kaufen <strong data-start=\"379\" data-end=\"412\">Natives Oliven\u00f6l extra (EVOO)<\/strong> Kaltgepresst aus den besten Oliven. Reich an Antioxidantien, Polyphenolen und herzgesunden Fetten. Ideal f\u00fcr Gourmet-K\u00fcche, Dressing, Kosmetika und Nutrazeutika. Erh\u00e4ltlich in gro\u00dfen Mengen mit internationalem Versand.<\/p>\n<p>Das native Oliven\u00f6l extra von Cavin Resources ist die perfekte Wahl f\u00fcr Ihre t\u00e4glichen Kochbed\u00fcrfnisse. Dieses Oliven\u00f6l wird aus den hochwertigsten Oliven gewonnen, die aus Malaysia importiert werden. Es ist leicht, absorbiert wenig und hat keinen starken Olivengeschmack, was es ideal f\u00fcr verschiedene kulinarische Anwendungen macht, insbesondere f\u00fcr die indische K\u00fcche. Es kann auch bei hohen Temperaturen gegart werden und ist somit eine zuverl\u00e4ssige Alternative zu raffinierten \u00d6len. Es ist vollgepackt mit Antioxidantien und Vitamin E, f\u00f6rdert einen guten HDL-Cholesterinspiegel und sorgt f\u00fcr einen ges\u00fcnderen Lebensstil. Mit einem Reinheitsgrad von 100% und ohne Argemon\u00f6l k\u00f6nnen Sie mit Cavin Resources Extra Lite Oliven\u00f6l ohne schlechtes Gewissen braten, backen, grillen und Salatdressings zubereiten. Gro\u00dfhandelspreis von nativem Oliven\u00f6l extra Hochwertiges natives Oliven\u00f6l extra online kaufen Kaufen Sie natives Oliven\u00f6l extra in gro\u00dfen Mengen<\/p>","protected":false},"featured_media":485,"comment_status":"open","ping_status":"closed","template":"","meta":{"_et_pb_use_builder":"off","_et_pb_old_content":"<ul>\r\n \t<li><strong>Product Name<\/strong> Cavin Resources Olive Oil - 1 Ltr<\/li>\r\n \t<li><strong>Product Type<\/strong>\u00a0Edible Oil<\/li>\r\n \t<li><strong>Net Quantity<\/strong>\u00a01 L<\/li>\r\n \t<li><strong>Shelf life<\/strong>\u00a012 months from the manufacturing date<\/li>\r\n \t<li><strong>Product Dimensions<\/strong>\u00a026 cm*8 cm*6 cm<\/li>\r\n \t<li><strong>Country of Origin<\/strong> Malaysia<\/li>\r\n \t<li><strong>SKU code<\/strong>\u00a0400000017352<\/li>\r\n \t<li><strong>Manufactured By<\/strong> Cavin Resources<\/li>\r\n \t<li><strong>Manufacturer License No.<\/strong>\u00a010119012000309<\/li>\r\n \t<li><strong>Marketed By<\/strong>\u00a0SKANDHANSHI AGRO FOODS PRIVATE LIMITED P.No.14 & 15, Jayaberi Enclave Gachibowli, Hyderabad, Telangana 500032<\/li>\r\n \t<li><strong>Customer Care<\/strong> Customer Care executive, Tollfree No. 1800-890-1190. Email ID : info@cavinresources,com , Address : Same as Marketed By<\/li>\r\n<\/ul>","_et_gb_content_width":""},"product_brand":[57],"product_cat":[777],"product_tag":[207,204,203,202,208,209,205,206,210],"class_list":{"0":"post-212","1":"product","2":"type-product","3":"status-publish","4":"has-post-thumbnail","6":"product_brand-refined-olive-oil","7":"product_cat-bulk-edible-oils-supplier","8":"product_tag-cavin-resource-olive-oil","9":"product_tag-cold-pressed-olive-oil","10":"product_tag-evoo-wholesale","11":"product_tag-extra-virgin-olive-oil-bulk-supplier","12":"product_tag-gourmet-olive-oil-in-drums","13":"product_tag-halal-olive-oil-bulk","14":"product_tag-olive-oil-for-cooking","15":"product_tag-olive-oil-malaysia-supplier","16":"product_tag-premium-quality-olive-oil","18":"first","19":"instock","20":"sale","21":"shipping-taxable","22":"purchasable","23":"product-type-simple"},"_links":{"self":[{"href":"https:\/\/cavinresource.com\/de\/wp-json\/wp\/v2\/product\/212","targetHints":{"allow":["GET"]}}],"collection":[{"href":"https:\/\/cavinresource.com\/de\/wp-json\/wp\/v2\/product"}],"about":[{"href":"https:\/\/cavinresource.com\/de\/wp-json\/wp\/v2\/types\/product"}],"replies":[{"embeddable":true,"href":"https:\/\/cavinresource.com\/de\/wp-json\/wp\/v2\/comments?post=212"}],"wp:featuredmedia":[{"embeddable":true,"href":"https:\/\/cavinresource.com\/de\/wp-json\/wp\/v2\/media\/485"}],"wp:attachment":[{"href":"https:\/\/cavinresource.com\/de\/wp-json\/wp\/v2\/media?parent=212"}],"wp:term":[{"taxonomy":"product_brand","embeddable":true,"href":"https:\/\/cavinresource.com\/de\/wp-json\/wp\/v2\/product_brand?post=212"},{"taxonomy":"product_cat","embeddable":true,"href":"https:\/\/cavinresource.com\/de\/wp-json\/wp\/v2\/product_cat?post=212"},{"taxonomy":"product_tag","embeddable":true,"href":"https:\/\/cavinresource.com\/de\/wp-json\/wp\/v2\/product_tag?post=212"}],"curies":[{"name":"wp","href":"https:\/\/api.w.org\/{rel}","templated":true}]}}